{"id":1939,"date":"2023-12-24T19:30:55","date_gmt":"2023-12-24T18:30:55","guid":{"rendered":"https:\/\/gjiniherbal.com\/?post_type=product&#038;p=1939"},"modified":"2024-01-24T14:09:13","modified_gmt":"2024-01-24T13:09:13","slug":"vaj-eukaliptusi-10-ml","status":"publish","type":"product","link":"https:\/\/gjiniherbal.com\/sq\/produkt\/vajra-esenciale\/vaj-eukaliptusi-10-ml\/","title":{"rendered":"Vaj esencial eukaliptusi 10 ml"},"content":{"rendered":"<p>Vaji i eukaliptusit p\u00ebrdoret gjer\u00ebsisht n\u00eb kremra, parfume, ila\u00e7e dhe produkte pastrimi. Vaji esencial i eukaliptusit ka cil\u00ebsi antibakteriale dhe mund t\u00eb parandaloj\u00eb infeksionin bakterial. Kur p\u00ebrzihet me vajra bart\u00ebs dhe aplikohet duke masazhuar, ky vaj nxit gjum\u00eb m\u00eb t\u00eb mir\u00eb p\u00ebr shkak t\u00eb relaksimit t\u00eb muskujve dhe ky\u00e7eve dhe leht\u00ebsimit t\u00eb dhimbjes.<\/p>\n<p>\u00cbsht\u00eb i njohur gjithashtu p\u00ebr trajtimin e s\u00ebmundjeve t\u00eb gjoksit dhe t\u00eb frym\u00ebmarrjes &#8211; ftohjen, gripin, dhimbjen e fytit, bronkitin dhe pneumonin\u00eb. Ka efekt kund\u00ebr mushkonjave.<\/p>\n<p><strong>Aromaterapia:<\/strong> Shtoni 4-5 pika n\u00eb difuzerin tuaj p\u00ebr t\u00eb mbushur dhom\u00ebn me k\u00ebt\u00eb arom\u00eb t\u00eb mrekullueshme t\u00eb natyr\u00ebs. Disa pika mund t\u00eb aplikohen n\u00eb hund\u00eb ose jak\u00eb p\u00ebr frym\u00ebmarrje m\u00eb t\u00eb mir\u00eb.<\/p>\n<p><strong>P\u00ebrdorimi Lokal:<\/strong> Shtoni 5 pika vaj eukaliptus n\u00eb 10 ml vaj bajameje ose shege. Aplikojeni but\u00ebsisht n\u00eb zon\u00ebn e nevojshme derisa t\u00eb p\u00ebrthithet.<\/p>\n<p><strong>Banj\u00eb\/Dush:<\/strong> P\u00ebrzieni 5 pika vaj eukaliptus me 10 ml vaj jojoba ose kokosi dhe derdhni p\u00ebrzierjen n\u00eb vask\u00ebn tuaj p\u00ebr nj\u00eb banj\u00eb relaksuese dhe terapeutike.<\/p>","protected":false},"excerpt":{"rendered":"<ul>\n<li>Ka veti antibakteriale dhe mund t\u00eb parandaloj\u00eb infeksionin bakterial<\/li>\n<li>Nxit gjum\u00eb m\u00eb t\u00eb mir\u00eb p\u00ebr shkak t\u00eb relaksimit t\u00eb muskujve dhe ky\u00e7eve dhe leht\u00ebsimit t\u00eb dhimbjes<\/li>\n<li>\u00cbsht\u00eb i njohur gjithashtu p\u00ebr trajtimin e s\u00ebmundjeve t\u00eb gjoksit dhe t\u00eb frym\u00ebmarrjes &#8211; ftohjen, gripin, dhimbjen e fytit, bronkitin dhe pneumonin\u00eb<\/li>\n<li>Ka efekt kund\u00ebr mushkonjave<\/li>\n<\/ul>","protected":false},"featured_media":1965,"template":"","meta":{"_acf_changed":false,"_et_pb_use_builder":"","_et_pb_old_content":"","_et_gb_content_width":"","_monsterinsights_skip_tracking":false,"_monsterinsights_sitenote_active":false,"_monsterinsights_sitenote_note":"","_monsterinsights_sitenote_category":0,"_joinchat":[]},"product_brand":[],"product_cat":[830],"product_tag":[851,675,713,674],"class_list":{"0":"post-1939","1":"product","2":"type-product","3":"status-publish","4":"has-post-thumbnail","6":"product_cat-vajra-esenciale","7":"product_tag-eukaliptusi","8":"product_tag-frymemarrje","9":"product_tag-ftohje","10":"product_tag-vaj-esencial","12":"first","13":"instock","14":"shipping-taxable","15":"purchasable","16":"product-type-simple"},"acf":[],"jetpack-related-posts":[],"jetpack_sharing_enabled":true,"_links":{"self":[{"href":"https:\/\/gjiniherbal.com\/sq\/wp-json\/wp\/v2\/product\/1939","targetHints":{"allow":["GET"]}}],"collection":[{"href":"https:\/\/gjiniherbal.com\/sq\/wp-json\/wp\/v2\/product"}],"about":[{"href":"https:\/\/gjiniherbal.com\/sq\/wp-json\/wp\/v2\/types\/product"}],"wp:featuredmedia":[{"embeddable":true,"href":"https:\/\/gjiniherbal.com\/sq\/wp-json\/wp\/v2\/media\/1965"}],"wp:attachment":[{"href":"https:\/\/gjiniherbal.com\/sq\/wp-json\/wp\/v2\/media?parent=1939"}],"wp:term":[{"taxonomy":"product_brand","embeddable":true,"href":"https:\/\/gjiniherbal.com\/sq\/wp-json\/wp\/v2\/product_brand?post=1939"},{"taxonomy":"product_cat","embeddable":true,"href":"https:\/\/gjiniherbal.com\/sq\/wp-json\/wp\/v2\/product_cat?post=1939"},{"taxonomy":"product_tag","embeddable":true,"href":"https:\/\/gjiniherbal.com\/sq\/wp-json\/wp\/v2\/product_tag?post=1939"}],"curies":[{"name":"wp","href":"https:\/\/api.w.org\/{rel}","templated":true}]}}