{"id":1934,"date":"2023-12-24T19:22:42","date_gmt":"2023-12-24T18:22:42","guid":{"rendered":"https:\/\/gjiniherbal.com\/?post_type=product&#038;p=1934"},"modified":"2024-01-24T14:11:44","modified_gmt":"2024-01-24T13:11:44","slug":"vaj-karafili-10-ml","status":"publish","type":"product","link":"https:\/\/gjiniherbal.com\/sq\/produkt\/vajra-esenciale\/vaj-karafili-10-ml\/","title":{"rendered":"Vaj esencial karafili 10 ml"},"content":{"rendered":"<p>Vaji i karafilit \u00ebsht\u00eb nj\u00eb vaj esencial q\u00eb rrjedh nga pem\u00ebt e karafilit. Pema e karafilit, e njohur si Syzygium aromaticum, \u00ebsht\u00eb n\u00eb Azin\u00eb Juglindore, megjith\u00ebse sot rritet edhe n\u00eb vende t\u00eb tjera. Vaji i karafilit prodhohet duke distiluar sythat e luleve t\u00eb thata q\u00eb mblidhen nga pema e karafilit.<\/p>\n<p>P\u00ebr shkak t\u00eb vetive t\u00eb tij t\u00eb forta mikrobike dhe nj\u00eb p\u00ebrb\u00ebrje t\u00eb quajtur Eugenol, ai ndihmon n\u00eb leht\u00ebsimin e dhimbjeve dentare. Gargara me vaj karafili dhe uj\u00eb t\u00eb ngroht\u00eb mund t\u00eb ndihmoj\u00eb n\u00eb luftimin e er\u00ebs s\u00eb keqe t\u00eb goj\u00ebs. Mund t\u00eb ndihmoj\u00eb n\u00eb leht\u00ebsimin e t\u00eb p\u00ebrzierave.<\/p>\n<p><strong>Vetit\u00eb:<\/strong> Antibakteriale, Antimikrobike dhe Antifungale.<\/p>\n<p><strong>Aromaterapia:<\/strong> Shtoni 4-5 pika n\u00eb difuzerin tuaj p\u00ebr t\u00eb mbushur dhom\u00ebn me k\u00ebt\u00eb arom\u00eb t\u00eb mrekullueshme t\u00eb natyr\u00ebs.<\/p>\n<p><strong>P\u00ebr dhimbje dh\u00ebmbi:<\/strong> Zhytni nj\u00eb pecet\u00eb t\u00eb past\u00ebr ose nj\u00eb top pambuku n\u00eb vaj dhe fshijeni mbi mishrat e dh\u00ebmb\u00ebve n\u00eb pik\u00ebn e dhimbjes.<\/p>","protected":false},"excerpt":{"rendered":"<ul>\n<li>Ndihmon n\u00eb leht\u00ebsimin e dhimbjeve dentare<\/li>\n<li>Ndihmon n\u00eb luftimin e er\u00ebs s\u00eb keqe t\u00eb goj\u00ebs<\/li>\n<li>Ndihmon n\u00eb leht\u00ebsimin e t\u00eb p\u00ebrzierave.<\/li>\n<li>Ka veti antibakteriale, antimikrobike dhe antifungale<\/li>\n<\/ul>","protected":false},"featured_media":1970,"template":"","meta":{"_acf_changed":false,"_et_pb_use_builder":"","_et_pb_old_content":"","_et_gb_content_width":"","_monsterinsights_skip_tracking":false,"_monsterinsights_sitenote_active":false,"_monsterinsights_sitenote_note":"","_monsterinsights_sitenote_category":0,"_joinchat":[]},"product_brand":[],"product_cat":[830],"product_tag":[849,850,674,848],"class_list":{"0":"post-1934","1":"product","2":"type-product","3":"status-publish","4":"has-post-thumbnail","6":"product_cat-vajra-esenciale","7":"product_tag-dhemb","8":"product_tag-era-e-gojes","9":"product_tag-vaj-esencial","10":"product_tag-vaj-karafili","12":"first","13":"instock","14":"shipping-taxable","15":"purchasable","16":"product-type-simple"},"acf":[],"yoast_head":"<!-- This site is optimized with the Yoast SEO plugin v27.4 - https:\/\/yoast.com\/product\/yoast-seo-wordpress\/ -->\n<title>Vaj esencial karafili 10 ml - Gjini Herbal<\/title>\n<meta name=\"description\" content=\"P\u00ebr shkak t\u00eb vetive t\u00eb tij t\u00eb forta mikrobike dhe nj\u00eb p\u00ebrb\u00ebrje t\u00eb quajtur Eugenol, ai ndihmon n\u00eb leht\u00ebsimin e dhimbjeve dentare. Gargara me vaj karafili dhe uj\u00eb t\u00eb ngroht\u00eb mund t\u00eb ndihmoj\u00eb n\u00eb luftimin e er\u00ebs s\u00eb keqe t\u00eb goj\u00ebs. Mund t\u00eb ndihmoj\u00eb n\u00eb leht\u00ebsimin e t\u00eb p\u00ebrzierave.\" \/>\n<meta name=\"robots\" content=\"index, follow, max-snippet:-1, max-image-preview:large, max-video-preview:-1\" \/>\n<link rel=\"canonical\" href=\"https:\/\/gjiniherbal.com\/sq\/produkt\/vajra-esenciale\/vaj-karafili-10-ml\/\" \/>\n<meta property=\"og:locale\" content=\"sq_AL\" \/>\n<meta property=\"og:type\" content=\"article\" \/>\n<meta property=\"og:title\" content=\"Vaj esencial karafili 10 ml - Gjini Herbal\" \/>\n<meta property=\"og:description\" content=\"P\u00ebr shkak t\u00eb vetive t\u00eb tij t\u00eb forta mikrobike dhe nj\u00eb p\u00ebrb\u00ebrje t\u00eb quajtur Eugenol, ai ndihmon n\u00eb leht\u00ebsimin e dhimbjeve dentare. Gargara me vaj karafili dhe uj\u00eb t\u00eb ngroht\u00eb mund t\u00eb ndihmoj\u00eb n\u00eb luftimin e er\u00ebs s\u00eb keqe t\u00eb goj\u00ebs. Mund t\u00eb ndihmoj\u00eb n\u00eb leht\u00ebsimin e t\u00eb p\u00ebrzierave.\" \/>\n<meta property=\"og:url\" content=\"https:\/\/gjiniherbal.com\/sq\/produkt\/vajra-esenciale\/vaj-karafili-10-ml\/\" \/>\n<meta property=\"og:site_name\" content=\"Gjini Herbal\" \/>\n<meta property=\"article:publisher\" content=\"https:\/\/facebook.com\/gjiniherbal\" \/>\n<meta property=\"article:modified_time\" content=\"2024-01-24T13:11:44+00:00\" \/>\n<meta property=\"og:image\" content=\"https:\/\/gjiniherbal.com\/wp-content\/uploads\/2023\/12\/saf-karanfil-ucucu-yagi-10ml-fb45-4.jpg\" \/>\n\t<meta property=\"og:image:width\" content=\"1000\" \/>\n\t<meta property=\"og:image:height\" content=\"1000\" \/>\n\t<meta property=\"og:image:type\" content=\"image\/jpeg\" \/>\n<meta name=\"twitter:card\" content=\"summary_large_image\" \/>\n<meta name=\"twitter:label1\" content=\"Est. reading time\" \/>\n\t<meta name=\"twitter:data1\" content=\"1 minut\u00eb\" \/>\n<script type=\"application\/ld+json\" class=\"yoast-schema-graph\">{\"@context\":\"https:\\\/\\\/schema.org\",\"@graph\":[{\"@type\":\"WebPage\",\"@id\":\"https:\\\/\\\/gjiniherbal.com\\\/produkt\\\/vajra-esenciale\\\/vaj-karafili-10-ml\\\/\",\"url\":\"https:\\\/\\\/gjiniherbal.com\\\/produkt\\\/vajra-esenciale\\\/vaj-karafili-10-ml\\\/\",\"name\":\"Vaj esencial karafili 10 ml - Gjini Herbal\",\"isPartOf\":{\"@id\":\"https:\\\/\\\/gjiniherbal.com\\\/#website\"},\"primaryImageOfPage\":{\"@id\":\"https:\\\/\\\/gjiniherbal.com\\\/produkt\\\/vajra-esenciale\\\/vaj-karafili-10-ml\\\/#primaryimage\"},\"image\":{\"@id\":\"https:\\\/\\\/gjiniherbal.com\\\/produkt\\\/vajra-esenciale\\\/vaj-karafili-10-ml\\\/#primaryimage\"},\"thumbnailUrl\":\"https:\\\/\\\/gjiniherbal.com\\\/wp-content\\\/uploads\\\/2023\\\/12\\\/saf-karanfil-ucucu-yagi-10ml-fb45-4.jpg\",\"datePublished\":\"2023-12-24T18:22:42+00:00\",\"dateModified\":\"2024-01-24T13:11:44+00:00\",\"description\":\"P\u00ebr shkak t\u00eb vetive t\u00eb tij t\u00eb forta mikrobike dhe nj\u00eb p\u00ebrb\u00ebrje t\u00eb quajtur Eugenol, ai ndihmon n\u00eb leht\u00ebsimin e dhimbjeve dentare. Gargara me vaj karafili dhe uj\u00eb t\u00eb ngroht\u00eb mund t\u00eb ndihmoj\u00eb n\u00eb luftimin e er\u00ebs s\u00eb keqe t\u00eb goj\u00ebs. Mund t\u00eb ndihmoj\u00eb n\u00eb leht\u00ebsimin e t\u00eb p\u00ebrzierave.\",\"breadcrumb\":{\"@id\":\"https:\\\/\\\/gjiniherbal.com\\\/produkt\\\/vajra-esenciale\\\/vaj-karafili-10-ml\\\/#breadcrumb\"},\"inLanguage\":\"sq\",\"potentialAction\":[{\"@type\":\"ReadAction\",\"target\":[\"https:\\\/\\\/gjiniherbal.com\\\/produkt\\\/vajra-esenciale\\\/vaj-karafili-10-ml\\\/\"]}]},{\"@type\":\"ImageObject\",\"inLanguage\":\"sq\",\"@id\":\"https:\\\/\\\/gjiniherbal.com\\\/produkt\\\/vajra-esenciale\\\/vaj-karafili-10-ml\\\/#primaryimage\",\"url\":\"https:\\\/\\\/gjiniherbal.com\\\/wp-content\\\/uploads\\\/2023\\\/12\\\/saf-karanfil-ucucu-yagi-10ml-fb45-4.jpg\",\"contentUrl\":\"https:\\\/\\\/gjiniherbal.com\\\/wp-content\\\/uploads\\\/2023\\\/12\\\/saf-karanfil-ucucu-yagi-10ml-fb45-4.jpg\",\"width\":1000,\"height\":1000},{\"@type\":\"BreadcrumbList\",\"@id\":\"https:\\\/\\\/gjiniherbal.com\\\/produkt\\\/vajra-esenciale\\\/vaj-karafili-10-ml\\\/#breadcrumb\",\"itemListElement\":[{\"@type\":\"ListItem\",\"position\":1,\"name\":\"Home\",\"item\":\"https:\\\/\\\/gjiniherbal.com\\\/en_us\\\/\"},{\"@type\":\"ListItem\",\"position\":2,\"name\":\"Shop\",\"item\":\"https:\\\/\\\/gjiniherbal.com\\\/en_us\\\/shop\\\/\"},{\"@type\":\"ListItem\",\"position\":3,\"name\":\"Vaj esencial karafili 10 ml\"}]},{\"@type\":\"WebSite\",\"@id\":\"https:\\\/\\\/gjiniherbal.com\\\/#website\",\"url\":\"https:\\\/\\\/gjiniherbal.com\\\/\",\"name\":\"Gjini Herbal\",\"description\":\"Produkte Natyrale\",\"publisher\":{\"@id\":\"https:\\\/\\\/gjiniherbal.com\\\/#organization\"},\"potentialAction\":[{\"@type\":\"SearchAction\",\"target\":{\"@type\":\"EntryPoint\",\"urlTemplate\":\"https:\\\/\\\/gjiniherbal.com\\\/?s={search_term_string}\"},\"query-input\":{\"@type\":\"PropertyValueSpecification\",\"valueRequired\":true,\"valueName\":\"search_term_string\"}}],\"inLanguage\":\"sq\"},{\"@type\":\"Organization\",\"@id\":\"https:\\\/\\\/gjiniherbal.com\\\/#organization\",\"name\":\"Gjini Herbal\",\"url\":\"https:\\\/\\\/gjiniherbal.com\\\/\",\"logo\":{\"@type\":\"ImageObject\",\"inLanguage\":\"sq\",\"@id\":\"https:\\\/\\\/gjiniherbal.com\\\/#\\\/schema\\\/logo\\\/image\\\/\",\"url\":\"https:\\\/\\\/gjiniherbal.com\\\/wp-content\\\/uploads\\\/2022\\\/07\\\/gjini-herbal-logo.png\",\"contentUrl\":\"https:\\\/\\\/gjiniherbal.com\\\/wp-content\\\/uploads\\\/2022\\\/07\\\/gjini-herbal-logo.png\",\"width\":652,\"height\":262,\"caption\":\"Gjini Herbal\"},\"image\":{\"@id\":\"https:\\\/\\\/gjiniherbal.com\\\/#\\\/schema\\\/logo\\\/image\\\/\"},\"sameAs\":[\"https:\\\/\\\/facebook.com\\\/gjiniherbal\",\"https:\\\/\\\/instagram.com\\\/gjiniherbal\",\"https:\\\/\\\/www.youtube.com\\\/channel\\\/UC_tHHueG-qxycnvdro4jHtQ\"]}]}<\/script>\n<!-- \/ Yoast SEO plugin. -->","yoast_head_json":{"title":"Vaj esencial karafili 10 ml - Gjini Herbal","description":"P\u00ebr shkak t\u00eb vetive t\u00eb tij t\u00eb forta mikrobike dhe nj\u00eb p\u00ebrb\u00ebrje t\u00eb quajtur Eugenol, ai ndihmon n\u00eb leht\u00ebsimin e dhimbjeve dentare. Gargara me vaj karafili dhe uj\u00eb t\u00eb ngroht\u00eb mund t\u00eb ndihmoj\u00eb n\u00eb luftimin e er\u00ebs s\u00eb keqe t\u00eb goj\u00ebs. Mund t\u00eb ndihmoj\u00eb n\u00eb leht\u00ebsimin e t\u00eb p\u00ebrzierave.","robots":{"index":"index","follow":"follow","max-snippet":"max-snippet:-1","max-image-preview":"max-image-preview:large","max-video-preview":"max-video-preview:-1"},"canonical":"https:\/\/gjiniherbal.com\/sq\/produkt\/vajra-esenciale\/vaj-karafili-10-ml\/","og_locale":"sq_AL","og_type":"article","og_title":"Vaj esencial karafili 10 ml - Gjini Herbal","og_description":"P\u00ebr shkak t\u00eb vetive t\u00eb tij t\u00eb forta mikrobike dhe nj\u00eb p\u00ebrb\u00ebrje t\u00eb quajtur Eugenol, ai ndihmon n\u00eb leht\u00ebsimin e dhimbjeve dentare. Gargara me vaj karafili dhe uj\u00eb t\u00eb ngroht\u00eb mund t\u00eb ndihmoj\u00eb n\u00eb luftimin e er\u00ebs s\u00eb keqe t\u00eb goj\u00ebs. Mund t\u00eb ndihmoj\u00eb n\u00eb leht\u00ebsimin e t\u00eb p\u00ebrzierave.","og_url":"https:\/\/gjiniherbal.com\/sq\/produkt\/vajra-esenciale\/vaj-karafili-10-ml\/","og_site_name":"Gjini Herbal","article_publisher":"https:\/\/facebook.com\/gjiniherbal","article_modified_time":"2024-01-24T13:11:44+00:00","og_image":[{"width":1000,"height":1000,"url":"https:\/\/gjiniherbal.com\/wp-content\/uploads\/2023\/12\/saf-karanfil-ucucu-yagi-10ml-fb45-4.jpg","type":"image\/jpeg"}],"twitter_card":"summary_large_image","twitter_misc":{"Est. reading time":"1 minut\u00eb"},"schema":{"@context":"https:\/\/schema.org","@graph":[{"@type":"WebPage","@id":"https:\/\/gjiniherbal.com\/produkt\/vajra-esenciale\/vaj-karafili-10-ml\/","url":"https:\/\/gjiniherbal.com\/produkt\/vajra-esenciale\/vaj-karafili-10-ml\/","name":"Vaj esencial karafili 10 ml - Gjini Herbal","isPartOf":{"@id":"https:\/\/gjiniherbal.com\/#website"},"primaryImageOfPage":{"@id":"https:\/\/gjiniherbal.com\/produkt\/vajra-esenciale\/vaj-karafili-10-ml\/#primaryimage"},"image":{"@id":"https:\/\/gjiniherbal.com\/produkt\/vajra-esenciale\/vaj-karafili-10-ml\/#primaryimage"},"thumbnailUrl":"https:\/\/gjiniherbal.com\/wp-content\/uploads\/2023\/12\/saf-karanfil-ucucu-yagi-10ml-fb45-4.jpg","datePublished":"2023-12-24T18:22:42+00:00","dateModified":"2024-01-24T13:11:44+00:00","description":"P\u00ebr shkak t\u00eb vetive t\u00eb tij t\u00eb forta mikrobike dhe nj\u00eb p\u00ebrb\u00ebrje t\u00eb quajtur Eugenol, ai ndihmon n\u00eb leht\u00ebsimin e dhimbjeve dentare. Gargara me vaj karafili dhe uj\u00eb t\u00eb ngroht\u00eb mund t\u00eb ndihmoj\u00eb n\u00eb luftimin e er\u00ebs s\u00eb keqe t\u00eb goj\u00ebs. Mund t\u00eb ndihmoj\u00eb n\u00eb leht\u00ebsimin e t\u00eb p\u00ebrzierave.","breadcrumb":{"@id":"https:\/\/gjiniherbal.com\/produkt\/vajra-esenciale\/vaj-karafili-10-ml\/#breadcrumb"},"inLanguage":"sq","potentialAction":[{"@type":"ReadAction","target":["https:\/\/gjiniherbal.com\/produkt\/vajra-esenciale\/vaj-karafili-10-ml\/"]}]},{"@type":"ImageObject","inLanguage":"sq","@id":"https:\/\/gjiniherbal.com\/produkt\/vajra-esenciale\/vaj-karafili-10-ml\/#primaryimage","url":"https:\/\/gjiniherbal.com\/wp-content\/uploads\/2023\/12\/saf-karanfil-ucucu-yagi-10ml-fb45-4.jpg","contentUrl":"https:\/\/gjiniherbal.com\/wp-content\/uploads\/2023\/12\/saf-karanfil-ucucu-yagi-10ml-fb45-4.jpg","width":1000,"height":1000},{"@type":"BreadcrumbList","@id":"https:\/\/gjiniherbal.com\/produkt\/vajra-esenciale\/vaj-karafili-10-ml\/#breadcrumb","itemListElement":[{"@type":"ListItem","position":1,"name":"Home","item":"https:\/\/gjiniherbal.com\/en_us\/"},{"@type":"ListItem","position":2,"name":"Shop","item":"https:\/\/gjiniherbal.com\/en_us\/shop\/"},{"@type":"ListItem","position":3,"name":"Vaj esencial karafili 10 ml"}]},{"@type":"WebSite","@id":"https:\/\/gjiniherbal.com\/#website","url":"https:\/\/gjiniherbal.com\/","name":"Gjini Herbal","description":"Produkte Natyrale","publisher":{"@id":"https:\/\/gjiniherbal.com\/#organization"},"potentialAction":[{"@type":"SearchAction","target":{"@type":"EntryPoint","urlTemplate":"https:\/\/gjiniherbal.com\/?s={search_term_string}"},"query-input":{"@type":"PropertyValueSpecification","valueRequired":true,"valueName":"search_term_string"}}],"inLanguage":"sq"},{"@type":"Organization","@id":"https:\/\/gjiniherbal.com\/#organization","name":"Gjini Herbal","url":"https:\/\/gjiniherbal.com\/","logo":{"@type":"ImageObject","inLanguage":"sq","@id":"https:\/\/gjiniherbal.com\/#\/schema\/logo\/image\/","url":"https:\/\/gjiniherbal.com\/wp-content\/uploads\/2022\/07\/gjini-herbal-logo.png","contentUrl":"https:\/\/gjiniherbal.com\/wp-content\/uploads\/2022\/07\/gjini-herbal-logo.png","width":652,"height":262,"caption":"Gjini Herbal"},"image":{"@id":"https:\/\/gjiniherbal.com\/#\/schema\/logo\/image\/"},"sameAs":["https:\/\/facebook.com\/gjiniherbal","https:\/\/instagram.com\/gjiniherbal","https:\/\/www.youtube.com\/channel\/UC_tHHueG-qxycnvdro4jHtQ"]}]}},"jetpack-related-posts":[],"jetpack_sharing_enabled":true,"_links":{"self":[{"href":"https:\/\/gjiniherbal.com\/sq\/wp-json\/wp\/v2\/product\/1934","targetHints":{"allow":["GET"]}}],"collection":[{"href":"https:\/\/gjiniherbal.com\/sq\/wp-json\/wp\/v2\/product"}],"about":[{"href":"https:\/\/gjiniherbal.com\/sq\/wp-json\/wp\/v2\/types\/product"}],"wp:featuredmedia":[{"embeddable":true,"href":"https:\/\/gjiniherbal.com\/sq\/wp-json\/wp\/v2\/media\/1970"}],"wp:attachment":[{"href":"https:\/\/gjiniherbal.com\/sq\/wp-json\/wp\/v2\/media?parent=1934"}],"wp:term":[{"taxonomy":"product_brand","embeddable":true,"href":"https:\/\/gjiniherbal.com\/sq\/wp-json\/wp\/v2\/product_brand?post=1934"},{"taxonomy":"product_cat","embeddable":true,"href":"https:\/\/gjiniherbal.com\/sq\/wp-json\/wp\/v2\/product_cat?post=1934"},{"taxonomy":"product_tag","embeddable":true,"href":"https:\/\/gjiniherbal.com\/sq\/wp-json\/wp\/v2\/product_tag?post=1934"}],"curies":[{"name":"wp","href":"https:\/\/api.w.org\/{rel}","templated":true}]}}