{"id":1856,"date":"2023-12-23T22:26:31","date_gmt":"2023-12-23T21:26:31","guid":{"rendered":"https:\/\/gjiniherbal.com\/?post_type=product&#038;p=1856"},"modified":"2026-04-12T17:15:04","modified_gmt":"2026-04-12T15:15:04","slug":"vaj-kastori-50-ml","status":"publish","type":"product","link":"https:\/\/gjiniherbal.com\/sq\/produkt\/vajra-vegjetale\/vaj-kastori-50-ml\/","title":{"rendered":"Vaj kastori 50 ml"},"content":{"rendered":"<p>Vaji i kastorit \u00ebsht\u00eb nj\u00eb vaj vegjetal me shum\u00eb q\u00ebllime q\u00eb njer\u00ebzit e kan\u00eb p\u00ebrdorur p\u00ebr mij\u00ebra vjet. \u00cbsht\u00eb b\u00ebr\u00eb duke nxjerr\u00eb vaj nga farat e Ricinus communisplant.<\/p>\n<p>\u00cbsht\u00eb i pasur me acid ricinoleik, nj\u00eb acid yndyror i pangopur, i cili e b\u00ebn at\u00eb nj\u00eb hidratues perfekt. Vaji i kastorit \u00ebsht\u00eb i trash\u00eb, k\u00ebshtu q\u00eb shpesh p\u00ebrzihet me vajra t\u00eb tjer\u00eb si vaji i bajames, ullirit dhe kokosit p\u00ebr t\u00eb b\u00ebr\u00eb nj\u00eb hidratues ultra.<\/p>\n<p>Ka veti anti-inflamatore, \u00ebsht\u00eb efektiv kund\u00ebr zbokthit dhe parandalon thyerjen e flok\u00ebve. Ndihmon q\u00eb flok\u00ebt t\u00eb rriten m\u00eb t\u00eb sh\u00ebndetsh\u00ebm.<\/p>\n<p><strong>P\u00ebrdorimi i jasht\u00ebm:<\/strong> Disa pika mund t\u00eb aplikohen n\u00eb zon\u00ebn e nevojshme dhe n\u00eb flok\u00eb.<\/p>","protected":false},"excerpt":{"rendered":"<ul>\n<li>Ka veti anti-inflamatore<\/li>\n<li>Efektiv kund\u00ebr zbokthit<\/li>\n<li>Parandalon thyerjen e flok\u00ebve<\/li>\n<li>Ndihmon q\u00eb flok\u00ebt t\u00eb rriten m\u00eb t\u00eb sh\u00ebndetsh\u00ebm<\/li>\n<\/ul>","protected":false},"featured_media":1998,"template":"","meta":{"_acf_changed":false,"_et_pb_use_builder":"","_et_pb_old_content":"","_et_gb_content_width":"","_monsterinsights_skip_tracking":false,"_monsterinsights_sitenote_active":false,"_monsterinsights_sitenote_note":"","_monsterinsights_sitenote_category":0,"_joinchat":[]},"product_brand":[],"product_cat":[503,922],"product_tag":[647,923,645,839],"class_list":{"0":"post-1856","1":"product","2":"type-product","3":"status-publish","4":"has-post-thumbnail","6":"product_cat-vajra-vegjetale","7":"product_cat-kujdesi-i-flokeve","8":"product_tag-floket","9":"product_tag-kujdesi-i-flokeve","10":"product_tag-vaj-kastori","11":"product_tag-vaj-vegjetal","13":"first","14":"outofstock","15":"shipping-taxable","16":"purchasable","17":"product-type-simple"},"acf":[],"jetpack-related-posts":[],"jetpack_sharing_enabled":true,"_links":{"self":[{"href":"https:\/\/gjiniherbal.com\/sq\/wp-json\/wp\/v2\/product\/1856","targetHints":{"allow":["GET"]}}],"collection":[{"href":"https:\/\/gjiniherbal.com\/sq\/wp-json\/wp\/v2\/product"}],"about":[{"href":"https:\/\/gjiniherbal.com\/sq\/wp-json\/wp\/v2\/types\/product"}],"wp:featuredmedia":[{"embeddable":true,"href":"https:\/\/gjiniherbal.com\/sq\/wp-json\/wp\/v2\/media\/1998"}],"wp:attachment":[{"href":"https:\/\/gjiniherbal.com\/sq\/wp-json\/wp\/v2\/media?parent=1856"}],"wp:term":[{"taxonomy":"product_brand","embeddable":true,"href":"https:\/\/gjiniherbal.com\/sq\/wp-json\/wp\/v2\/product_brand?post=1856"},{"taxonomy":"product_cat","embeddable":true,"href":"https:\/\/gjiniherbal.com\/sq\/wp-json\/wp\/v2\/product_cat?post=1856"},{"taxonomy":"product_tag","embeddable":true,"href":"https:\/\/gjiniherbal.com\/sq\/wp-json\/wp\/v2\/product_tag?post=1856"}],"curies":[{"name":"wp","href":"https:\/\/api.w.org\/{rel}","templated":true}]}}