{"id":1835,"date":"2023-12-23T17:16:05","date_gmt":"2023-12-23T16:16:05","guid":{"rendered":"https:\/\/gjiniherbal.com\/?post_type=product&#038;p=1835"},"modified":"2025-04-01T12:43:37","modified_gmt":"2025-04-01T10:43:37","slug":"turmerik","status":"publish","type":"product","link":"https:\/\/gjiniherbal.com\/sq\/produkt\/suplemente-vitamina\/turmerik\/","title":{"rendered":"Turmerik (suplement dietik)"},"content":{"rendered":"<p>Shafrani i Indis\u00eb, i njohur edhe si Curcuma, \u00ebsht\u00eb nj\u00eb bim\u00eb me rizom\u00eb (rrjedh\u00eb n\u00ebntok\u00ebsore) me origjin\u00eb nga Azia, nj\u00eb an\u00ebtar i familjes s\u00eb xhenxhefilit, q\u00eb jep er\u00ebz\u00ebn e verdh\u00eb shafran i Indis\u00eb. \u00cbsht\u00eb p\u00ebrdorur q\u00eb nga koh\u00ebrat e lashta si ngjyrues dhe p\u00ebrb\u00ebr\u00ebs ushqimor, por \u00ebsht\u00eb shum\u00eb i \u00e7muar p\u00ebr aft\u00ebsin\u00eb e tij p\u00ebr t\u00eb forcuar dhe forcuar trupin.* Kurkumina \u00ebsht\u00eb p\u00ebrb\u00ebr\u00ebsi kryesor aktiv i shafranit t\u00eb Indis\u00eb. Ka nj\u00eb anti-inflamator t\u00eb fuqish\u00ebm dhe \u00ebsht\u00eb nj\u00eb veti shum\u00eb e fort\u00eb antioksiduese.*<\/p>\n<p>Talya Herbal p\u00ebrdor kurkumin me cil\u00ebsi m\u00eb t\u00eb lart\u00eb nga rajoni i Mesdheut p\u00ebr t\u00eb ofruar Ekstraktin m\u00eb t\u00eb mir\u00eb t\u00eb Shafranit t\u00eb Indis\u00eb n\u00eb treg. Duke p\u00ebrdorur nj\u00eb proces t\u00eb duhur q\u00eb ruan 100% t\u00eb p\u00ebrb\u00ebr\u00ebsve aktiv\u00eb, Talya Herbal prodhon Ekstraktin e Shafranit t\u00eb Indis\u00eb n\u00ebp\u00ebrmjet metod\u00ebs m\u00eb natyrale t\u00eb nxjerrjes p\u00ebr rezultate m\u00eb t\u00eb mira.<\/p>\n<p><strong>P\u00ebrdorimi:<\/strong> T\u00eb rriturit marrin nj\u00eb (1) tablet\u00eb dy her\u00eb n\u00eb dit\u00eb mund\u00ebsisht me vakte.<\/p>","protected":false},"excerpt":{"rendered":"<ul>\n<li>Ndihmon ne sh\u00ebndetin e trurit<\/li>\n<li>Rrit imunitetin<\/li>\n<li>P\u00ebrmir\u00ebson sh\u00ebndetin e zemr\u00ebs<\/li>\n<li>P\u00ebrmir\u00ebson aktivitetin anti-inflamator<\/li>\n<\/ul>\n<p><strong>60 KAPSULA<\/strong><\/p>","protected":false},"featured_media":1840,"template":"","meta":{"_acf_changed":false,"_et_pb_use_builder":"","_et_pb_old_content":"","_et_gb_content_width":"","_monsterinsights_skip_tracking":false,"_monsterinsights_sitenote_active":false,"_monsterinsights_sitenote_note":"","_monsterinsights_sitenote_category":0,"_joinchat":[]},"product_brand":[],"product_cat":[457],"product_tag":[714,889,888,805,806],"class_list":{"0":"post-1835","1":"product","2":"type-product","3":"status-publish","4":"has-post-thumbnail","6":"product_cat-suplemente-vitamina","7":"product_tag-imunitet","8":"product_tag-inflamacion","9":"product_tag-sistemi-imunitar","10":"product_tag-turmerik","11":"product_tag-turmeriku","13":"first","14":"outofstock","15":"shipping-taxable","16":"purchasable","17":"product-type-simple"},"acf":[],"yoast_head":"<!-- This site is optimized with the Yoast SEO plugin v27.4 - https:\/\/yoast.com\/product\/yoast-seo-wordpress\/ -->\n<title>Turmerik (suplement dietik) - Gjini Herbal<\/title>\n<meta name=\"description\" content=\"Turmeriku, i njohur edhe si Curcuma, \u00ebsht\u00eb nj\u00eb bim\u00eb me rizom\u00eb (rrjedh\u00eb n\u00ebntok\u00ebsore) me origjin\u00eb nga Azia, nj\u00eb an\u00ebtar i familjes s\u00eb xhinxherit, q\u00eb jep er\u00ebz\u00ebn e verdh\u00eb.\" \/>\n<meta name=\"robots\" content=\"index, follow, max-snippet:-1, max-image-preview:large, max-video-preview:-1\" \/>\n<link rel=\"canonical\" href=\"https:\/\/gjiniherbal.com\/sq\/produkt\/suplemente-vitamina\/turmerik\/\" \/>\n<meta property=\"og:locale\" content=\"sq_AL\" \/>\n<meta property=\"og:type\" content=\"article\" \/>\n<meta property=\"og:title\" content=\"Turmerik (suplement dietik) - Gjini Herbal\" \/>\n<meta property=\"og:description\" content=\"Turmeriku, i njohur edhe si Curcuma, \u00ebsht\u00eb nj\u00eb bim\u00eb me rizom\u00eb (rrjedh\u00eb n\u00ebntok\u00ebsore) me origjin\u00eb nga Azia, nj\u00eb an\u00ebtar i familjes s\u00eb xhinxherit, q\u00eb jep er\u00ebz\u00ebn e verdh\u00eb.\" \/>\n<meta property=\"og:url\" content=\"https:\/\/gjiniherbal.com\/sq\/produkt\/suplemente-vitamina\/turmerik\/\" \/>\n<meta property=\"og:site_name\" content=\"Gjini Herbal\" \/>\n<meta property=\"article:publisher\" content=\"https:\/\/facebook.com\/gjiniherbal\" \/>\n<meta property=\"article:modified_time\" content=\"2025-04-01T10:43:37+00:00\" \/>\n<meta property=\"og:image\" content=\"https:\/\/gjiniherbal.com\/wp-content\/uploads\/2023\/12\/60-kapsul-talyaherbal-turmeric.webp\" \/>\n\t<meta property=\"og:image:width\" content=\"1089\" \/>\n\t<meta property=\"og:image:height\" content=\"1089\" \/>\n\t<meta property=\"og:image:type\" content=\"image\/webp\" \/>\n<meta name=\"twitter:card\" content=\"summary_large_image\" \/>\n<meta name=\"twitter:label1\" content=\"Est. reading time\" \/>\n\t<meta name=\"twitter:data1\" content=\"1 minut\u00eb\" \/>\n<script type=\"application\/ld+json\" class=\"yoast-schema-graph\">{\"@context\":\"https:\\\/\\\/schema.org\",\"@graph\":[{\"@type\":\"WebPage\",\"@id\":\"https:\\\/\\\/gjiniherbal.com\\\/produkt\\\/suplemente-vitamina\\\/turmerik\\\/\",\"url\":\"https:\\\/\\\/gjiniherbal.com\\\/produkt\\\/suplemente-vitamina\\\/turmerik\\\/\",\"name\":\"Turmerik (suplement dietik) - Gjini Herbal\",\"isPartOf\":{\"@id\":\"https:\\\/\\\/gjiniherbal.com\\\/#website\"},\"primaryImageOfPage\":{\"@id\":\"https:\\\/\\\/gjiniherbal.com\\\/produkt\\\/suplemente-vitamina\\\/turmerik\\\/#primaryimage\"},\"image\":{\"@id\":\"https:\\\/\\\/gjiniherbal.com\\\/produkt\\\/suplemente-vitamina\\\/turmerik\\\/#primaryimage\"},\"thumbnailUrl\":\"https:\\\/\\\/gjiniherbal.com\\\/wp-content\\\/uploads\\\/2023\\\/12\\\/60-kapsul-talyaherbal-turmeric.webp\",\"datePublished\":\"2023-12-23T16:16:05+00:00\",\"dateModified\":\"2025-04-01T10:43:37+00:00\",\"description\":\"Turmeriku, i njohur edhe si Curcuma, \u00ebsht\u00eb nj\u00eb bim\u00eb me rizom\u00eb (rrjedh\u00eb n\u00ebntok\u00ebsore) me origjin\u00eb nga Azia, nj\u00eb an\u00ebtar i familjes s\u00eb xhinxherit, q\u00eb jep er\u00ebz\u00ebn e verdh\u00eb.\",\"breadcrumb\":{\"@id\":\"https:\\\/\\\/gjiniherbal.com\\\/produkt\\\/suplemente-vitamina\\\/turmerik\\\/#breadcrumb\"},\"inLanguage\":\"sq\",\"potentialAction\":[{\"@type\":\"ReadAction\",\"target\":[\"https:\\\/\\\/gjiniherbal.com\\\/produkt\\\/suplemente-vitamina\\\/turmerik\\\/\"]}]},{\"@type\":\"ImageObject\",\"inLanguage\":\"sq\",\"@id\":\"https:\\\/\\\/gjiniherbal.com\\\/produkt\\\/suplemente-vitamina\\\/turmerik\\\/#primaryimage\",\"url\":\"https:\\\/\\\/gjiniherbal.com\\\/wp-content\\\/uploads\\\/2023\\\/12\\\/60-kapsul-talyaherbal-turmeric.webp\",\"contentUrl\":\"https:\\\/\\\/gjiniherbal.com\\\/wp-content\\\/uploads\\\/2023\\\/12\\\/60-kapsul-talyaherbal-turmeric.webp\",\"width\":1089,\"height\":1089},{\"@type\":\"BreadcrumbList\",\"@id\":\"https:\\\/\\\/gjiniherbal.com\\\/produkt\\\/suplemente-vitamina\\\/turmerik\\\/#breadcrumb\",\"itemListElement\":[{\"@type\":\"ListItem\",\"position\":1,\"name\":\"Home\",\"item\":\"https:\\\/\\\/gjiniherbal.com\\\/en_us\\\/\"},{\"@type\":\"ListItem\",\"position\":2,\"name\":\"Shop\",\"item\":\"https:\\\/\\\/gjiniherbal.com\\\/en_us\\\/shop\\\/\"},{\"@type\":\"ListItem\",\"position\":3,\"name\":\"Turmerik (suplement dietik)\"}]},{\"@type\":\"WebSite\",\"@id\":\"https:\\\/\\\/gjiniherbal.com\\\/#website\",\"url\":\"https:\\\/\\\/gjiniherbal.com\\\/\",\"name\":\"Gjini Herbal\",\"description\":\"Produkte Natyrale\",\"publisher\":{\"@id\":\"https:\\\/\\\/gjiniherbal.com\\\/#organization\"},\"potentialAction\":[{\"@type\":\"SearchAction\",\"target\":{\"@type\":\"EntryPoint\",\"urlTemplate\":\"https:\\\/\\\/gjiniherbal.com\\\/?s={search_term_string}\"},\"query-input\":{\"@type\":\"PropertyValueSpecification\",\"valueRequired\":true,\"valueName\":\"search_term_string\"}}],\"inLanguage\":\"sq\"},{\"@type\":\"Organization\",\"@id\":\"https:\\\/\\\/gjiniherbal.com\\\/#organization\",\"name\":\"Gjini Herbal\",\"url\":\"https:\\\/\\\/gjiniherbal.com\\\/\",\"logo\":{\"@type\":\"ImageObject\",\"inLanguage\":\"sq\",\"@id\":\"https:\\\/\\\/gjiniherbal.com\\\/#\\\/schema\\\/logo\\\/image\\\/\",\"url\":\"https:\\\/\\\/gjiniherbal.com\\\/wp-content\\\/uploads\\\/2022\\\/07\\\/gjini-herbal-logo.png\",\"contentUrl\":\"https:\\\/\\\/gjiniherbal.com\\\/wp-content\\\/uploads\\\/2022\\\/07\\\/gjini-herbal-logo.png\",\"width\":652,\"height\":262,\"caption\":\"Gjini Herbal\"},\"image\":{\"@id\":\"https:\\\/\\\/gjiniherbal.com\\\/#\\\/schema\\\/logo\\\/image\\\/\"},\"sameAs\":[\"https:\\\/\\\/facebook.com\\\/gjiniherbal\",\"https:\\\/\\\/instagram.com\\\/gjiniherbal\",\"https:\\\/\\\/www.youtube.com\\\/channel\\\/UC_tHHueG-qxycnvdro4jHtQ\"]}]}<\/script>\n<!-- \/ Yoast SEO plugin. -->","yoast_head_json":{"title":"Turmerik (suplement dietik) - Gjini Herbal","description":"Turmeriku, i njohur edhe si Curcuma, \u00ebsht\u00eb nj\u00eb bim\u00eb me rizom\u00eb (rrjedh\u00eb n\u00ebntok\u00ebsore) me origjin\u00eb nga Azia, nj\u00eb an\u00ebtar i familjes s\u00eb xhinxherit, q\u00eb jep er\u00ebz\u00ebn e verdh\u00eb.","robots":{"index":"index","follow":"follow","max-snippet":"max-snippet:-1","max-image-preview":"max-image-preview:large","max-video-preview":"max-video-preview:-1"},"canonical":"https:\/\/gjiniherbal.com\/sq\/produkt\/suplemente-vitamina\/turmerik\/","og_locale":"sq_AL","og_type":"article","og_title":"Turmerik (suplement dietik) - Gjini Herbal","og_description":"Turmeriku, i njohur edhe si Curcuma, \u00ebsht\u00eb nj\u00eb bim\u00eb me rizom\u00eb (rrjedh\u00eb n\u00ebntok\u00ebsore) me origjin\u00eb nga Azia, nj\u00eb an\u00ebtar i familjes s\u00eb xhinxherit, q\u00eb jep er\u00ebz\u00ebn e verdh\u00eb.","og_url":"https:\/\/gjiniherbal.com\/sq\/produkt\/suplemente-vitamina\/turmerik\/","og_site_name":"Gjini Herbal","article_publisher":"https:\/\/facebook.com\/gjiniherbal","article_modified_time":"2025-04-01T10:43:37+00:00","og_image":[{"width":1089,"height":1089,"url":"https:\/\/gjiniherbal.com\/wp-content\/uploads\/2023\/12\/60-kapsul-talyaherbal-turmeric.webp","type":"image\/webp"}],"twitter_card":"summary_large_image","twitter_misc":{"Est. reading time":"1 minut\u00eb"},"schema":{"@context":"https:\/\/schema.org","@graph":[{"@type":"WebPage","@id":"https:\/\/gjiniherbal.com\/produkt\/suplemente-vitamina\/turmerik\/","url":"https:\/\/gjiniherbal.com\/produkt\/suplemente-vitamina\/turmerik\/","name":"Turmerik (suplement dietik) - Gjini Herbal","isPartOf":{"@id":"https:\/\/gjiniherbal.com\/#website"},"primaryImageOfPage":{"@id":"https:\/\/gjiniherbal.com\/produkt\/suplemente-vitamina\/turmerik\/#primaryimage"},"image":{"@id":"https:\/\/gjiniherbal.com\/produkt\/suplemente-vitamina\/turmerik\/#primaryimage"},"thumbnailUrl":"https:\/\/gjiniherbal.com\/wp-content\/uploads\/2023\/12\/60-kapsul-talyaherbal-turmeric.webp","datePublished":"2023-12-23T16:16:05+00:00","dateModified":"2025-04-01T10:43:37+00:00","description":"Turmeriku, i njohur edhe si Curcuma, \u00ebsht\u00eb nj\u00eb bim\u00eb me rizom\u00eb (rrjedh\u00eb n\u00ebntok\u00ebsore) me origjin\u00eb nga Azia, nj\u00eb an\u00ebtar i familjes s\u00eb xhinxherit, q\u00eb jep er\u00ebz\u00ebn e verdh\u00eb.","breadcrumb":{"@id":"https:\/\/gjiniherbal.com\/produkt\/suplemente-vitamina\/turmerik\/#breadcrumb"},"inLanguage":"sq","potentialAction":[{"@type":"ReadAction","target":["https:\/\/gjiniherbal.com\/produkt\/suplemente-vitamina\/turmerik\/"]}]},{"@type":"ImageObject","inLanguage":"sq","@id":"https:\/\/gjiniherbal.com\/produkt\/suplemente-vitamina\/turmerik\/#primaryimage","url":"https:\/\/gjiniherbal.com\/wp-content\/uploads\/2023\/12\/60-kapsul-talyaherbal-turmeric.webp","contentUrl":"https:\/\/gjiniherbal.com\/wp-content\/uploads\/2023\/12\/60-kapsul-talyaherbal-turmeric.webp","width":1089,"height":1089},{"@type":"BreadcrumbList","@id":"https:\/\/gjiniherbal.com\/produkt\/suplemente-vitamina\/turmerik\/#breadcrumb","itemListElement":[{"@type":"ListItem","position":1,"name":"Home","item":"https:\/\/gjiniherbal.com\/en_us\/"},{"@type":"ListItem","position":2,"name":"Shop","item":"https:\/\/gjiniherbal.com\/en_us\/shop\/"},{"@type":"ListItem","position":3,"name":"Turmerik (suplement dietik)"}]},{"@type":"WebSite","@id":"https:\/\/gjiniherbal.com\/#website","url":"https:\/\/gjiniherbal.com\/","name":"Gjini Herbal","description":"Produkte Natyrale","publisher":{"@id":"https:\/\/gjiniherbal.com\/#organization"},"potentialAction":[{"@type":"SearchAction","target":{"@type":"EntryPoint","urlTemplate":"https:\/\/gjiniherbal.com\/?s={search_term_string}"},"query-input":{"@type":"PropertyValueSpecification","valueRequired":true,"valueName":"search_term_string"}}],"inLanguage":"sq"},{"@type":"Organization","@id":"https:\/\/gjiniherbal.com\/#organization","name":"Gjini Herbal","url":"https:\/\/gjiniherbal.com\/","logo":{"@type":"ImageObject","inLanguage":"sq","@id":"https:\/\/gjiniherbal.com\/#\/schema\/logo\/image\/","url":"https:\/\/gjiniherbal.com\/wp-content\/uploads\/2022\/07\/gjini-herbal-logo.png","contentUrl":"https:\/\/gjiniherbal.com\/wp-content\/uploads\/2022\/07\/gjini-herbal-logo.png","width":652,"height":262,"caption":"Gjini Herbal"},"image":{"@id":"https:\/\/gjiniherbal.com\/#\/schema\/logo\/image\/"},"sameAs":["https:\/\/facebook.com\/gjiniherbal","https:\/\/instagram.com\/gjiniherbal","https:\/\/www.youtube.com\/channel\/UC_tHHueG-qxycnvdro4jHtQ"]}]}},"jetpack-related-posts":[],"jetpack_sharing_enabled":true,"_links":{"self":[{"href":"https:\/\/gjiniherbal.com\/sq\/wp-json\/wp\/v2\/product\/1835","targetHints":{"allow":["GET"]}}],"collection":[{"href":"https:\/\/gjiniherbal.com\/sq\/wp-json\/wp\/v2\/product"}],"about":[{"href":"https:\/\/gjiniherbal.com\/sq\/wp-json\/wp\/v2\/types\/product"}],"wp:featuredmedia":[{"embeddable":true,"href":"https:\/\/gjiniherbal.com\/sq\/wp-json\/wp\/v2\/media\/1840"}],"wp:attachment":[{"href":"https:\/\/gjiniherbal.com\/sq\/wp-json\/wp\/v2\/media?parent=1835"}],"wp:term":[{"taxonomy":"product_brand","embeddable":true,"href":"https:\/\/gjiniherbal.com\/sq\/wp-json\/wp\/v2\/product_brand?post=1835"},{"taxonomy":"product_cat","embeddable":true,"href":"https:\/\/gjiniherbal.com\/sq\/wp-json\/wp\/v2\/product_cat?post=1835"},{"taxonomy":"product_tag","embeddable":true,"href":"https:\/\/gjiniherbal.com\/sq\/wp-json\/wp\/v2\/product_tag?post=1835"}],"curies":[{"name":"wp","href":"https:\/\/api.w.org\/{rel}","templated":true}]}}