{"id":1823,"date":"2023-12-22T22:45:58","date_gmt":"2023-12-22T21:45:58","guid":{"rendered":"https:\/\/gjiniherbal.com\/?post_type=product&#038;p=1823"},"modified":"2026-04-13T12:05:47","modified_gmt":"2026-04-13T10:05:47","slug":"biotin-suplement-dietik","status":"publish","type":"product","link":"https:\/\/gjiniherbal.com\/sq\/produkt\/suplemente-vitamina\/biotin-suplement-dietik\/","title":{"rendered":"Biotin (suplement dietik)"},"content":{"rendered":"<p>Talya Biotin mb\u00ebshtet thonjt\u00eb m\u00eb t\u00eb sh\u00ebndetsh\u00ebm dhe m\u00eb t\u00eb fort\u00eb, promovon trash\u00ebsin\u00eb dhe shk\u00eblqimin e flok\u00ebve me k\u00ebt\u00eb p\u00ebrb\u00ebr\u00ebs t\u00eb formuluar n\u00eb m\u00ebnyr\u00eb perfekte. Mund t\u00eb reduktoj\u00eb rrallimin dhe t\u00eb stimuloj\u00eb rritjen e flok\u00ebve, si dhe t\u00eb mb\u00ebshtes\u00eb nivelet e sh\u00ebndetshme t\u00eb biotin\u00ebs dhe rrit energjin\u00eb.<\/p>\n<p>Kjo p\u00ebrzierje e ve\u00e7ant\u00eb mesdhetare, e cila p\u00ebrfshin ekstraktin e palmetos s\u00eb sharr\u00ebs, ekstraktin e grurit, ekstraktin e gjetheve t\u00eb hithr\u00ebs, ekstraktin e bishtit t\u00eb kalit, zink dhe keratin, ndihmon n\u00eb ruajtjen e flok\u00ebve, l\u00ebkur\u00ebs dhe thonjve t\u00eb sh\u00ebndetsh\u00ebm duke promovuar sh\u00ebndetin e brendsh\u00ebm.<\/p>\n<p>Talya Herbal p\u00ebrdor t\u00eb gjith\u00eb p\u00ebrb\u00ebr\u00ebsit natyral\u00eb nga rajoni i Mesdheut p\u00ebr t\u00eb ofruar produktin m\u00eb t\u00eb mir\u00eb t\u00eb mundsh\u00ebm n\u00eb treg. Duke p\u00ebrdorur nj\u00eb proces t\u00eb duhur q\u00eb ruan 100% t\u00eb p\u00ebrb\u00ebr\u00ebsve aktiv\u00eb, Talya Herbal prodhon Talya Biotin n\u00ebp\u00ebrmjet m\u00ebnyr\u00ebs m\u00eb natyrale p\u00ebr rezultate m\u00eb t\u00eb mira.<\/p>\n<p><strong>P\u00ebrdorimi:<\/strong> 1 kapsul\u00eb dy her\u00eb n\u00eb dit\u00eb me shum\u00eb uj\u00eb dhe vakte.<\/p>","protected":false},"excerpt":{"rendered":"<ul>\n<li>P\u00ebr thonj m\u00eb t\u00eb sh\u00ebndetsh\u00ebm dhe m\u00eb t\u00eb fort\u00eb<\/li>\n<li>Promovon trash\u00ebsin\u00eb dhe shk\u00eblqimin e flok\u00ebve<\/li>\n<li>Mb\u00ebshtet nivelet e sh\u00ebndetshme t\u00eb biotin\u00ebs dhe rrit energjin\u00eb.<\/li>\n<\/ul>\n<p><strong>60 KAPSULA<\/strong><\/p>","protected":false},"featured_media":1824,"template":"","meta":{"_acf_changed":false,"_et_pb_use_builder":"","_et_pb_old_content":"","_et_gb_content_width":"","_monsterinsights_skip_tracking":false,"_monsterinsights_sitenote_active":false,"_monsterinsights_sitenote_note":"","_monsterinsights_sitenote_category":0,"_joinchat":[]},"product_brand":[],"product_cat":[922,457],"product_tag":[833,669,517,834,903],"class_list":{"0":"post-1823","1":"product","2":"type-product","3":"status-publish","4":"has-post-thumbnail","6":"product_cat-kujdesi-i-flokeve","7":"product_cat-suplemente-vitamina","8":"product_tag-biotin","9":"product_tag-energji","10":"product_tag-floke","11":"product_tag-suplemente","12":"product_tag-thonj","14":"first","15":"outofstock","16":"shipping-taxable","17":"purchasable","18":"product-type-simple"},"acf":[],"yoast_head":"<!-- This site is optimized with the Yoast SEO plugin v27.4 - https:\/\/yoast.com\/product\/yoast-seo-wordpress\/ -->\n<title>Biotin (suplement dietik) - Gjini Herbal<\/title>\n<meta name=\"description\" content=\"P\u00ebr thonj m\u00eb t\u00eb sh\u00ebndetsh\u00ebm dhe m\u00eb t\u00eb fort\u00eb  Promovon trash\u00ebsin\u00eb dhe shk\u00eblqimin e flok\u00ebve  Mb\u00ebshtet nivelet e sh\u00ebndetshme t\u00eb biotin\u00ebs dhe rrit energjin\u00eb.  60 KAPSULA\" \/>\n<meta name=\"robots\" content=\"index, follow, max-snippet:-1, max-image-preview:large, max-video-preview:-1\" \/>\n<link rel=\"canonical\" href=\"https:\/\/gjiniherbal.com\/sq\/produkt\/suplemente-vitamina\/biotin-suplement-dietik\/\" \/>\n<meta property=\"og:locale\" content=\"sq_AL\" \/>\n<meta property=\"og:type\" content=\"article\" \/>\n<meta property=\"og:title\" content=\"Biotin (suplement dietik) - Gjini Herbal\" \/>\n<meta property=\"og:description\" content=\"P\u00ebr thonj m\u00eb t\u00eb sh\u00ebndetsh\u00ebm dhe m\u00eb t\u00eb fort\u00eb  Promovon trash\u00ebsin\u00eb dhe shk\u00eblqimin e flok\u00ebve  Mb\u00ebshtet nivelet e sh\u00ebndetshme t\u00eb biotin\u00ebs dhe rrit energjin\u00eb.  60 KAPSULA\" \/>\n<meta property=\"og:url\" content=\"https:\/\/gjiniherbal.com\/sq\/produkt\/suplemente-vitamina\/biotin-suplement-dietik\/\" \/>\n<meta property=\"og:site_name\" content=\"Gjini Herbal\" \/>\n<meta property=\"article:publisher\" content=\"https:\/\/facebook.com\/gjiniherbal\" \/>\n<meta property=\"article:modified_time\" content=\"2026-04-13T10:05:47+00:00\" \/>\n<meta property=\"og:image\" content=\"https:\/\/gjiniherbal.com\/wp-content\/uploads\/2023\/12\/60-kapsul-talyaherbal-biotin.webp\" \/>\n\t<meta property=\"og:image:width\" content=\"1089\" \/>\n\t<meta property=\"og:image:height\" content=\"1089\" \/>\n\t<meta property=\"og:image:type\" content=\"image\/webp\" \/>\n<meta name=\"twitter:card\" content=\"summary_large_image\" \/>\n<meta name=\"twitter:label1\" content=\"Est. reading time\" \/>\n\t<meta name=\"twitter:data1\" content=\"1 minut\u00eb\" \/>\n<script type=\"application\/ld+json\" class=\"yoast-schema-graph\">{\"@context\":\"https:\\\/\\\/schema.org\",\"@graph\":[{\"@type\":\"WebPage\",\"@id\":\"https:\\\/\\\/gjiniherbal.com\\\/produkt\\\/suplemente-vitamina\\\/biotin-suplement-dietik\\\/\",\"url\":\"https:\\\/\\\/gjiniherbal.com\\\/produkt\\\/suplemente-vitamina\\\/biotin-suplement-dietik\\\/\",\"name\":\"Biotin (suplement dietik) - Gjini Herbal\",\"isPartOf\":{\"@id\":\"https:\\\/\\\/gjiniherbal.com\\\/#website\"},\"primaryImageOfPage\":{\"@id\":\"https:\\\/\\\/gjiniherbal.com\\\/produkt\\\/suplemente-vitamina\\\/biotin-suplement-dietik\\\/#primaryimage\"},\"image\":{\"@id\":\"https:\\\/\\\/gjiniherbal.com\\\/produkt\\\/suplemente-vitamina\\\/biotin-suplement-dietik\\\/#primaryimage\"},\"thumbnailUrl\":\"https:\\\/\\\/gjiniherbal.com\\\/wp-content\\\/uploads\\\/2023\\\/12\\\/60-kapsul-talyaherbal-biotin.webp\",\"datePublished\":\"2023-12-22T21:45:58+00:00\",\"dateModified\":\"2026-04-13T10:05:47+00:00\",\"description\":\"P\u00ebr thonj m\u00eb t\u00eb sh\u00ebndetsh\u00ebm dhe m\u00eb t\u00eb fort\u00eb Promovon trash\u00ebsin\u00eb dhe shk\u00eblqimin e flok\u00ebve Mb\u00ebshtet nivelet e sh\u00ebndetshme t\u00eb biotin\u00ebs dhe rrit energjin\u00eb. 60 KAPSULA\",\"breadcrumb\":{\"@id\":\"https:\\\/\\\/gjiniherbal.com\\\/produkt\\\/suplemente-vitamina\\\/biotin-suplement-dietik\\\/#breadcrumb\"},\"inLanguage\":\"sq\",\"potentialAction\":[{\"@type\":\"ReadAction\",\"target\":[\"https:\\\/\\\/gjiniherbal.com\\\/produkt\\\/suplemente-vitamina\\\/biotin-suplement-dietik\\\/\"]}]},{\"@type\":\"ImageObject\",\"inLanguage\":\"sq\",\"@id\":\"https:\\\/\\\/gjiniherbal.com\\\/produkt\\\/suplemente-vitamina\\\/biotin-suplement-dietik\\\/#primaryimage\",\"url\":\"https:\\\/\\\/gjiniherbal.com\\\/wp-content\\\/uploads\\\/2023\\\/12\\\/60-kapsul-talyaherbal-biotin.webp\",\"contentUrl\":\"https:\\\/\\\/gjiniherbal.com\\\/wp-content\\\/uploads\\\/2023\\\/12\\\/60-kapsul-talyaherbal-biotin.webp\",\"width\":1089,\"height\":1089,\"caption\":\"biotin\"},{\"@type\":\"BreadcrumbList\",\"@id\":\"https:\\\/\\\/gjiniherbal.com\\\/produkt\\\/suplemente-vitamina\\\/biotin-suplement-dietik\\\/#breadcrumb\",\"itemListElement\":[{\"@type\":\"ListItem\",\"position\":1,\"name\":\"Home\",\"item\":\"https:\\\/\\\/gjiniherbal.com\\\/en_us\\\/\"},{\"@type\":\"ListItem\",\"position\":2,\"name\":\"Shop\",\"item\":\"https:\\\/\\\/gjiniherbal.com\\\/en_us\\\/shop\\\/\"},{\"@type\":\"ListItem\",\"position\":3,\"name\":\"Biotin (suplement dietik)\"}]},{\"@type\":\"WebSite\",\"@id\":\"https:\\\/\\\/gjiniherbal.com\\\/#website\",\"url\":\"https:\\\/\\\/gjiniherbal.com\\\/\",\"name\":\"Gjini Herbal\",\"description\":\"Produkte Natyrale\",\"publisher\":{\"@id\":\"https:\\\/\\\/gjiniherbal.com\\\/#organization\"},\"potentialAction\":[{\"@type\":\"SearchAction\",\"target\":{\"@type\":\"EntryPoint\",\"urlTemplate\":\"https:\\\/\\\/gjiniherbal.com\\\/?s={search_term_string}\"},\"query-input\":{\"@type\":\"PropertyValueSpecification\",\"valueRequired\":true,\"valueName\":\"search_term_string\"}}],\"inLanguage\":\"sq\"},{\"@type\":\"Organization\",\"@id\":\"https:\\\/\\\/gjiniherbal.com\\\/#organization\",\"name\":\"Gjini Herbal\",\"url\":\"https:\\\/\\\/gjiniherbal.com\\\/\",\"logo\":{\"@type\":\"ImageObject\",\"inLanguage\":\"sq\",\"@id\":\"https:\\\/\\\/gjiniherbal.com\\\/#\\\/schema\\\/logo\\\/image\\\/\",\"url\":\"https:\\\/\\\/gjiniherbal.com\\\/wp-content\\\/uploads\\\/2022\\\/07\\\/gjini-herbal-logo.png\",\"contentUrl\":\"https:\\\/\\\/gjiniherbal.com\\\/wp-content\\\/uploads\\\/2022\\\/07\\\/gjini-herbal-logo.png\",\"width\":652,\"height\":262,\"caption\":\"Gjini Herbal\"},\"image\":{\"@id\":\"https:\\\/\\\/gjiniherbal.com\\\/#\\\/schema\\\/logo\\\/image\\\/\"},\"sameAs\":[\"https:\\\/\\\/facebook.com\\\/gjiniherbal\",\"https:\\\/\\\/instagram.com\\\/gjiniherbal\",\"https:\\\/\\\/www.youtube.com\\\/channel\\\/UC_tHHueG-qxycnvdro4jHtQ\"]}]}<\/script>\n<!-- \/ Yoast SEO plugin. -->","yoast_head_json":{"title":"Biotin (suplement dietik) - Gjini Herbal","description":"P\u00ebr thonj m\u00eb t\u00eb sh\u00ebndetsh\u00ebm dhe m\u00eb t\u00eb fort\u00eb  Promovon trash\u00ebsin\u00eb dhe shk\u00eblqimin e flok\u00ebve  Mb\u00ebshtet nivelet e sh\u00ebndetshme t\u00eb biotin\u00ebs dhe rrit energjin\u00eb.  60 KAPSULA","robots":{"index":"index","follow":"follow","max-snippet":"max-snippet:-1","max-image-preview":"max-image-preview:large","max-video-preview":"max-video-preview:-1"},"canonical":"https:\/\/gjiniherbal.com\/sq\/produkt\/suplemente-vitamina\/biotin-suplement-dietik\/","og_locale":"sq_AL","og_type":"article","og_title":"Biotin (suplement dietik) - Gjini Herbal","og_description":"P\u00ebr thonj m\u00eb t\u00eb sh\u00ebndetsh\u00ebm dhe m\u00eb t\u00eb fort\u00eb  Promovon trash\u00ebsin\u00eb dhe shk\u00eblqimin e flok\u00ebve  Mb\u00ebshtet nivelet e sh\u00ebndetshme t\u00eb biotin\u00ebs dhe rrit energjin\u00eb.  60 KAPSULA","og_url":"https:\/\/gjiniherbal.com\/sq\/produkt\/suplemente-vitamina\/biotin-suplement-dietik\/","og_site_name":"Gjini Herbal","article_publisher":"https:\/\/facebook.com\/gjiniherbal","article_modified_time":"2026-04-13T10:05:47+00:00","og_image":[{"width":1089,"height":1089,"url":"https:\/\/gjiniherbal.com\/wp-content\/uploads\/2023\/12\/60-kapsul-talyaherbal-biotin.webp","type":"image\/webp"}],"twitter_card":"summary_large_image","twitter_misc":{"Est. reading time":"1 minut\u00eb"},"schema":{"@context":"https:\/\/schema.org","@graph":[{"@type":"WebPage","@id":"https:\/\/gjiniherbal.com\/produkt\/suplemente-vitamina\/biotin-suplement-dietik\/","url":"https:\/\/gjiniherbal.com\/produkt\/suplemente-vitamina\/biotin-suplement-dietik\/","name":"Biotin (suplement dietik) - Gjini Herbal","isPartOf":{"@id":"https:\/\/gjiniherbal.com\/#website"},"primaryImageOfPage":{"@id":"https:\/\/gjiniherbal.com\/produkt\/suplemente-vitamina\/biotin-suplement-dietik\/#primaryimage"},"image":{"@id":"https:\/\/gjiniherbal.com\/produkt\/suplemente-vitamina\/biotin-suplement-dietik\/#primaryimage"},"thumbnailUrl":"https:\/\/gjiniherbal.com\/wp-content\/uploads\/2023\/12\/60-kapsul-talyaherbal-biotin.webp","datePublished":"2023-12-22T21:45:58+00:00","dateModified":"2026-04-13T10:05:47+00:00","description":"P\u00ebr thonj m\u00eb t\u00eb sh\u00ebndetsh\u00ebm dhe m\u00eb t\u00eb fort\u00eb Promovon trash\u00ebsin\u00eb dhe shk\u00eblqimin e flok\u00ebve Mb\u00ebshtet nivelet e sh\u00ebndetshme t\u00eb biotin\u00ebs dhe rrit energjin\u00eb. 60 KAPSULA","breadcrumb":{"@id":"https:\/\/gjiniherbal.com\/produkt\/suplemente-vitamina\/biotin-suplement-dietik\/#breadcrumb"},"inLanguage":"sq","potentialAction":[{"@type":"ReadAction","target":["https:\/\/gjiniherbal.com\/produkt\/suplemente-vitamina\/biotin-suplement-dietik\/"]}]},{"@type":"ImageObject","inLanguage":"sq","@id":"https:\/\/gjiniherbal.com\/produkt\/suplemente-vitamina\/biotin-suplement-dietik\/#primaryimage","url":"https:\/\/gjiniherbal.com\/wp-content\/uploads\/2023\/12\/60-kapsul-talyaherbal-biotin.webp","contentUrl":"https:\/\/gjiniherbal.com\/wp-content\/uploads\/2023\/12\/60-kapsul-talyaherbal-biotin.webp","width":1089,"height":1089,"caption":"biotin"},{"@type":"BreadcrumbList","@id":"https:\/\/gjiniherbal.com\/produkt\/suplemente-vitamina\/biotin-suplement-dietik\/#breadcrumb","itemListElement":[{"@type":"ListItem","position":1,"name":"Home","item":"https:\/\/gjiniherbal.com\/en_us\/"},{"@type":"ListItem","position":2,"name":"Shop","item":"https:\/\/gjiniherbal.com\/en_us\/shop\/"},{"@type":"ListItem","position":3,"name":"Biotin (suplement dietik)"}]},{"@type":"WebSite","@id":"https:\/\/gjiniherbal.com\/#website","url":"https:\/\/gjiniherbal.com\/","name":"Gjini Herbal","description":"Produkte Natyrale","publisher":{"@id":"https:\/\/gjiniherbal.com\/#organization"},"potentialAction":[{"@type":"SearchAction","target":{"@type":"EntryPoint","urlTemplate":"https:\/\/gjiniherbal.com\/?s={search_term_string}"},"query-input":{"@type":"PropertyValueSpecification","valueRequired":true,"valueName":"search_term_string"}}],"inLanguage":"sq"},{"@type":"Organization","@id":"https:\/\/gjiniherbal.com\/#organization","name":"Gjini Herbal","url":"https:\/\/gjiniherbal.com\/","logo":{"@type":"ImageObject","inLanguage":"sq","@id":"https:\/\/gjiniherbal.com\/#\/schema\/logo\/image\/","url":"https:\/\/gjiniherbal.com\/wp-content\/uploads\/2022\/07\/gjini-herbal-logo.png","contentUrl":"https:\/\/gjiniherbal.com\/wp-content\/uploads\/2022\/07\/gjini-herbal-logo.png","width":652,"height":262,"caption":"Gjini Herbal"},"image":{"@id":"https:\/\/gjiniherbal.com\/#\/schema\/logo\/image\/"},"sameAs":["https:\/\/facebook.com\/gjiniherbal","https:\/\/instagram.com\/gjiniherbal","https:\/\/www.youtube.com\/channel\/UC_tHHueG-qxycnvdro4jHtQ"]}]}},"jetpack-related-posts":[],"jetpack_sharing_enabled":true,"_links":{"self":[{"href":"https:\/\/gjiniherbal.com\/sq\/wp-json\/wp\/v2\/product\/1823","targetHints":{"allow":["GET"]}}],"collection":[{"href":"https:\/\/gjiniherbal.com\/sq\/wp-json\/wp\/v2\/product"}],"about":[{"href":"https:\/\/gjiniherbal.com\/sq\/wp-json\/wp\/v2\/types\/product"}],"wp:featuredmedia":[{"embeddable":true,"href":"https:\/\/gjiniherbal.com\/sq\/wp-json\/wp\/v2\/media\/1824"}],"wp:attachment":[{"href":"https:\/\/gjiniherbal.com\/sq\/wp-json\/wp\/v2\/media?parent=1823"}],"wp:term":[{"taxonomy":"product_brand","embeddable":true,"href":"https:\/\/gjiniherbal.com\/sq\/wp-json\/wp\/v2\/product_brand?post=1823"},{"taxonomy":"product_cat","embeddable":true,"href":"https:\/\/gjiniherbal.com\/sq\/wp-json\/wp\/v2\/product_cat?post=1823"},{"taxonomy":"product_tag","embeddable":true,"href":"https:\/\/gjiniherbal.com\/sq\/wp-json\/wp\/v2\/product_tag?post=1823"}],"curies":[{"name":"wp","href":"https:\/\/api.w.org\/{rel}","templated":true}]}}