{"id":1770,"date":"2023-10-30T11:13:10","date_gmt":"2023-10-30T10:13:10","guid":{"rendered":"https:\/\/gjiniherbal.com\/?post_type=product&#038;p=1770"},"modified":"2024-05-14T11:30:57","modified_gmt":"2024-05-14T09:30:57","slug":"vaj-per-prostaten","status":"publish","type":"product","link":"https:\/\/gjiniherbal.com\/sq\/produkt\/vajra-vegjetale\/vaj-per-prostaten\/","title":{"rendered":"Vaj p\u00ebr prostat\u00ebn"},"content":{"rendered":"<p>Ke probleme me prostat\u00ebn?<\/p>\n<p>Sh\u00ebndeti i prostat\u00ebs \u00ebsht\u00eb tep\u00ebr i r\u00ebnd\u00ebsish\u00ebm p\u00ebr burrat.<br \/>\nProstata zmadhohet p\u00ebr shkak t\u00eb mosh\u00ebs dhe rritjes s\u00eb hormonit mashkullor.<\/p>\n<p>Tashm\u00eb ky vaj \u00ebsht\u00eb zgjidhja m\u00eb e sh\u00ebndetshme dhe pa efekte an\u00ebsore p\u00ebr problemet e prostat\u00ebs.<\/p>\n<p>Prostata \u00ebsht\u00eb nj\u00eb organ q\u00eb gjendet p\u00ebrreth nj\u00eb organi q\u00eb vlen p\u00ebr boshatisjen e urin\u00ebs, q\u00eb quhet uretra.<br \/>\n\u00cbsht\u00eb nj\u00eb nga organet kryesore t\u00eb rrug\u00ebve urinare.<br \/>\nUrina q\u00eb filtrohet nga veshkat, zbret n\u00eb fshik\u00ebz\u00ebn e urin\u00ebs n\u00ebp\u00ebrmjet dy kanaleve q\u00eb quhen uret\u00ebr.<br \/>\nPra, ky kanal q\u00eb quhet uretra, kalon n\u00ebp\u00ebrmjet prostat\u00ebs.<\/p>\n<p>Prandaj, n\u00eb rast se \u00ebsht\u00eb zmadhuar organi i prostat\u00ebs, rruga ku kalon urina ngushtohet dhe dalin probleme gjat\u00eb urinimit.<\/p>\n<p>P\u00ebrb\u00ebr\u00ebsit: Vaj i far\u00ebs s\u00eb zez\u00eb, vaj kungulli, kerozin\u00eb.<\/p>\n<p>P\u00ebrfitimet sh\u00ebndet\u00ebsore:<\/p>\n<p>&#8211; Leht\u00ebson shqet\u00ebsimet e prostat\u00ebs<br \/>\n&#8211; Trajton prostat\u00ebn e zmadhuar<br \/>\n&#8211; P\u00ebrmban acide yndyrore dhe aminoacide<br \/>\n&#8211; Balancon sistemin hormonal t\u00eb trupit<\/p>\n<p>Sasia: 100 ml.<\/p>\n<p>&nbsp;<\/p>\n<div class='et-box et-shadow'>\n\t\t\t\t\t<div class='et-box-content'>M\u00ebnyra e p\u00ebrdorimit: 1 Lug\u00eb \u00e7aji, es\u00ebll n\u00eb m\u00ebngjes dhe n\u00eb mbr\u00ebmje para gjumit.<\/div><\/div>","protected":false},"excerpt":{"rendered":"<p>&#8211; Leht\u00ebson shqet\u00ebsimet e prostat\u00ebs<br \/>\n&#8211; Trajton prostat\u00ebn e zmadhuar<br \/>\n&#8211; P\u00ebrmban acide yndyrore dhe aminoacide<br \/>\n&#8211; Balancon sistemin hormonal t\u00eb trupit<\/p>","protected":false},"featured_media":1771,"template":"","meta":{"_acf_changed":false,"_et_pb_use_builder":"","_et_pb_old_content":"","_et_gb_content_width":"","_monsterinsights_skip_tracking":false,"_monsterinsights_sitenote_active":false,"_monsterinsights_sitenote_note":"","_monsterinsights_sitenote_category":0,"_joinchat":[]},"product_brand":[],"product_cat":[503],"product_tag":[707,603,811,809,810,766],"class_list":{"0":"post-1770","1":"product","2":"type-product","3":"status-publish","4":"has-post-thumbnail","6":"product_cat-vajra-vegjetale","7":"product_tag-prostata","8":"product_tag-prostate","9":"product_tag-vaj-kungulli","10":"product_tag-vaj-per-prostaten","11":"product_tag-vaji","12":"product_tag-vajra","14":"first","15":"instock","16":"shipping-taxable","17":"purchasable","18":"product-type-simple"},"acf":[],"yoast_head":"<!-- This site is optimized with the Yoast SEO plugin v27.4 - https:\/\/yoast.com\/product\/yoast-seo-wordpress\/ -->\n<title>Vaj p\u00ebr prostat\u00ebn - Gjini Herbal<\/title>\n<meta name=\"description\" content=\"Ke probleme me prostat\u00ebn? Sh\u00ebndeti i prostat\u00ebs \u00ebsht\u00eb tep\u00ebr i r\u00ebnd\u00ebsish\u00ebm p\u00ebr burrat. Prostata zmadhohet p\u00ebr shkak t\u00eb mosh\u00ebs dhe rritjes s\u00eb hormonit mashkullor. Tashm\u00eb ky vaj \u00ebsht\u00eb zgjidhja m\u00eb e sh\u00ebndetshme dhe pa efekte an\u00ebsore p\u00ebr problemet e prostat\u00ebs.\" \/>\n<meta name=\"robots\" content=\"index, follow, max-snippet:-1, max-image-preview:large, max-video-preview:-1\" \/>\n<link rel=\"canonical\" href=\"https:\/\/gjiniherbal.com\/sq\/produkt\/vajra-vegjetale\/vaj-per-prostaten\/\" \/>\n<meta property=\"og:locale\" content=\"sq_AL\" \/>\n<meta property=\"og:type\" content=\"article\" \/>\n<meta property=\"og:title\" content=\"Vaj p\u00ebr prostat\u00ebn - Gjini Herbal\" \/>\n<meta property=\"og:description\" content=\"Ke probleme me prostat\u00ebn? Sh\u00ebndeti i prostat\u00ebs \u00ebsht\u00eb tep\u00ebr i r\u00ebnd\u00ebsish\u00ebm p\u00ebr burrat. Prostata zmadhohet p\u00ebr shkak t\u00eb mosh\u00ebs dhe rritjes s\u00eb hormonit mashkullor. Tashm\u00eb ky vaj \u00ebsht\u00eb zgjidhja m\u00eb e sh\u00ebndetshme dhe pa efekte an\u00ebsore p\u00ebr problemet e prostat\u00ebs.\" \/>\n<meta property=\"og:url\" content=\"https:\/\/gjiniherbal.com\/sq\/produkt\/vajra-vegjetale\/vaj-per-prostaten\/\" \/>\n<meta property=\"og:site_name\" content=\"Gjini Herbal\" \/>\n<meta property=\"article:publisher\" content=\"https:\/\/facebook.com\/gjiniherbal\" \/>\n<meta property=\"article:modified_time\" content=\"2024-05-14T09:30:57+00:00\" \/>\n<meta property=\"og:image\" content=\"https:\/\/gjiniherbal.com\/wp-content\/uploads\/2023\/10\/vaj-per-prostaten-web.webp\" \/>\n\t<meta property=\"og:image:width\" content=\"1250\" \/>\n\t<meta property=\"og:image:height\" content=\"1250\" \/>\n\t<meta property=\"og:image:type\" content=\"image\/webp\" \/>\n<meta name=\"twitter:card\" content=\"summary_large_image\" \/>\n<meta name=\"twitter:label1\" content=\"Est. reading time\" \/>\n\t<meta name=\"twitter:data1\" content=\"1 minut\u00eb\" \/>\n<script type=\"application\/ld+json\" class=\"yoast-schema-graph\">{\"@context\":\"https:\\\/\\\/schema.org\",\"@graph\":[{\"@type\":\"WebPage\",\"@id\":\"https:\\\/\\\/gjiniherbal.com\\\/produkt\\\/vajra-vegjetale\\\/vaj-per-prostaten\\\/\",\"url\":\"https:\\\/\\\/gjiniherbal.com\\\/produkt\\\/vajra-vegjetale\\\/vaj-per-prostaten\\\/\",\"name\":\"Vaj p\u00ebr prostat\u00ebn - Gjini Herbal\",\"isPartOf\":{\"@id\":\"https:\\\/\\\/gjiniherbal.com\\\/#website\"},\"primaryImageOfPage\":{\"@id\":\"https:\\\/\\\/gjiniherbal.com\\\/produkt\\\/vajra-vegjetale\\\/vaj-per-prostaten\\\/#primaryimage\"},\"image\":{\"@id\":\"https:\\\/\\\/gjiniherbal.com\\\/produkt\\\/vajra-vegjetale\\\/vaj-per-prostaten\\\/#primaryimage\"},\"thumbnailUrl\":\"https:\\\/\\\/gjiniherbal.com\\\/wp-content\\\/uploads\\\/2023\\\/10\\\/vaj-per-prostaten-web.webp\",\"datePublished\":\"2023-10-30T10:13:10+00:00\",\"dateModified\":\"2024-05-14T09:30:57+00:00\",\"description\":\"Ke probleme me prostat\u00ebn? Sh\u00ebndeti i prostat\u00ebs \u00ebsht\u00eb tep\u00ebr i r\u00ebnd\u00ebsish\u00ebm p\u00ebr burrat. Prostata zmadhohet p\u00ebr shkak t\u00eb mosh\u00ebs dhe rritjes s\u00eb hormonit mashkullor. Tashm\u00eb ky vaj \u00ebsht\u00eb zgjidhja m\u00eb e sh\u00ebndetshme dhe pa efekte an\u00ebsore p\u00ebr problemet e prostat\u00ebs.\",\"breadcrumb\":{\"@id\":\"https:\\\/\\\/gjiniherbal.com\\\/produkt\\\/vajra-vegjetale\\\/vaj-per-prostaten\\\/#breadcrumb\"},\"inLanguage\":\"sq\",\"potentialAction\":[{\"@type\":\"ReadAction\",\"target\":[\"https:\\\/\\\/gjiniherbal.com\\\/produkt\\\/vajra-vegjetale\\\/vaj-per-prostaten\\\/\"]}]},{\"@type\":\"ImageObject\",\"inLanguage\":\"sq\",\"@id\":\"https:\\\/\\\/gjiniherbal.com\\\/produkt\\\/vajra-vegjetale\\\/vaj-per-prostaten\\\/#primaryimage\",\"url\":\"https:\\\/\\\/gjiniherbal.com\\\/wp-content\\\/uploads\\\/2023\\\/10\\\/vaj-per-prostaten-web.webp\",\"contentUrl\":\"https:\\\/\\\/gjiniherbal.com\\\/wp-content\\\/uploads\\\/2023\\\/10\\\/vaj-per-prostaten-web.webp\",\"width\":1250,\"height\":1250,\"caption\":\"vaj-per-prostaten\"},{\"@type\":\"BreadcrumbList\",\"@id\":\"https:\\\/\\\/gjiniherbal.com\\\/produkt\\\/vajra-vegjetale\\\/vaj-per-prostaten\\\/#breadcrumb\",\"itemListElement\":[{\"@type\":\"ListItem\",\"position\":1,\"name\":\"Home\",\"item\":\"https:\\\/\\\/gjiniherbal.com\\\/en_us\\\/\"},{\"@type\":\"ListItem\",\"position\":2,\"name\":\"Shop\",\"item\":\"https:\\\/\\\/gjiniherbal.com\\\/en_us\\\/shop\\\/\"},{\"@type\":\"ListItem\",\"position\":3,\"name\":\"Vaj p\u00ebr prostat\u00ebn\"}]},{\"@type\":\"WebSite\",\"@id\":\"https:\\\/\\\/gjiniherbal.com\\\/#website\",\"url\":\"https:\\\/\\\/gjiniherbal.com\\\/\",\"name\":\"Gjini Herbal\",\"description\":\"Produkte Natyrale\",\"publisher\":{\"@id\":\"https:\\\/\\\/gjiniherbal.com\\\/#organization\"},\"potentialAction\":[{\"@type\":\"SearchAction\",\"target\":{\"@type\":\"EntryPoint\",\"urlTemplate\":\"https:\\\/\\\/gjiniherbal.com\\\/?s={search_term_string}\"},\"query-input\":{\"@type\":\"PropertyValueSpecification\",\"valueRequired\":true,\"valueName\":\"search_term_string\"}}],\"inLanguage\":\"sq\"},{\"@type\":\"Organization\",\"@id\":\"https:\\\/\\\/gjiniherbal.com\\\/#organization\",\"name\":\"Gjini Herbal\",\"url\":\"https:\\\/\\\/gjiniherbal.com\\\/\",\"logo\":{\"@type\":\"ImageObject\",\"inLanguage\":\"sq\",\"@id\":\"https:\\\/\\\/gjiniherbal.com\\\/#\\\/schema\\\/logo\\\/image\\\/\",\"url\":\"https:\\\/\\\/gjiniherbal.com\\\/wp-content\\\/uploads\\\/2022\\\/07\\\/gjini-herbal-logo.png\",\"contentUrl\":\"https:\\\/\\\/gjiniherbal.com\\\/wp-content\\\/uploads\\\/2022\\\/07\\\/gjini-herbal-logo.png\",\"width\":652,\"height\":262,\"caption\":\"Gjini Herbal\"},\"image\":{\"@id\":\"https:\\\/\\\/gjiniherbal.com\\\/#\\\/schema\\\/logo\\\/image\\\/\"},\"sameAs\":[\"https:\\\/\\\/facebook.com\\\/gjiniherbal\",\"https:\\\/\\\/instagram.com\\\/gjiniherbal\",\"https:\\\/\\\/www.youtube.com\\\/channel\\\/UC_tHHueG-qxycnvdro4jHtQ\"]}]}<\/script>\n<!-- \/ Yoast SEO plugin. -->","yoast_head_json":{"title":"Vaj p\u00ebr prostat\u00ebn - Gjini Herbal","description":"Ke probleme me prostat\u00ebn? Sh\u00ebndeti i prostat\u00ebs \u00ebsht\u00eb tep\u00ebr i r\u00ebnd\u00ebsish\u00ebm p\u00ebr burrat. Prostata zmadhohet p\u00ebr shkak t\u00eb mosh\u00ebs dhe rritjes s\u00eb hormonit mashkullor. Tashm\u00eb ky vaj \u00ebsht\u00eb zgjidhja m\u00eb e sh\u00ebndetshme dhe pa efekte an\u00ebsore p\u00ebr problemet e prostat\u00ebs.","robots":{"index":"index","follow":"follow","max-snippet":"max-snippet:-1","max-image-preview":"max-image-preview:large","max-video-preview":"max-video-preview:-1"},"canonical":"https:\/\/gjiniherbal.com\/sq\/produkt\/vajra-vegjetale\/vaj-per-prostaten\/","og_locale":"sq_AL","og_type":"article","og_title":"Vaj p\u00ebr prostat\u00ebn - Gjini Herbal","og_description":"Ke probleme me prostat\u00ebn? Sh\u00ebndeti i prostat\u00ebs \u00ebsht\u00eb tep\u00ebr i r\u00ebnd\u00ebsish\u00ebm p\u00ebr burrat. Prostata zmadhohet p\u00ebr shkak t\u00eb mosh\u00ebs dhe rritjes s\u00eb hormonit mashkullor. Tashm\u00eb ky vaj \u00ebsht\u00eb zgjidhja m\u00eb e sh\u00ebndetshme dhe pa efekte an\u00ebsore p\u00ebr problemet e prostat\u00ebs.","og_url":"https:\/\/gjiniherbal.com\/sq\/produkt\/vajra-vegjetale\/vaj-per-prostaten\/","og_site_name":"Gjini Herbal","article_publisher":"https:\/\/facebook.com\/gjiniherbal","article_modified_time":"2024-05-14T09:30:57+00:00","og_image":[{"width":1250,"height":1250,"url":"https:\/\/gjiniherbal.com\/wp-content\/uploads\/2023\/10\/vaj-per-prostaten-web.webp","type":"image\/webp"}],"twitter_card":"summary_large_image","twitter_misc":{"Est. reading time":"1 minut\u00eb"},"schema":{"@context":"https:\/\/schema.org","@graph":[{"@type":"WebPage","@id":"https:\/\/gjiniherbal.com\/produkt\/vajra-vegjetale\/vaj-per-prostaten\/","url":"https:\/\/gjiniherbal.com\/produkt\/vajra-vegjetale\/vaj-per-prostaten\/","name":"Vaj p\u00ebr prostat\u00ebn - Gjini Herbal","isPartOf":{"@id":"https:\/\/gjiniherbal.com\/#website"},"primaryImageOfPage":{"@id":"https:\/\/gjiniherbal.com\/produkt\/vajra-vegjetale\/vaj-per-prostaten\/#primaryimage"},"image":{"@id":"https:\/\/gjiniherbal.com\/produkt\/vajra-vegjetale\/vaj-per-prostaten\/#primaryimage"},"thumbnailUrl":"https:\/\/gjiniherbal.com\/wp-content\/uploads\/2023\/10\/vaj-per-prostaten-web.webp","datePublished":"2023-10-30T10:13:10+00:00","dateModified":"2024-05-14T09:30:57+00:00","description":"Ke probleme me prostat\u00ebn? Sh\u00ebndeti i prostat\u00ebs \u00ebsht\u00eb tep\u00ebr i r\u00ebnd\u00ebsish\u00ebm p\u00ebr burrat. Prostata zmadhohet p\u00ebr shkak t\u00eb mosh\u00ebs dhe rritjes s\u00eb hormonit mashkullor. Tashm\u00eb ky vaj \u00ebsht\u00eb zgjidhja m\u00eb e sh\u00ebndetshme dhe pa efekte an\u00ebsore p\u00ebr problemet e prostat\u00ebs.","breadcrumb":{"@id":"https:\/\/gjiniherbal.com\/produkt\/vajra-vegjetale\/vaj-per-prostaten\/#breadcrumb"},"inLanguage":"sq","potentialAction":[{"@type":"ReadAction","target":["https:\/\/gjiniherbal.com\/produkt\/vajra-vegjetale\/vaj-per-prostaten\/"]}]},{"@type":"ImageObject","inLanguage":"sq","@id":"https:\/\/gjiniherbal.com\/produkt\/vajra-vegjetale\/vaj-per-prostaten\/#primaryimage","url":"https:\/\/gjiniherbal.com\/wp-content\/uploads\/2023\/10\/vaj-per-prostaten-web.webp","contentUrl":"https:\/\/gjiniherbal.com\/wp-content\/uploads\/2023\/10\/vaj-per-prostaten-web.webp","width":1250,"height":1250,"caption":"vaj-per-prostaten"},{"@type":"BreadcrumbList","@id":"https:\/\/gjiniherbal.com\/produkt\/vajra-vegjetale\/vaj-per-prostaten\/#breadcrumb","itemListElement":[{"@type":"ListItem","position":1,"name":"Home","item":"https:\/\/gjiniherbal.com\/en_us\/"},{"@type":"ListItem","position":2,"name":"Shop","item":"https:\/\/gjiniherbal.com\/en_us\/shop\/"},{"@type":"ListItem","position":3,"name":"Vaj p\u00ebr prostat\u00ebn"}]},{"@type":"WebSite","@id":"https:\/\/gjiniherbal.com\/#website","url":"https:\/\/gjiniherbal.com\/","name":"Gjini Herbal","description":"Produkte Natyrale","publisher":{"@id":"https:\/\/gjiniherbal.com\/#organization"},"potentialAction":[{"@type":"SearchAction","target":{"@type":"EntryPoint","urlTemplate":"https:\/\/gjiniherbal.com\/?s={search_term_string}"},"query-input":{"@type":"PropertyValueSpecification","valueRequired":true,"valueName":"search_term_string"}}],"inLanguage":"sq"},{"@type":"Organization","@id":"https:\/\/gjiniherbal.com\/#organization","name":"Gjini Herbal","url":"https:\/\/gjiniherbal.com\/","logo":{"@type":"ImageObject","inLanguage":"sq","@id":"https:\/\/gjiniherbal.com\/#\/schema\/logo\/image\/","url":"https:\/\/gjiniherbal.com\/wp-content\/uploads\/2022\/07\/gjini-herbal-logo.png","contentUrl":"https:\/\/gjiniherbal.com\/wp-content\/uploads\/2022\/07\/gjini-herbal-logo.png","width":652,"height":262,"caption":"Gjini Herbal"},"image":{"@id":"https:\/\/gjiniherbal.com\/#\/schema\/logo\/image\/"},"sameAs":["https:\/\/facebook.com\/gjiniherbal","https:\/\/instagram.com\/gjiniherbal","https:\/\/www.youtube.com\/channel\/UC_tHHueG-qxycnvdro4jHtQ"]}]}},"jetpack-related-posts":[],"jetpack_sharing_enabled":true,"_links":{"self":[{"href":"https:\/\/gjiniherbal.com\/sq\/wp-json\/wp\/v2\/product\/1770","targetHints":{"allow":["GET"]}}],"collection":[{"href":"https:\/\/gjiniherbal.com\/sq\/wp-json\/wp\/v2\/product"}],"about":[{"href":"https:\/\/gjiniherbal.com\/sq\/wp-json\/wp\/v2\/types\/product"}],"wp:featuredmedia":[{"embeddable":true,"href":"https:\/\/gjiniherbal.com\/sq\/wp-json\/wp\/v2\/media\/1771"}],"wp:attachment":[{"href":"https:\/\/gjiniherbal.com\/sq\/wp-json\/wp\/v2\/media?parent=1770"}],"wp:term":[{"taxonomy":"product_brand","embeddable":true,"href":"https:\/\/gjiniherbal.com\/sq\/wp-json\/wp\/v2\/product_brand?post=1770"},{"taxonomy":"product_cat","embeddable":true,"href":"https:\/\/gjiniherbal.com\/sq\/wp-json\/wp\/v2\/product_cat?post=1770"},{"taxonomy":"product_tag","embeddable":true,"href":"https:\/\/gjiniherbal.com\/sq\/wp-json\/wp\/v2\/product_tag?post=1770"}],"curies":[{"name":"wp","href":"https:\/\/api.w.org\/{rel}","templated":true}]}}