{"id":1763,"date":"2023-10-18T22:19:48","date_gmt":"2023-10-18T20:19:48","guid":{"rendered":"https:\/\/gjiniherbal.com\/?post_type=product&#038;p=1763"},"modified":"2025-07-22T12:01:22","modified_gmt":"2025-07-22T10:01:22","slug":"kapsulat-turmeric","status":"publish","type":"product","link":"https:\/\/gjiniherbal.com\/sq\/produkt\/suplemente-vitamina\/kapsulat-turmeric\/","title":{"rendered":"Turmeric+ (suplement dietik)"},"content":{"rendered":"<p>Turmeriku \u00ebsht\u00eb nj\u00eb er\u00ebz q\u00eb p\u00ebrdoret n\u00eb mjek\u00ebsin\u00eb tradicionale prej shekujsh. Ai p\u00ebrmban nj\u00eb p\u00ebrb\u00ebr\u00ebs aktiv t\u00eb quajtur kurkumin, i cili ka veti t\u00eb fuqishme anti-inflamatore dhe antioksiduese.<\/p>\n<p>K\u00ebtu jan\u00eb disa nga p\u00ebrfitimet sh\u00ebndet\u00ebsore t\u00eb Turmerikut:<\/p>\n<p>&#8211; Vetit\u00eb inflamatore, t\u00eb cilat ndikojn\u00eb n\u00eb forcimin dhe pastrimin e m\u00ebl\u00e7is\u00eb, stimulojn\u00eb nj\u00eb funksionim normal t\u00eb saj dhe parandalojn\u00eb rrezikun e helmimit.<\/p>\n<p>&#8211; Funksioni i trurit: mund t\u00eb p\u00ebrmir\u00ebsoj\u00eb funksionin e trurit dhe t\u00eb ul\u00eb rrezikun e depresionit.<\/p>\n<p>&#8211; Ndihmon n\u00eb menaxhimin e diabetit: mund t\u00eb ndihmoj\u00eb n\u00eb p\u00ebrmir\u00ebsimin e ndjeshm\u00ebris\u00eb ndaj insulin\u00ebs dhe n\u00eb uljen e niveleve t\u00eb sheqerit n\u00eb gjak, gj\u00eb q\u00eb mund t\u00eb jet\u00eb e dobishme p\u00ebr njer\u00ebzit me diabet.<\/p>\n<p>&#8211; Mund t\u00eb ndihmoj\u00eb n\u00eb zbutjen e depresionit dhe ankthit.<\/p>\n<p>&#8211; Ndihmon n\u00eb p\u00ebrmir\u00ebsimin e sh\u00ebndetit t\u00eb l\u00ebkur\u00ebs: Vetit\u00eb anti-inflamatore dhe antioksiduese mund t\u00eb ndihmojn\u00eb n\u00eb p\u00ebrmir\u00ebsimin e sh\u00ebndetit t\u00eb l\u00ebkur\u00ebs dhe zvog\u00eblimin e shfaqjes s\u00eb akneve, plag\u00ebve dhe rrudhave.<\/p>\n<p>&#8211; Largon lodhjen dhe anoreksin\u00eb dhe ndikon pozitivisht n\u00eb imunitetin e trupit.<\/p>\n<p>&#8211; P\u00ebrdoret p\u00ebr trajtimin e t\u00eb gjith\u00eb llojeve t\u00eb hepatitit.<\/p>\n<p>P\u00ebrb\u00ebr\u00ebsit: Argjinare, turmerik, kamomil, fara gj\u00ebmb gomari.<\/p>\n<p>P\u00ebrfitimet e Kapsulave Turmeric+ p\u00ebrfshijn\u00eb:<\/p>\n<p>&#8211; Ndihmon n\u00eb eliminimin e inflamacionit t\u00eb m\u00ebl<em>\u00e7<\/em>is\u00eb<br \/>\n&#8211; Ndihmon n\u00eb largimin e lodhjes dhe anoreksis\u00eb<br \/>\n&#8211; P\u00ebrdoret p\u00ebr t\u00eb gjith\u00eb llojet e hepatitit<br \/>\n&#8211; Ndihmon n\u00eb menaxhimin e diabetit dhe rrit imunitetin<\/p>\n<p>Sasia: 60 kapsula.<\/p>\n<p>&nbsp;<\/p>\n<div class='et-box et-shadow'>\n\t\t\t\t\t<div class='et-box-content'>M\u00ebnyra e p\u00ebrdorimit: Merrni 2 kapsula n\u00eb dit\u00eb.<\/div><\/div>","protected":false},"excerpt":{"rendered":"<p>&#8211; Ndihmon n\u00eb eliminimin e inflamacionit t\u00eb m\u00ebl\u00e7is\u00eb<br \/>\n&#8211; Ndihmon n\u00eb largimin e lodhjes dhe anoreksis\u00eb<br \/>\n&#8211; P\u00ebrdoret p\u00ebr t\u00eb gjith\u00eb llojet e hepatitit<br \/>\n&#8211; Ndihmon n\u00eb menaxhimin e diabetit dhe rrit imunitetin<\/p>","protected":false},"featured_media":1764,"template":"","meta":{"_acf_changed":false,"_et_pb_use_builder":"","_et_pb_old_content":"","_et_gb_content_width":"","_monsterinsights_skip_tracking":false,"_monsterinsights_sitenote_active":false,"_monsterinsights_sitenote_note":"","_monsterinsights_sitenote_category":0,"_joinchat":[]},"product_brand":[],"product_cat":[457],"product_tag":[763,804,805,806],"class_list":{"0":"post-1763","1":"product","2":"type-product","3":"status-publish","4":"has-post-thumbnail","6":"product_cat-suplemente-vitamina","7":"product_tag-kapsula","8":"product_tag-kapsulat-turmeric","9":"product_tag-turmerik","10":"product_tag-turmeriku","12":"first","13":"outofstock","14":"shipping-taxable","15":"purchasable","16":"product-type-simple"},"acf":[],"jetpack-related-posts":[],"jetpack_sharing_enabled":true,"_links":{"self":[{"href":"https:\/\/gjiniherbal.com\/sq\/wp-json\/wp\/v2\/product\/1763","targetHints":{"allow":["GET"]}}],"collection":[{"href":"https:\/\/gjiniherbal.com\/sq\/wp-json\/wp\/v2\/product"}],"about":[{"href":"https:\/\/gjiniherbal.com\/sq\/wp-json\/wp\/v2\/types\/product"}],"wp:featuredmedia":[{"embeddable":true,"href":"https:\/\/gjiniherbal.com\/sq\/wp-json\/wp\/v2\/media\/1764"}],"wp:attachment":[{"href":"https:\/\/gjiniherbal.com\/sq\/wp-json\/wp\/v2\/media?parent=1763"}],"wp:term":[{"taxonomy":"product_brand","embeddable":true,"href":"https:\/\/gjiniherbal.com\/sq\/wp-json\/wp\/v2\/product_brand?post=1763"},{"taxonomy":"product_cat","embeddable":true,"href":"https:\/\/gjiniherbal.com\/sq\/wp-json\/wp\/v2\/product_cat?post=1763"},{"taxonomy":"product_tag","embeddable":true,"href":"https:\/\/gjiniherbal.com\/sq\/wp-json\/wp\/v2\/product_tag?post=1763"}],"curies":[{"name":"wp","href":"https:\/\/api.w.org\/{rel}","templated":true}]}}