{"id":1761,"date":"2023-10-18T22:09:22","date_gmt":"2023-10-18T20:09:22","guid":{"rendered":"https:\/\/gjiniherbal.com\/?post_type=product&#038;p=1761"},"modified":"2025-07-22T12:01:31","modified_gmt":"2025-07-22T10:01:31","slug":"kapsulat-lavandula","status":"publish","type":"product","link":"https:\/\/gjiniherbal.com\/sq\/produkt\/suplemente-vitamina\/kapsulat-lavandula\/","title":{"rendered":"Lavandula+ (suplement dietik)"},"content":{"rendered":"<p>T\u00eb p\u00ebrb\u00ebra nga element\u00eb t\u00eb fuqish\u00ebm bimor\u00eb dhe me veti fantastike p\u00ebr sh\u00ebndetin ton\u00eb, k\u00ebto kapsula do t&#8217;ju ofrojn\u00eb shum\u00eb p\u00ebrfitime.<\/p>\n<p>Disa nga p\u00ebrb\u00ebr\u00ebsit kryesor\u00eb p\u00ebrmendim:<\/p>\n<p>&#8211; Lavandula, q\u00eb karakterizohet nga efekti qet\u00ebsues, shum\u00eb e p\u00ebrdorur p\u00ebr dhimbjet e kok\u00ebs, ankthin, stresin dhe p\u00ebr t\u00eb luftuar pagjum\u00ebsin\u00eb.<\/p>\n<p>&#8211; Melisa, ul presionin e gjakut, ngadal\u00ebson frym\u00ebmarrjen dhe rrahjet e zemr\u00ebs. Njihet p\u00ebr vetit\u00eb diaforetike, qet\u00ebsuese, antifungale dhe baktervras\u00ebse. P\u00ebrmir\u00ebson metabolizmin, oreksin dhe aktivitetin e sistemit t\u00eb tretjes.<\/p>\n<p>&#8211; Bima e balsamit t\u00eb limonit, p\u00ebrdoret p\u00ebr t\u00eb trajtuar s\u00ebmundjet nervore, kardiovaskulare, gastrointestinale etj.<\/p>\n<p>&#8211; Sherebela, e cila konsiderohet si nj\u00eb nga bim\u00ebt m\u00eb sh\u00ebruese n\u00eb bot\u00eb dhe kategorizohet n\u00eb nj\u00eb nga ila\u00e7et m\u00eb t\u00eb mira. Shkenca moderne ka d\u00ebshmuar se sherebela ka veprim antibakterial dhe antik\u00ebrpudhor, freskon dhe forcon, ndihmon kund\u00ebr dhimbjeve dhe temperaturave t\u00eb larta, mund t\u00eb reduktoj\u00eb nivelin e glukoz\u00ebs n\u00eb gjak, gj\u00eb q\u00eb e b\u00ebn te dobishme p\u00ebr diabetin.<\/p>\n<p>&#8211; Jamballi, i cili p\u00ebrmban nj\u00eb sasi t\u00eb madhe t\u00eb vitaminave dhe p\u00ebrb\u00ebrjeve t\u00eb dobishme natyrore biologjikisht aktive.<\/p>\n<p>&#8211; Trum\u00ebza, e cila \u00ebsht\u00eb p\u00ebrdorur p\u00ebr t\u00eb sh\u00ebruar depresionin.<\/p>\n<p>&#8211; T\u00ebrfili i kuq, p\u00ebrmban isoflavone, ndikon n\u00eb forcimin e kock\u00ebs, pastron gjakun dhe rrit energjit\u00eb. Parandalon arterioskleroz\u00ebn. Rregullon nivelin e hormoneve n\u00eb gjak, ka ndikim pozitiv n\u00eb \u00e7rregullimet e menopauz\u00ebs.<\/p>\n<p>P\u00ebrfitimet e Kapsulave Lavandula+ p\u00ebrfshijn\u00eb:<\/p>\n<p>&#8211; Ndihmon p\u00ebr dhimbjen e kok\u00ebs, ankthin, stresin dhe pagjum\u00ebsin\u00eb<br \/>\n&#8211; P\u00ebrmir\u00ebson metabolizmin, oreksin dhe tretjen<br \/>\n&#8211; Ndihmon p\u00ebr s\u00ebmundjet kardiovaskulare dhe gastrointestinale<br \/>\n&#8211; Rregullon nivelin e hormoneve dhe t\u00eb qarkullimit t\u00eb gjakut<\/p>\n<p>Sasia: 60 kapsula.<\/p>\n<p>&nbsp;<\/p>\n<div class='et-box et-shadow'>\n\t\t\t\t\t<div class='et-box-content'>M\u00ebnyra e p\u00ebrdorimit: Merrni 2 kapsula n\u00eb dark\u00eb para gjumit.<\/div><\/div>","protected":false},"excerpt":{"rendered":"<p>&#8211; Ndihmon p\u00ebr dhimbjen e kok\u00ebs, ankthin, stresin dhe pagjum\u00ebsin\u00eb<br \/>\n&#8211; P\u00ebrmir\u00ebson metabolizmin, oreksin dhe tretjen<br \/>\n&#8211; Ndihmon p\u00ebr s\u00ebmundjet kardiovaskulare dhe gastrointestinale<br \/>\n&#8211; Rregullon nivelin e hormoneve dhe t\u00eb qarkullimit t\u00eb gjakut<\/p>","protected":false},"featured_media":1762,"template":"","meta":{"_acf_changed":false,"_et_pb_use_builder":"","_et_pb_old_content":"","_et_gb_content_width":"","_monsterinsights_skip_tracking":false,"_monsterinsights_sitenote_active":false,"_monsterinsights_sitenote_note":"","_monsterinsights_sitenote_category":0,"_joinchat":[]},"product_brand":[],"product_cat":[457],"product_tag":[763,807,808],"class_list":{"0":"post-1761","1":"product","2":"type-product","3":"status-publish","4":"has-post-thumbnail","6":"product_cat-suplemente-vitamina","7":"product_tag-kapsula","8":"product_tag-kapsulat-lavandula","9":"product_tag-lavandula","11":"first","12":"outofstock","13":"shipping-taxable","14":"purchasable","15":"product-type-simple"},"acf":[],"yoast_head":"<!-- This site is optimized with the Yoast SEO plugin v27.4 - https:\/\/yoast.com\/product\/yoast-seo-wordpress\/ -->\n<title>Kapsulat Lavandula - Gjini Herbal<\/title>\n<meta name=\"description\" content=\"T\u00eb p\u00ebrb\u00ebra nga element\u00eb t\u00eb fuqish\u00ebm bimor\u00eb dhe me veti fantastike p\u00ebr sh\u00ebndetin ton\u00eb, k\u00ebto kapsula do t&#039;ju ofrojn\u00eb shum\u00eb p\u00ebrfitime.\" \/>\n<meta name=\"robots\" content=\"index, follow, max-snippet:-1, max-image-preview:large, max-video-preview:-1\" \/>\n<link rel=\"canonical\" href=\"https:\/\/gjiniherbal.com\/sq\/produkt\/suplemente-vitamina\/kapsulat-lavandula\/\" \/>\n<meta property=\"og:locale\" content=\"sq_AL\" \/>\n<meta property=\"og:type\" content=\"article\" \/>\n<meta property=\"og:title\" content=\"Kapsulat Lavandula - Gjini Herbal\" \/>\n<meta property=\"og:description\" content=\"T\u00eb p\u00ebrb\u00ebra nga element\u00eb t\u00eb fuqish\u00ebm bimor\u00eb dhe me veti fantastike p\u00ebr sh\u00ebndetin ton\u00eb, k\u00ebto kapsula do t&#039;ju ofrojn\u00eb shum\u00eb p\u00ebrfitime.\" \/>\n<meta property=\"og:url\" content=\"https:\/\/gjiniherbal.com\/sq\/produkt\/suplemente-vitamina\/kapsulat-lavandula\/\" \/>\n<meta property=\"og:site_name\" content=\"Gjini Herbal\" \/>\n<meta property=\"article:publisher\" content=\"https:\/\/facebook.com\/gjiniherbal\" \/>\n<meta property=\"article:modified_time\" content=\"2025-07-22T10:01:31+00:00\" \/>\n<meta property=\"og:image\" content=\"https:\/\/gjiniherbal.com\/wp-content\/uploads\/2023\/10\/kapsulat-lavandula-web.webp\" \/>\n\t<meta property=\"og:image:width\" content=\"1250\" \/>\n\t<meta property=\"og:image:height\" content=\"1250\" \/>\n\t<meta property=\"og:image:type\" content=\"image\/webp\" \/>\n<meta name=\"twitter:card\" content=\"summary_large_image\" \/>\n<meta name=\"twitter:label1\" content=\"Est. reading time\" \/>\n\t<meta name=\"twitter:data1\" content=\"2 minuta\" \/>\n<script type=\"application\/ld+json\" class=\"yoast-schema-graph\">{\"@context\":\"https:\\\/\\\/schema.org\",\"@graph\":[{\"@type\":\"WebPage\",\"@id\":\"https:\\\/\\\/gjiniherbal.com\\\/produkt\\\/suplemente-vitamina\\\/kapsulat-lavandula\\\/\",\"url\":\"https:\\\/\\\/gjiniherbal.com\\\/produkt\\\/suplemente-vitamina\\\/kapsulat-lavandula\\\/\",\"name\":\"Kapsulat Lavandula - Gjini Herbal\",\"isPartOf\":{\"@id\":\"https:\\\/\\\/gjiniherbal.com\\\/#website\"},\"primaryImageOfPage\":{\"@id\":\"https:\\\/\\\/gjiniherbal.com\\\/produkt\\\/suplemente-vitamina\\\/kapsulat-lavandula\\\/#primaryimage\"},\"image\":{\"@id\":\"https:\\\/\\\/gjiniherbal.com\\\/produkt\\\/suplemente-vitamina\\\/kapsulat-lavandula\\\/#primaryimage\"},\"thumbnailUrl\":\"https:\\\/\\\/gjiniherbal.com\\\/wp-content\\\/uploads\\\/2023\\\/10\\\/kapsulat-lavandula-web.webp\",\"datePublished\":\"2023-10-18T20:09:22+00:00\",\"dateModified\":\"2025-07-22T10:01:31+00:00\",\"description\":\"T\u00eb p\u00ebrb\u00ebra nga element\u00eb t\u00eb fuqish\u00ebm bimor\u00eb dhe me veti fantastike p\u00ebr sh\u00ebndetin ton\u00eb, k\u00ebto kapsula do t'ju ofrojn\u00eb shum\u00eb p\u00ebrfitime.\",\"breadcrumb\":{\"@id\":\"https:\\\/\\\/gjiniherbal.com\\\/produkt\\\/suplemente-vitamina\\\/kapsulat-lavandula\\\/#breadcrumb\"},\"inLanguage\":\"sq\",\"potentialAction\":[{\"@type\":\"ReadAction\",\"target\":[\"https:\\\/\\\/gjiniherbal.com\\\/produkt\\\/suplemente-vitamina\\\/kapsulat-lavandula\\\/\"]}]},{\"@type\":\"ImageObject\",\"inLanguage\":\"sq\",\"@id\":\"https:\\\/\\\/gjiniherbal.com\\\/produkt\\\/suplemente-vitamina\\\/kapsulat-lavandula\\\/#primaryimage\",\"url\":\"https:\\\/\\\/gjiniherbal.com\\\/wp-content\\\/uploads\\\/2023\\\/10\\\/kapsulat-lavandula-web.webp\",\"contentUrl\":\"https:\\\/\\\/gjiniherbal.com\\\/wp-content\\\/uploads\\\/2023\\\/10\\\/kapsulat-lavandula-web.webp\",\"width\":1250,\"height\":1250,\"caption\":\"kapsulat-lavandula\"},{\"@type\":\"BreadcrumbList\",\"@id\":\"https:\\\/\\\/gjiniherbal.com\\\/produkt\\\/suplemente-vitamina\\\/kapsulat-lavandula\\\/#breadcrumb\",\"itemListElement\":[{\"@type\":\"ListItem\",\"position\":1,\"name\":\"Home\",\"item\":\"https:\\\/\\\/gjiniherbal.com\\\/en_us\\\/\"},{\"@type\":\"ListItem\",\"position\":2,\"name\":\"Shop\",\"item\":\"https:\\\/\\\/gjiniherbal.com\\\/en_us\\\/shop\\\/\"},{\"@type\":\"ListItem\",\"position\":3,\"name\":\"Lavandula+ (suplement dietik)\"}]},{\"@type\":\"WebSite\",\"@id\":\"https:\\\/\\\/gjiniherbal.com\\\/#website\",\"url\":\"https:\\\/\\\/gjiniherbal.com\\\/\",\"name\":\"Gjini Herbal\",\"description\":\"Produkte Natyrale\",\"publisher\":{\"@id\":\"https:\\\/\\\/gjiniherbal.com\\\/#organization\"},\"potentialAction\":[{\"@type\":\"SearchAction\",\"target\":{\"@type\":\"EntryPoint\",\"urlTemplate\":\"https:\\\/\\\/gjiniherbal.com\\\/?s={search_term_string}\"},\"query-input\":{\"@type\":\"PropertyValueSpecification\",\"valueRequired\":true,\"valueName\":\"search_term_string\"}}],\"inLanguage\":\"sq\"},{\"@type\":\"Organization\",\"@id\":\"https:\\\/\\\/gjiniherbal.com\\\/#organization\",\"name\":\"Gjini Herbal\",\"url\":\"https:\\\/\\\/gjiniherbal.com\\\/\",\"logo\":{\"@type\":\"ImageObject\",\"inLanguage\":\"sq\",\"@id\":\"https:\\\/\\\/gjiniherbal.com\\\/#\\\/schema\\\/logo\\\/image\\\/\",\"url\":\"https:\\\/\\\/gjiniherbal.com\\\/wp-content\\\/uploads\\\/2022\\\/07\\\/gjini-herbal-logo.png\",\"contentUrl\":\"https:\\\/\\\/gjiniherbal.com\\\/wp-content\\\/uploads\\\/2022\\\/07\\\/gjini-herbal-logo.png\",\"width\":652,\"height\":262,\"caption\":\"Gjini Herbal\"},\"image\":{\"@id\":\"https:\\\/\\\/gjiniherbal.com\\\/#\\\/schema\\\/logo\\\/image\\\/\"},\"sameAs\":[\"https:\\\/\\\/facebook.com\\\/gjiniherbal\",\"https:\\\/\\\/instagram.com\\\/gjiniherbal\",\"https:\\\/\\\/www.youtube.com\\\/channel\\\/UC_tHHueG-qxycnvdro4jHtQ\"]}]}<\/script>\n<!-- \/ Yoast SEO plugin. -->","yoast_head_json":{"title":"Kapsulat Lavandula - Gjini Herbal","description":"T\u00eb p\u00ebrb\u00ebra nga element\u00eb t\u00eb fuqish\u00ebm bimor\u00eb dhe me veti fantastike p\u00ebr sh\u00ebndetin ton\u00eb, k\u00ebto kapsula do t'ju ofrojn\u00eb shum\u00eb p\u00ebrfitime.","robots":{"index":"index","follow":"follow","max-snippet":"max-snippet:-1","max-image-preview":"max-image-preview:large","max-video-preview":"max-video-preview:-1"},"canonical":"https:\/\/gjiniherbal.com\/sq\/produkt\/suplemente-vitamina\/kapsulat-lavandula\/","og_locale":"sq_AL","og_type":"article","og_title":"Kapsulat Lavandula - Gjini Herbal","og_description":"T\u00eb p\u00ebrb\u00ebra nga element\u00eb t\u00eb fuqish\u00ebm bimor\u00eb dhe me veti fantastike p\u00ebr sh\u00ebndetin ton\u00eb, k\u00ebto kapsula do t'ju ofrojn\u00eb shum\u00eb p\u00ebrfitime.","og_url":"https:\/\/gjiniherbal.com\/sq\/produkt\/suplemente-vitamina\/kapsulat-lavandula\/","og_site_name":"Gjini Herbal","article_publisher":"https:\/\/facebook.com\/gjiniherbal","article_modified_time":"2025-07-22T10:01:31+00:00","og_image":[{"width":1250,"height":1250,"url":"https:\/\/gjiniherbal.com\/wp-content\/uploads\/2023\/10\/kapsulat-lavandula-web.webp","type":"image\/webp"}],"twitter_card":"summary_large_image","twitter_misc":{"Est. reading time":"2 minuta"},"schema":{"@context":"https:\/\/schema.org","@graph":[{"@type":"WebPage","@id":"https:\/\/gjiniherbal.com\/produkt\/suplemente-vitamina\/kapsulat-lavandula\/","url":"https:\/\/gjiniherbal.com\/produkt\/suplemente-vitamina\/kapsulat-lavandula\/","name":"Kapsulat Lavandula - Gjini Herbal","isPartOf":{"@id":"https:\/\/gjiniherbal.com\/#website"},"primaryImageOfPage":{"@id":"https:\/\/gjiniherbal.com\/produkt\/suplemente-vitamina\/kapsulat-lavandula\/#primaryimage"},"image":{"@id":"https:\/\/gjiniherbal.com\/produkt\/suplemente-vitamina\/kapsulat-lavandula\/#primaryimage"},"thumbnailUrl":"https:\/\/gjiniherbal.com\/wp-content\/uploads\/2023\/10\/kapsulat-lavandula-web.webp","datePublished":"2023-10-18T20:09:22+00:00","dateModified":"2025-07-22T10:01:31+00:00","description":"T\u00eb p\u00ebrb\u00ebra nga element\u00eb t\u00eb fuqish\u00ebm bimor\u00eb dhe me veti fantastike p\u00ebr sh\u00ebndetin ton\u00eb, k\u00ebto kapsula do t'ju ofrojn\u00eb shum\u00eb p\u00ebrfitime.","breadcrumb":{"@id":"https:\/\/gjiniherbal.com\/produkt\/suplemente-vitamina\/kapsulat-lavandula\/#breadcrumb"},"inLanguage":"sq","potentialAction":[{"@type":"ReadAction","target":["https:\/\/gjiniherbal.com\/produkt\/suplemente-vitamina\/kapsulat-lavandula\/"]}]},{"@type":"ImageObject","inLanguage":"sq","@id":"https:\/\/gjiniherbal.com\/produkt\/suplemente-vitamina\/kapsulat-lavandula\/#primaryimage","url":"https:\/\/gjiniherbal.com\/wp-content\/uploads\/2023\/10\/kapsulat-lavandula-web.webp","contentUrl":"https:\/\/gjiniherbal.com\/wp-content\/uploads\/2023\/10\/kapsulat-lavandula-web.webp","width":1250,"height":1250,"caption":"kapsulat-lavandula"},{"@type":"BreadcrumbList","@id":"https:\/\/gjiniherbal.com\/produkt\/suplemente-vitamina\/kapsulat-lavandula\/#breadcrumb","itemListElement":[{"@type":"ListItem","position":1,"name":"Home","item":"https:\/\/gjiniherbal.com\/en_us\/"},{"@type":"ListItem","position":2,"name":"Shop","item":"https:\/\/gjiniherbal.com\/en_us\/shop\/"},{"@type":"ListItem","position":3,"name":"Lavandula+ (suplement dietik)"}]},{"@type":"WebSite","@id":"https:\/\/gjiniherbal.com\/#website","url":"https:\/\/gjiniherbal.com\/","name":"Gjini Herbal","description":"Produkte Natyrale","publisher":{"@id":"https:\/\/gjiniherbal.com\/#organization"},"potentialAction":[{"@type":"SearchAction","target":{"@type":"EntryPoint","urlTemplate":"https:\/\/gjiniherbal.com\/?s={search_term_string}"},"query-input":{"@type":"PropertyValueSpecification","valueRequired":true,"valueName":"search_term_string"}}],"inLanguage":"sq"},{"@type":"Organization","@id":"https:\/\/gjiniherbal.com\/#organization","name":"Gjini Herbal","url":"https:\/\/gjiniherbal.com\/","logo":{"@type":"ImageObject","inLanguage":"sq","@id":"https:\/\/gjiniherbal.com\/#\/schema\/logo\/image\/","url":"https:\/\/gjiniherbal.com\/wp-content\/uploads\/2022\/07\/gjini-herbal-logo.png","contentUrl":"https:\/\/gjiniherbal.com\/wp-content\/uploads\/2022\/07\/gjini-herbal-logo.png","width":652,"height":262,"caption":"Gjini Herbal"},"image":{"@id":"https:\/\/gjiniherbal.com\/#\/schema\/logo\/image\/"},"sameAs":["https:\/\/facebook.com\/gjiniherbal","https:\/\/instagram.com\/gjiniherbal","https:\/\/www.youtube.com\/channel\/UC_tHHueG-qxycnvdro4jHtQ"]}]}},"jetpack-related-posts":[],"jetpack_sharing_enabled":true,"_links":{"self":[{"href":"https:\/\/gjiniherbal.com\/sq\/wp-json\/wp\/v2\/product\/1761","targetHints":{"allow":["GET"]}}],"collection":[{"href":"https:\/\/gjiniherbal.com\/sq\/wp-json\/wp\/v2\/product"}],"about":[{"href":"https:\/\/gjiniherbal.com\/sq\/wp-json\/wp\/v2\/types\/product"}],"wp:featuredmedia":[{"embeddable":true,"href":"https:\/\/gjiniherbal.com\/sq\/wp-json\/wp\/v2\/media\/1762"}],"wp:attachment":[{"href":"https:\/\/gjiniherbal.com\/sq\/wp-json\/wp\/v2\/media?parent=1761"}],"wp:term":[{"taxonomy":"product_brand","embeddable":true,"href":"https:\/\/gjiniherbal.com\/sq\/wp-json\/wp\/v2\/product_brand?post=1761"},{"taxonomy":"product_cat","embeddable":true,"href":"https:\/\/gjiniherbal.com\/sq\/wp-json\/wp\/v2\/product_cat?post=1761"},{"taxonomy":"product_tag","embeddable":true,"href":"https:\/\/gjiniherbal.com\/sq\/wp-json\/wp\/v2\/product_tag?post=1761"}],"curies":[{"name":"wp","href":"https:\/\/api.w.org\/{rel}","templated":true}]}}