{"id":1751,"date":"2023-10-17T15:09:29","date_gmt":"2023-10-17T13:09:29","guid":{"rendered":"https:\/\/gjiniherbal.com\/?post_type=product&#038;p=1751"},"modified":"2025-01-30T13:35:32","modified_gmt":"2025-01-30T12:35:32","slug":"vaji-eukaliptus","status":"publish","type":"product","link":"https:\/\/gjiniherbal.com\/sq\/produkt\/vajra-vegjetale\/vaji-eukaliptus\/","title":{"rendered":"Vaji Eukaliptus+"},"content":{"rendered":"<p>N\u00ebse po k\u00ebrkoni nj\u00eb zgjidhje p\u00ebr leht\u00ebsimin e simptomave t\u00eb gripit, ftohjes, virozave t\u00eb ndryshme, at\u00ebher\u00eb e dini ku t\u00eb drejtoheni!<\/p>\n<p>Vaji Eukaliptus+ njihet shkenc\u00ebrisht si nj\u00eb nga vajrat m\u00eb t\u00eb mir\u00eb n\u00eb sh\u00ebrimin e astm\u00ebs, sinuseve, ftohjes, koll\u00ebs dhe gripit.<\/p>\n<p>P\u00ebrfitimet e Vajit t\u00eb Eukaliptusit:<\/p>\n<p>&#8211; P\u00ebrmir\u00ebson problemet respiratore<br \/>\n&#8211; Leht\u00ebson koll\u00ebn &amp; fytin<br \/>\n&#8211; Leht\u00ebson bajamet e qelb\u00ebzuara<br \/>\n&#8211; Lufton bronkitin &amp; sinozitin<br \/>\n&#8211; Lufton pneumonin\u00eb &amp; infeksionet<br \/>\n&#8211; Lufton alergjit\u00eb sezonale<br \/>\n&#8211; Leht\u00ebson dhimbjen e kok\u00ebs<br \/>\n&#8211; P\u00ebrmir\u00ebson dhimbjen e veshit<\/p>\n<p>Komponent\u00ebt e vajit t\u00eb eukaliptusit, kan\u00eb efekte anti-inflamatore dhe imuno rregulluese. Komponenti i tij kryesor, eukaliptoli, ka efekte antimikrobiale kund\u00ebr bakterieve, viruseve dhe k\u00ebrpudhave.<\/p>\n<p>Gjithashtu tek ne vaji i eukaliptusit \u00ebsht\u00eb i kombinuar me disa vajra t\u00eb tjer\u00eb, t\u00eb cil\u00ebt e b\u00ebjn\u00eb at\u00eb t\u00eb jet\u00eb m\u00eb efektiv dhe me nj\u00eb s\u00ebr\u00eb benefitesh t\u00eb tjera t\u00eb m\u00ebdha.<\/p>\n<p>&#8211; Vaj kantarioni: P\u00ebrdoret p\u00ebr problemet me stomakun (lukthin) dhe shum\u00eb benefite t\u00eb tjera.<br \/>\n&#8211; Vaji i far\u00ebs s\u00eb zez\u00eb: Me benefite t\u00eb m\u00ebdha n\u00eb t\u00eb gjitha organet e trupit, duke filluar q\u00eb nga aftet e goj\u00ebs dhe duke vazhduar m\u00eb posht\u00eb.<br \/>\n&#8211; Vaji i pish\u00ebs: Lufton mikrobet, infeksionet, mykun, reumatizm\u00ebn dhe dhimbjet nervore.<br \/>\n&#8211; Vaji i mentes: Rrit energjin\u00eb dhe p\u00ebrmir\u00ebson performanc\u00ebn gjat\u00eb aktivitetit fizik, \u00e7liron nga alergjit\u00eb sezonale, etj.<\/p>\n<p>Sasia: Pikatore 30 ml.<\/p>\n<p>&nbsp;<\/p>\n<div class='et-box et-shadow'>\n\t\t\t\t\t<div class='et-box-content'>M\u00ebnyra e p\u00ebrdorimit: Rekomandohet t\u00eb merrni 10 pika n\u00eb m\u00ebngjes dhe 5 pika n\u00eb mbr\u00ebmje.<\/div><\/div>","protected":false},"excerpt":{"rendered":"<p>&#8211; P\u00ebrmir\u00ebson problemet respiratore<br \/>\n&#8211; Leht\u00ebson koll\u00ebn &amp; fytin<br \/>\n&#8211; Leht\u00ebson bajamet e qelb\u00ebzuara<br \/>\n&#8211; Lufton bronkitin &amp; sinozitin<br \/>\n&#8211; Lufton pneumonin\u00eb &amp; infeksionet<br \/>\n&#8211; Lufton alergjit\u00eb sezonale<br \/>\n&#8211; Leht\u00ebson dhimbjen e kok\u00ebs<br \/>\n&#8211; P\u00ebrmir\u00ebson dhimbjen e veshit<\/p>","protected":false},"featured_media":1752,"template":"","meta":{"_acf_changed":false,"_et_pb_use_builder":"","_et_pb_old_content":"","_et_gb_content_width":"","_monsterinsights_skip_tracking":false,"_monsterinsights_sitenote_active":false,"_monsterinsights_sitenote_note":"","_monsterinsights_sitenote_category":0,"_joinchat":[]},"product_brand":[],"product_cat":[503],"product_tag":[789,713,792,791,790,766],"class_list":{"0":"post-1751","1":"product","2":"type-product","3":"status-publish","4":"has-post-thumbnail","6":"product_cat-vajra-vegjetale","7":"product_tag-eukaliptus","8":"product_tag-ftohje","9":"product_tag-grip","10":"product_tag-vaji-eukaliptus","11":"product_tag-vaji-eukaliptusit","12":"product_tag-vajra","14":"first","15":"instock","16":"shipping-taxable","17":"purchasable","18":"product-type-simple"},"acf":[],"yoast_head":"<!-- This site is optimized with the Yoast SEO plugin v27.4 - https:\/\/yoast.com\/product\/yoast-seo-wordpress\/ -->\n<title>Vaji i Eukaliptusit - Gjini Herbal<\/title>\n<meta name=\"description\" content=\"Vaji Eukaliptus+ njihet shkenc\u00ebrisht si nj\u00eb nga vajrat m\u00eb t\u00eb mir\u00eb n\u00eb sh\u00ebrimin e astm\u00ebs, sinuseve, ftohjes, koll\u00ebs dhe gripit. Komponent\u00ebt e vajit t\u00eb eukaliptusit, kan\u00eb efekte anti-inflamatore dhe imuno rregulluese. Komponenti i tij kryesor, eukaliptoli, ka efekte antimikrobiale kund\u00ebr bakterieve, viruseve dhe k\u00ebrpudhave.\" \/>\n<meta name=\"robots\" content=\"index, follow, max-snippet:-1, max-image-preview:large, max-video-preview:-1\" \/>\n<link rel=\"canonical\" href=\"https:\/\/gjiniherbal.com\/sq\/produkt\/vajra-vegjetale\/vaji-eukaliptus\/\" \/>\n<meta property=\"og:locale\" content=\"sq_AL\" \/>\n<meta property=\"og:type\" content=\"article\" \/>\n<meta property=\"og:title\" content=\"Vaji i Eukaliptusit - Gjini Herbal\" \/>\n<meta property=\"og:description\" content=\"Vaji Eukaliptus+ njihet shkenc\u00ebrisht si nj\u00eb nga vajrat m\u00eb t\u00eb mir\u00eb n\u00eb sh\u00ebrimin e astm\u00ebs, sinuseve, ftohjes, koll\u00ebs dhe gripit. Komponent\u00ebt e vajit t\u00eb eukaliptusit, kan\u00eb efekte anti-inflamatore dhe imuno rregulluese. Komponenti i tij kryesor, eukaliptoli, ka efekte antimikrobiale kund\u00ebr bakterieve, viruseve dhe k\u00ebrpudhave.\" \/>\n<meta property=\"og:url\" content=\"https:\/\/gjiniherbal.com\/sq\/produkt\/vajra-vegjetale\/vaji-eukaliptus\/\" \/>\n<meta property=\"og:site_name\" content=\"Gjini Herbal\" \/>\n<meta property=\"article:publisher\" content=\"https:\/\/facebook.com\/gjiniherbal\" \/>\n<meta property=\"article:modified_time\" content=\"2025-01-30T12:35:32+00:00\" \/>\n<meta property=\"og:image\" content=\"https:\/\/gjiniherbal.com\/wp-content\/uploads\/2023\/10\/vaji-i-eukaliptusit-web.webp\" \/>\n\t<meta property=\"og:image:width\" content=\"1250\" \/>\n\t<meta property=\"og:image:height\" content=\"1250\" \/>\n\t<meta property=\"og:image:type\" content=\"image\/webp\" \/>\n<meta name=\"twitter:card\" content=\"summary_large_image\" \/>\n<meta name=\"twitter:label1\" content=\"Est. reading time\" \/>\n\t<meta name=\"twitter:data1\" content=\"1 minut\u00eb\" \/>\n<script type=\"application\/ld+json\" class=\"yoast-schema-graph\">{\"@context\":\"https:\\\/\\\/schema.org\",\"@graph\":[{\"@type\":\"WebPage\",\"@id\":\"https:\\\/\\\/gjiniherbal.com\\\/produkt\\\/vajra-vegjetale\\\/vaji-eukaliptus\\\/\",\"url\":\"https:\\\/\\\/gjiniherbal.com\\\/produkt\\\/vajra-vegjetale\\\/vaji-eukaliptus\\\/\",\"name\":\"Vaji i Eukaliptusit - Gjini Herbal\",\"isPartOf\":{\"@id\":\"https:\\\/\\\/gjiniherbal.com\\\/#website\"},\"primaryImageOfPage\":{\"@id\":\"https:\\\/\\\/gjiniherbal.com\\\/produkt\\\/vajra-vegjetale\\\/vaji-eukaliptus\\\/#primaryimage\"},\"image\":{\"@id\":\"https:\\\/\\\/gjiniherbal.com\\\/produkt\\\/vajra-vegjetale\\\/vaji-eukaliptus\\\/#primaryimage\"},\"thumbnailUrl\":\"https:\\\/\\\/gjiniherbal.com\\\/wp-content\\\/uploads\\\/2023\\\/10\\\/vaji-i-eukaliptusit-web.webp\",\"datePublished\":\"2023-10-17T13:09:29+00:00\",\"dateModified\":\"2025-01-30T12:35:32+00:00\",\"description\":\"Vaji Eukaliptus+ njihet shkenc\u00ebrisht si nj\u00eb nga vajrat m\u00eb t\u00eb mir\u00eb n\u00eb sh\u00ebrimin e astm\u00ebs, sinuseve, ftohjes, koll\u00ebs dhe gripit. Komponent\u00ebt e vajit t\u00eb eukaliptusit, kan\u00eb efekte anti-inflamatore dhe imuno rregulluese. Komponenti i tij kryesor, eukaliptoli, ka efekte antimikrobiale kund\u00ebr bakterieve, viruseve dhe k\u00ebrpudhave.\",\"breadcrumb\":{\"@id\":\"https:\\\/\\\/gjiniherbal.com\\\/produkt\\\/vajra-vegjetale\\\/vaji-eukaliptus\\\/#breadcrumb\"},\"inLanguage\":\"sq\",\"potentialAction\":[{\"@type\":\"ReadAction\",\"target\":[\"https:\\\/\\\/gjiniherbal.com\\\/produkt\\\/vajra-vegjetale\\\/vaji-eukaliptus\\\/\"]}]},{\"@type\":\"ImageObject\",\"inLanguage\":\"sq\",\"@id\":\"https:\\\/\\\/gjiniherbal.com\\\/produkt\\\/vajra-vegjetale\\\/vaji-eukaliptus\\\/#primaryimage\",\"url\":\"https:\\\/\\\/gjiniherbal.com\\\/wp-content\\\/uploads\\\/2023\\\/10\\\/vaji-i-eukaliptusit-web.webp\",\"contentUrl\":\"https:\\\/\\\/gjiniherbal.com\\\/wp-content\\\/uploads\\\/2023\\\/10\\\/vaji-i-eukaliptusit-web.webp\",\"width\":1250,\"height\":1250,\"caption\":\"vaji eukaliptus+\"},{\"@type\":\"BreadcrumbList\",\"@id\":\"https:\\\/\\\/gjiniherbal.com\\\/produkt\\\/vajra-vegjetale\\\/vaji-eukaliptus\\\/#breadcrumb\",\"itemListElement\":[{\"@type\":\"ListItem\",\"position\":1,\"name\":\"Home\",\"item\":\"https:\\\/\\\/gjiniherbal.com\\\/en_us\\\/\"},{\"@type\":\"ListItem\",\"position\":2,\"name\":\"Shop\",\"item\":\"https:\\\/\\\/gjiniherbal.com\\\/en_us\\\/shop\\\/\"},{\"@type\":\"ListItem\",\"position\":3,\"name\":\"Vaji Eukaliptus+\"}]},{\"@type\":\"WebSite\",\"@id\":\"https:\\\/\\\/gjiniherbal.com\\\/#website\",\"url\":\"https:\\\/\\\/gjiniherbal.com\\\/\",\"name\":\"Gjini Herbal\",\"description\":\"Produkte Natyrale\",\"publisher\":{\"@id\":\"https:\\\/\\\/gjiniherbal.com\\\/#organization\"},\"potentialAction\":[{\"@type\":\"SearchAction\",\"target\":{\"@type\":\"EntryPoint\",\"urlTemplate\":\"https:\\\/\\\/gjiniherbal.com\\\/?s={search_term_string}\"},\"query-input\":{\"@type\":\"PropertyValueSpecification\",\"valueRequired\":true,\"valueName\":\"search_term_string\"}}],\"inLanguage\":\"sq\"},{\"@type\":\"Organization\",\"@id\":\"https:\\\/\\\/gjiniherbal.com\\\/#organization\",\"name\":\"Gjini Herbal\",\"url\":\"https:\\\/\\\/gjiniherbal.com\\\/\",\"logo\":{\"@type\":\"ImageObject\",\"inLanguage\":\"sq\",\"@id\":\"https:\\\/\\\/gjiniherbal.com\\\/#\\\/schema\\\/logo\\\/image\\\/\",\"url\":\"https:\\\/\\\/gjiniherbal.com\\\/wp-content\\\/uploads\\\/2022\\\/07\\\/gjini-herbal-logo.png\",\"contentUrl\":\"https:\\\/\\\/gjiniherbal.com\\\/wp-content\\\/uploads\\\/2022\\\/07\\\/gjini-herbal-logo.png\",\"width\":652,\"height\":262,\"caption\":\"Gjini Herbal\"},\"image\":{\"@id\":\"https:\\\/\\\/gjiniherbal.com\\\/#\\\/schema\\\/logo\\\/image\\\/\"},\"sameAs\":[\"https:\\\/\\\/facebook.com\\\/gjiniherbal\",\"https:\\\/\\\/instagram.com\\\/gjiniherbal\",\"https:\\\/\\\/www.youtube.com\\\/channel\\\/UC_tHHueG-qxycnvdro4jHtQ\"]}]}<\/script>\n<!-- \/ Yoast SEO plugin. -->","yoast_head_json":{"title":"Vaji i Eukaliptusit - Gjini Herbal","description":"Vaji Eukaliptus+ njihet shkenc\u00ebrisht si nj\u00eb nga vajrat m\u00eb t\u00eb mir\u00eb n\u00eb sh\u00ebrimin e astm\u00ebs, sinuseve, ftohjes, koll\u00ebs dhe gripit. Komponent\u00ebt e vajit t\u00eb eukaliptusit, kan\u00eb efekte anti-inflamatore dhe imuno rregulluese. Komponenti i tij kryesor, eukaliptoli, ka efekte antimikrobiale kund\u00ebr bakterieve, viruseve dhe k\u00ebrpudhave.","robots":{"index":"index","follow":"follow","max-snippet":"max-snippet:-1","max-image-preview":"max-image-preview:large","max-video-preview":"max-video-preview:-1"},"canonical":"https:\/\/gjiniherbal.com\/sq\/produkt\/vajra-vegjetale\/vaji-eukaliptus\/","og_locale":"sq_AL","og_type":"article","og_title":"Vaji i Eukaliptusit - Gjini Herbal","og_description":"Vaji Eukaliptus+ njihet shkenc\u00ebrisht si nj\u00eb nga vajrat m\u00eb t\u00eb mir\u00eb n\u00eb sh\u00ebrimin e astm\u00ebs, sinuseve, ftohjes, koll\u00ebs dhe gripit. Komponent\u00ebt e vajit t\u00eb eukaliptusit, kan\u00eb efekte anti-inflamatore dhe imuno rregulluese. Komponenti i tij kryesor, eukaliptoli, ka efekte antimikrobiale kund\u00ebr bakterieve, viruseve dhe k\u00ebrpudhave.","og_url":"https:\/\/gjiniherbal.com\/sq\/produkt\/vajra-vegjetale\/vaji-eukaliptus\/","og_site_name":"Gjini Herbal","article_publisher":"https:\/\/facebook.com\/gjiniherbal","article_modified_time":"2025-01-30T12:35:32+00:00","og_image":[{"width":1250,"height":1250,"url":"https:\/\/gjiniherbal.com\/wp-content\/uploads\/2023\/10\/vaji-i-eukaliptusit-web.webp","type":"image\/webp"}],"twitter_card":"summary_large_image","twitter_misc":{"Est. reading time":"1 minut\u00eb"},"schema":{"@context":"https:\/\/schema.org","@graph":[{"@type":"WebPage","@id":"https:\/\/gjiniherbal.com\/produkt\/vajra-vegjetale\/vaji-eukaliptus\/","url":"https:\/\/gjiniherbal.com\/produkt\/vajra-vegjetale\/vaji-eukaliptus\/","name":"Vaji i Eukaliptusit - Gjini Herbal","isPartOf":{"@id":"https:\/\/gjiniherbal.com\/#website"},"primaryImageOfPage":{"@id":"https:\/\/gjiniherbal.com\/produkt\/vajra-vegjetale\/vaji-eukaliptus\/#primaryimage"},"image":{"@id":"https:\/\/gjiniherbal.com\/produkt\/vajra-vegjetale\/vaji-eukaliptus\/#primaryimage"},"thumbnailUrl":"https:\/\/gjiniherbal.com\/wp-content\/uploads\/2023\/10\/vaji-i-eukaliptusit-web.webp","datePublished":"2023-10-17T13:09:29+00:00","dateModified":"2025-01-30T12:35:32+00:00","description":"Vaji Eukaliptus+ njihet shkenc\u00ebrisht si nj\u00eb nga vajrat m\u00eb t\u00eb mir\u00eb n\u00eb sh\u00ebrimin e astm\u00ebs, sinuseve, ftohjes, koll\u00ebs dhe gripit. Komponent\u00ebt e vajit t\u00eb eukaliptusit, kan\u00eb efekte anti-inflamatore dhe imuno rregulluese. Komponenti i tij kryesor, eukaliptoli, ka efekte antimikrobiale kund\u00ebr bakterieve, viruseve dhe k\u00ebrpudhave.","breadcrumb":{"@id":"https:\/\/gjiniherbal.com\/produkt\/vajra-vegjetale\/vaji-eukaliptus\/#breadcrumb"},"inLanguage":"sq","potentialAction":[{"@type":"ReadAction","target":["https:\/\/gjiniherbal.com\/produkt\/vajra-vegjetale\/vaji-eukaliptus\/"]}]},{"@type":"ImageObject","inLanguage":"sq","@id":"https:\/\/gjiniherbal.com\/produkt\/vajra-vegjetale\/vaji-eukaliptus\/#primaryimage","url":"https:\/\/gjiniherbal.com\/wp-content\/uploads\/2023\/10\/vaji-i-eukaliptusit-web.webp","contentUrl":"https:\/\/gjiniherbal.com\/wp-content\/uploads\/2023\/10\/vaji-i-eukaliptusit-web.webp","width":1250,"height":1250,"caption":"vaji eukaliptus+"},{"@type":"BreadcrumbList","@id":"https:\/\/gjiniherbal.com\/produkt\/vajra-vegjetale\/vaji-eukaliptus\/#breadcrumb","itemListElement":[{"@type":"ListItem","position":1,"name":"Home","item":"https:\/\/gjiniherbal.com\/en_us\/"},{"@type":"ListItem","position":2,"name":"Shop","item":"https:\/\/gjiniherbal.com\/en_us\/shop\/"},{"@type":"ListItem","position":3,"name":"Vaji Eukaliptus+"}]},{"@type":"WebSite","@id":"https:\/\/gjiniherbal.com\/#website","url":"https:\/\/gjiniherbal.com\/","name":"Gjini Herbal","description":"Produkte Natyrale","publisher":{"@id":"https:\/\/gjiniherbal.com\/#organization"},"potentialAction":[{"@type":"SearchAction","target":{"@type":"EntryPoint","urlTemplate":"https:\/\/gjiniherbal.com\/?s={search_term_string}"},"query-input":{"@type":"PropertyValueSpecification","valueRequired":true,"valueName":"search_term_string"}}],"inLanguage":"sq"},{"@type":"Organization","@id":"https:\/\/gjiniherbal.com\/#organization","name":"Gjini Herbal","url":"https:\/\/gjiniherbal.com\/","logo":{"@type":"ImageObject","inLanguage":"sq","@id":"https:\/\/gjiniherbal.com\/#\/schema\/logo\/image\/","url":"https:\/\/gjiniherbal.com\/wp-content\/uploads\/2022\/07\/gjini-herbal-logo.png","contentUrl":"https:\/\/gjiniherbal.com\/wp-content\/uploads\/2022\/07\/gjini-herbal-logo.png","width":652,"height":262,"caption":"Gjini Herbal"},"image":{"@id":"https:\/\/gjiniherbal.com\/#\/schema\/logo\/image\/"},"sameAs":["https:\/\/facebook.com\/gjiniherbal","https:\/\/instagram.com\/gjiniherbal","https:\/\/www.youtube.com\/channel\/UC_tHHueG-qxycnvdro4jHtQ"]}]}},"jetpack-related-posts":[],"jetpack_sharing_enabled":true,"_links":{"self":[{"href":"https:\/\/gjiniherbal.com\/sq\/wp-json\/wp\/v2\/product\/1751","targetHints":{"allow":["GET"]}}],"collection":[{"href":"https:\/\/gjiniherbal.com\/sq\/wp-json\/wp\/v2\/product"}],"about":[{"href":"https:\/\/gjiniherbal.com\/sq\/wp-json\/wp\/v2\/types\/product"}],"wp:featuredmedia":[{"embeddable":true,"href":"https:\/\/gjiniherbal.com\/sq\/wp-json\/wp\/v2\/media\/1752"}],"wp:attachment":[{"href":"https:\/\/gjiniherbal.com\/sq\/wp-json\/wp\/v2\/media?parent=1751"}],"wp:term":[{"taxonomy":"product_brand","embeddable":true,"href":"https:\/\/gjiniherbal.com\/sq\/wp-json\/wp\/v2\/product_brand?post=1751"},{"taxonomy":"product_cat","embeddable":true,"href":"https:\/\/gjiniherbal.com\/sq\/wp-json\/wp\/v2\/product_cat?post=1751"},{"taxonomy":"product_tag","embeddable":true,"href":"https:\/\/gjiniherbal.com\/sq\/wp-json\/wp\/v2\/product_tag?post=1751"}],"curies":[{"name":"wp","href":"https:\/\/api.w.org\/{rel}","templated":true}]}}