{"id":1729,"date":"2023-10-13T17:17:26","date_gmt":"2023-10-13T15:17:26","guid":{"rendered":"https:\/\/gjiniherbal.com\/?post_type=product&#038;p=1729"},"modified":"2025-04-17T14:28:53","modified_gmt":"2025-04-17T12:28:53","slug":"krem-per-mykun-e-thonjve","status":"publish","type":"product","link":"https:\/\/gjiniherbal.com\/sq\/produkt\/kujdes-i-lekures\/krem-per-mykun-e-thonjve\/","title":{"rendered":"Krem p\u00ebr mykun e thonjve"},"content":{"rendered":"<p>Thuaji lamtumir\u00eb shqet\u00ebsimeve prej mykut t\u00eb k\u00ebmb\u00ebve, thonjve, kallove dhe thembrave t\u00eb \u00e7ara!<\/p>\n<p>Kremi yn\u00eb bimor, \u00ebsht\u00eb zgjidhja ideale q\u00eb ke pritur&#8230;<\/p>\n<p>Kremi p\u00ebrb\u00ebhet nga: dyll blete, vaj ulliri, vaj kokosi, vaji i pem\u00ebs s\u00eb \u00e7ajit, vaj trumze, vaj eukaliptusi, vaj lulebasani, vaj i far\u00ebs s\u00eb zez\u00eb.<\/p>\n<p>Kremi p\u00ebr mykun e thonjve ndihmon p\u00ebr:<\/p>\n<p>&#8211; Kurimin e mykut t\u00eb thonjve<br \/>\n&#8211; Kurimin e mykut t\u00eb k\u00ebmb\u00ebve<br \/>\n&#8211; Kurimin e kallove<br \/>\n&#8211; Kurimin e thembrave t\u00eb \u00e7ara<\/p>\n<p>&nbsp;<\/p>\n<div class='et-box et-shadow'>\n\t\t\t\t\t<div class='et-box-content'>M\u00ebnyra e p\u00ebrdorimit: Lyerje e zon\u00ebs s\u00eb prekur, 2 her\u00eb n\u00eb dit\u00eb.<\/div><\/div>","protected":false},"excerpt":{"rendered":"<div class=\"\" data-block=\"true\" data-editor=\"chu7g\" data-offset-key=\"3c781-0-0\">\n<div data-offset-key=\"3c781-0-0\"><span data-offset-key=\"4tenr-0-0\">&#8211; Kuron mykun e thonjve<\/span><\/div>\n<div class=\"_1mf _1mj\" data-offset-key=\"3c781-0-0\"><span data-offset-key=\"3c781-0-0\">&#8211; Kuron mykun e k\u00ebmb\u00ebve<\/span><\/div>\n<\/div>\n<div class=\"\" data-block=\"true\" data-editor=\"chu7g\" data-offset-key=\"a86tv-0-0\">\n<div class=\"_1mf _1mj\" data-offset-key=\"a86tv-0-0\"><span data-offset-key=\"a86tv-0-0\">&#8211; Kuron kallot<\/span><\/div>\n<div data-offset-key=\"a86tv-0-0\"><span data-offset-key=\"5nog7-0-0\">&#8211; Kuron thembrat e \u00e7ara<\/span><\/div>\n<\/div>","protected":false},"featured_media":1730,"template":"","meta":{"_acf_changed":false,"_et_pb_use_builder":"","_et_pb_old_content":"","_et_gb_content_width":"","_monsterinsights_skip_tracking":false,"_monsterinsights_sitenote_active":false,"_monsterinsights_sitenote_note":"","_monsterinsights_sitenote_category":0,"_joinchat":[]},"product_brand":[],"product_cat":[480],"product_tag":[508,775,779,778,776,596],"class_list":{"0":"post-1729","1":"product","2":"type-product","3":"status-publish","4":"has-post-thumbnail","6":"product_cat-kujdes-i-lekures","7":"product_tag-krem","8":"product_tag-krem-antimyk","9":"product_tag-krem-per-mykun-e-thonjve","10":"product_tag-kremi-i-thonjve","11":"product_tag-myk","12":"product_tag-myku","14":"first","15":"instock","16":"shipping-taxable","17":"purchasable","18":"product-type-simple"},"acf":[],"yoast_head":"<!-- This site is optimized with the Yoast SEO plugin v27.4 - https:\/\/yoast.com\/product\/yoast-seo-wordpress\/ -->\n<title>Krem p\u00ebr mykun e thonjve - Gjini Herbal<\/title>\n<meta name=\"description\" content=\"Kremi p\u00ebr mykun e thonjve ndihmon p\u00ebr:\u00a0Kurimin e mykut t\u00eb thonjve, kurimin e mykut t\u00eb k\u00ebmb\u00ebve, kurimin e kallove dhe kurimin e thembrave t\u00eb \u00e7ara.\" \/>\n<meta name=\"robots\" content=\"index, follow, max-snippet:-1, max-image-preview:large, max-video-preview:-1\" \/>\n<link rel=\"canonical\" href=\"https:\/\/gjiniherbal.com\/sq\/produkt\/kujdes-i-lekures\/krem-per-mykun-e-thonjve\/\" \/>\n<meta property=\"og:locale\" content=\"sq_AL\" \/>\n<meta property=\"og:type\" content=\"article\" \/>\n<meta property=\"og:title\" content=\"Krem p\u00ebr mykun e thonjve - Gjini Herbal\" \/>\n<meta property=\"og:description\" content=\"Kremi p\u00ebr mykun e thonjve ndihmon p\u00ebr:\u00a0Kurimin e mykut t\u00eb thonjve, kurimin e mykut t\u00eb k\u00ebmb\u00ebve, kurimin e kallove dhe kurimin e thembrave t\u00eb \u00e7ara.\" \/>\n<meta property=\"og:url\" content=\"https:\/\/gjiniherbal.com\/sq\/produkt\/kujdes-i-lekures\/krem-per-mykun-e-thonjve\/\" \/>\n<meta property=\"og:site_name\" content=\"Gjini Herbal\" \/>\n<meta property=\"article:publisher\" content=\"https:\/\/facebook.com\/gjiniherbal\" \/>\n<meta property=\"article:modified_time\" content=\"2025-04-17T12:28:53+00:00\" \/>\n<meta property=\"og:image\" content=\"https:\/\/gjiniherbal.com\/wp-content\/uploads\/2023\/10\/krem-per-mykun-e-thonjve-web.webp\" \/>\n\t<meta property=\"og:image:width\" content=\"1250\" \/>\n\t<meta property=\"og:image:height\" content=\"1250\" \/>\n\t<meta property=\"og:image:type\" content=\"image\/webp\" \/>\n<meta name=\"twitter:card\" content=\"summary_large_image\" \/>\n<meta name=\"twitter:label1\" content=\"Est. reading time\" \/>\n\t<meta name=\"twitter:data1\" content=\"1 minut\u00eb\" \/>\n<script type=\"application\/ld+json\" class=\"yoast-schema-graph\">{\"@context\":\"https:\\\/\\\/schema.org\",\"@graph\":[{\"@type\":\"WebPage\",\"@id\":\"https:\\\/\\\/gjiniherbal.com\\\/produkt\\\/kujdes-i-lekures\\\/krem-per-mykun-e-thonjve\\\/\",\"url\":\"https:\\\/\\\/gjiniherbal.com\\\/produkt\\\/kujdes-i-lekures\\\/krem-per-mykun-e-thonjve\\\/\",\"name\":\"Krem p\u00ebr mykun e thonjve - Gjini Herbal\",\"isPartOf\":{\"@id\":\"https:\\\/\\\/gjiniherbal.com\\\/#website\"},\"primaryImageOfPage\":{\"@id\":\"https:\\\/\\\/gjiniherbal.com\\\/produkt\\\/kujdes-i-lekures\\\/krem-per-mykun-e-thonjve\\\/#primaryimage\"},\"image\":{\"@id\":\"https:\\\/\\\/gjiniherbal.com\\\/produkt\\\/kujdes-i-lekures\\\/krem-per-mykun-e-thonjve\\\/#primaryimage\"},\"thumbnailUrl\":\"https:\\\/\\\/gjiniherbal.com\\\/wp-content\\\/uploads\\\/2023\\\/10\\\/krem-per-mykun-e-thonjve-web.webp\",\"datePublished\":\"2023-10-13T15:17:26+00:00\",\"dateModified\":\"2025-04-17T12:28:53+00:00\",\"description\":\"Kremi p\u00ebr mykun e thonjve ndihmon p\u00ebr:\u00a0Kurimin e mykut t\u00eb thonjve, kurimin e mykut t\u00eb k\u00ebmb\u00ebve, kurimin e kallove dhe kurimin e thembrave t\u00eb \u00e7ara.\",\"breadcrumb\":{\"@id\":\"https:\\\/\\\/gjiniherbal.com\\\/produkt\\\/kujdes-i-lekures\\\/krem-per-mykun-e-thonjve\\\/#breadcrumb\"},\"inLanguage\":\"sq\",\"potentialAction\":[{\"@type\":\"ReadAction\",\"target\":[\"https:\\\/\\\/gjiniherbal.com\\\/produkt\\\/kujdes-i-lekures\\\/krem-per-mykun-e-thonjve\\\/\"]}]},{\"@type\":\"ImageObject\",\"inLanguage\":\"sq\",\"@id\":\"https:\\\/\\\/gjiniherbal.com\\\/produkt\\\/kujdes-i-lekures\\\/krem-per-mykun-e-thonjve\\\/#primaryimage\",\"url\":\"https:\\\/\\\/gjiniherbal.com\\\/wp-content\\\/uploads\\\/2023\\\/10\\\/krem-per-mykun-e-thonjve-web.webp\",\"contentUrl\":\"https:\\\/\\\/gjiniherbal.com\\\/wp-content\\\/uploads\\\/2023\\\/10\\\/krem-per-mykun-e-thonjve-web.webp\",\"width\":1250,\"height\":1250,\"caption\":\"krem per mykun e thonjve\"},{\"@type\":\"BreadcrumbList\",\"@id\":\"https:\\\/\\\/gjiniherbal.com\\\/produkt\\\/kujdes-i-lekures\\\/krem-per-mykun-e-thonjve\\\/#breadcrumb\",\"itemListElement\":[{\"@type\":\"ListItem\",\"position\":1,\"name\":\"Home\",\"item\":\"https:\\\/\\\/gjiniherbal.com\\\/en_us\\\/\"},{\"@type\":\"ListItem\",\"position\":2,\"name\":\"Shop\",\"item\":\"https:\\\/\\\/gjiniherbal.com\\\/en_us\\\/shop\\\/\"},{\"@type\":\"ListItem\",\"position\":3,\"name\":\"Krem p\u00ebr mykun e thonjve\"}]},{\"@type\":\"WebSite\",\"@id\":\"https:\\\/\\\/gjiniherbal.com\\\/#website\",\"url\":\"https:\\\/\\\/gjiniherbal.com\\\/\",\"name\":\"Gjini Herbal\",\"description\":\"Produkte Natyrale\",\"publisher\":{\"@id\":\"https:\\\/\\\/gjiniherbal.com\\\/#organization\"},\"potentialAction\":[{\"@type\":\"SearchAction\",\"target\":{\"@type\":\"EntryPoint\",\"urlTemplate\":\"https:\\\/\\\/gjiniherbal.com\\\/?s={search_term_string}\"},\"query-input\":{\"@type\":\"PropertyValueSpecification\",\"valueRequired\":true,\"valueName\":\"search_term_string\"}}],\"inLanguage\":\"sq\"},{\"@type\":\"Organization\",\"@id\":\"https:\\\/\\\/gjiniherbal.com\\\/#organization\",\"name\":\"Gjini Herbal\",\"url\":\"https:\\\/\\\/gjiniherbal.com\\\/\",\"logo\":{\"@type\":\"ImageObject\",\"inLanguage\":\"sq\",\"@id\":\"https:\\\/\\\/gjiniherbal.com\\\/#\\\/schema\\\/logo\\\/image\\\/\",\"url\":\"https:\\\/\\\/gjiniherbal.com\\\/wp-content\\\/uploads\\\/2022\\\/07\\\/gjini-herbal-logo.png\",\"contentUrl\":\"https:\\\/\\\/gjiniherbal.com\\\/wp-content\\\/uploads\\\/2022\\\/07\\\/gjini-herbal-logo.png\",\"width\":652,\"height\":262,\"caption\":\"Gjini Herbal\"},\"image\":{\"@id\":\"https:\\\/\\\/gjiniherbal.com\\\/#\\\/schema\\\/logo\\\/image\\\/\"},\"sameAs\":[\"https:\\\/\\\/facebook.com\\\/gjiniherbal\",\"https:\\\/\\\/instagram.com\\\/gjiniherbal\",\"https:\\\/\\\/www.youtube.com\\\/channel\\\/UC_tHHueG-qxycnvdro4jHtQ\"]}]}<\/script>\n<!-- \/ Yoast SEO plugin. -->","yoast_head_json":{"title":"Krem p\u00ebr mykun e thonjve - Gjini Herbal","description":"Kremi p\u00ebr mykun e thonjve ndihmon p\u00ebr:\u00a0Kurimin e mykut t\u00eb thonjve, kurimin e mykut t\u00eb k\u00ebmb\u00ebve, kurimin e kallove dhe kurimin e thembrave t\u00eb \u00e7ara.","robots":{"index":"index","follow":"follow","max-snippet":"max-snippet:-1","max-image-preview":"max-image-preview:large","max-video-preview":"max-video-preview:-1"},"canonical":"https:\/\/gjiniherbal.com\/sq\/produkt\/kujdes-i-lekures\/krem-per-mykun-e-thonjve\/","og_locale":"sq_AL","og_type":"article","og_title":"Krem p\u00ebr mykun e thonjve - Gjini Herbal","og_description":"Kremi p\u00ebr mykun e thonjve ndihmon p\u00ebr:\u00a0Kurimin e mykut t\u00eb thonjve, kurimin e mykut t\u00eb k\u00ebmb\u00ebve, kurimin e kallove dhe kurimin e thembrave t\u00eb \u00e7ara.","og_url":"https:\/\/gjiniherbal.com\/sq\/produkt\/kujdes-i-lekures\/krem-per-mykun-e-thonjve\/","og_site_name":"Gjini Herbal","article_publisher":"https:\/\/facebook.com\/gjiniherbal","article_modified_time":"2025-04-17T12:28:53+00:00","og_image":[{"width":1250,"height":1250,"url":"https:\/\/gjiniherbal.com\/wp-content\/uploads\/2023\/10\/krem-per-mykun-e-thonjve-web.webp","type":"image\/webp"}],"twitter_card":"summary_large_image","twitter_misc":{"Est. reading time":"1 minut\u00eb"},"schema":{"@context":"https:\/\/schema.org","@graph":[{"@type":"WebPage","@id":"https:\/\/gjiniherbal.com\/produkt\/kujdes-i-lekures\/krem-per-mykun-e-thonjve\/","url":"https:\/\/gjiniherbal.com\/produkt\/kujdes-i-lekures\/krem-per-mykun-e-thonjve\/","name":"Krem p\u00ebr mykun e thonjve - Gjini Herbal","isPartOf":{"@id":"https:\/\/gjiniherbal.com\/#website"},"primaryImageOfPage":{"@id":"https:\/\/gjiniherbal.com\/produkt\/kujdes-i-lekures\/krem-per-mykun-e-thonjve\/#primaryimage"},"image":{"@id":"https:\/\/gjiniherbal.com\/produkt\/kujdes-i-lekures\/krem-per-mykun-e-thonjve\/#primaryimage"},"thumbnailUrl":"https:\/\/gjiniherbal.com\/wp-content\/uploads\/2023\/10\/krem-per-mykun-e-thonjve-web.webp","datePublished":"2023-10-13T15:17:26+00:00","dateModified":"2025-04-17T12:28:53+00:00","description":"Kremi p\u00ebr mykun e thonjve ndihmon p\u00ebr:\u00a0Kurimin e mykut t\u00eb thonjve, kurimin e mykut t\u00eb k\u00ebmb\u00ebve, kurimin e kallove dhe kurimin e thembrave t\u00eb \u00e7ara.","breadcrumb":{"@id":"https:\/\/gjiniherbal.com\/produkt\/kujdes-i-lekures\/krem-per-mykun-e-thonjve\/#breadcrumb"},"inLanguage":"sq","potentialAction":[{"@type":"ReadAction","target":["https:\/\/gjiniherbal.com\/produkt\/kujdes-i-lekures\/krem-per-mykun-e-thonjve\/"]}]},{"@type":"ImageObject","inLanguage":"sq","@id":"https:\/\/gjiniherbal.com\/produkt\/kujdes-i-lekures\/krem-per-mykun-e-thonjve\/#primaryimage","url":"https:\/\/gjiniherbal.com\/wp-content\/uploads\/2023\/10\/krem-per-mykun-e-thonjve-web.webp","contentUrl":"https:\/\/gjiniherbal.com\/wp-content\/uploads\/2023\/10\/krem-per-mykun-e-thonjve-web.webp","width":1250,"height":1250,"caption":"krem per mykun e thonjve"},{"@type":"BreadcrumbList","@id":"https:\/\/gjiniherbal.com\/produkt\/kujdes-i-lekures\/krem-per-mykun-e-thonjve\/#breadcrumb","itemListElement":[{"@type":"ListItem","position":1,"name":"Home","item":"https:\/\/gjiniherbal.com\/en_us\/"},{"@type":"ListItem","position":2,"name":"Shop","item":"https:\/\/gjiniherbal.com\/en_us\/shop\/"},{"@type":"ListItem","position":3,"name":"Krem p\u00ebr mykun e thonjve"}]},{"@type":"WebSite","@id":"https:\/\/gjiniherbal.com\/#website","url":"https:\/\/gjiniherbal.com\/","name":"Gjini Herbal","description":"Produkte Natyrale","publisher":{"@id":"https:\/\/gjiniherbal.com\/#organization"},"potentialAction":[{"@type":"SearchAction","target":{"@type":"EntryPoint","urlTemplate":"https:\/\/gjiniherbal.com\/?s={search_term_string}"},"query-input":{"@type":"PropertyValueSpecification","valueRequired":true,"valueName":"search_term_string"}}],"inLanguage":"sq"},{"@type":"Organization","@id":"https:\/\/gjiniherbal.com\/#organization","name":"Gjini Herbal","url":"https:\/\/gjiniherbal.com\/","logo":{"@type":"ImageObject","inLanguage":"sq","@id":"https:\/\/gjiniherbal.com\/#\/schema\/logo\/image\/","url":"https:\/\/gjiniherbal.com\/wp-content\/uploads\/2022\/07\/gjini-herbal-logo.png","contentUrl":"https:\/\/gjiniherbal.com\/wp-content\/uploads\/2022\/07\/gjini-herbal-logo.png","width":652,"height":262,"caption":"Gjini Herbal"},"image":{"@id":"https:\/\/gjiniherbal.com\/#\/schema\/logo\/image\/"},"sameAs":["https:\/\/facebook.com\/gjiniherbal","https:\/\/instagram.com\/gjiniherbal","https:\/\/www.youtube.com\/channel\/UC_tHHueG-qxycnvdro4jHtQ"]}]}},"jetpack-related-posts":[],"jetpack_sharing_enabled":true,"_links":{"self":[{"href":"https:\/\/gjiniherbal.com\/sq\/wp-json\/wp\/v2\/product\/1729","targetHints":{"allow":["GET"]}}],"collection":[{"href":"https:\/\/gjiniherbal.com\/sq\/wp-json\/wp\/v2\/product"}],"about":[{"href":"https:\/\/gjiniherbal.com\/sq\/wp-json\/wp\/v2\/types\/product"}],"wp:featuredmedia":[{"embeddable":true,"href":"https:\/\/gjiniherbal.com\/sq\/wp-json\/wp\/v2\/media\/1730"}],"wp:attachment":[{"href":"https:\/\/gjiniherbal.com\/sq\/wp-json\/wp\/v2\/media?parent=1729"}],"wp:term":[{"taxonomy":"product_brand","embeddable":true,"href":"https:\/\/gjiniherbal.com\/sq\/wp-json\/wp\/v2\/product_brand?post=1729"},{"taxonomy":"product_cat","embeddable":true,"href":"https:\/\/gjiniherbal.com\/sq\/wp-json\/wp\/v2\/product_cat?post=1729"},{"taxonomy":"product_tag","embeddable":true,"href":"https:\/\/gjiniherbal.com\/sq\/wp-json\/wp\/v2\/product_tag?post=1729"}],"curies":[{"name":"wp","href":"https:\/\/api.w.org\/{rel}","templated":true}]}}