{"id":1711,"date":"2023-10-01T11:46:45","date_gmt":"2023-10-01T09:46:45","guid":{"rendered":"https:\/\/gjiniherbal.com\/?post_type=product&#038;p=1711"},"modified":"2025-07-22T12:01:57","modified_gmt":"2025-07-22T10:01:57","slug":"kapsulat-cordiceps","status":"publish","type":"product","link":"https:\/\/gjiniherbal.com\/sq\/produkt\/suplemente-vitamina\/kapsulat-cordiceps\/","title":{"rendered":"Cordiceps (suplement dietik)"},"content":{"rendered":"<p>Cordyceps \u00ebsht\u00eb nj\u00eb bim\u00eb e njohur n\u00eb Mjek\u00ebsin\u00eb Tradicionale Kineze dhe \u00ebsht\u00eb p\u00ebrdorur p\u00ebr shekuj me rradh\u00eb p\u00ebr t\u00eb trajtuar shum\u00eb probleme sh\u00ebndet\u00ebsore.<\/p>\n<p>Cordyceps mund t\u00eb p\u00ebrmir\u00ebsoj\u00eb imunitetin duke stimuluar qelizat dhe kimikatet specifike n\u00eb sistemin imunitar. Mund t\u00eb ndihmoj\u00eb gjithashtu n\u00eb luftimin e qelizave kancerogjene dhe zvog\u00eblimin e madh\u00ebsis\u00eb s\u00eb tumorit, ve\u00e7an\u00ebrisht me kancerin e mushk\u00ebrive ose t\u00eb l\u00ebkur\u00ebs.<\/p>\n<p>Njer\u00ebzit m\u00eb s\u00eb shpeshti e p\u00ebrdorin at\u00eb p\u00ebr performanc\u00ebn atletike, \u00e7rregullime t\u00eb veshkave, probleme t\u00eb m\u00ebl\u00e7is\u00eb, etj.<\/p>\n<p>P\u00ebrfitimet kryesore t\u00eb Cordicepsit:<\/p>\n<p>&#8211; Ndihmon funksionimin e mir\u00eb t\u00eb veshkave &amp; mushk\u00ebrive<br \/>\n&#8211; Ndihmon p\u00ebr rritjen e imunitetit &amp; energjis\u00eb trupore<br \/>\n&#8211; Ndihmon p\u00ebr sh\u00ebndetin e zemr\u00ebs &amp; balancimin e hormoneve<br \/>\n&#8211; Ndihmon n\u00eb uljen e rrezikut p\u00ebr kancer<br \/>\n&#8211; Ndihmon n\u00eb p\u00ebrmir\u00ebsimin e statusit t\u00eb bio-energjis\u00eb n\u00eb trup<\/p>\n<p>Sasia: 60 kapsula.<\/p>\n<p>&nbsp;<\/p>\n<div class='et-box et-shadow'>\n\t\t\t\t\t<div class='et-box-content'>M\u00ebnyra e p\u00ebrdorimit: Merrni 2 kapsula n\u00eb dit\u00eb.<\/div><\/div>","protected":false},"excerpt":{"rendered":"<p>&#8211; Ndihmon funksionimin e mir\u00eb t\u00eb veshkave &amp; mushk\u00ebrive<br \/>\n&#8211; Ndihmon p\u00ebr rritjen e imunitetit &amp; energjis\u00eb trupore<br \/>\n&#8211; Ndihmon p\u00ebr sh\u00ebndetin e zemr\u00ebs &amp; balancimin e hormoneve<br \/>\n&#8211; Ndihmon n\u00eb uljen e rrezikut p\u00ebr kancer<br \/>\n&#8211; Ndihmon n\u00eb p\u00ebrmir\u00ebsimin e statusit t\u00eb bio-energjis\u00eb n\u00eb trup<\/p>","protected":false},"featured_media":1712,"template":"","meta":{"_acf_changed":false,"_et_pb_use_builder":"","_et_pb_old_content":"","_et_gb_content_width":"","_monsterinsights_skip_tracking":false,"_monsterinsights_sitenote_active":false,"_monsterinsights_sitenote_note":"","_monsterinsights_sitenote_category":0,"_joinchat":[]},"product_brand":[],"product_cat":[457],"product_tag":[765,762,763,642,764],"class_list":{"0":"post-1711","1":"product","2":"type-product","3":"status-publish","4":"has-post-thumbnail","6":"product_cat-suplemente-vitamina","7":"product_tag-bime","8":"product_tag-cordiceps","9":"product_tag-kapsula","10":"product_tag-kerpudha","11":"product_tag-trajtime-natyrale","13":"first","14":"outofstock","15":"shipping-taxable","16":"purchasable","17":"product-type-simple"},"acf":[],"jetpack-related-posts":[],"jetpack_sharing_enabled":true,"_links":{"self":[{"href":"https:\/\/gjiniherbal.com\/sq\/wp-json\/wp\/v2\/product\/1711","targetHints":{"allow":["GET"]}}],"collection":[{"href":"https:\/\/gjiniherbal.com\/sq\/wp-json\/wp\/v2\/product"}],"about":[{"href":"https:\/\/gjiniherbal.com\/sq\/wp-json\/wp\/v2\/types\/product"}],"wp:featuredmedia":[{"embeddable":true,"href":"https:\/\/gjiniherbal.com\/sq\/wp-json\/wp\/v2\/media\/1712"}],"wp:attachment":[{"href":"https:\/\/gjiniherbal.com\/sq\/wp-json\/wp\/v2\/media?parent=1711"}],"wp:term":[{"taxonomy":"product_brand","embeddable":true,"href":"https:\/\/gjiniherbal.com\/sq\/wp-json\/wp\/v2\/product_brand?post=1711"},{"taxonomy":"product_cat","embeddable":true,"href":"https:\/\/gjiniherbal.com\/sq\/wp-json\/wp\/v2\/product_cat?post=1711"},{"taxonomy":"product_tag","embeddable":true,"href":"https:\/\/gjiniherbal.com\/sq\/wp-json\/wp\/v2\/product_tag?post=1711"}],"curies":[{"name":"wp","href":"https:\/\/api.w.org\/{rel}","templated":true}]}}