{"id":1705,"date":"2023-09-23T11:17:06","date_gmt":"2023-09-23T09:17:06","guid":{"rendered":"https:\/\/gjiniherbal.com\/?post_type=product&#038;p=1705"},"modified":"2025-07-22T12:02:06","modified_gmt":"2025-07-22T10:02:06","slug":"kapsulat-moringa","status":"publish","type":"product","link":"https:\/\/gjiniherbal.com\/sq\/produkt\/suplemente-vitamina\/kapsulat-moringa\/","title":{"rendered":"Moringa (suplement dietik)"},"content":{"rendered":"<p>Moringa Oleifera \u00ebsht\u00eb nj\u00eb bim\u00eb q\u00eb rritet e eg\u00ebr n\u00eb klim\u00eb t\u00eb but\u00eb dhe konsiderohet t\u00eb jet\u00eb nj\u00eb nga burimet m\u00eb t\u00eb pasura botanike t\u00eb l\u00ebnd\u00ebve ushqyese n\u00eb tok\u00eb. N\u00eb fakt, Moringa e pasur me l\u00ebnd\u00eb ushqyese shpesh p\u00ebrmendet si nj\u00eb bim\u00eb super ushqimore ose mrekulli, me pothuajse \u00e7do pjes\u00eb t\u00eb pem\u00ebs me vler\u00eb. Moringa mund t\u00eb zvog\u00ebloj\u00eb formimin e yndyr\u00ebs dhe t\u00eb p\u00ebrmir\u00ebsoj\u00eb funksionin e tretjes.<\/p>\n<p>Ajo ka sasi m\u00eb t\u00eb larta t\u00eb disa vitaminave t\u00eb ndryshme (A, B1, B2, B3, B6, B7, C, D, E dhe K) dhe minerale, duke p\u00ebrfshir\u00eb kalciumin dhe kaliumin, sesa ushqimet e zakonshme q\u00eb shpesh shoq\u00ebrohen me k\u00ebto l\u00ebnd\u00eb ushqyese. P\u00ebrve\u00e7 k\u00ebsaj, gjethet e Moring\u00ebs p\u00ebrmbajn\u00eb t\u00eb gjitha aminoacidet thelb\u00ebsore, n\u00eb p\u00ebrpjes\u00ebtim t\u00eb mir\u00eb, t\u00eb cilat jan\u00eb blloqet nd\u00ebrtuese t\u00eb proteinave. Moringa \u00ebsht\u00eb gjithashtu nj\u00eb burim i antioksidant\u00ebve dhe fitonutrient\u00ebve t\u00eb tjer\u00eb natyral\u00eb.<\/p>\n<p>P\u00ebrfitimet:<\/p>\n<p>&#8211; Nxit humbjen e pesh\u00ebs &amp; shkurton oreksin.<br \/>\n&#8211; P\u00ebrmir\u00ebson sistemin tret\u00ebs.<br \/>\n&#8211; Sh\u00ebrben si mbrojt\u00ebs &amp; ushqyes natyral.<br \/>\n&#8211; Furnizon trupin me proteina.<br \/>\n&#8211; P\u00ebrmir\u00ebson metabolizmin.<\/p>\n<p>Sasia: 60 kapsula.<\/p>\n<p>&nbsp;<\/p>\n<div class='et-box et-shadow'>\n\t\t\t\t\t<div class='et-box-content'>M\u00ebnyra e p\u00ebrdorimit: Merrni 2 kapsula n\u00eb dit\u00eb.<\/div><\/div>","protected":false},"excerpt":{"rendered":"<p>&#8211; Nxit humbjen e pesh\u00ebs &amp; shkurton oreksin.<br \/>\n&#8211; P\u00ebrmir\u00ebson sistemin tret\u00ebs.<br \/>\n&#8211; Sh\u00ebrben si mbrojt\u00ebs &amp; ushqyes natyral.<br \/>\n&#8211; Furnizon trupin me proteina.<br \/>\n&#8211; P\u00ebrmir\u00ebson metabolizmin.<\/p>","protected":false},"featured_media":1706,"template":"","meta":{"_acf_changed":false,"_et_pb_use_builder":"","_et_pb_old_content":"","_et_gb_content_width":"","_monsterinsights_skip_tracking":false,"_monsterinsights_sitenote_active":false,"_monsterinsights_sitenote_note":"","_monsterinsights_sitenote_category":0,"_joinchat":[]},"product_brand":[],"product_cat":[457],"product_tag":[],"class_list":{"0":"post-1705","1":"product","2":"type-product","3":"status-publish","4":"has-post-thumbnail","6":"product_cat-suplemente-vitamina","8":"first","9":"outofstock","10":"shipping-taxable","11":"purchasable","12":"product-type-simple"},"acf":[],"jetpack-related-posts":[],"jetpack_sharing_enabled":true,"_links":{"self":[{"href":"https:\/\/gjiniherbal.com\/sq\/wp-json\/wp\/v2\/product\/1705","targetHints":{"allow":["GET"]}}],"collection":[{"href":"https:\/\/gjiniherbal.com\/sq\/wp-json\/wp\/v2\/product"}],"about":[{"href":"https:\/\/gjiniherbal.com\/sq\/wp-json\/wp\/v2\/types\/product"}],"wp:featuredmedia":[{"embeddable":true,"href":"https:\/\/gjiniherbal.com\/sq\/wp-json\/wp\/v2\/media\/1706"}],"wp:attachment":[{"href":"https:\/\/gjiniherbal.com\/sq\/wp-json\/wp\/v2\/media?parent=1705"}],"wp:term":[{"taxonomy":"product_brand","embeddable":true,"href":"https:\/\/gjiniherbal.com\/sq\/wp-json\/wp\/v2\/product_brand?post=1705"},{"taxonomy":"product_cat","embeddable":true,"href":"https:\/\/gjiniherbal.com\/sq\/wp-json\/wp\/v2\/product_cat?post=1705"},{"taxonomy":"product_tag","embeddable":true,"href":"https:\/\/gjiniherbal.com\/sq\/wp-json\/wp\/v2\/product_tag?post=1705"}],"curies":[{"name":"wp","href":"https:\/\/api.w.org\/{rel}","templated":true}]}}