{"id":1364,"date":"2022-07-28T18:46:31","date_gmt":"2022-07-28T16:46:31","guid":{"rendered":"https:\/\/gjiniherbal.com\/?post_type=product&#038;p=1364"},"modified":"2025-07-22T12:06:02","modified_gmt":"2025-07-22T10:06:02","slug":"kremi-i-hemorroideve","status":"publish","type":"product","link":"https:\/\/gjiniherbal.com\/sq\/produkt\/kujdes-i-lekures\/kremi-i-hemorroideve\/","title":{"rendered":"Krem hemorroidesh"},"content":{"rendered":"<p data-start=\"172\" data-end=\"199\"><strong data-start=\"172\" data-end=\"199\">Cfare jane hemorroidet?<\/strong><\/p>\n<p data-start=\"201\" data-end=\"405\">Hemorroidet jane zgjerim dhe inflamacion i venave rreth anusit ose ne pjesen e poshtme te rektumit. Ato shkaktohen nga faktor te ndryshem si shtatzania, mosha, kapslleku kronik apo diarreja e vazhdueshme.<\/p>\n<p data-start=\"407\" data-end=\"433\"><strong data-start=\"407\" data-end=\"433\">Llojet e hemorroideve:<\/strong><\/p>\n<ul data-start=\"435\" data-end=\"672\">\n<li data-start=\"435\" data-end=\"562\">\n<p data-start=\"437\" data-end=\"562\"><strong data-start=\"437\" data-end=\"465\">Hemorroidet e brendshme:<\/strong> ndodhen brenda kanalit anal dhe zakonisht nuk shkaktojne dhimbje, por mund te japin gjakderdhje.<\/p>\n<\/li>\n<li data-start=\"563\" data-end=\"672\">\n<p data-start=\"565\" data-end=\"672\"><strong data-start=\"565\" data-end=\"591\">Hemorroidet e jashtme:<\/strong> formohen jashte anusit dhe mund te jene te dhimbshme, te fryra dhe te irrituara.<\/p>\n<\/li>\n<\/ul>\n<p data-start=\"674\" data-end=\"721\"><strong data-start=\"674\" data-end=\"721\">Faktoret kryesore qe shkaktojne hemorroide:<\/strong><\/p>\n<ul data-start=\"723\" data-end=\"853\">\n<li data-start=\"723\" data-end=\"735\">\n<p data-start=\"725\" data-end=\"735\">Shtatzania<\/p>\n<\/li>\n<li data-start=\"736\" data-end=\"769\">\n<p data-start=\"738\" data-end=\"769\">Qendrimi ulur per kohe te gjate<\/p>\n<\/li>\n<li data-start=\"770\" data-end=\"803\">\n<p data-start=\"772\" data-end=\"803\">Kapslleku ose barkqitja kronike<\/p>\n<\/li>\n<li data-start=\"804\" data-end=\"832\">\n<p data-start=\"806\" data-end=\"832\">Shtypja gjate jashteqitjes<\/p>\n<\/li>\n<li data-start=\"833\" data-end=\"853\">\n<p data-start=\"835\" data-end=\"853\">Dieta me pak fibra<\/p>\n<\/li>\n<\/ul>\n<p data-start=\"855\" data-end=\"908\"><strong data-start=\"855\" data-end=\"908\">Perberesit natyral te kremit kunder hemorroideve:<\/strong><\/p>\n<ul data-start=\"910\" data-end=\"1004\">\n<li data-start=\"910\" data-end=\"924\">\n<p data-start=\"912\" data-end=\"924\">Dyll blete<\/p>\n<\/li>\n<li data-start=\"925\" data-end=\"939\">\n<p data-start=\"927\" data-end=\"939\">Vaj ulliri<\/p>\n<\/li>\n<li data-start=\"940\" data-end=\"958\">\n<p data-start=\"942\" data-end=\"958\">Vaj lulebasani<\/p>\n<\/li>\n<li data-start=\"959\" data-end=\"978\">\n<p data-start=\"961\" data-end=\"978\">Vaj fare e zeze<\/p>\n<\/li>\n<li data-start=\"979\" data-end=\"991\">\n<p data-start=\"981\" data-end=\"991\">Kerozine<\/p>\n<\/li>\n<li data-start=\"992\" data-end=\"1004\">\n<p data-start=\"994\" data-end=\"1004\">Vaj akrepi<\/p>\n<\/li>\n<\/ul>\n<p data-start=\"1006\" data-end=\"1054\"><strong data-start=\"1006\" data-end=\"1054\">Per cfare sherben kremi kunder hemorroideve:<\/strong><\/p>\n<ul data-start=\"1056\" data-end=\"1227\">\n<li data-start=\"1056\" data-end=\"1091\">\n<p data-start=\"1058\" data-end=\"1091\">Trajton hemorroidet natyralisht<\/p>\n<\/li>\n<li data-start=\"1092\" data-end=\"1115\">\n<p data-start=\"1094\" data-end=\"1115\">Lehteson majasellin<\/p>\n<\/li>\n<li data-start=\"1116\" data-end=\"1139\">\n<p data-start=\"1118\" data-end=\"1139\">Kuron aftet ne goje<\/p>\n<\/li>\n<li data-start=\"1140\" data-end=\"1167\">\n<p data-start=\"1142\" data-end=\"1167\">Qeteson djegiet e lehta<\/p>\n<\/li>\n<li data-start=\"1168\" data-end=\"1195\">\n<p data-start=\"1170\" data-end=\"1195\">Nxit sherimin e plageve<\/p>\n<\/li>\n<li data-start=\"1196\" data-end=\"1227\">\n<p data-start=\"1198\" data-end=\"1227\">Ndihmon ne kurimin e herpesit<\/p>\n<\/li>\n<\/ul>\n<p>&nbsp;<\/p>\n<div class='et-box et-shadow'>\n\t\t\t\t\t<div class='et-box-content'>M\u00ebnyra e p\u00ebrdorimit: Lyerje e zon\u00ebs s\u00eb prekur, 2 her\u00eb n\u00eb dit\u00eb.<\/div><\/div>","protected":false},"excerpt":{"rendered":"<ul data-start=\"1056\" data-end=\"1227\">\n<li data-start=\"1056\" data-end=\"1091\">\n<p data-start=\"1058\" data-end=\"1091\">Trajton hemorroidet natyralisht<\/p>\n<\/li>\n<li data-start=\"1092\" data-end=\"1115\">\n<p data-start=\"1094\" data-end=\"1115\">Lehteson majasellin<\/p>\n<\/li>\n<li data-start=\"1116\" data-end=\"1139\">\n<p data-start=\"1118\" data-end=\"1139\">Kuron aftet ne goje<\/p>\n<\/li>\n<li data-start=\"1140\" data-end=\"1167\">\n<p data-start=\"1142\" data-end=\"1167\">Qeteson djegiet e lehta<\/p>\n<\/li>\n<li data-start=\"1168\" data-end=\"1195\">\n<p data-start=\"1170\" data-end=\"1195\">Nxit sherimin e plageve<\/p>\n<\/li>\n<li data-start=\"1196\" data-end=\"1227\">\n<p data-start=\"1198\" data-end=\"1227\">Ndihmon ne kurimin e herpesit<\/p>\n<\/li>\n<\/ul>","protected":false},"featured_media":1722,"template":"","meta":{"_acf_changed":false,"_et_pb_use_builder":"","_et_pb_old_content":"","_et_gb_content_width":"","_monsterinsights_skip_tracking":false,"_monsterinsights_sitenote_active":false,"_monsterinsights_sitenote_note":"","_monsterinsights_sitenote_category":0,"_joinchat":[]},"product_brand":[],"product_cat":[480],"product_tag":[732,508,1110,771,770,733],"class_list":{"0":"post-1364","1":"product","2":"type-product","3":"status-publish","4":"has-post-thumbnail","6":"product_cat-kujdes-i-lekures","7":"product_tag-hemorroide","8":"product_tag-krem","9":"product_tag-krem-hemorroidesh","10":"product_tag-krem-per-hemorroide","11":"product_tag-kremi-i-hemorroideve","12":"product_tag-majasell","14":"first","15":"instock","16":"shipping-taxable","17":"purchasable","18":"product-type-simple"},"acf":[],"jetpack-related-posts":[],"jetpack_sharing_enabled":true,"_links":{"self":[{"href":"https:\/\/gjiniherbal.com\/sq\/wp-json\/wp\/v2\/product\/1364","targetHints":{"allow":["GET"]}}],"collection":[{"href":"https:\/\/gjiniherbal.com\/sq\/wp-json\/wp\/v2\/product"}],"about":[{"href":"https:\/\/gjiniherbal.com\/sq\/wp-json\/wp\/v2\/types\/product"}],"wp:featuredmedia":[{"embeddable":true,"href":"https:\/\/gjiniherbal.com\/sq\/wp-json\/wp\/v2\/media\/1722"}],"wp:attachment":[{"href":"https:\/\/gjiniherbal.com\/sq\/wp-json\/wp\/v2\/media?parent=1364"}],"wp:term":[{"taxonomy":"product_brand","embeddable":true,"href":"https:\/\/gjiniherbal.com\/sq\/wp-json\/wp\/v2\/product_brand?post=1364"},{"taxonomy":"product_cat","embeddable":true,"href":"https:\/\/gjiniherbal.com\/sq\/wp-json\/wp\/v2\/product_cat?post=1364"},{"taxonomy":"product_tag","embeddable":true,"href":"https:\/\/gjiniherbal.com\/sq\/wp-json\/wp\/v2\/product_tag?post=1364"}],"curies":[{"name":"wp","href":"https:\/\/api.w.org\/{rel}","templated":true}]}}