{"id":1352,"date":"2022-07-27T17:53:56","date_gmt":"2022-07-27T15:53:56","guid":{"rendered":"https:\/\/gjiniherbal.com\/?post_type=product&#038;p=1352"},"modified":"2023-10-17T16:03:30","modified_gmt":"2023-10-17T14:03:30","slug":"vajguri","status":"publish","type":"product","link":"https:\/\/gjiniherbal.com\/sq\/produkt\/vajra-vegjetale\/vajguri\/","title":{"rendered":"Vajguri"},"content":{"rendered":"<p>Vajguri Farmaceutik i quajtur ndryshe si Kerozina, sh\u00ebrben p\u00ebr dekontaminim t\u00eb trupit, rigjenerim, sh\u00ebrim nga s\u00ebmundjet dhe plag\u00ebt. Shum\u00eb raste kan\u00eb d\u00ebshmuar q\u00eb mund t\u00eb sh\u00ebroj\u00eb kancerin, tumorin, metastaz\u00ebn, s\u00ebmundjen e prostat\u00ebs, diabetin, pengesat e metabolizmit dhe shum\u00eb s\u00ebmundje t\u00eb tjera.<\/p>\n<p>P\u00ebr \u00e7far\u00eb iu ndihmon?<\/p>\n<p>&#8211; Rregullon problemet e stomakut<br \/>\n&#8211; Pastron zorr\u00ebn e trash\u00eb<br \/>\n&#8211; Ndihmon p\u00ebr kapsll\u00ebkun<br \/>\n&#8211; Ndihmon p\u00ebr prostat\u00ebn<br \/>\n&#8211; Lufton diabetin, tumoret<br \/>\n&#8211; Lufton reumatizm\u00ebn, artritin<br \/>\n&#8211; P\u00ebrshpejton metabolizmin<\/p>\n<p>Sasia: 100 ml.<\/p>\n<p>&nbsp;<\/p>\n<div class='et-box et-shadow'>\n\t\t\t\t\t<div class='et-box-content'>M\u00ebnyra e p\u00ebrdorimit: Nj\u00eb lug\u00eb \u00e7aji es\u00ebll n\u00eb m\u00ebngjes. Kujdes: Kerozina + Hemoterapia &#8211; Ky kombinim nuk rekomandohet.<\/div><\/div>","protected":false},"excerpt":{"rendered":"<p>&#8211; Rregullon problemet e stomakut<br \/>\n&#8211; Pastron zorr\u00ebn e trash\u00eb<br \/>\n&#8211; Ndihmon p\u00ebr kapsll\u00ebkun<br \/>\n&#8211; Ndihmon p\u00ebr prostat\u00ebn<br \/>\n&#8211; Lufton diabetin, tumoret<br \/>\n&#8211; Lufton reumatizm\u00ebn, artritin<br \/>\n&#8211; P\u00ebrshpejton metabolizmin<\/p>","protected":false},"featured_media":1755,"template":"","meta":{"_acf_changed":false,"_et_pb_use_builder":"","_et_pb_old_content":"","_et_gb_content_width":"","_monsterinsights_skip_tracking":false,"_monsterinsights_sitenote_active":false,"_monsterinsights_sitenote_note":"","_monsterinsights_sitenote_category":0,"_joinchat":[]},"product_brand":[],"product_cat":[503],"product_tag":[723,587,795,724,646],"class_list":{"0":"post-1352","1":"product","2":"type-product","3":"status-publish","4":"has-post-thumbnail","6":"product_cat-vajra-vegjetale","7":"product_tag-kerozina","8":"product_tag-stomaku","9":"product_tag-tretje","10":"product_tag-vajguri","11":"product_tag-zorret","13":"first","14":"instock","15":"shipping-taxable","16":"purchasable","17":"product-type-simple"},"acf":[],"jetpack-related-posts":[],"jetpack_sharing_enabled":true,"_links":{"self":[{"href":"https:\/\/gjiniherbal.com\/sq\/wp-json\/wp\/v2\/product\/1352","targetHints":{"allow":["GET"]}}],"collection":[{"href":"https:\/\/gjiniherbal.com\/sq\/wp-json\/wp\/v2\/product"}],"about":[{"href":"https:\/\/gjiniherbal.com\/sq\/wp-json\/wp\/v2\/types\/product"}],"wp:featuredmedia":[{"embeddable":true,"href":"https:\/\/gjiniherbal.com\/sq\/wp-json\/wp\/v2\/media\/1755"}],"wp:attachment":[{"href":"https:\/\/gjiniherbal.com\/sq\/wp-json\/wp\/v2\/media?parent=1352"}],"wp:term":[{"taxonomy":"product_brand","embeddable":true,"href":"https:\/\/gjiniherbal.com\/sq\/wp-json\/wp\/v2\/product_brand?post=1352"},{"taxonomy":"product_cat","embeddable":true,"href":"https:\/\/gjiniherbal.com\/sq\/wp-json\/wp\/v2\/product_cat?post=1352"},{"taxonomy":"product_tag","embeddable":true,"href":"https:\/\/gjiniherbal.com\/sq\/wp-json\/wp\/v2\/product_tag?post=1352"}],"curies":[{"name":"wp","href":"https:\/\/api.w.org\/{rel}","templated":true}]}}