{"id":1350,"date":"2022-07-27T17:29:13","date_gmt":"2022-07-27T15:29:13","guid":{"rendered":"https:\/\/gjiniherbal.com\/?post_type=product&#038;p=1350"},"modified":"2026-04-10T18:43:43","modified_gmt":"2026-04-10T16:43:43","slug":"vaji-i-paraziteve","status":"publish","type":"product","link":"https:\/\/gjiniherbal.com\/sq\/produkt\/vajra-vegjetale\/vaji-i-paraziteve\/","title":{"rendered":"Vaj parazitesh"},"content":{"rendered":"<p>Ke probleme me tretjen nga parazit\u00ebt, krimbat?<\/p>\n<p>Nj\u00eb nga problemet kryesore q\u00eb hasim tek sistemi tret\u00ebs \u00ebsht\u00eb prania e parazit\u00ebve, krimbave, lambiave.<\/p>\n<p>Papast\u00ebrtit\u00eb e produkteve ushqimore, higjiena e dob\u00ebt personale, infeksionet, klima e ngroht\u00eb e koh\u00ebve t\u00eb fundit sjellin shfaqjen e s\u00ebmundjeve t\u00eb parazit\u00ebve, kryesisht n\u00eb zorr\u00eb.<br \/>\nSidomos n\u00eb k\u00ebt\u00eb peridh\u00eb, qendrat sh\u00ebndet\u00ebsore t\u00eb vendit raportojn\u00eb rritje t\u00eb shum\u00ebfisht\u00eb t\u00eb k\u00ebsaj diagnoze.<\/p>\n<p>F\u00ebmij\u00ebt e prekur nga parazit\u00ebt mund t\u00eb ken\u00eb probleme me rritjen dhe zhvillimin. T\u00eb rriturit t\u00eb prekur nga parazit\u00ebt e zorr\u00ebve, shiriti ose llojet e Askarideve dhe lambies p\u00ebrjetojn\u00eb probleme t\u00eb konsiderueshme sh\u00ebndet\u00ebsore.<br \/>\nNd\u00ebrsa f\u00ebmij\u00ebt ngelen m\u00eb t\u00eb prekurit prek kopshteve dhe shkollave, edhe t\u00eb rriturit ndikohen nga k\u00ebto probleme.<\/p>\n<p>Infeksionet parazitare t\u00eb k\u00ebsaj natyre nuk jan\u00eb aspak t\u00eb rralla n\u00eb vendin ton\u00eb. Sidomos vjeshta \u00ebsht\u00eb nj\u00eb periudhat me shfaqjen m\u00eb t\u00eb lart\u00eb t\u00eb s\u00ebmundshm\u00ebrive nga parazit\u00ebt.<\/p>\n<p>P\u00ebrb\u00ebr\u00ebsit: Vaj kastori, vaj kungulli, vaj hudhre.<\/p>\n<p>P\u00ebrfitimet sh\u00ebndet\u00ebsore:<\/p>\n<p>&#8211; Pastron zorr\u00ebn e trash\u00eb<br \/>\n&#8211; Liron dhimbjet e stomakut<br \/>\n&#8211; Kund\u00ebr krimbave dhe lambiave<br \/>\n&#8211; Lufton kapsll\u00ebkun<br \/>\n&#8211; Lufton kolitin<br \/>\n&#8211; P\u00ebrmir\u00ebson tretjen<\/p>\n<p>Sasia: 100 ml.<\/p>\n<p>&nbsp;<\/p>\n<div class='et-box et-shadow'>\n\t\t\t\t\t<div class='et-box-content'>M\u00ebnyra e p\u00ebrdorimit: Rekomandohet nga mjeku sipas mosh\u00ebs.<\/div><\/div>","protected":false},"excerpt":{"rendered":"<p>&#8211; Pastron zorr\u00ebn e trash\u00eb<br \/>\n&#8211; Liron dhimbjet e stomakut<br \/>\n&#8211; Kund\u00ebr krimbave dhe lambiave<br \/>\n&#8211; Lufton kapsll\u00ebkun<br \/>\n&#8211; Lufton kolitin<br \/>\n&#8211; P\u00ebrmir\u00ebson tretjen<\/p>","protected":false},"featured_media":1714,"template":"","meta":{"_acf_changed":false,"_et_pb_use_builder":"","_et_pb_old_content":"","_et_gb_content_width":"","_monsterinsights_skip_tracking":false,"_monsterinsights_sitenote_active":false,"_monsterinsights_sitenote_note":"","_monsterinsights_sitenote_category":0,"_joinchat":[]},"product_brand":[],"product_cat":[503],"product_tag":[722,720,721,1112,1111,661],"class_list":{"0":"post-1350","1":"product","2":"type-product","3":"status-publish","4":"has-post-thumbnail","6":"product_cat-vajra-vegjetale","7":"product_tag-femije","8":"product_tag-lambia","9":"product_tag-parazite","10":"product_tag-vaji-i-paraziteve","11":"product_tag-vaji-parazitesh","12":"product_tag-zorre","14":"first","15":"instock","16":"shipping-taxable","17":"purchasable","18":"product-type-simple"},"acf":[],"yoast_head":"<!-- This site is optimized with the Yoast SEO plugin v27.4 - https:\/\/yoast.com\/product\/yoast-seo-wordpress\/ -->\n<title>Vaj parazitesh - Gjini Herbal<\/title>\n<meta name=\"description\" content=\"Vaji i parazit\u00ebve pastron zorr\u00ebn e trash\u00eb, liron dhimbjet e stomakut, vepron kund\u00ebr krimbave dhe lambiave, lufton kapsll\u00ebkun, lufton kolitin, p\u00ebrmir\u00ebson tretjen.\" \/>\n<meta name=\"robots\" content=\"index, follow, max-snippet:-1, max-image-preview:large, max-video-preview:-1\" \/>\n<link rel=\"canonical\" href=\"https:\/\/gjiniherbal.com\/sq\/produkt\/vajra-vegjetale\/vaji-i-paraziteve\/\" \/>\n<meta property=\"og:locale\" content=\"sq_AL\" \/>\n<meta property=\"og:type\" content=\"article\" \/>\n<meta property=\"og:title\" content=\"Vaj parazitesh - Gjini Herbal\" \/>\n<meta property=\"og:description\" content=\"Vaji i parazit\u00ebve pastron zorr\u00ebn e trash\u00eb, liron dhimbjet e stomakut, vepron kund\u00ebr krimbave dhe lambiave, lufton kapsll\u00ebkun, lufton kolitin, p\u00ebrmir\u00ebson tretjen.\" \/>\n<meta property=\"og:url\" content=\"https:\/\/gjiniherbal.com\/sq\/produkt\/vajra-vegjetale\/vaji-i-paraziteve\/\" \/>\n<meta property=\"og:site_name\" content=\"Gjini Herbal\" \/>\n<meta property=\"article:publisher\" content=\"https:\/\/facebook.com\/gjiniherbal\" \/>\n<meta property=\"article:modified_time\" content=\"2026-04-10T16:43:43+00:00\" \/>\n<meta property=\"og:image\" content=\"https:\/\/gjiniherbal.com\/wp-content\/uploads\/2022\/07\/vaji-i-paraziteve-web.webp\" \/>\n\t<meta property=\"og:image:width\" content=\"1875\" \/>\n\t<meta property=\"og:image:height\" content=\"1875\" \/>\n\t<meta property=\"og:image:type\" content=\"image\/webp\" \/>\n<meta name=\"twitter:card\" content=\"summary_large_image\" \/>\n<meta name=\"twitter:label1\" content=\"Est. reading time\" \/>\n\t<meta name=\"twitter:data1\" content=\"1 minut\u00eb\" \/>\n<script type=\"application\/ld+json\" class=\"yoast-schema-graph\">{\"@context\":\"https:\\\/\\\/schema.org\",\"@graph\":[{\"@type\":\"WebPage\",\"@id\":\"https:\\\/\\\/gjiniherbal.com\\\/produkt\\\/vajra-vegjetale\\\/vaji-i-paraziteve\\\/\",\"url\":\"https:\\\/\\\/gjiniherbal.com\\\/produkt\\\/vajra-vegjetale\\\/vaji-i-paraziteve\\\/\",\"name\":\"Vaj parazitesh - Gjini Herbal\",\"isPartOf\":{\"@id\":\"https:\\\/\\\/gjiniherbal.com\\\/#website\"},\"primaryImageOfPage\":{\"@id\":\"https:\\\/\\\/gjiniherbal.com\\\/produkt\\\/vajra-vegjetale\\\/vaji-i-paraziteve\\\/#primaryimage\"},\"image\":{\"@id\":\"https:\\\/\\\/gjiniherbal.com\\\/produkt\\\/vajra-vegjetale\\\/vaji-i-paraziteve\\\/#primaryimage\"},\"thumbnailUrl\":\"https:\\\/\\\/gjiniherbal.com\\\/wp-content\\\/uploads\\\/2022\\\/07\\\/vaji-i-paraziteve-web.webp\",\"datePublished\":\"2022-07-27T15:29:13+00:00\",\"dateModified\":\"2026-04-10T16:43:43+00:00\",\"description\":\"Vaji i parazit\u00ebve pastron zorr\u00ebn e trash\u00eb, liron dhimbjet e stomakut, vepron kund\u00ebr krimbave dhe lambiave, lufton kapsll\u00ebkun, lufton kolitin, p\u00ebrmir\u00ebson tretjen.\",\"breadcrumb\":{\"@id\":\"https:\\\/\\\/gjiniherbal.com\\\/produkt\\\/vajra-vegjetale\\\/vaji-i-paraziteve\\\/#breadcrumb\"},\"inLanguage\":\"sq\",\"potentialAction\":[{\"@type\":\"ReadAction\",\"target\":[\"https:\\\/\\\/gjiniherbal.com\\\/produkt\\\/vajra-vegjetale\\\/vaji-i-paraziteve\\\/\"]}]},{\"@type\":\"ImageObject\",\"inLanguage\":\"sq\",\"@id\":\"https:\\\/\\\/gjiniherbal.com\\\/produkt\\\/vajra-vegjetale\\\/vaji-i-paraziteve\\\/#primaryimage\",\"url\":\"https:\\\/\\\/gjiniherbal.com\\\/wp-content\\\/uploads\\\/2022\\\/07\\\/vaji-i-paraziteve-web.webp\",\"contentUrl\":\"https:\\\/\\\/gjiniherbal.com\\\/wp-content\\\/uploads\\\/2022\\\/07\\\/vaji-i-paraziteve-web.webp\",\"width\":1875,\"height\":1875,\"caption\":\"vaji i paraziteve\"},{\"@type\":\"BreadcrumbList\",\"@id\":\"https:\\\/\\\/gjiniherbal.com\\\/produkt\\\/vajra-vegjetale\\\/vaji-i-paraziteve\\\/#breadcrumb\",\"itemListElement\":[{\"@type\":\"ListItem\",\"position\":1,\"name\":\"Home\",\"item\":\"https:\\\/\\\/gjiniherbal.com\\\/en_us\\\/\"},{\"@type\":\"ListItem\",\"position\":2,\"name\":\"Shop\",\"item\":\"https:\\\/\\\/gjiniherbal.com\\\/en_us\\\/shop\\\/\"},{\"@type\":\"ListItem\",\"position\":3,\"name\":\"Vaj parazitesh\"}]},{\"@type\":\"WebSite\",\"@id\":\"https:\\\/\\\/gjiniherbal.com\\\/#website\",\"url\":\"https:\\\/\\\/gjiniherbal.com\\\/\",\"name\":\"Gjini Herbal\",\"description\":\"Produkte Natyrale\",\"publisher\":{\"@id\":\"https:\\\/\\\/gjiniherbal.com\\\/#organization\"},\"potentialAction\":[{\"@type\":\"SearchAction\",\"target\":{\"@type\":\"EntryPoint\",\"urlTemplate\":\"https:\\\/\\\/gjiniherbal.com\\\/?s={search_term_string}\"},\"query-input\":{\"@type\":\"PropertyValueSpecification\",\"valueRequired\":true,\"valueName\":\"search_term_string\"}}],\"inLanguage\":\"sq\"},{\"@type\":\"Organization\",\"@id\":\"https:\\\/\\\/gjiniherbal.com\\\/#organization\",\"name\":\"Gjini Herbal\",\"url\":\"https:\\\/\\\/gjiniherbal.com\\\/\",\"logo\":{\"@type\":\"ImageObject\",\"inLanguage\":\"sq\",\"@id\":\"https:\\\/\\\/gjiniherbal.com\\\/#\\\/schema\\\/logo\\\/image\\\/\",\"url\":\"https:\\\/\\\/gjiniherbal.com\\\/wp-content\\\/uploads\\\/2022\\\/07\\\/gjini-herbal-logo.png\",\"contentUrl\":\"https:\\\/\\\/gjiniherbal.com\\\/wp-content\\\/uploads\\\/2022\\\/07\\\/gjini-herbal-logo.png\",\"width\":652,\"height\":262,\"caption\":\"Gjini Herbal\"},\"image\":{\"@id\":\"https:\\\/\\\/gjiniherbal.com\\\/#\\\/schema\\\/logo\\\/image\\\/\"},\"sameAs\":[\"https:\\\/\\\/facebook.com\\\/gjiniherbal\",\"https:\\\/\\\/instagram.com\\\/gjiniherbal\",\"https:\\\/\\\/www.youtube.com\\\/channel\\\/UC_tHHueG-qxycnvdro4jHtQ\"]}]}<\/script>\n<!-- \/ Yoast SEO plugin. -->","yoast_head_json":{"title":"Vaj parazitesh - Gjini Herbal","description":"Vaji i parazit\u00ebve pastron zorr\u00ebn e trash\u00eb, liron dhimbjet e stomakut, vepron kund\u00ebr krimbave dhe lambiave, lufton kapsll\u00ebkun, lufton kolitin, p\u00ebrmir\u00ebson tretjen.","robots":{"index":"index","follow":"follow","max-snippet":"max-snippet:-1","max-image-preview":"max-image-preview:large","max-video-preview":"max-video-preview:-1"},"canonical":"https:\/\/gjiniherbal.com\/sq\/produkt\/vajra-vegjetale\/vaji-i-paraziteve\/","og_locale":"sq_AL","og_type":"article","og_title":"Vaj parazitesh - Gjini Herbal","og_description":"Vaji i parazit\u00ebve pastron zorr\u00ebn e trash\u00eb, liron dhimbjet e stomakut, vepron kund\u00ebr krimbave dhe lambiave, lufton kapsll\u00ebkun, lufton kolitin, p\u00ebrmir\u00ebson tretjen.","og_url":"https:\/\/gjiniherbal.com\/sq\/produkt\/vajra-vegjetale\/vaji-i-paraziteve\/","og_site_name":"Gjini Herbal","article_publisher":"https:\/\/facebook.com\/gjiniherbal","article_modified_time":"2026-04-10T16:43:43+00:00","og_image":[{"width":1875,"height":1875,"url":"https:\/\/gjiniherbal.com\/wp-content\/uploads\/2022\/07\/vaji-i-paraziteve-web.webp","type":"image\/webp"}],"twitter_card":"summary_large_image","twitter_misc":{"Est. reading time":"1 minut\u00eb"},"schema":{"@context":"https:\/\/schema.org","@graph":[{"@type":"WebPage","@id":"https:\/\/gjiniherbal.com\/produkt\/vajra-vegjetale\/vaji-i-paraziteve\/","url":"https:\/\/gjiniherbal.com\/produkt\/vajra-vegjetale\/vaji-i-paraziteve\/","name":"Vaj parazitesh - Gjini Herbal","isPartOf":{"@id":"https:\/\/gjiniherbal.com\/#website"},"primaryImageOfPage":{"@id":"https:\/\/gjiniherbal.com\/produkt\/vajra-vegjetale\/vaji-i-paraziteve\/#primaryimage"},"image":{"@id":"https:\/\/gjiniherbal.com\/produkt\/vajra-vegjetale\/vaji-i-paraziteve\/#primaryimage"},"thumbnailUrl":"https:\/\/gjiniherbal.com\/wp-content\/uploads\/2022\/07\/vaji-i-paraziteve-web.webp","datePublished":"2022-07-27T15:29:13+00:00","dateModified":"2026-04-10T16:43:43+00:00","description":"Vaji i parazit\u00ebve pastron zorr\u00ebn e trash\u00eb, liron dhimbjet e stomakut, vepron kund\u00ebr krimbave dhe lambiave, lufton kapsll\u00ebkun, lufton kolitin, p\u00ebrmir\u00ebson tretjen.","breadcrumb":{"@id":"https:\/\/gjiniherbal.com\/produkt\/vajra-vegjetale\/vaji-i-paraziteve\/#breadcrumb"},"inLanguage":"sq","potentialAction":[{"@type":"ReadAction","target":["https:\/\/gjiniherbal.com\/produkt\/vajra-vegjetale\/vaji-i-paraziteve\/"]}]},{"@type":"ImageObject","inLanguage":"sq","@id":"https:\/\/gjiniherbal.com\/produkt\/vajra-vegjetale\/vaji-i-paraziteve\/#primaryimage","url":"https:\/\/gjiniherbal.com\/wp-content\/uploads\/2022\/07\/vaji-i-paraziteve-web.webp","contentUrl":"https:\/\/gjiniherbal.com\/wp-content\/uploads\/2022\/07\/vaji-i-paraziteve-web.webp","width":1875,"height":1875,"caption":"vaji i paraziteve"},{"@type":"BreadcrumbList","@id":"https:\/\/gjiniherbal.com\/produkt\/vajra-vegjetale\/vaji-i-paraziteve\/#breadcrumb","itemListElement":[{"@type":"ListItem","position":1,"name":"Home","item":"https:\/\/gjiniherbal.com\/en_us\/"},{"@type":"ListItem","position":2,"name":"Shop","item":"https:\/\/gjiniherbal.com\/en_us\/shop\/"},{"@type":"ListItem","position":3,"name":"Vaj parazitesh"}]},{"@type":"WebSite","@id":"https:\/\/gjiniherbal.com\/#website","url":"https:\/\/gjiniherbal.com\/","name":"Gjini Herbal","description":"Produkte Natyrale","publisher":{"@id":"https:\/\/gjiniherbal.com\/#organization"},"potentialAction":[{"@type":"SearchAction","target":{"@type":"EntryPoint","urlTemplate":"https:\/\/gjiniherbal.com\/?s={search_term_string}"},"query-input":{"@type":"PropertyValueSpecification","valueRequired":true,"valueName":"search_term_string"}}],"inLanguage":"sq"},{"@type":"Organization","@id":"https:\/\/gjiniherbal.com\/#organization","name":"Gjini Herbal","url":"https:\/\/gjiniherbal.com\/","logo":{"@type":"ImageObject","inLanguage":"sq","@id":"https:\/\/gjiniherbal.com\/#\/schema\/logo\/image\/","url":"https:\/\/gjiniherbal.com\/wp-content\/uploads\/2022\/07\/gjini-herbal-logo.png","contentUrl":"https:\/\/gjiniherbal.com\/wp-content\/uploads\/2022\/07\/gjini-herbal-logo.png","width":652,"height":262,"caption":"Gjini Herbal"},"image":{"@id":"https:\/\/gjiniherbal.com\/#\/schema\/logo\/image\/"},"sameAs":["https:\/\/facebook.com\/gjiniherbal","https:\/\/instagram.com\/gjiniherbal","https:\/\/www.youtube.com\/channel\/UC_tHHueG-qxycnvdro4jHtQ"]}]}},"jetpack-related-posts":[],"jetpack_sharing_enabled":true,"_links":{"self":[{"href":"https:\/\/gjiniherbal.com\/sq\/wp-json\/wp\/v2\/product\/1350","targetHints":{"allow":["GET"]}}],"collection":[{"href":"https:\/\/gjiniherbal.com\/sq\/wp-json\/wp\/v2\/product"}],"about":[{"href":"https:\/\/gjiniherbal.com\/sq\/wp-json\/wp\/v2\/types\/product"}],"wp:featuredmedia":[{"embeddable":true,"href":"https:\/\/gjiniherbal.com\/sq\/wp-json\/wp\/v2\/media\/1714"}],"wp:attachment":[{"href":"https:\/\/gjiniherbal.com\/sq\/wp-json\/wp\/v2\/media?parent=1350"}],"wp:term":[{"taxonomy":"product_brand","embeddable":true,"href":"https:\/\/gjiniherbal.com\/sq\/wp-json\/wp\/v2\/product_brand?post=1350"},{"taxonomy":"product_cat","embeddable":true,"href":"https:\/\/gjiniherbal.com\/sq\/wp-json\/wp\/v2\/product_cat?post=1350"},{"taxonomy":"product_tag","embeddable":true,"href":"https:\/\/gjiniherbal.com\/sq\/wp-json\/wp\/v2\/product_tag?post=1350"}],"curies":[{"name":"wp","href":"https:\/\/api.w.org\/{rel}","templated":true}]}}