{"id":1328,"date":"2022-07-25T22:24:58","date_gmt":"2022-07-25T20:24:58","guid":{"rendered":"https:\/\/gjiniherbal.com\/?post_type=product&#038;p=1328"},"modified":"2024-01-18T19:53:34","modified_gmt":"2024-01-18T18:53:34","slug":"mjalti-anemi-stop","status":"publish","type":"product","link":"https:\/\/gjiniherbal.com\/sq\/produkt\/produktet-mjaltit\/mjalti-anemi-stop\/","title":{"rendered":"Mjalti AnemiStop"},"content":{"rendered":"<p>Mjalti AnemiStop \u00ebsht\u00eb i pasur me vitamina, minerale, si dhe detoksifikon dhe forcon organizmin ton\u00eb.<\/p>\n<p>Ky mjalt\u00eb \u00ebsht\u00eb nj\u00eb burim i pasur i vitaminave B, antioksidant\u00ebve si vitamina C, D dhe E, vitamin\u00ebs A, omega-6, si dhe nj\u00eb burim i pasur i l\u00ebnd\u00ebve ushqyese minerale si kaliumi, magnez, hekuri, zinku dhe kal\u00e7iumi.<\/p>\n<p>P\u00ebrfitimet sh\u00ebndet\u00ebsore:<\/p>\n<p>&#8211; Ndihmon kund\u00ebr anemis\u00eb<br \/>\n&#8211; Detoksifikon dhe rigjeneron m\u00ebl\u00e7in\u00eb<br \/>\n&#8211; Rrit imunitetin<br \/>\n&#8211; Rrit nivelin e hekurit n\u00eb trup<\/p>\n<p>P\u00ebrb\u00ebr\u00ebsit: Mjalt\u00eb, alga spirulina, koriand\u00ebr, turmerik, pluhur hithre.<\/p>\n<p>Sasia: 400 gr.<\/p>\n<p>&nbsp;<\/p>\n<div class='et-box et-shadow'>\n\t\t\t\t\t<div class='et-box-content'>M\u00ebnyra e p\u00ebrdorimit: Rekomandohet t\u00eb merrni 1 lug\u00eb \u00e7aji es\u00ebll, n\u00eb m\u00ebngjes dhe n\u00eb mbr\u00ebmje.<\/div><\/div>","protected":false},"excerpt":{"rendered":"<p>&#8211; Ndihmon kund\u00ebr anemis\u00eb<br \/>\n&#8211; Detoksifikon dhe rigjeneron m\u00ebl\u00e7in\u00eb<br \/>\n&#8211; Rrit imunitetin<br \/>\n&#8211; Rrit nivelin e hekurit n\u00eb trup<\/p>","protected":false},"featured_media":1739,"template":"","meta":{"_acf_changed":false,"_et_pb_use_builder":"","_et_pb_old_content":"","_et_gb_content_width":"","_monsterinsights_skip_tracking":false,"_monsterinsights_sitenote_active":false,"_monsterinsights_sitenote_note":"","_monsterinsights_sitenote_category":0,"_joinchat":[]},"product_brand":[],"product_cat":[838],"product_tag":[632,881,714,710,882],"class_list":{"0":"post-1328","1":"product","2":"type-product","3":"status-publish","4":"has-post-thumbnail","6":"product_cat-produktet-mjaltit","7":"product_tag-anemi","8":"product_tag-anemia","9":"product_tag-imunitet","10":"product_tag-mjalte","11":"product_tag-mjalti-anemise","13":"first","14":"instock","15":"shipping-taxable","16":"purchasable","17":"product-type-simple"},"acf":[],"yoast_head":"<!-- This site is optimized with the Yoast SEO plugin v27.4 - https:\/\/yoast.com\/product\/yoast-seo-wordpress\/ -->\n<title>Mjalti AnemiStop - Gjini Herbal<\/title>\n<meta name=\"description\" content=\"Mjalti AnemiStop \u00ebsht\u00eb i pasur me vitamina, minerale, si dhe detoksifikon dhe forcon organizmin ton\u00eb.Ky mjalt\u00eb \u00ebsht\u00eb nj\u00eb burim i pasur i vitaminave B, antioksidant\u00ebve si vitamina C, D dhe E, vitamin\u00ebs A, omega-6, si dhe nj\u00eb burim i pasur i l\u00ebnd\u00ebve ushqyese minerale si kaliumi, magnez, hekuri, zinku dhe kal\u00e7iumi.\" \/>\n<meta name=\"robots\" content=\"index, follow, max-snippet:-1, max-image-preview:large, max-video-preview:-1\" \/>\n<link rel=\"canonical\" href=\"https:\/\/gjiniherbal.com\/sq\/produkt\/produktet-mjaltit\/mjalti-anemi-stop\/\" \/>\n<meta property=\"og:locale\" content=\"sq_AL\" \/>\n<meta property=\"og:type\" content=\"article\" \/>\n<meta property=\"og:title\" content=\"Mjalti AnemiStop - Gjini Herbal\" \/>\n<meta property=\"og:description\" content=\"Mjalti AnemiStop \u00ebsht\u00eb i pasur me vitamina, minerale, si dhe detoksifikon dhe forcon organizmin ton\u00eb.Ky mjalt\u00eb \u00ebsht\u00eb nj\u00eb burim i pasur i vitaminave B, antioksidant\u00ebve si vitamina C, D dhe E, vitamin\u00ebs A, omega-6, si dhe nj\u00eb burim i pasur i l\u00ebnd\u00ebve ushqyese minerale si kaliumi, magnez, hekuri, zinku dhe kal\u00e7iumi.\" \/>\n<meta property=\"og:url\" content=\"https:\/\/gjiniherbal.com\/sq\/produkt\/produktet-mjaltit\/mjalti-anemi-stop\/\" \/>\n<meta property=\"og:site_name\" content=\"Gjini Herbal\" \/>\n<meta property=\"article:publisher\" content=\"https:\/\/facebook.com\/gjiniherbal\" \/>\n<meta property=\"article:modified_time\" content=\"2024-01-18T18:53:34+00:00\" \/>\n<meta property=\"og:image\" content=\"https:\/\/gjiniherbal.com\/wp-content\/uploads\/2022\/07\/mjalti-anemistop-web.webp\" \/>\n\t<meta property=\"og:image:width\" content=\"1250\" \/>\n\t<meta property=\"og:image:height\" content=\"1250\" \/>\n\t<meta property=\"og:image:type\" content=\"image\/webp\" \/>\n<meta name=\"twitter:card\" content=\"summary_large_image\" \/>\n<meta name=\"twitter:label1\" content=\"Est. reading time\" \/>\n\t<meta name=\"twitter:data1\" content=\"1 minut\u00eb\" \/>\n<script type=\"application\/ld+json\" class=\"yoast-schema-graph\">{\"@context\":\"https:\\\/\\\/schema.org\",\"@graph\":[{\"@type\":\"WebPage\",\"@id\":\"https:\\\/\\\/gjiniherbal.com\\\/produkt\\\/produktet-mjaltit\\\/mjalti-anemi-stop\\\/\",\"url\":\"https:\\\/\\\/gjiniherbal.com\\\/produkt\\\/produktet-mjaltit\\\/mjalti-anemi-stop\\\/\",\"name\":\"Mjalti AnemiStop - Gjini Herbal\",\"isPartOf\":{\"@id\":\"https:\\\/\\\/gjiniherbal.com\\\/#website\"},\"primaryImageOfPage\":{\"@id\":\"https:\\\/\\\/gjiniherbal.com\\\/produkt\\\/produktet-mjaltit\\\/mjalti-anemi-stop\\\/#primaryimage\"},\"image\":{\"@id\":\"https:\\\/\\\/gjiniherbal.com\\\/produkt\\\/produktet-mjaltit\\\/mjalti-anemi-stop\\\/#primaryimage\"},\"thumbnailUrl\":\"https:\\\/\\\/gjiniherbal.com\\\/wp-content\\\/uploads\\\/2022\\\/07\\\/mjalti-anemistop-web.webp\",\"datePublished\":\"2022-07-25T20:24:58+00:00\",\"dateModified\":\"2024-01-18T18:53:34+00:00\",\"description\":\"Mjalti AnemiStop \u00ebsht\u00eb i pasur me vitamina, minerale, si dhe detoksifikon dhe forcon organizmin ton\u00eb.Ky mjalt\u00eb \u00ebsht\u00eb nj\u00eb burim i pasur i vitaminave B, antioksidant\u00ebve si vitamina C, D dhe E, vitamin\u00ebs A, omega-6, si dhe nj\u00eb burim i pasur i l\u00ebnd\u00ebve ushqyese minerale si kaliumi, magnez, hekuri, zinku dhe kal\u00e7iumi.\",\"breadcrumb\":{\"@id\":\"https:\\\/\\\/gjiniherbal.com\\\/produkt\\\/produktet-mjaltit\\\/mjalti-anemi-stop\\\/#breadcrumb\"},\"inLanguage\":\"sq\",\"potentialAction\":[{\"@type\":\"ReadAction\",\"target\":[\"https:\\\/\\\/gjiniherbal.com\\\/produkt\\\/produktet-mjaltit\\\/mjalti-anemi-stop\\\/\"]}]},{\"@type\":\"ImageObject\",\"inLanguage\":\"sq\",\"@id\":\"https:\\\/\\\/gjiniherbal.com\\\/produkt\\\/produktet-mjaltit\\\/mjalti-anemi-stop\\\/#primaryimage\",\"url\":\"https:\\\/\\\/gjiniherbal.com\\\/wp-content\\\/uploads\\\/2022\\\/07\\\/mjalti-anemistop-web.webp\",\"contentUrl\":\"https:\\\/\\\/gjiniherbal.com\\\/wp-content\\\/uploads\\\/2022\\\/07\\\/mjalti-anemistop-web.webp\",\"width\":1250,\"height\":1250,\"caption\":\"mjalti anemistop\"},{\"@type\":\"BreadcrumbList\",\"@id\":\"https:\\\/\\\/gjiniherbal.com\\\/produkt\\\/produktet-mjaltit\\\/mjalti-anemi-stop\\\/#breadcrumb\",\"itemListElement\":[{\"@type\":\"ListItem\",\"position\":1,\"name\":\"Home\",\"item\":\"https:\\\/\\\/gjiniherbal.com\\\/en_us\\\/\"},{\"@type\":\"ListItem\",\"position\":2,\"name\":\"Shop\",\"item\":\"https:\\\/\\\/gjiniherbal.com\\\/en_us\\\/shop\\\/\"},{\"@type\":\"ListItem\",\"position\":3,\"name\":\"Mjalti AnemiStop\"}]},{\"@type\":\"WebSite\",\"@id\":\"https:\\\/\\\/gjiniherbal.com\\\/#website\",\"url\":\"https:\\\/\\\/gjiniherbal.com\\\/\",\"name\":\"Gjini Herbal\",\"description\":\"Produkte Natyrale\",\"publisher\":{\"@id\":\"https:\\\/\\\/gjiniherbal.com\\\/#organization\"},\"potentialAction\":[{\"@type\":\"SearchAction\",\"target\":{\"@type\":\"EntryPoint\",\"urlTemplate\":\"https:\\\/\\\/gjiniherbal.com\\\/?s={search_term_string}\"},\"query-input\":{\"@type\":\"PropertyValueSpecification\",\"valueRequired\":true,\"valueName\":\"search_term_string\"}}],\"inLanguage\":\"sq\"},{\"@type\":\"Organization\",\"@id\":\"https:\\\/\\\/gjiniherbal.com\\\/#organization\",\"name\":\"Gjini Herbal\",\"url\":\"https:\\\/\\\/gjiniherbal.com\\\/\",\"logo\":{\"@type\":\"ImageObject\",\"inLanguage\":\"sq\",\"@id\":\"https:\\\/\\\/gjiniherbal.com\\\/#\\\/schema\\\/logo\\\/image\\\/\",\"url\":\"https:\\\/\\\/gjiniherbal.com\\\/wp-content\\\/uploads\\\/2022\\\/07\\\/gjini-herbal-logo.png\",\"contentUrl\":\"https:\\\/\\\/gjiniherbal.com\\\/wp-content\\\/uploads\\\/2022\\\/07\\\/gjini-herbal-logo.png\",\"width\":652,\"height\":262,\"caption\":\"Gjini Herbal\"},\"image\":{\"@id\":\"https:\\\/\\\/gjiniherbal.com\\\/#\\\/schema\\\/logo\\\/image\\\/\"},\"sameAs\":[\"https:\\\/\\\/facebook.com\\\/gjiniherbal\",\"https:\\\/\\\/instagram.com\\\/gjiniherbal\",\"https:\\\/\\\/www.youtube.com\\\/channel\\\/UC_tHHueG-qxycnvdro4jHtQ\"]}]}<\/script>\n<!-- \/ Yoast SEO plugin. -->","yoast_head_json":{"title":"Mjalti AnemiStop - Gjini Herbal","description":"Mjalti AnemiStop \u00ebsht\u00eb i pasur me vitamina, minerale, si dhe detoksifikon dhe forcon organizmin ton\u00eb.Ky mjalt\u00eb \u00ebsht\u00eb nj\u00eb burim i pasur i vitaminave B, antioksidant\u00ebve si vitamina C, D dhe E, vitamin\u00ebs A, omega-6, si dhe nj\u00eb burim i pasur i l\u00ebnd\u00ebve ushqyese minerale si kaliumi, magnez, hekuri, zinku dhe kal\u00e7iumi.","robots":{"index":"index","follow":"follow","max-snippet":"max-snippet:-1","max-image-preview":"max-image-preview:large","max-video-preview":"max-video-preview:-1"},"canonical":"https:\/\/gjiniherbal.com\/sq\/produkt\/produktet-mjaltit\/mjalti-anemi-stop\/","og_locale":"sq_AL","og_type":"article","og_title":"Mjalti AnemiStop - Gjini Herbal","og_description":"Mjalti AnemiStop \u00ebsht\u00eb i pasur me vitamina, minerale, si dhe detoksifikon dhe forcon organizmin ton\u00eb.Ky mjalt\u00eb \u00ebsht\u00eb nj\u00eb burim i pasur i vitaminave B, antioksidant\u00ebve si vitamina C, D dhe E, vitamin\u00ebs A, omega-6, si dhe nj\u00eb burim i pasur i l\u00ebnd\u00ebve ushqyese minerale si kaliumi, magnez, hekuri, zinku dhe kal\u00e7iumi.","og_url":"https:\/\/gjiniherbal.com\/sq\/produkt\/produktet-mjaltit\/mjalti-anemi-stop\/","og_site_name":"Gjini Herbal","article_publisher":"https:\/\/facebook.com\/gjiniherbal","article_modified_time":"2024-01-18T18:53:34+00:00","og_image":[{"width":1250,"height":1250,"url":"https:\/\/gjiniherbal.com\/wp-content\/uploads\/2022\/07\/mjalti-anemistop-web.webp","type":"image\/webp"}],"twitter_card":"summary_large_image","twitter_misc":{"Est. reading time":"1 minut\u00eb"},"schema":{"@context":"https:\/\/schema.org","@graph":[{"@type":"WebPage","@id":"https:\/\/gjiniherbal.com\/produkt\/produktet-mjaltit\/mjalti-anemi-stop\/","url":"https:\/\/gjiniherbal.com\/produkt\/produktet-mjaltit\/mjalti-anemi-stop\/","name":"Mjalti AnemiStop - Gjini Herbal","isPartOf":{"@id":"https:\/\/gjiniherbal.com\/#website"},"primaryImageOfPage":{"@id":"https:\/\/gjiniherbal.com\/produkt\/produktet-mjaltit\/mjalti-anemi-stop\/#primaryimage"},"image":{"@id":"https:\/\/gjiniherbal.com\/produkt\/produktet-mjaltit\/mjalti-anemi-stop\/#primaryimage"},"thumbnailUrl":"https:\/\/gjiniherbal.com\/wp-content\/uploads\/2022\/07\/mjalti-anemistop-web.webp","datePublished":"2022-07-25T20:24:58+00:00","dateModified":"2024-01-18T18:53:34+00:00","description":"Mjalti AnemiStop \u00ebsht\u00eb i pasur me vitamina, minerale, si dhe detoksifikon dhe forcon organizmin ton\u00eb.Ky mjalt\u00eb \u00ebsht\u00eb nj\u00eb burim i pasur i vitaminave B, antioksidant\u00ebve si vitamina C, D dhe E, vitamin\u00ebs A, omega-6, si dhe nj\u00eb burim i pasur i l\u00ebnd\u00ebve ushqyese minerale si kaliumi, magnez, hekuri, zinku dhe kal\u00e7iumi.","breadcrumb":{"@id":"https:\/\/gjiniherbal.com\/produkt\/produktet-mjaltit\/mjalti-anemi-stop\/#breadcrumb"},"inLanguage":"sq","potentialAction":[{"@type":"ReadAction","target":["https:\/\/gjiniherbal.com\/produkt\/produktet-mjaltit\/mjalti-anemi-stop\/"]}]},{"@type":"ImageObject","inLanguage":"sq","@id":"https:\/\/gjiniherbal.com\/produkt\/produktet-mjaltit\/mjalti-anemi-stop\/#primaryimage","url":"https:\/\/gjiniherbal.com\/wp-content\/uploads\/2022\/07\/mjalti-anemistop-web.webp","contentUrl":"https:\/\/gjiniherbal.com\/wp-content\/uploads\/2022\/07\/mjalti-anemistop-web.webp","width":1250,"height":1250,"caption":"mjalti anemistop"},{"@type":"BreadcrumbList","@id":"https:\/\/gjiniherbal.com\/produkt\/produktet-mjaltit\/mjalti-anemi-stop\/#breadcrumb","itemListElement":[{"@type":"ListItem","position":1,"name":"Home","item":"https:\/\/gjiniherbal.com\/en_us\/"},{"@type":"ListItem","position":2,"name":"Shop","item":"https:\/\/gjiniherbal.com\/en_us\/shop\/"},{"@type":"ListItem","position":3,"name":"Mjalti AnemiStop"}]},{"@type":"WebSite","@id":"https:\/\/gjiniherbal.com\/#website","url":"https:\/\/gjiniherbal.com\/","name":"Gjini Herbal","description":"Produkte Natyrale","publisher":{"@id":"https:\/\/gjiniherbal.com\/#organization"},"potentialAction":[{"@type":"SearchAction","target":{"@type":"EntryPoint","urlTemplate":"https:\/\/gjiniherbal.com\/?s={search_term_string}"},"query-input":{"@type":"PropertyValueSpecification","valueRequired":true,"valueName":"search_term_string"}}],"inLanguage":"sq"},{"@type":"Organization","@id":"https:\/\/gjiniherbal.com\/#organization","name":"Gjini Herbal","url":"https:\/\/gjiniherbal.com\/","logo":{"@type":"ImageObject","inLanguage":"sq","@id":"https:\/\/gjiniherbal.com\/#\/schema\/logo\/image\/","url":"https:\/\/gjiniherbal.com\/wp-content\/uploads\/2022\/07\/gjini-herbal-logo.png","contentUrl":"https:\/\/gjiniherbal.com\/wp-content\/uploads\/2022\/07\/gjini-herbal-logo.png","width":652,"height":262,"caption":"Gjini Herbal"},"image":{"@id":"https:\/\/gjiniherbal.com\/#\/schema\/logo\/image\/"},"sameAs":["https:\/\/facebook.com\/gjiniherbal","https:\/\/instagram.com\/gjiniherbal","https:\/\/www.youtube.com\/channel\/UC_tHHueG-qxycnvdro4jHtQ"]}]}},"jetpack-related-posts":[],"jetpack_sharing_enabled":true,"_links":{"self":[{"href":"https:\/\/gjiniherbal.com\/sq\/wp-json\/wp\/v2\/product\/1328","targetHints":{"allow":["GET"]}}],"collection":[{"href":"https:\/\/gjiniherbal.com\/sq\/wp-json\/wp\/v2\/product"}],"about":[{"href":"https:\/\/gjiniherbal.com\/sq\/wp-json\/wp\/v2\/types\/product"}],"wp:featuredmedia":[{"embeddable":true,"href":"https:\/\/gjiniherbal.com\/sq\/wp-json\/wp\/v2\/media\/1739"}],"wp:attachment":[{"href":"https:\/\/gjiniherbal.com\/sq\/wp-json\/wp\/v2\/media?parent=1328"}],"wp:term":[{"taxonomy":"product_brand","embeddable":true,"href":"https:\/\/gjiniherbal.com\/sq\/wp-json\/wp\/v2\/product_brand?post=1328"},{"taxonomy":"product_cat","embeddable":true,"href":"https:\/\/gjiniherbal.com\/sq\/wp-json\/wp\/v2\/product_cat?post=1328"},{"taxonomy":"product_tag","embeddable":true,"href":"https:\/\/gjiniherbal.com\/sq\/wp-json\/wp\/v2\/product_tag?post=1328"}],"curies":[{"name":"wp","href":"https:\/\/api.w.org\/{rel}","templated":true}]}}