{"id":32,"date":"2022-06-24T00:22:41","date_gmt":"2022-06-23T22:22:41","guid":{"rendered":"https:\/\/gjiniherbal.com\/?page_id=32"},"modified":"2024-04-16T11:27:47","modified_gmt":"2024-04-16T09:27:47","slug":"rreth-nesh","status":"publish","type":"page","link":"https:\/\/gjiniherbal.com\/sq\/rreth-nesh\/","title":{"rendered":"Rreth Nesh"},"content":{"rendered":"<p>[et_pb_section fb_built=&#8221;1&#8243; _builder_version=&#8221;4.16&#8243; global_colors_info=&#8221;{}&#8221;][et_pb_row _builder_version=&#8221;4.16&#8243; background_size=&#8221;initial&#8221; background_position=&#8221;top_left&#8221; background_repeat=&#8221;repeat&#8221; global_colors_info=&#8221;{}&#8221;][et_pb_column type=&#8221;4_4&#8243; _builder_version=&#8221;4.16&#8243; custom_padding=&#8221;|||&#8221; global_colors_info=&#8221;{}&#8221; custom_padding__hover=&#8221;|||&#8221;][et_pb_text _builder_version=&#8221;4.16&#8243; background_size=&#8221;initial&#8221; background_position=&#8221;top_left&#8221; background_repeat=&#8221;repeat&#8221; global_colors_info=&#8221;{}&#8221;]<!-- divi:paragraph --><\/p>\n<p>Gjini Herbal \u00ebsht\u00eb nj\u00eb kompani e cila vazhdon t\u00eb rritet q\u00eb nga viti 2006.<\/p>\n<p>Gjith\u00e7ka filloi nga terapia me kupa (hixhamet). Mjeku alternativ Ibrahim Gjini i cili kryen edhe terapit\u00eb me kupa, i rriti edhe f\u00ebmij\u00ebt e tij me dashurin\u00eb p\u00ebrkundrejt produkteve natyrale t\u00eb cilat sot synojn\u00eb t\u00eb sjellin n\u00eb tregun e vog\u00ebl shqiptar mund\u00ebsin\u00eb p\u00ebr t\u00eb gjith\u00eb ata t\u00eb cil\u00ebt jan\u00eb t\u00eb apasionuar me produktet natyrale dhe organike q\u00eb t\u00eb gjejn\u00eb zgjidhjen e problemeve t\u00eb tyre sh\u00ebndet\u00ebsore, fizike, mendore tek produktet q\u00eb na ofron natyra.<\/p>\n<p>Kjo kompani vazhdon t\u00eb rritet \u00e7do dit\u00eb. Fal\u00eb mir\u00ebnjohjes dhe mb\u00ebshtetjes t\u00eb atyre q\u00eb pat\u00ebn besim, u b\u00eb e mundur q\u00eb kjo familje t\u00eb vazhdoj\u00eb me t\u00eb nj\u00ebjt\u00ebn dashuri dhe pasion q\u00ebllimin e saj. Ti ofroj\u00eb njer\u00ebzve kudo q\u00eb jan\u00eb zgjidhje t\u00eb sh\u00ebndetshme p\u00ebr mir\u00ebq\u00ebnien e trupit t\u00eb tyre.<\/p>\n<p>&nbsp;<\/p>\n<p><!-- \/divi:paragraph -->[\/et_pb_text][\/et_pb_column][\/et_pb_row][\/et_pb_section]<\/p>\n","protected":false},"excerpt":{"rendered":"<p>Gjini Herbal \u00ebsht\u00eb nj\u00eb kompani e cila vazhdon t\u00eb rritet q\u00eb nga viti 2006. Gjith\u00e7ka filloi nga terapia me kupa (hixhamet). Mjeku alternativ Ibrahim Gjini i cili kryen edhe terapit\u00eb me kupa, i rriti edhe f\u00ebmij\u00ebt e tij me dashurin\u00eb p\u00ebrkundrejt produkteve natyrale t\u00eb cilat sot synojn\u00eb t\u00eb sjellin n\u00eb tregun e vog\u00ebl shqiptar mund\u00ebsin\u00eb [&hellip;]<\/p>\n","protected":false},"author":2,"featured_media":0,"parent":0,"menu_order":0,"comment_status":"closed","ping_status":"closed","template":"","meta":{"_acf_changed":false,"_et_pb_use_builder":"on","_et_pb_old_content":"<!-- wp:paragraph -->\n<p>Gjini Herbal \u00ebsht\u00eb nj\u00eb kompani e cila vazhdon t\u00eb rritet q\u00eb nga viti 2006. Gjith\u00e7ka filloi nga terapia me kupa (hixhamet). Mjeku alternativ Ibrahim Gjini i cili kryen edhe terapit\u00eb me kupa, i rriti edhe f\u00ebmij\u00ebt e tij me dashurin\u00eb p\u00ebrkundrejt produkteve natyrale t\u00eb cilat sot synojn\u00eb t\u00eb sjellin n\u00eb tregun e vog\u00ebl shqiptar mund\u00ebsin\u00eb p\u00ebr t\u00eb gjith\u00eb ata t\u00eb cil\u00ebt jan\u00eb t\u00eb apasionuar me produktet natyrale dhe organike q\u00eb t\u00eb gjejn\u00eb zgjidhjen e problemeve t\u00eb tyre sh\u00ebndet\u00ebsore, fizike, mendore tek produktet q\u00eb na ofron natyra. Kjo kompani vazhdon t\u00eb rritet \u00e7do dit\u00eb. Fal\u00eb mir\u00ebnjohjes dhe mb\u00ebshtetjes t\u00eb atyre q\u00eb pat\u00ebn besim, u b\u00eb e mundur q\u00eb kjo familje t\u00eb vazhdoj\u00eb me t\u00eb nj\u00ebjt\u00ebn dashuri dhe pasion q\u00ebllimin e saj. Ti ofroj\u00eb njer\u00ebzve kudo q\u00eb jan\u00eb zgjidhje t\u00eb sh\u00ebndetshme p\u00ebr mir\u00ebq\u00ebnien e trupit t\u00eb tyre.<\/p>\n<!-- \/wp:paragraph -->","_et_gb_content_width":"","_monsterinsights_skip_tracking":false,"_monsterinsights_sitenote_active":false,"_monsterinsights_sitenote_note":"","_monsterinsights_sitenote_category":0,"_joinchat":[],"footnotes":""},"class_list":["post-32","page","type-page","status-publish","hentry"],"acf":[],"yoast_head":"<!-- This site is optimized with the Yoast SEO plugin v27.4 - https:\/\/yoast.com\/product\/yoast-seo-wordpress\/ -->\n<title>Rreth Nesh<\/title>\n<meta name=\"description\" content=\"Gjini Herbal \u00ebsht\u00eb nj\u00eb kompani e cila vazhdon t\u00eb rritet q\u00eb nga viti 2006. Gjithcka filloi nga terapia me kupa (hixhamet). Mjeku alternativ Ibrahim Gjini I cili kryen edhe terapit\u00eb me kupa I rriti edhe f\u00ebmij\u00ebt e tij me dashurine p\u00ebrkundrejt produkteve natyrale t\u00eb cil\u00ebt sot synojn\u00eb t\u00eb sjellin n\u00eb tregun e vog\u00ebl Shqip\u00ebtar mun\u00ebsin\u00eb p\u00ebr t\u00eb gjith\u00eb ato t\u00eb cil\u00ebt jan\u00eb t\u00eb apasionuar me produktet nat\u00ebrle dhe organike q\u00eb t\u00eb gjejn\u00eb zgjidhjen e problemeve t\u00eb tyre sh\u00ebndet\u00ebsore, fizike, mendore tek produktet q\u00eb na ofron natyra. Kjo kompani vazhdon t\u00eb rritet cdo dit\u00eb. Fal\u00eb mir\u00ebnjohjes dhe mb\u00ebshtetjes t\u00eb atyre q\u00eb pat\u00ebn besim u b\u00eb e mundur q\u00eb kjo familie t\u00eb vazhdoj\u00eb me t\u00eb nj\u00ebjt\u00ebn dashuri dhe pasion q\u00ebllimin e saj. Ti ofroj\u00eb njer\u00ebzve kudo q\u00eb jan\u00eb zgjidhje t\u00eb sh\u00ebndetshme p\u00ebr mi\u00ebq\u00ebnien e trupit t\u00eb tyre.\" \/>\n<meta name=\"robots\" content=\"index, follow, max-snippet:-1, max-image-preview:large, max-video-preview:-1\" \/>\n<link rel=\"canonical\" href=\"https:\/\/gjiniherbal.com\/sq\/rreth-nesh\/\" \/>\n<meta property=\"og:locale\" content=\"sq_AL\" \/>\n<meta property=\"og:type\" content=\"article\" \/>\n<meta property=\"og:title\" content=\"Rreth Nesh\" \/>\n<meta property=\"og:description\" content=\"Gjini Herbal \u00ebsht\u00eb nj\u00eb kompani e cila vazhdon t\u00eb rritet q\u00eb nga viti 2006. Gjithcka filloi nga terapia me kupa (hixhamet). Mjeku alternativ Ibrahim Gjini I cili kryen edhe terapit\u00eb me kupa I rriti edhe f\u00ebmij\u00ebt e tij me dashurine p\u00ebrkundrejt produkteve natyrale t\u00eb cil\u00ebt sot synojn\u00eb t\u00eb sjellin n\u00eb tregun e vog\u00ebl Shqip\u00ebtar mun\u00ebsin\u00eb p\u00ebr t\u00eb gjith\u00eb ato t\u00eb cil\u00ebt jan\u00eb t\u00eb apasionuar me produktet nat\u00ebrle dhe organike q\u00eb t\u00eb gjejn\u00eb zgjidhjen e problemeve t\u00eb tyre sh\u00ebndet\u00ebsore, fizike, mendore tek produktet q\u00eb na ofron natyra. Kjo kompani vazhdon t\u00eb rritet cdo dit\u00eb. Fal\u00eb mir\u00ebnjohjes dhe mb\u00ebshtetjes t\u00eb atyre q\u00eb pat\u00ebn besim u b\u00eb e mundur q\u00eb kjo familie t\u00eb vazhdoj\u00eb me t\u00eb nj\u00ebjt\u00ebn dashuri dhe pasion q\u00ebllimin e saj. Ti ofroj\u00eb njer\u00ebzve kudo q\u00eb jan\u00eb zgjidhje t\u00eb sh\u00ebndetshme p\u00ebr mi\u00ebq\u00ebnien e trupit t\u00eb tyre.\" \/>\n<meta property=\"og:url\" content=\"https:\/\/gjiniherbal.com\/sq\/rreth-nesh\/\" \/>\n<meta property=\"og:site_name\" content=\"Gjini Herbal\" \/>\n<meta property=\"article:publisher\" content=\"https:\/\/facebook.com\/gjiniherbal\" \/>\n<meta property=\"article:modified_time\" content=\"2024-04-16T09:27:47+00:00\" \/>\n<meta property=\"og:image\" content=\"https:\/\/gjiniherbal.com\/wp-content\/uploads\/2022\/07\/gjini-herbal-logo.png\" \/>\n\t<meta property=\"og:image:width\" content=\"652\" \/>\n\t<meta property=\"og:image:height\" content=\"262\" \/>\n\t<meta property=\"og:image:type\" content=\"image\/png\" \/>\n<meta name=\"twitter:card\" content=\"summary_large_image\" \/>\n<meta name=\"twitter:label1\" content=\"Est. reading time\" \/>\n\t<meta name=\"twitter:data1\" content=\"1 minut\u00eb\" \/>\n<script type=\"application\/ld+json\" class=\"yoast-schema-graph\">{\"@context\":\"https:\\\/\\\/schema.org\",\"@graph\":[{\"@type\":\"WebPage\",\"@id\":\"https:\\\/\\\/gjiniherbal.com\\\/en_us\\\/rreth-nesh\\\/\",\"url\":\"https:\\\/\\\/gjiniherbal.com\\\/en_us\\\/rreth-nesh\\\/\",\"name\":\"Rreth Nesh\",\"isPartOf\":{\"@id\":\"https:\\\/\\\/gjiniherbal.com\\\/#website\"},\"datePublished\":\"2022-06-23T22:22:41+00:00\",\"dateModified\":\"2024-04-16T09:27:47+00:00\",\"description\":\"Gjini Herbal \u00ebsht\u00eb nj\u00eb kompani e cila vazhdon t\u00eb rritet q\u00eb nga viti 2006. Gjithcka filloi nga terapia me kupa (hixhamet). Mjeku alternativ Ibrahim Gjini I cili kryen edhe terapit\u00eb me kupa I rriti edhe f\u00ebmij\u00ebt e tij me dashurine p\u00ebrkundrejt produkteve natyrale t\u00eb cil\u00ebt sot synojn\u00eb t\u00eb sjellin n\u00eb tregun e vog\u00ebl Shqip\u00ebtar mun\u00ebsin\u00eb p\u00ebr t\u00eb gjith\u00eb ato t\u00eb cil\u00ebt jan\u00eb t\u00eb apasionuar me produktet nat\u00ebrle dhe organike q\u00eb t\u00eb gjejn\u00eb zgjidhjen e problemeve t\u00eb tyre sh\u00ebndet\u00ebsore, fizike, mendore tek produktet q\u00eb na ofron natyra. Kjo kompani vazhdon t\u00eb rritet cdo dit\u00eb. Fal\u00eb mir\u00ebnjohjes dhe mb\u00ebshtetjes t\u00eb atyre q\u00eb pat\u00ebn besim u b\u00eb e mundur q\u00eb kjo familie t\u00eb vazhdoj\u00eb me t\u00eb nj\u00ebjt\u00ebn dashuri dhe pasion q\u00ebllimin e saj. Ti ofroj\u00eb njer\u00ebzve kudo q\u00eb jan\u00eb zgjidhje t\u00eb sh\u00ebndetshme p\u00ebr mi\u00ebq\u00ebnien e trupit t\u00eb tyre.\",\"breadcrumb\":{\"@id\":\"https:\\\/\\\/gjiniherbal.com\\\/en_us\\\/rreth-nesh\\\/#breadcrumb\"},\"inLanguage\":\"sq\",\"potentialAction\":[{\"@type\":\"ReadAction\",\"target\":[\"https:\\\/\\\/gjiniherbal.com\\\/en_us\\\/rreth-nesh\\\/\"]}]},{\"@type\":\"BreadcrumbList\",\"@id\":\"https:\\\/\\\/gjiniherbal.com\\\/en_us\\\/rreth-nesh\\\/#breadcrumb\",\"itemListElement\":[{\"@type\":\"ListItem\",\"position\":1,\"name\":\"Home\",\"item\":\"https:\\\/\\\/gjiniherbal.com\\\/en_us\\\/\"},{\"@type\":\"ListItem\",\"position\":2,\"name\":\"Rreth Nesh\"}]},{\"@type\":\"WebSite\",\"@id\":\"https:\\\/\\\/gjiniherbal.com\\\/#website\",\"url\":\"https:\\\/\\\/gjiniherbal.com\\\/\",\"name\":\"Gjini Herbal\",\"description\":\"Produkte Natyrale\",\"publisher\":{\"@id\":\"https:\\\/\\\/gjiniherbal.com\\\/#organization\"},\"potentialAction\":[{\"@type\":\"SearchAction\",\"target\":{\"@type\":\"EntryPoint\",\"urlTemplate\":\"https:\\\/\\\/gjiniherbal.com\\\/?s={search_term_string}\"},\"query-input\":{\"@type\":\"PropertyValueSpecification\",\"valueRequired\":true,\"valueName\":\"search_term_string\"}}],\"inLanguage\":\"sq\"},{\"@type\":\"Organization\",\"@id\":\"https:\\\/\\\/gjiniherbal.com\\\/#organization\",\"name\":\"Gjini Herbal\",\"url\":\"https:\\\/\\\/gjiniherbal.com\\\/\",\"logo\":{\"@type\":\"ImageObject\",\"inLanguage\":\"sq\",\"@id\":\"https:\\\/\\\/gjiniherbal.com\\\/#\\\/schema\\\/logo\\\/image\\\/\",\"url\":\"https:\\\/\\\/gjiniherbal.com\\\/wp-content\\\/uploads\\\/2022\\\/07\\\/gjini-herbal-logo.png\",\"contentUrl\":\"https:\\\/\\\/gjiniherbal.com\\\/wp-content\\\/uploads\\\/2022\\\/07\\\/gjini-herbal-logo.png\",\"width\":652,\"height\":262,\"caption\":\"Gjini Herbal\"},\"image\":{\"@id\":\"https:\\\/\\\/gjiniherbal.com\\\/#\\\/schema\\\/logo\\\/image\\\/\"},\"sameAs\":[\"https:\\\/\\\/facebook.com\\\/gjiniherbal\",\"https:\\\/\\\/instagram.com\\\/gjiniherbal\",\"https:\\\/\\\/www.youtube.com\\\/channel\\\/UC_tHHueG-qxycnvdro4jHtQ\"]}]}<\/script>\n<!-- \/ Yoast SEO plugin. -->","yoast_head_json":{"title":"Rreth Nesh","description":"Gjini Herbal \u00ebsht\u00eb nj\u00eb kompani e cila vazhdon t\u00eb rritet q\u00eb nga viti 2006. Gjithcka filloi nga terapia me kupa (hixhamet). Mjeku alternativ Ibrahim Gjini I cili kryen edhe terapit\u00eb me kupa I rriti edhe f\u00ebmij\u00ebt e tij me dashurine p\u00ebrkundrejt produkteve natyrale t\u00eb cil\u00ebt sot synojn\u00eb t\u00eb sjellin n\u00eb tregun e vog\u00ebl Shqip\u00ebtar mun\u00ebsin\u00eb p\u00ebr t\u00eb gjith\u00eb ato t\u00eb cil\u00ebt jan\u00eb t\u00eb apasionuar me produktet nat\u00ebrle dhe organike q\u00eb t\u00eb gjejn\u00eb zgjidhjen e problemeve t\u00eb tyre sh\u00ebndet\u00ebsore, fizike, mendore tek produktet q\u00eb na ofron natyra. Kjo kompani vazhdon t\u00eb rritet cdo dit\u00eb. Fal\u00eb mir\u00ebnjohjes dhe mb\u00ebshtetjes t\u00eb atyre q\u00eb pat\u00ebn besim u b\u00eb e mundur q\u00eb kjo familie t\u00eb vazhdoj\u00eb me t\u00eb nj\u00ebjt\u00ebn dashuri dhe pasion q\u00ebllimin e saj. Ti ofroj\u00eb njer\u00ebzve kudo q\u00eb jan\u00eb zgjidhje t\u00eb sh\u00ebndetshme p\u00ebr mi\u00ebq\u00ebnien e trupit t\u00eb tyre.","robots":{"index":"index","follow":"follow","max-snippet":"max-snippet:-1","max-image-preview":"max-image-preview:large","max-video-preview":"max-video-preview:-1"},"canonical":"https:\/\/gjiniherbal.com\/sq\/rreth-nesh\/","og_locale":"sq_AL","og_type":"article","og_title":"Rreth Nesh","og_description":"Gjini Herbal \u00ebsht\u00eb nj\u00eb kompani e cila vazhdon t\u00eb rritet q\u00eb nga viti 2006. Gjithcka filloi nga terapia me kupa (hixhamet). Mjeku alternativ Ibrahim Gjini I cili kryen edhe terapit\u00eb me kupa I rriti edhe f\u00ebmij\u00ebt e tij me dashurine p\u00ebrkundrejt produkteve natyrale t\u00eb cil\u00ebt sot synojn\u00eb t\u00eb sjellin n\u00eb tregun e vog\u00ebl Shqip\u00ebtar mun\u00ebsin\u00eb p\u00ebr t\u00eb gjith\u00eb ato t\u00eb cil\u00ebt jan\u00eb t\u00eb apasionuar me produktet nat\u00ebrle dhe organike q\u00eb t\u00eb gjejn\u00eb zgjidhjen e problemeve t\u00eb tyre sh\u00ebndet\u00ebsore, fizike, mendore tek produktet q\u00eb na ofron natyra. Kjo kompani vazhdon t\u00eb rritet cdo dit\u00eb. Fal\u00eb mir\u00ebnjohjes dhe mb\u00ebshtetjes t\u00eb atyre q\u00eb pat\u00ebn besim u b\u00eb e mundur q\u00eb kjo familie t\u00eb vazhdoj\u00eb me t\u00eb nj\u00ebjt\u00ebn dashuri dhe pasion q\u00ebllimin e saj. Ti ofroj\u00eb njer\u00ebzve kudo q\u00eb jan\u00eb zgjidhje t\u00eb sh\u00ebndetshme p\u00ebr mi\u00ebq\u00ebnien e trupit t\u00eb tyre.","og_url":"https:\/\/gjiniherbal.com\/sq\/rreth-nesh\/","og_site_name":"Gjini Herbal","article_publisher":"https:\/\/facebook.com\/gjiniherbal","article_modified_time":"2024-04-16T09:27:47+00:00","og_image":[{"width":652,"height":262,"url":"https:\/\/gjiniherbal.com\/wp-content\/uploads\/2022\/07\/gjini-herbal-logo.png","type":"image\/png"}],"twitter_card":"summary_large_image","twitter_misc":{"Est. reading time":"1 minut\u00eb"},"schema":{"@context":"https:\/\/schema.org","@graph":[{"@type":"WebPage","@id":"https:\/\/gjiniherbal.com\/en_us\/rreth-nesh\/","url":"https:\/\/gjiniherbal.com\/en_us\/rreth-nesh\/","name":"Rreth Nesh","isPartOf":{"@id":"https:\/\/gjiniherbal.com\/#website"},"datePublished":"2022-06-23T22:22:41+00:00","dateModified":"2024-04-16T09:27:47+00:00","description":"Gjini Herbal \u00ebsht\u00eb nj\u00eb kompani e cila vazhdon t\u00eb rritet q\u00eb nga viti 2006. Gjithcka filloi nga terapia me kupa (hixhamet). Mjeku alternativ Ibrahim Gjini I cili kryen edhe terapit\u00eb me kupa I rriti edhe f\u00ebmij\u00ebt e tij me dashurine p\u00ebrkundrejt produkteve natyrale t\u00eb cil\u00ebt sot synojn\u00eb t\u00eb sjellin n\u00eb tregun e vog\u00ebl Shqip\u00ebtar mun\u00ebsin\u00eb p\u00ebr t\u00eb gjith\u00eb ato t\u00eb cil\u00ebt jan\u00eb t\u00eb apasionuar me produktet nat\u00ebrle dhe organike q\u00eb t\u00eb gjejn\u00eb zgjidhjen e problemeve t\u00eb tyre sh\u00ebndet\u00ebsore, fizike, mendore tek produktet q\u00eb na ofron natyra. Kjo kompani vazhdon t\u00eb rritet cdo dit\u00eb. Fal\u00eb mir\u00ebnjohjes dhe mb\u00ebshtetjes t\u00eb atyre q\u00eb pat\u00ebn besim u b\u00eb e mundur q\u00eb kjo familie t\u00eb vazhdoj\u00eb me t\u00eb nj\u00ebjt\u00ebn dashuri dhe pasion q\u00ebllimin e saj. Ti ofroj\u00eb njer\u00ebzve kudo q\u00eb jan\u00eb zgjidhje t\u00eb sh\u00ebndetshme p\u00ebr mi\u00ebq\u00ebnien e trupit t\u00eb tyre.","breadcrumb":{"@id":"https:\/\/gjiniherbal.com\/en_us\/rreth-nesh\/#breadcrumb"},"inLanguage":"sq","potentialAction":[{"@type":"ReadAction","target":["https:\/\/gjiniherbal.com\/en_us\/rreth-nesh\/"]}]},{"@type":"BreadcrumbList","@id":"https:\/\/gjiniherbal.com\/en_us\/rreth-nesh\/#breadcrumb","itemListElement":[{"@type":"ListItem","position":1,"name":"Home","item":"https:\/\/gjiniherbal.com\/en_us\/"},{"@type":"ListItem","position":2,"name":"Rreth Nesh"}]},{"@type":"WebSite","@id":"https:\/\/gjiniherbal.com\/#website","url":"https:\/\/gjiniherbal.com\/","name":"Gjini Herbal","description":"Produkte Natyrale","publisher":{"@id":"https:\/\/gjiniherbal.com\/#organization"},"potentialAction":[{"@type":"SearchAction","target":{"@type":"EntryPoint","urlTemplate":"https:\/\/gjiniherbal.com\/?s={search_term_string}"},"query-input":{"@type":"PropertyValueSpecification","valueRequired":true,"valueName":"search_term_string"}}],"inLanguage":"sq"},{"@type":"Organization","@id":"https:\/\/gjiniherbal.com\/#organization","name":"Gjini Herbal","url":"https:\/\/gjiniherbal.com\/","logo":{"@type":"ImageObject","inLanguage":"sq","@id":"https:\/\/gjiniherbal.com\/#\/schema\/logo\/image\/","url":"https:\/\/gjiniherbal.com\/wp-content\/uploads\/2022\/07\/gjini-herbal-logo.png","contentUrl":"https:\/\/gjiniherbal.com\/wp-content\/uploads\/2022\/07\/gjini-herbal-logo.png","width":652,"height":262,"caption":"Gjini Herbal"},"image":{"@id":"https:\/\/gjiniherbal.com\/#\/schema\/logo\/image\/"},"sameAs":["https:\/\/facebook.com\/gjiniherbal","https:\/\/instagram.com\/gjiniherbal","https:\/\/www.youtube.com\/channel\/UC_tHHueG-qxycnvdro4jHtQ"]}]}},"jetpack-related-posts":[],"jetpack_sharing_enabled":true,"_links":{"self":[{"href":"https:\/\/gjiniherbal.com\/sq\/wp-json\/wp\/v2\/pages\/32","targetHints":{"allow":["GET"]}}],"collection":[{"href":"https:\/\/gjiniherbal.com\/sq\/wp-json\/wp\/v2\/pages"}],"about":[{"href":"https:\/\/gjiniherbal.com\/sq\/wp-json\/wp\/v2\/types\/page"}],"author":[{"embeddable":true,"href":"https:\/\/gjiniherbal.com\/sq\/wp-json\/wp\/v2\/users\/2"}],"replies":[{"embeddable":true,"href":"https:\/\/gjiniherbal.com\/sq\/wp-json\/wp\/v2\/comments?post=32"}],"version-history":[{"count":32,"href":"https:\/\/gjiniherbal.com\/sq\/wp-json\/wp\/v2\/pages\/32\/revisions"}],"predecessor-version":[{"id":2480,"href":"https:\/\/gjiniherbal.com\/sq\/wp-json\/wp\/v2\/pages\/32\/revisions\/2480"}],"wp:attachment":[{"href":"https:\/\/gjiniherbal.com\/sq\/wp-json\/wp\/v2\/media?parent=32"}],"curies":[{"name":"wp","href":"https:\/\/api.w.org\/{rel}","templated":true}]}}