{"id":3367,"date":"2026-03-31T14:39:06","date_gmt":"2026-03-31T12:39:06","guid":{"rendered":"https:\/\/gjiniherbal.com\/?post_type=product&#038;p=3367"},"modified":"2026-03-31T14:39:08","modified_gmt":"2026-03-31T12:39:08","slug":"hekur-talya-30-ml","status":"publish","type":"product","link":"https:\/\/gjiniherbal.com\/en_us\/product\/suplemente-vitamina\/hekur-talya-30-ml\/","title":{"rendered":"Hekur Talya, 30 ml"},"content":{"rendered":"<p>I lodhur, i s\u00ebmur\u00eb, me pak energji&#8230;<\/p>\n<p>Ndonj\u00ebher\u00eb trupi juaj ka nevoj\u00eb vet\u00ebm p\u00ebr pak mb\u00ebshtetje. Hekuri me pika, 2 ml n\u00eb dit\u00eb;<\/p>\n<ul>\n<li data-section-id=\"15s5frp\" data-start=\"73\" data-end=\"136\">Ndihmon n\u00eb prodhimin e energjis\u00eb dhe mb\u00ebshtet metabolizmin.<\/li>\n<li data-section-id=\"1c5jd09\" data-start=\"137\" data-end=\"210\">Kontribuon n\u00eb rritjen e niveleve t\u00eb hekurit dhe hemoglobin\u00ebs n\u00eb gjak.<\/li>\n<li data-section-id=\"1hmnwle\" data-start=\"211\" data-end=\"259\">P\u00ebrmir\u00ebson transportin e oksigjenit n\u00eb trup.<\/li>\n<li data-section-id=\"1cr1j7r\" data-start=\"260\" data-end=\"314\">Mb\u00ebshtet funksionimin normal t\u00eb sistemit imunitar.<\/li>\n<li data-section-id=\"1qx7bew\" data-start=\"315\" data-end=\"368\">Ndihmon n\u00eb reduktimin e lodhjes dhe rraskapitjes.<\/li>\n<li data-section-id=\"2tcjsa\" data-start=\"369\" data-end=\"422\">Luajn rol n\u00eb ndarjen dhe rigjenerimin e qelizave.<\/li>\n<li data-section-id=\"7igf70\" data-start=\"423\" data-end=\"470\">I dobish\u00ebm n\u00eb rastet e munges\u00ebs s\u00eb hekurit.<\/li>\n<\/ul>\n<p>Nj\u00eb pik\u00eb e vog\u00ebl \u00e7do dit\u00eb mund t\u00eb b\u00ebj\u00eb nj\u00eb ndryshim t\u00eb madh&#8230;<\/p>\n","protected":false},"excerpt":{"rendered":"<ul>\n<li data-section-id=\"15s5frp\" data-start=\"73\" data-end=\"136\">Ndihmon n\u00eb prodhimin e energjis\u00eb dhe mb\u00ebshtet metabolizmin.<\/li>\n<li data-section-id=\"1c5jd09\" data-start=\"137\" data-end=\"210\">Kontribuon n\u00eb rritjen e niveleve t\u00eb hekurit dhe hemoglobin\u00ebs n\u00eb gjak.<\/li>\n<li data-section-id=\"1hmnwle\" data-start=\"211\" data-end=\"259\">P\u00ebrmir\u00ebson transportin e oksigjenit n\u00eb trup.<\/li>\n<li data-section-id=\"1cr1j7r\" data-start=\"260\" data-end=\"314\">Mb\u00ebshtet funksionimin normal t\u00eb sistemit imunitar.<\/li>\n<li data-section-id=\"1qx7bew\" data-start=\"315\" data-end=\"368\">Ndihmon n\u00eb reduktimin e lodhjes dhe rraskapitjes.<\/li>\n<li data-section-id=\"2tcjsa\" data-start=\"369\" data-end=\"422\">Luajn rol n\u00eb ndarjen dhe rigjenerimin e qelizave.<\/li>\n<li data-section-id=\"7igf70\" data-start=\"423\" data-end=\"470\">I dobish\u00ebm n\u00eb rastet e munges\u00ebs s\u00eb hekurit.<\/li>\n<\/ul>\n","protected":false},"featured_media":3368,"template":"","meta":{"_acf_changed":false,"_et_pb_use_builder":"","_et_pb_old_content":"","_et_gb_content_width":"","_monsterinsights_skip_tracking":false,"_monsterinsights_sitenote_active":false,"_monsterinsights_sitenote_note":"","_monsterinsights_sitenote_category":0,"_joinchat":[]},"product_brand":[],"product_cat":[457],"product_tag":[631],"class_list":{"0":"post-3367","1":"product","2":"type-product","3":"status-publish","4":"has-post-thumbnail","6":"product_cat-suplemente-vitamina","7":"product_tag-hekur","9":"first","10":"instock","11":"shipping-taxable","12":"purchasable","13":"product-type-simple"},"acf":[],"jetpack-related-posts":[],"jetpack_sharing_enabled":true,"_links":{"self":[{"href":"https:\/\/gjiniherbal.com\/en_us\/wp-json\/wp\/v2\/product\/3367","targetHints":{"allow":["GET"]}}],"collection":[{"href":"https:\/\/gjiniherbal.com\/en_us\/wp-json\/wp\/v2\/product"}],"about":[{"href":"https:\/\/gjiniherbal.com\/en_us\/wp-json\/wp\/v2\/types\/product"}],"wp:featuredmedia":[{"embeddable":true,"href":"https:\/\/gjiniherbal.com\/en_us\/wp-json\/wp\/v2\/media\/3368"}],"wp:attachment":[{"href":"https:\/\/gjiniherbal.com\/en_us\/wp-json\/wp\/v2\/media?parent=3367"}],"wp:term":[{"taxonomy":"product_brand","embeddable":true,"href":"https:\/\/gjiniherbal.com\/en_us\/wp-json\/wp\/v2\/product_brand?post=3367"},{"taxonomy":"product_cat","embeddable":true,"href":"https:\/\/gjiniherbal.com\/en_us\/wp-json\/wp\/v2\/product_cat?post=3367"},{"taxonomy":"product_tag","embeddable":true,"href":"https:\/\/gjiniherbal.com\/en_us\/wp-json\/wp\/v2\/product_tag?post=3367"}],"curies":[{"name":"wp","href":"https:\/\/api.w.org\/{rel}","templated":true}]}}