{"id":3360,"date":"2026-03-27T11:21:33","date_gmt":"2026-03-27T10:21:33","guid":{"rendered":"https:\/\/gjiniherbal.com\/?post_type=product&#038;p=3360"},"modified":"2026-03-27T11:26:47","modified_gmt":"2026-03-27T10:26:47","slug":"nadh-complex-talya","status":"publish","type":"product","link":"https:\/\/gjiniherbal.com\/en_us\/product\/suplemente-vitamina\/nadh-complex-talya\/","title":{"rendered":"NADH Complex Talya"},"content":{"rendered":"<p>NADH \u00ebsht\u00eb nj\u00eb molekul\u00eb e p\u00ebrfshir\u00eb n\u00eb proceset e prodhimit t\u00eb energjis\u00eb brenda qelizave dhe dallohet p\u00ebr mb\u00ebshtetjen e saj t\u00eb metabolizmit qelizor.<\/p>\n<p>Ky rol themelor n\u00eb proceset qelizore ofron nj\u00eb qasje frym\u00ebzuese p\u00ebr ata q\u00eb duan t\u00eb ruajn\u00eb ritmin e tyre me kalimin e koh\u00ebs.<\/p>\n<p><strong>P\u00ebrmban<\/strong>:<\/p>\n<ul>\n<li>Vitamina B12 dhe B6: Kontribuojn\u00eb n\u00eb metabolizmin normal t\u00eb energjis\u00eb, ndihmojn\u00eb n\u00eb uljen e lodhjes dhe rraskapitjes.<\/li>\n<li>Vitamina D: Kontribuon n\u00eb funksionin normal t\u00eb sistemit imunitar.<\/li>\n<li>Acidi Koenzimik: Luan nj\u00eb rol mb\u00ebshtet\u00ebs n\u00eb kujdesin kund\u00ebr plakjes. Ndihmon l\u00ebkur\u00ebn t\u00eb duket m\u00eb e gjall\u00eb.<\/li>\n<li>Acidi Hialuronik: Mb\u00ebshtet ruajtjen e ekuilibrit t\u00eb lag\u00ebshtis\u00eb s\u00eb l\u00ebkur\u00ebs dhe funksionit barrier\u00eb.<\/li>\n<li>Ekstrakti i Far\u00ebs s\u00eb Rrushit: P\u00ebrmban antioksidant\u00eb me origjin\u00eb bimore.<\/li>\n<\/ul>\n<p>&nbsp;<\/p>\n<p>Me p\u00ebrmbajtjen e vitaminave q\u00eb kontribuojn\u00eb n\u00eb metabolizmin e energjis\u00eb, ajo mban ritmin me jet\u00ebn tuaj t\u00eb p\u00ebrditshme, nd\u00ebrsa Koenzima Q10, Acidi Hialuronik dhe Ekstrakti i Farave t\u00eb Rrushit plot\u00ebsojn\u00eb konceptin e &#8220;kujdesit nga brenda&#8221; me nj\u00eb qasje shum\u00ebplan\u00ebshe&#8230;<\/p>\n<p><strong>P\u00ebrdorimi<\/strong>: P\u00ebr persona mbi 11 vje\u00e7, 1 kapsul\u00eb n\u00eb dit\u00eb pas nj\u00eb vakti.<\/p>\n","protected":false},"excerpt":{"rendered":"<ul>\n<li>Vitamina B12 dhe B6: Kontribuojn\u00eb n\u00eb metabolizmin normal t\u00eb energjis\u00eb, ndihmojn\u00eb n\u00eb uljen e lodhjes dhe rraskapitjes.<\/li>\n<li>Vitamina D: Kontribuon n\u00eb funksionin normal t\u00eb sistemit imunitar.<\/li>\n<li>Acidi Koenzimik: Luan nj\u00eb rol mb\u00ebshtet\u00ebs n\u00eb kujdesin kund\u00ebr plakjes. Ndihmon l\u00ebkur\u00ebn t\u00eb duket m\u00eb e gjall\u00eb.<\/li>\n<li>Acidi Hialuronik: Mb\u00ebshtet ruajtjen e ekuilibrit t\u00eb lag\u00ebshtis\u00eb s\u00eb l\u00ebkur\u00ebs dhe funksionit barrier\u00eb.<\/li>\n<li>Ekstrakti i Far\u00ebs s\u00eb Rrushit: P\u00ebrmban antioksidant\u00eb me origjin\u00eb bimore.<\/li>\n<\/ul>\n","protected":false},"featured_media":3361,"template":"","meta":{"_acf_changed":false,"_et_pb_use_builder":"","_et_pb_old_content":"","_et_gb_content_width":"","_monsterinsights_skip_tracking":false,"_monsterinsights_sitenote_active":false,"_monsterinsights_sitenote_note":"","_monsterinsights_sitenote_category":0,"_joinchat":[]},"product_brand":[],"product_cat":[457],"product_tag":[1122,1124,1123],"class_list":{"0":"post-3360","1":"product","2":"type-product","3":"status-publish","4":"has-post-thumbnail","6":"product_cat-suplemente-vitamina","7":"product_tag-coq10","8":"product_tag-hialuronik-acid","9":"product_tag-nadh","11":"first","12":"instock","13":"shipping-taxable","14":"purchasable","15":"product-type-simple"},"acf":[],"jetpack-related-posts":[],"jetpack_sharing_enabled":true,"_links":{"self":[{"href":"https:\/\/gjiniherbal.com\/en_us\/wp-json\/wp\/v2\/product\/3360","targetHints":{"allow":["GET"]}}],"collection":[{"href":"https:\/\/gjiniherbal.com\/en_us\/wp-json\/wp\/v2\/product"}],"about":[{"href":"https:\/\/gjiniherbal.com\/en_us\/wp-json\/wp\/v2\/types\/product"}],"wp:featuredmedia":[{"embeddable":true,"href":"https:\/\/gjiniherbal.com\/en_us\/wp-json\/wp\/v2\/media\/3361"}],"wp:attachment":[{"href":"https:\/\/gjiniherbal.com\/en_us\/wp-json\/wp\/v2\/media?parent=3360"}],"wp:term":[{"taxonomy":"product_brand","embeddable":true,"href":"https:\/\/gjiniherbal.com\/en_us\/wp-json\/wp\/v2\/product_brand?post=3360"},{"taxonomy":"product_cat","embeddable":true,"href":"https:\/\/gjiniherbal.com\/en_us\/wp-json\/wp\/v2\/product_cat?post=3360"},{"taxonomy":"product_tag","embeddable":true,"href":"https:\/\/gjiniherbal.com\/en_us\/wp-json\/wp\/v2\/product_tag?post=3360"}],"curies":[{"name":"wp","href":"https:\/\/api.w.org\/{rel}","templated":true}]}}