{"id":3358,"date":"2026-03-26T16:36:28","date_gmt":"2026-03-26T15:36:28","guid":{"rendered":"https:\/\/gjiniherbal.com\/?post_type=product&#038;p=3358"},"modified":"2026-03-26T16:36:28","modified_gmt":"2026-03-26T15:36:28","slug":"qumesht-per-floket-me-rozmarine-talya","status":"publish","type":"product","link":"https:\/\/gjiniherbal.com\/en_us\/product\/kujdesi-i-flokeve\/qumesht-per-floket-me-rozmarine-talya\/","title":{"rendered":"Qum\u00ebsht p\u00ebr Flok\u00ebt me Rozmarin\u00eb, Talya"},"content":{"rendered":"<p><strong>Qum\u00ebsht p\u00ebr Flok\u00ebt me Rozmarin\u00eb<\/strong><\/p>\n<ul>\n<li>Efekt Kund\u00ebr R\u00ebnies s\u00eb Flok\u00ebve: Ekstrakti i rozmarin\u00ebs dhe kafeina ndihmojn\u00eb n\u00eb uljen e r\u00ebnies s\u00eb flok\u00ebve.<\/li>\n<li>Rritje e Sh\u00ebndetshme e Flok\u00ebve: Biotina, kolagjeni dhe kreatina mb\u00ebshtesin rritjen e sh\u00ebndetshme dhe t\u00eb shpejt\u00eb t\u00eb flok\u00ebve.<\/li>\n<li>Shk\u00eblqim dhe Fort\u00ebsi Natyrale: I pasuruar me vaj argani dhe vaj ricini, i shton shk\u00eblqim flok\u00ebve dhe i ushqen ato nga rr\u00ebnja n\u00eb maj\u00eb.<\/li>\n<li>Hidratim Intensiv: Ruan ekuilibrin e lag\u00ebshtis\u00eb s\u00eb flok\u00ebve me pantenol dhe vitamin\u00eb E.<\/li>\n<li>Kujdes Mbrojt\u00ebs: Me p\u00ebrmbajtjen e Vitamin\u00ebs B3 dhe antioksidant\u00ebve, ndihmon n\u00eb mbrojtjen e flok\u00ebve nga faktor\u00ebt e jasht\u00ebm.<\/li>\n<li>Rigjall\u00ebrues i Skalpit: Vaji i rozmarin\u00ebs stimulon skalpin, duke i dh\u00ebn\u00eb skalpit nj\u00eb pamje m\u00eb t\u00eb gjall\u00eb dhe voluminoze.<\/li>\n<\/ul>\n<p>&nbsp;<\/p>\n<p><strong>P\u00ebrdorimi<\/strong><\/p>\n<p>Shkundeni shishen para p\u00ebrdorimit. Aplikojeni n\u00eb flok\u00eb dhe skalp t\u00eb lagur, masazhojeni, pastaj shp\u00eblajeni. Mund t\u00eb p\u00ebrdoret si nj\u00eb sprej kondicionues i p\u00ebrditsh\u00ebm duke e sp\u00ebrkatur n\u00eb flok\u00eb t\u00eb that\u00eb ose t\u00eb lagur nga nj\u00eb distanc\u00eb prej 30 cm. Me p\u00ebrdorim t\u00eb rregullt, ndihmon n\u00eb mbrojtjen e flok\u00ebve nga r\u00ebnia dhe nxit rritjen e sh\u00ebndetshme t\u00eb flok\u00ebve.<\/p>\n<p><strong>Fushat e P\u00ebrdorimit \/ Q\u00ebllimet<\/strong><\/p>\n<ul>\n<li>Kund\u00ebr R\u00ebnies Sezonale t\u00eb Flok\u00ebve: Kujdes mb\u00ebshtet\u00ebs kund\u00ebr r\u00ebnies s\u00eb flok\u00ebve q\u00eb p\u00ebrjetohet n\u00eb pranver\u00eb dhe vjesht\u00eb.<\/li>\n<li>Riparim Pas Detit dhe Pishin\u00ebs: Trajtim mbrojt\u00ebs kund\u00ebr efekteve t\u00eb ujit t\u00eb kripur dhe klorit q\u00eb mund t\u00eb rrisin r\u00ebnien e flok\u00ebve.<\/li>\n<li>Trajtim Rinovues Pas Ver\u00ebs: Riparon flok\u00ebt e d\u00ebmtuar nga dielli dhe ndihmon n\u00eb zvog\u00eblimin e r\u00ebnies s\u00eb flok\u00ebve.<\/li>\n<li>P\u00ebr ata q\u00eb duan t\u00eb rrisin flok\u00ebt e tyre m\u00eb gjat\u00eb: Biotina, kolagjeni dhe vaji i rozmarin\u00ebs mb\u00ebshtesin rritjen e shpejt\u00eb dhe t\u00eb sh\u00ebndetshme t\u00eb flok\u00ebve.<\/li>\n<li>Flok\u00eb t\u00eb D\u00ebmtuar nga Nxeht\u00ebsia: Ofron mbrojtje kund\u00ebr thyerjes pas tharjes me thar\u00ebse flok\u00ebsh, ka\u00e7urrelave dhe drejtimit.<\/li>\n<li>P\u00ebr Flok\u00eb t\u00eb Prirur ndaj R\u00ebnies: Me p\u00ebrdorim t\u00eb rregullt, ndihmon n\u00eb zvog\u00eblimin e r\u00ebnies s\u00eb flok\u00ebve dhe forcimin e skalpit t\u00eb kok\u00ebs.<\/li>\n<\/ul>\n","protected":false},"excerpt":{"rendered":"<p>\ud83c\udf3f Efekt Kund\u00ebr R\u00ebnies s\u00eb Flok\u00ebve: Ekstrakti i rozmarin\u00ebs dhe kafeina ndihmojn\u00eb n\u00eb uljen e r\u00ebnies s\u00eb flok\u00ebve.<\/p>\n<p>\ud83c\udf31 Rritje e Sh\u00ebndetshme e Flok\u00ebve: Biotina, kolagjeni dhe kreatina mb\u00ebshtesin rritjen e sh\u00ebndetshme dhe t\u00eb shpejt\u00eb t\u00eb flok\u00ebve.<\/p>\n<p>\u2728 Shk\u00eblqim dhe Fort\u00ebsi Natyrale: I pasuruar me vaj argani dhe vaj ricini, i shton shk\u00eblqim flok\u00ebve dhe i ushqen ato nga rr\u00ebnja n\u00eb maj\u00eb.<\/p>\n<p>\ud83d\udca7 Hidratim Intensiv: Ruan ekuilibrin e lag\u00ebshtis\u00eb s\u00eb flok\u00ebve me pantenol dhe vitamin\u00eb E.<\/p>\n<p>\ud83d\udee1\ufe0f Kujdes Mbrojt\u00ebs: Me p\u00ebrmbajtjen e Vitamin\u00ebs B3 dhe antioksidant\u00ebve, ndihmon n\u00eb mbrojtjen e flok\u00ebve nga faktor\u00ebt e jasht\u00ebm.<\/p>\n<p>\ud83d\udc86 Rigjall\u00ebrues i Skalpit: Vaji i rozmarin\u00ebs stimulon skalpin, duke i dh\u00ebn\u00eb skalpit nj\u00eb pamje m\u00eb t\u00eb gjall\u00eb dhe voluminoze.<\/p>\n","protected":false},"featured_media":3359,"template":"","meta":{"_acf_changed":false,"_et_pb_use_builder":"","_et_pb_old_content":"","_et_gb_content_width":"","_monsterinsights_skip_tracking":false,"_monsterinsights_sitenote_active":false,"_monsterinsights_sitenote_note":"","_monsterinsights_sitenote_category":0,"_joinchat":[]},"product_brand":[],"product_cat":[922],"product_tag":[],"class_list":{"0":"post-3358","1":"product","2":"type-product","3":"status-publish","4":"has-post-thumbnail","6":"product_cat-kujdesi-i-flokeve","8":"first","9":"instock","10":"shipping-taxable","11":"purchasable","12":"product-type-simple"},"acf":[],"jetpack-related-posts":[],"jetpack_sharing_enabled":true,"_links":{"self":[{"href":"https:\/\/gjiniherbal.com\/en_us\/wp-json\/wp\/v2\/product\/3358","targetHints":{"allow":["GET"]}}],"collection":[{"href":"https:\/\/gjiniherbal.com\/en_us\/wp-json\/wp\/v2\/product"}],"about":[{"href":"https:\/\/gjiniherbal.com\/en_us\/wp-json\/wp\/v2\/types\/product"}],"wp:featuredmedia":[{"embeddable":true,"href":"https:\/\/gjiniherbal.com\/en_us\/wp-json\/wp\/v2\/media\/3359"}],"wp:attachment":[{"href":"https:\/\/gjiniherbal.com\/en_us\/wp-json\/wp\/v2\/media?parent=3358"}],"wp:term":[{"taxonomy":"product_brand","embeddable":true,"href":"https:\/\/gjiniherbal.com\/en_us\/wp-json\/wp\/v2\/product_brand?post=3358"},{"taxonomy":"product_cat","embeddable":true,"href":"https:\/\/gjiniherbal.com\/en_us\/wp-json\/wp\/v2\/product_cat?post=3358"},{"taxonomy":"product_tag","embeddable":true,"href":"https:\/\/gjiniherbal.com\/en_us\/wp-json\/wp\/v2\/product_tag?post=3358"}],"curies":[{"name":"wp","href":"https:\/\/api.w.org\/{rel}","templated":true}]}}