{"id":3350,"date":"2026-03-26T15:11:11","date_gmt":"2026-03-26T14:11:11","guid":{"rendered":"https:\/\/gjiniherbal.com\/?post_type=product&#038;p=3350"},"modified":"2026-03-26T15:11:16","modified_gmt":"2026-03-26T14:11:16","slug":"seti-i-mengjesit-dhe-nates-me-magnez","status":"publish","type":"product","link":"https:\/\/gjiniherbal.com\/en_us\/product\/suplemente-vitamina\/seti-i-mengjesit-dhe-nates-me-magnez\/","title":{"rendered":"Seti i M\u00ebngjesit dhe Nat\u00ebs me Magnez"},"content":{"rendered":"<p><strong>Seti Mb\u00ebshtet\u00ebs i M\u00ebngjesit dhe Nat\u00ebs me Magnez<\/strong> p\u00ebrmban dy formula t\u00eb ndryshme t\u00eb zhvilluara posa\u00e7\u00ebrisht p\u00ebr p\u00ebrdorim n\u00eb m\u00ebngjes dhe n\u00eb mbr\u00ebmje.<br \/>\nNdihmon n\u00eb ruajtjen e ekuilibrit t\u00eb energjis\u00eb gjat\u00eb gjith\u00eb dit\u00ebs dhe mb\u00ebshtet relaksimin dhe rigjall\u00ebrimin n\u00eb mbr\u00ebmje.<br \/>\nT\u00eb dy produktet jan\u00eb formuluar me kujdes me forma magnezi shum\u00eb t\u00eb absorbueshme dhe vitamin\u00eb B6 aktive.<\/p>\n<p><strong>\ud83c\udf05 Magnezi i M\u00ebngjesit \u2013 Filloni Dit\u00ebn Tuaj me Energji<\/strong><\/p>\n<p><strong>P\u00ebrmbajtja<\/strong>:<\/p>\n<p>Malat Magnezi<br \/>\nCitrat Magnezi<br \/>\nP-5-P (Vitamina B6)<\/p>\n<p><strong>P\u00ebrshkrimi<\/strong>:<br \/>\nMagnezi i m\u00ebngjesit \u00ebsht\u00eb formuluar p\u00ebr ata q\u00eb duan ta fillojn\u00eb dit\u00ebn e tyre duke u ndjer\u00eb t\u00eb fresk\u00ebt.<\/p>\n<p>Ndihmon n\u00eb uljen e lodhjes dhe rraskapitjes.<br \/>\nMetaboliz\u00ebm normal q\u00eb jep energji,<br \/>\nFunksion normal i muskujve,<br \/>\nSintez\u00eb normale e proteinave,<br \/>\nN\u00eb ruajtjen e kockave dhe dh\u00ebmb\u00ebve normal\u00eb,<br \/>\nKontribuon n\u00eb rolin e ndarjes qelizore<\/p>\n<p>Vitamina B6 ndihmon trupin t\u00eb p\u00ebrdor\u00eb magnezin n\u00eb m\u00ebnyr\u00eb efektive.<\/p>\n<p><strong>Informacion P\u00ebrdorimi<\/strong>:<br \/>\nP\u00ebr t\u00eb rriturit, rekomandohet t\u00eb marrin 2 tableta me shum\u00eb uj\u00eb n\u00eb m\u00ebngjes, dy or\u00eb pas m\u00ebngjesit.<\/p>\n<p><strong>\ud83c\udf19 Magnezi i Nat\u00ebs \u2013 Ekuilib\u00ebr Gjat\u00eb Gjith\u00eb Nat\u00ebs<\/strong><\/p>\n<p><strong>P\u00ebrmbajtja<\/strong>:<\/p>\n<p>Bisglicinat Magnezi<br \/>\nP-5-P (Vitamina B6)<\/p>\n<p><strong>P\u00ebrshkrimi<\/strong>:<br \/>\nMagnezi i nat\u00ebs \u00ebsht\u00eb nj\u00eb form\u00eb shum\u00eb e biodisponibilitetit t\u00eb magnezit, e p\u00ebrshtatshme p\u00ebr p\u00ebrdorim n\u00eb mbr\u00ebmje.<\/p>\n<p>Funksion normal i muskujve,<br \/>\nNdihmon n\u00eb uljen e lodhjes dhe rraskapitjes.<br \/>\nMetaboliz\u00ebm normal q\u00eb jep energji,<br \/>\nN\u00eb ruajtjen e kockave dhe dh\u00ebmb\u00ebve normal\u00eb,<br \/>\nKontribuon n\u00eb ekuilibrin e elektroliteve.<br \/>\nKjo formul\u00eb, e pasuruar me vitamin\u00eb B6, ndihmon n\u00eb ruajtjen e ekuilibrit natyror t\u00eb trupit gjat\u00eb gjith\u00eb nat\u00ebs.<\/p>\n<p><strong>Informacion mbi P\u00ebrdorimin<\/strong>:<br \/>\nP\u00ebr t\u00eb rriturit, rekomandohet t\u00eb marrin 2 tableta me shum\u00eb uj\u00eb n\u00eb mbr\u00ebmje, dy or\u00eb para gjumit.<\/p>\n<p><strong>Paralajm\u00ebrime<\/strong>:<br \/>\nMos e tejkaloni doz\u00ebn e rekomanduar ditore. Shtesat ushqimore nuk jan\u00eb z\u00ebvend\u00ebsim p\u00ebr nj\u00eb diet\u00eb normale. Mbajeni larg f\u00ebmij\u00ebve. Konsultohuni me mjekun tuaj n\u00ebse jeni shtatz\u00ebn\u00eb, ushqeni me gji ose keni nj\u00eb gjendje mjek\u00ebsore.<\/p>\n<p>Mund t\u00eb p\u00ebrmbaj\u00eb gjurm\u00eb arrash, drith\u00ebrash q\u00eb p\u00ebrmbajn\u00eb gluten, soje dhe derivatesh soje.<\/p>\n","protected":false},"excerpt":{"rendered":"<p><strong>Seti Mb\u00ebshtet\u00ebs i M\u00ebngjesit dhe Nat\u00ebs me Magnez<\/strong> p\u00ebrmban dy formula t\u00eb ndryshme t\u00eb zhvilluara posa\u00e7\u00ebrisht p\u00ebr p\u00ebrdorim n\u00eb m\u00ebngjes dhe n\u00eb mbr\u00ebmje.<br \/>\nNdihmon n\u00eb ruajtjen e ekuilibrit t\u00eb energjis\u00eb gjat\u00eb gjith\u00eb dit\u00ebs dhe mb\u00ebshtet relaksimin dhe rigjall\u00ebrimin n\u00eb mbr\u00ebmje.<br \/>\nT\u00eb dy produktet jan\u00eb formuluar me kujdes me forma magnezi shum\u00eb t\u00eb absorbueshme dhe vitamin\u00eb B6 aktive.<\/p>\n","protected":false},"featured_media":3351,"template":"","meta":{"_acf_changed":false,"_et_pb_use_builder":"","_et_pb_old_content":"","_et_gb_content_width":"","_monsterinsights_skip_tracking":false,"_monsterinsights_sitenote_active":false,"_monsterinsights_sitenote_note":"","_monsterinsights_sitenote_category":0,"_joinchat":[]},"product_brand":[],"product_cat":[457],"product_tag":[459,1121],"class_list":{"0":"post-3350","1":"product","2":"type-product","3":"status-publish","4":"has-post-thumbnail","6":"product_cat-suplemente-vitamina","7":"product_tag-magnez","8":"product_tag-set-magnezi","10":"first","11":"instock","12":"shipping-taxable","13":"purchasable","14":"product-type-simple"},"acf":[],"yoast_head":"<!-- This site is optimized with the Yoast SEO plugin v27.4 - https:\/\/yoast.com\/product\/yoast-seo-wordpress\/ -->\n<title>Seti i M\u00ebngjesit dhe Nat\u00ebs me Magnez - Gjini Herbal<\/title>\n<meta name=\"description\" content=\"Seti Mb\u00ebshtet\u00ebs i M\u00ebngjesit dhe Nat\u00ebs me Magnez p\u00ebrmban dy formula t\u00eb ndryshme t\u00eb zhvilluara posa\u00e7\u00ebrisht p\u00ebr p\u00ebrdorim n\u00eb m\u00ebngjes dhe n\u00eb mbr\u00ebmje.Ndihmon n\u00eb ruajtjen e ekuilibrit t\u00eb energjis\u00eb gjat\u00eb gjith\u00eb dit\u00ebs dhe mb\u00ebshtet relaksimin dhe rigjall\u00ebrimin n\u00eb mbr\u00ebmje.T\u00eb dy produktet jan\u00eb formuluar me kujdes me forma magnezi shum\u00eb t\u00eb absorbueshme dhe vitamin\u00eb B6 aktive.\" \/>\n<meta name=\"robots\" content=\"index, follow, max-snippet:-1, max-image-preview:large, max-video-preview:-1\" \/>\n<link rel=\"canonical\" href=\"https:\/\/gjiniherbal.com\/en_us\/produkt\/suplemente-vitamina\/seti-i-mengjesit-dhe-nates-me-magnez\/\" \/>\n<meta property=\"og:locale\" content=\"en_US\" \/>\n<meta property=\"og:type\" content=\"article\" \/>\n<meta property=\"og:title\" content=\"Seti i M\u00ebngjesit dhe Nat\u00ebs me Magnez - Gjini Herbal\" \/>\n<meta property=\"og:description\" content=\"Seti Mb\u00ebshtet\u00ebs i M\u00ebngjesit dhe Nat\u00ebs me Magnez p\u00ebrmban dy formula t\u00eb ndryshme t\u00eb zhvilluara posa\u00e7\u00ebrisht p\u00ebr p\u00ebrdorim n\u00eb m\u00ebngjes dhe n\u00eb mbr\u00ebmje.Ndihmon n\u00eb ruajtjen e ekuilibrit t\u00eb energjis\u00eb gjat\u00eb gjith\u00eb dit\u00ebs dhe mb\u00ebshtet relaksimin dhe rigjall\u00ebrimin n\u00eb mbr\u00ebmje.T\u00eb dy produktet jan\u00eb formuluar me kujdes me forma magnezi shum\u00eb t\u00eb absorbueshme dhe vitamin\u00eb B6 aktive.\" \/>\n<meta property=\"og:url\" content=\"https:\/\/gjiniherbal.com\/en_us\/produkt\/suplemente-vitamina\/seti-i-mengjesit-dhe-nates-me-magnez\/\" \/>\n<meta property=\"og:site_name\" content=\"Gjini Herbal\" \/>\n<meta property=\"article:publisher\" content=\"https:\/\/facebook.com\/gjiniherbal\" \/>\n<meta property=\"article:modified_time\" content=\"2026-03-26T14:11:16+00:00\" \/>\n<meta property=\"og:image\" content=\"https:\/\/gjiniherbal.com\/wp-content\/uploads\/2026\/03\/ana-gorsel.webp\" \/>\n\t<meta property=\"og:image:width\" content=\"540\" \/>\n\t<meta property=\"og:image:height\" content=\"675\" \/>\n\t<meta property=\"og:image:type\" content=\"image\/webp\" \/>\n<meta name=\"twitter:card\" content=\"summary_large_image\" \/>\n<meta name=\"twitter:label1\" content=\"Est. reading time\" \/>\n\t<meta name=\"twitter:data1\" content=\"2 minutes\" \/>\n<script type=\"application\/ld+json\" class=\"yoast-schema-graph\">{\"@context\":\"https:\\\/\\\/schema.org\",\"@graph\":[{\"@type\":\"WebPage\",\"@id\":\"https:\\\/\\\/gjiniherbal.com\\\/produkt\\\/suplemente-vitamina\\\/seti-i-mengjesit-dhe-nates-me-magnez\\\/\",\"url\":\"https:\\\/\\\/gjiniherbal.com\\\/produkt\\\/suplemente-vitamina\\\/seti-i-mengjesit-dhe-nates-me-magnez\\\/\",\"name\":\"Seti i M\u00ebngjesit dhe Nat\u00ebs me Magnez - Gjini Herbal\",\"isPartOf\":{\"@id\":\"https:\\\/\\\/gjiniherbal.com\\\/#website\"},\"primaryImageOfPage\":{\"@id\":\"https:\\\/\\\/gjiniherbal.com\\\/produkt\\\/suplemente-vitamina\\\/seti-i-mengjesit-dhe-nates-me-magnez\\\/#primaryimage\"},\"image\":{\"@id\":\"https:\\\/\\\/gjiniherbal.com\\\/produkt\\\/suplemente-vitamina\\\/seti-i-mengjesit-dhe-nates-me-magnez\\\/#primaryimage\"},\"thumbnailUrl\":\"https:\\\/\\\/gjiniherbal.com\\\/wp-content\\\/uploads\\\/2026\\\/03\\\/ana-gorsel.webp\",\"datePublished\":\"2026-03-26T14:11:11+00:00\",\"dateModified\":\"2026-03-26T14:11:16+00:00\",\"description\":\"Seti Mb\u00ebshtet\u00ebs i M\u00ebngjesit dhe Nat\u00ebs me Magnez p\u00ebrmban dy formula t\u00eb ndryshme t\u00eb zhvilluara posa\u00e7\u00ebrisht p\u00ebr p\u00ebrdorim n\u00eb m\u00ebngjes dhe n\u00eb mbr\u00ebmje.Ndihmon n\u00eb ruajtjen e ekuilibrit t\u00eb energjis\u00eb gjat\u00eb gjith\u00eb dit\u00ebs dhe mb\u00ebshtet relaksimin dhe rigjall\u00ebrimin n\u00eb mbr\u00ebmje.T\u00eb dy produktet jan\u00eb formuluar me kujdes me forma magnezi shum\u00eb t\u00eb absorbueshme dhe vitamin\u00eb B6 aktive.\",\"breadcrumb\":{\"@id\":\"https:\\\/\\\/gjiniherbal.com\\\/produkt\\\/suplemente-vitamina\\\/seti-i-mengjesit-dhe-nates-me-magnez\\\/#breadcrumb\"},\"inLanguage\":\"en-US\",\"potentialAction\":[{\"@type\":\"ReadAction\",\"target\":[\"https:\\\/\\\/gjiniherbal.com\\\/produkt\\\/suplemente-vitamina\\\/seti-i-mengjesit-dhe-nates-me-magnez\\\/\"]}]},{\"@type\":\"ImageObject\",\"inLanguage\":\"en-US\",\"@id\":\"https:\\\/\\\/gjiniherbal.com\\\/produkt\\\/suplemente-vitamina\\\/seti-i-mengjesit-dhe-nates-me-magnez\\\/#primaryimage\",\"url\":\"https:\\\/\\\/gjiniherbal.com\\\/wp-content\\\/uploads\\\/2026\\\/03\\\/ana-gorsel.webp\",\"contentUrl\":\"https:\\\/\\\/gjiniherbal.com\\\/wp-content\\\/uploads\\\/2026\\\/03\\\/ana-gorsel.webp\",\"width\":540,\"height\":675,\"caption\":\"magnez\"},{\"@type\":\"BreadcrumbList\",\"@id\":\"https:\\\/\\\/gjiniherbal.com\\\/produkt\\\/suplemente-vitamina\\\/seti-i-mengjesit-dhe-nates-me-magnez\\\/#breadcrumb\",\"itemListElement\":[{\"@type\":\"ListItem\",\"position\":1,\"name\":\"Home\",\"item\":\"https:\\\/\\\/gjiniherbal.com\\\/en_us\\\/\"},{\"@type\":\"ListItem\",\"position\":2,\"name\":\"Shop\",\"item\":\"https:\\\/\\\/gjiniherbal.com\\\/en_us\\\/shop\\\/\"},{\"@type\":\"ListItem\",\"position\":3,\"name\":\"Seti i M\u00ebngjesit dhe Nat\u00ebs me Magnez\"}]},{\"@type\":\"WebSite\",\"@id\":\"https:\\\/\\\/gjiniherbal.com\\\/#website\",\"url\":\"https:\\\/\\\/gjiniherbal.com\\\/\",\"name\":\"Gjini Herbal\",\"description\":\"Produkte Natyrale\",\"publisher\":{\"@id\":\"https:\\\/\\\/gjiniherbal.com\\\/#organization\"},\"potentialAction\":[{\"@type\":\"SearchAction\",\"target\":{\"@type\":\"EntryPoint\",\"urlTemplate\":\"https:\\\/\\\/gjiniherbal.com\\\/?s={search_term_string}\"},\"query-input\":{\"@type\":\"PropertyValueSpecification\",\"valueRequired\":true,\"valueName\":\"search_term_string\"}}],\"inLanguage\":\"en-US\"},{\"@type\":\"Organization\",\"@id\":\"https:\\\/\\\/gjiniherbal.com\\\/#organization\",\"name\":\"Gjini Herbal\",\"url\":\"https:\\\/\\\/gjiniherbal.com\\\/\",\"logo\":{\"@type\":\"ImageObject\",\"inLanguage\":\"en-US\",\"@id\":\"https:\\\/\\\/gjiniherbal.com\\\/#\\\/schema\\\/logo\\\/image\\\/\",\"url\":\"https:\\\/\\\/gjiniherbal.com\\\/wp-content\\\/uploads\\\/2022\\\/07\\\/gjini-herbal-logo.png\",\"contentUrl\":\"https:\\\/\\\/gjiniherbal.com\\\/wp-content\\\/uploads\\\/2022\\\/07\\\/gjini-herbal-logo.png\",\"width\":652,\"height\":262,\"caption\":\"Gjini Herbal\"},\"image\":{\"@id\":\"https:\\\/\\\/gjiniherbal.com\\\/#\\\/schema\\\/logo\\\/image\\\/\"},\"sameAs\":[\"https:\\\/\\\/facebook.com\\\/gjiniherbal\",\"https:\\\/\\\/instagram.com\\\/gjiniherbal\",\"https:\\\/\\\/www.youtube.com\\\/channel\\\/UC_tHHueG-qxycnvdro4jHtQ\"]}]}<\/script>\n<!-- \/ Yoast SEO plugin. -->","yoast_head_json":{"title":"Seti i M\u00ebngjesit dhe Nat\u00ebs me Magnez - Gjini Herbal","description":"Seti Mb\u00ebshtet\u00ebs i M\u00ebngjesit dhe Nat\u00ebs me Magnez p\u00ebrmban dy formula t\u00eb ndryshme t\u00eb zhvilluara posa\u00e7\u00ebrisht p\u00ebr p\u00ebrdorim n\u00eb m\u00ebngjes dhe n\u00eb mbr\u00ebmje.Ndihmon n\u00eb ruajtjen e ekuilibrit t\u00eb energjis\u00eb gjat\u00eb gjith\u00eb dit\u00ebs dhe mb\u00ebshtet relaksimin dhe rigjall\u00ebrimin n\u00eb mbr\u00ebmje.T\u00eb dy produktet jan\u00eb formuluar me kujdes me forma magnezi shum\u00eb t\u00eb absorbueshme dhe vitamin\u00eb B6 aktive.","robots":{"index":"index","follow":"follow","max-snippet":"max-snippet:-1","max-image-preview":"max-image-preview:large","max-video-preview":"max-video-preview:-1"},"canonical":"https:\/\/gjiniherbal.com\/en_us\/produkt\/suplemente-vitamina\/seti-i-mengjesit-dhe-nates-me-magnez\/","og_locale":"en_US","og_type":"article","og_title":"Seti i M\u00ebngjesit dhe Nat\u00ebs me Magnez - Gjini Herbal","og_description":"Seti Mb\u00ebshtet\u00ebs i M\u00ebngjesit dhe Nat\u00ebs me Magnez p\u00ebrmban dy formula t\u00eb ndryshme t\u00eb zhvilluara posa\u00e7\u00ebrisht p\u00ebr p\u00ebrdorim n\u00eb m\u00ebngjes dhe n\u00eb mbr\u00ebmje.Ndihmon n\u00eb ruajtjen e ekuilibrit t\u00eb energjis\u00eb gjat\u00eb gjith\u00eb dit\u00ebs dhe mb\u00ebshtet relaksimin dhe rigjall\u00ebrimin n\u00eb mbr\u00ebmje.T\u00eb dy produktet jan\u00eb formuluar me kujdes me forma magnezi shum\u00eb t\u00eb absorbueshme dhe vitamin\u00eb B6 aktive.","og_url":"https:\/\/gjiniherbal.com\/en_us\/produkt\/suplemente-vitamina\/seti-i-mengjesit-dhe-nates-me-magnez\/","og_site_name":"Gjini Herbal","article_publisher":"https:\/\/facebook.com\/gjiniherbal","article_modified_time":"2026-03-26T14:11:16+00:00","og_image":[{"width":540,"height":675,"url":"https:\/\/gjiniherbal.com\/wp-content\/uploads\/2026\/03\/ana-gorsel.webp","type":"image\/webp"}],"twitter_card":"summary_large_image","twitter_misc":{"Est. reading time":"2 minutes"},"schema":{"@context":"https:\/\/schema.org","@graph":[{"@type":"WebPage","@id":"https:\/\/gjiniherbal.com\/produkt\/suplemente-vitamina\/seti-i-mengjesit-dhe-nates-me-magnez\/","url":"https:\/\/gjiniherbal.com\/produkt\/suplemente-vitamina\/seti-i-mengjesit-dhe-nates-me-magnez\/","name":"Seti i M\u00ebngjesit dhe Nat\u00ebs me Magnez - Gjini Herbal","isPartOf":{"@id":"https:\/\/gjiniherbal.com\/#website"},"primaryImageOfPage":{"@id":"https:\/\/gjiniherbal.com\/produkt\/suplemente-vitamina\/seti-i-mengjesit-dhe-nates-me-magnez\/#primaryimage"},"image":{"@id":"https:\/\/gjiniherbal.com\/produkt\/suplemente-vitamina\/seti-i-mengjesit-dhe-nates-me-magnez\/#primaryimage"},"thumbnailUrl":"https:\/\/gjiniherbal.com\/wp-content\/uploads\/2026\/03\/ana-gorsel.webp","datePublished":"2026-03-26T14:11:11+00:00","dateModified":"2026-03-26T14:11:16+00:00","description":"Seti Mb\u00ebshtet\u00ebs i M\u00ebngjesit dhe Nat\u00ebs me Magnez p\u00ebrmban dy formula t\u00eb ndryshme t\u00eb zhvilluara posa\u00e7\u00ebrisht p\u00ebr p\u00ebrdorim n\u00eb m\u00ebngjes dhe n\u00eb mbr\u00ebmje.Ndihmon n\u00eb ruajtjen e ekuilibrit t\u00eb energjis\u00eb gjat\u00eb gjith\u00eb dit\u00ebs dhe mb\u00ebshtet relaksimin dhe rigjall\u00ebrimin n\u00eb mbr\u00ebmje.T\u00eb dy produktet jan\u00eb formuluar me kujdes me forma magnezi shum\u00eb t\u00eb absorbueshme dhe vitamin\u00eb B6 aktive.","breadcrumb":{"@id":"https:\/\/gjiniherbal.com\/produkt\/suplemente-vitamina\/seti-i-mengjesit-dhe-nates-me-magnez\/#breadcrumb"},"inLanguage":"en-US","potentialAction":[{"@type":"ReadAction","target":["https:\/\/gjiniherbal.com\/produkt\/suplemente-vitamina\/seti-i-mengjesit-dhe-nates-me-magnez\/"]}]},{"@type":"ImageObject","inLanguage":"en-US","@id":"https:\/\/gjiniherbal.com\/produkt\/suplemente-vitamina\/seti-i-mengjesit-dhe-nates-me-magnez\/#primaryimage","url":"https:\/\/gjiniherbal.com\/wp-content\/uploads\/2026\/03\/ana-gorsel.webp","contentUrl":"https:\/\/gjiniherbal.com\/wp-content\/uploads\/2026\/03\/ana-gorsel.webp","width":540,"height":675,"caption":"magnez"},{"@type":"BreadcrumbList","@id":"https:\/\/gjiniherbal.com\/produkt\/suplemente-vitamina\/seti-i-mengjesit-dhe-nates-me-magnez\/#breadcrumb","itemListElement":[{"@type":"ListItem","position":1,"name":"Home","item":"https:\/\/gjiniherbal.com\/en_us\/"},{"@type":"ListItem","position":2,"name":"Shop","item":"https:\/\/gjiniherbal.com\/en_us\/shop\/"},{"@type":"ListItem","position":3,"name":"Seti i M\u00ebngjesit dhe Nat\u00ebs me Magnez"}]},{"@type":"WebSite","@id":"https:\/\/gjiniherbal.com\/#website","url":"https:\/\/gjiniherbal.com\/","name":"Gjini Herbal","description":"Produkte Natyrale","publisher":{"@id":"https:\/\/gjiniherbal.com\/#organization"},"potentialAction":[{"@type":"SearchAction","target":{"@type":"EntryPoint","urlTemplate":"https:\/\/gjiniherbal.com\/?s={search_term_string}"},"query-input":{"@type":"PropertyValueSpecification","valueRequired":true,"valueName":"search_term_string"}}],"inLanguage":"en-US"},{"@type":"Organization","@id":"https:\/\/gjiniherbal.com\/#organization","name":"Gjini Herbal","url":"https:\/\/gjiniherbal.com\/","logo":{"@type":"ImageObject","inLanguage":"en-US","@id":"https:\/\/gjiniherbal.com\/#\/schema\/logo\/image\/","url":"https:\/\/gjiniherbal.com\/wp-content\/uploads\/2022\/07\/gjini-herbal-logo.png","contentUrl":"https:\/\/gjiniherbal.com\/wp-content\/uploads\/2022\/07\/gjini-herbal-logo.png","width":652,"height":262,"caption":"Gjini Herbal"},"image":{"@id":"https:\/\/gjiniherbal.com\/#\/schema\/logo\/image\/"},"sameAs":["https:\/\/facebook.com\/gjiniherbal","https:\/\/instagram.com\/gjiniherbal","https:\/\/www.youtube.com\/channel\/UC_tHHueG-qxycnvdro4jHtQ"]}]}},"jetpack-related-posts":[],"jetpack_sharing_enabled":true,"_links":{"self":[{"href":"https:\/\/gjiniherbal.com\/en_us\/wp-json\/wp\/v2\/product\/3350","targetHints":{"allow":["GET"]}}],"collection":[{"href":"https:\/\/gjiniherbal.com\/en_us\/wp-json\/wp\/v2\/product"}],"about":[{"href":"https:\/\/gjiniherbal.com\/en_us\/wp-json\/wp\/v2\/types\/product"}],"wp:featuredmedia":[{"embeddable":true,"href":"https:\/\/gjiniherbal.com\/en_us\/wp-json\/wp\/v2\/media\/3351"}],"wp:attachment":[{"href":"https:\/\/gjiniherbal.com\/en_us\/wp-json\/wp\/v2\/media?parent=3350"}],"wp:term":[{"taxonomy":"product_brand","embeddable":true,"href":"https:\/\/gjiniherbal.com\/en_us\/wp-json\/wp\/v2\/product_brand?post=3350"},{"taxonomy":"product_cat","embeddable":true,"href":"https:\/\/gjiniherbal.com\/en_us\/wp-json\/wp\/v2\/product_cat?post=3350"},{"taxonomy":"product_tag","embeddable":true,"href":"https:\/\/gjiniherbal.com\/en_us\/wp-json\/wp\/v2\/product_tag?post=3350"}],"curies":[{"name":"wp","href":"https:\/\/api.w.org\/{rel}","templated":true}]}}