{"id":3315,"date":"2025-10-04T13:19:52","date_gmt":"2025-10-04T11:19:52","guid":{"rendered":"https:\/\/gjiniherbal.com\/?post_type=product&#038;p=3315"},"modified":"2025-11-01T12:09:56","modified_gmt":"2025-11-01T11:09:56","slug":"lung-detox","status":"publish","type":"product","link":"https:\/\/gjiniherbal.com\/en_us\/product\/trajtime-natyrale\/lung-detox\/","title":{"rendered":"Lung Detox"},"content":{"rendered":"<p>Ke probleme me frym\u00ebmarrjen??<br \/>\n&#8220;Lung Detox&#8221; \u00ebsht\u00eb zgjidhja ideale!<\/p>\n<p>Ky formulim ndihmon n\u00eb funksionimin e sh\u00ebndetsh\u00ebm t\u00eb mushk\u00ebrive me p\u00ebrb\u00ebr\u00ebs 100% bimor\u00eb!<\/p>\n<ul>\n<li>detoksifikon mushk\u00ebrit\u00eb nga smogu dhe duhani<\/li>\n<li>forcon sistemin respirator<\/li>\n<li>leht\u00ebson koll\u00ebn<\/li>\n<li>pastron sekrecionet<\/li>\n<li>forcon imunitetin<\/li>\n<\/ul>\n<p>&nbsp;<\/p>\n<p><strong>P\u00ebrb\u00ebr\u00ebsit<\/strong>: Xhinxher, karafil, limon, turmerik, kanell\u00eb, sherebel\u00eb, portokall, piper i zi.<\/p>\n<p><strong>Sasia<\/strong>: 500 ml.<\/p>\n<div class=\"et-box et-shadow\">\n<div class=\"et-box-content\"><strong>M\u00ebnyra e p\u00ebrdorimit<\/strong>: 30 ml ose 1\/2 filxhan kafe, es\u00ebll n\u00eb m\u00ebngjes.<\/div>\n<\/div>\n","protected":false},"excerpt":{"rendered":"<ul>\n<li>detoksifikon mushk\u00ebrit\u00eb nga smogu dhe duhani<\/li>\n<li>forcon sistemin respirator<\/li>\n<li>leht\u00ebson koll\u00ebn<\/li>\n<li>pastron sekrecionet<\/li>\n<li>forcon imunitetin<\/li>\n<\/ul>\n","protected":false},"featured_media":3322,"template":"","meta":{"_acf_changed":false,"_et_pb_use_builder":"","_et_pb_old_content":"","_et_gb_content_width":"","_monsterinsights_skip_tracking":false,"_monsterinsights_sitenote_active":false,"_monsterinsights_sitenote_note":"","_monsterinsights_sitenote_category":0,"_joinchat":[]},"product_brand":[],"product_cat":[976],"product_tag":[675,1120,1119],"class_list":{"0":"post-3315","1":"product","2":"type-product","3":"status-publish","4":"has-post-thumbnail","6":"product_cat-trajtime-natyrale","7":"product_tag-frymemarrje","8":"product_tag-lung-detox","9":"product_tag-mushkeri","11":"first","12":"instock","13":"shipping-taxable","14":"purchasable","15":"product-type-simple"},"acf":[],"jetpack-related-posts":[],"jetpack_sharing_enabled":true,"_links":{"self":[{"href":"https:\/\/gjiniherbal.com\/en_us\/wp-json\/wp\/v2\/product\/3315","targetHints":{"allow":["GET"]}}],"collection":[{"href":"https:\/\/gjiniherbal.com\/en_us\/wp-json\/wp\/v2\/product"}],"about":[{"href":"https:\/\/gjiniherbal.com\/en_us\/wp-json\/wp\/v2\/types\/product"}],"wp:featuredmedia":[{"embeddable":true,"href":"https:\/\/gjiniherbal.com\/en_us\/wp-json\/wp\/v2\/media\/3322"}],"wp:attachment":[{"href":"https:\/\/gjiniherbal.com\/en_us\/wp-json\/wp\/v2\/media?parent=3315"}],"wp:term":[{"taxonomy":"product_brand","embeddable":true,"href":"https:\/\/gjiniherbal.com\/en_us\/wp-json\/wp\/v2\/product_brand?post=3315"},{"taxonomy":"product_cat","embeddable":true,"href":"https:\/\/gjiniherbal.com\/en_us\/wp-json\/wp\/v2\/product_cat?post=3315"},{"taxonomy":"product_tag","embeddable":true,"href":"https:\/\/gjiniherbal.com\/en_us\/wp-json\/wp\/v2\/product_tag?post=3315"}],"curies":[{"name":"wp","href":"https:\/\/api.w.org\/{rel}","templated":true}]}}