{"id":3309,"date":"2025-09-24T13:43:25","date_gmt":"2025-09-24T11:43:25","guid":{"rendered":"https:\/\/gjiniherbal.com\/?post_type=product&#038;p=3309"},"modified":"2025-09-24T13:43:26","modified_gmt":"2025-09-24T11:43:26","slug":"mjalti-i-fares-se-zeze","status":"publish","type":"product","link":"https:\/\/gjiniherbal.com\/en_us\/product\/trajtime-natyrale\/mjalti-i-fares-se-zeze\/","title":{"rendered":"Mjalti i far\u00ebs s\u00eb zez\u00eb"},"content":{"rendered":"<p><strong>Mjalti i far\u00ebs s\u00eb zez\u00eb<\/strong> p\u00ebrftohet duke bashkuar mjaltin natyral me ekstrakt t\u00eb past\u00ebr t\u00eb far\u00ebs s\u00eb zez\u00eb (Nigella Sativa). I njohur prej shekujsh si &#8220;ila\u00e7i p\u00ebr \u00e7do s\u00ebmundje&#8221;, ky kombinim i fuqish\u00ebm mb\u00ebshtet imunitetin dhe vitalitetin.<\/p>\n<p><strong>P\u00ebrb\u00ebr\u00ebsit<\/strong>: 100&amp; mjalt\u00eb natyral i certifikuar, fara t\u00eb zeza t\u00eb bluara (Nigella Sativa).<\/p>\n<p><strong>Sasia<\/strong>: 400 gr.<\/p>\n<p><strong>P\u00ebrfitimet kryesore<\/strong>:<\/p>\n<ul>\n<li>Forcon imunitetin<\/li>\n<li>Rrit energjin\u00eb dhe q\u00ebndrueshm\u00ebrin\u00eb<\/li>\n<li>Mb\u00ebshtet tretjen dhe metabolizmin<\/li>\n<li>I pasur me antioksidant\u00eb natyral\u00eb<\/li>\n<\/ul>\n<p><strong>P\u00ebrdorimi<\/strong>: 1-2 lug\u00eb n\u00eb dit\u00eb, preferohet n\u00eb m\u00ebngjes me stomak bosh ose i p\u00ebrzier me uj\u00eb t\u00eb vak\u00ebt.<\/p>\n<p><strong>Kujdes<\/strong>: Mos e tejkaloni doz\u00ebn e rekomanduar. Jo i p\u00ebrshtatsh\u00ebm p\u00ebr f\u00ebmij\u00ebt n\u00ebn 1 vje\u00e7.<\/p>\n<p><strong>Ruajtja<\/strong>: N\u00eb vend t\u00eb fresk\u00ebt, t\u00eb that\u00eb, larg drit\u00ebs direkte t\u00eb diellit.<\/p>\n","protected":false},"excerpt":{"rendered":"<ul>\n<li>Forcon imunitetin<\/li>\n<li>Rrit energjin\u00eb dhe q\u00ebndrueshm\u00ebrin\u00eb<\/li>\n<li>Mb\u00ebshtet tretjen dhe metabolizmin<\/li>\n<li>I pasur me antioksidant\u00eb natyral\u00eb<\/li>\n<\/ul>\n<p>&nbsp;<\/p>\n<p><strong>400 gr<\/strong><\/p>\n","protected":false},"featured_media":3310,"template":"","meta":{"_acf_changed":false,"_et_pb_use_builder":"","_et_pb_old_content":"","_et_gb_content_width":"","_monsterinsights_skip_tracking":false,"_monsterinsights_sitenote_active":false,"_monsterinsights_sitenote_note":"","_monsterinsights_sitenote_category":0,"_joinchat":[]},"product_brand":[],"product_cat":[976],"product_tag":[711,710,1116],"class_list":{"0":"post-3309","1":"product","2":"type-product","3":"status-publish","4":"has-post-thumbnail","6":"product_cat-trajtime-natyrale","7":"product_tag-fare-e-zeze","8":"product_tag-mjalte","9":"product_tag-mjalti-i-fares-se-zeze","11":"first","12":"instock","13":"shipping-taxable","14":"purchasable","15":"product-type-simple"},"acf":[],"jetpack-related-posts":[],"jetpack_sharing_enabled":true,"_links":{"self":[{"href":"https:\/\/gjiniherbal.com\/en_us\/wp-json\/wp\/v2\/product\/3309","targetHints":{"allow":["GET"]}}],"collection":[{"href":"https:\/\/gjiniherbal.com\/en_us\/wp-json\/wp\/v2\/product"}],"about":[{"href":"https:\/\/gjiniherbal.com\/en_us\/wp-json\/wp\/v2\/types\/product"}],"wp:featuredmedia":[{"embeddable":true,"href":"https:\/\/gjiniherbal.com\/en_us\/wp-json\/wp\/v2\/media\/3310"}],"wp:attachment":[{"href":"https:\/\/gjiniherbal.com\/en_us\/wp-json\/wp\/v2\/media?parent=3309"}],"wp:term":[{"taxonomy":"product_brand","embeddable":true,"href":"https:\/\/gjiniherbal.com\/en_us\/wp-json\/wp\/v2\/product_brand?post=3309"},{"taxonomy":"product_cat","embeddable":true,"href":"https:\/\/gjiniherbal.com\/en_us\/wp-json\/wp\/v2\/product_cat?post=3309"},{"taxonomy":"product_tag","embeddable":true,"href":"https:\/\/gjiniherbal.com\/en_us\/wp-json\/wp\/v2\/product_tag?post=3309"}],"curies":[{"name":"wp","href":"https:\/\/api.w.org\/{rel}","templated":true}]}}