{"id":3282,"date":"2025-07-09T16:03:35","date_gmt":"2025-07-09T14:03:35","guid":{"rendered":"https:\/\/gjiniherbal.com\/?post_type=product&#038;p=3282"},"modified":"2025-07-21T16:44:30","modified_gmt":"2025-07-21T14:44:30","slug":"vaj-antimyk","status":"publish","type":"product","link":"https:\/\/gjiniherbal.com\/en_us\/product\/trajtime-natyrale\/vaj-antimyk\/","title":{"rendered":"Vaj antimyk"},"content":{"rendered":"<p>Thuaji lamtumir\u00eb shqet\u00ebsimeve prej mykut t\u00eb thonjve!<\/p>\n<p>Vaji yn\u00eb bimor, \u00ebsht\u00eb zgjidhja ideale q\u00eb ke pritur&#8230;<\/p>\n<p>Vaji p\u00ebrb\u00ebhet nga: vaj ulliri, vaj rigoni, vaj i pem\u00ebs s\u00eb \u00e7ajit, vaj eukaliptusi.<\/p>\n<p>P\u00ebrdorimi: Lyerje e zon\u00ebs s\u00eb prekur 2 her\u00eb n\u00eb dit\u00eb.<\/p>\n","protected":false},"excerpt":{"rendered":"<p>Thuaji lamtumir\u00eb shqet\u00ebsimeve prej mykut t\u00eb thonjve!<\/p>\n<p>Sasia: 20 ml.<\/p>\n","protected":false},"featured_media":3287,"template":"","meta":{"_acf_changed":false,"_et_pb_use_builder":"","_et_pb_old_content":"","_et_gb_content_width":"","_monsterinsights_skip_tracking":false,"_monsterinsights_sitenote_active":false,"_monsterinsights_sitenote_note":"","_monsterinsights_sitenote_category":0,"_joinchat":[]},"product_brand":[],"product_cat":[976,480],"product_tag":[777,1108,1106,1107],"class_list":{"0":"post-3282","1":"product","2":"type-product","3":"status-publish","4":"has-post-thumbnail","6":"product_cat-trajtime-natyrale","7":"product_cat-kujdes-i-lekures","8":"product_tag-antimyk","9":"product_tag-myk-thonjsh","10":"product_tag-vaj-antimk","11":"product_tag-vaj-per-mykun-e-thonjve","13":"first","14":"instock","15":"shipping-taxable","16":"purchasable","17":"product-type-simple"},"acf":[],"jetpack-related-posts":[],"jetpack_sharing_enabled":true,"_links":{"self":[{"href":"https:\/\/gjiniherbal.com\/en_us\/wp-json\/wp\/v2\/product\/3282","targetHints":{"allow":["GET"]}}],"collection":[{"href":"https:\/\/gjiniherbal.com\/en_us\/wp-json\/wp\/v2\/product"}],"about":[{"href":"https:\/\/gjiniherbal.com\/en_us\/wp-json\/wp\/v2\/types\/product"}],"wp:featuredmedia":[{"embeddable":true,"href":"https:\/\/gjiniherbal.com\/en_us\/wp-json\/wp\/v2\/media\/3287"}],"wp:attachment":[{"href":"https:\/\/gjiniherbal.com\/en_us\/wp-json\/wp\/v2\/media?parent=3282"}],"wp:term":[{"taxonomy":"product_brand","embeddable":true,"href":"https:\/\/gjiniherbal.com\/en_us\/wp-json\/wp\/v2\/product_brand?post=3282"},{"taxonomy":"product_cat","embeddable":true,"href":"https:\/\/gjiniherbal.com\/en_us\/wp-json\/wp\/v2\/product_cat?post=3282"},{"taxonomy":"product_tag","embeddable":true,"href":"https:\/\/gjiniherbal.com\/en_us\/wp-json\/wp\/v2\/product_tag?post=3282"}],"curies":[{"name":"wp","href":"https:\/\/api.w.org\/{rel}","templated":true}]}}