{"id":3276,"date":"2025-06-18T12:28:29","date_gmt":"2025-06-18T10:28:29","guid":{"rendered":"https:\/\/gjiniherbal.com\/?post_type=product&#038;p=3276"},"modified":"2025-06-18T12:28:30","modified_gmt":"2025-06-18T10:28:30","slug":"celenes-nordic-oil-nourishing-shower-oil-all-skin-types-400ml","status":"publish","type":"product","link":"https:\/\/gjiniherbal.com\/en_us\/product\/kujdes-i-lekures\/celenes-nordic-oil-nourishing-shower-oil-all-skin-types-400ml\/","title":{"rendered":"CELENES  Nordic Oil Nourishing Shower Oil All Skin Types 400ml"},"content":{"rendered":"<p>Vaj dushi ushqyes Nordic Oil p\u00ebr l\u00ebkur\u00eb t\u00eb ndjeshme, me formul\u00ebn e tij t\u00eb ve\u00e7ant\u00eb t\u00eb pasuruar me vajra natyral\u00eb dhe hidratues, shnd\u00ebrrohet n\u00eb nj\u00eb qum\u00ebsht trupi hidratues dhe thell\u00ebsisht t\u00eb kujdessh\u00ebm kur kombinohet me uj\u00eb, duke e l\u00ebn\u00eb l\u00ebkur\u00ebn tuaj t\u00eb but\u00eb dhe t\u00eb shk\u00eblqyeshme. Pastron but\u00ebsisht dhe ndihmon n\u00eb parandalimin e tharjes s\u00eb l\u00ebkur\u00ebs. Nuk i heq lag\u00ebshtin\u00eb thelb\u00ebsore l\u00ebkur\u00ebs suaj.<\/p>\n","protected":false},"excerpt":{"rendered":"<p>Vaj dushi ushqyes Nordic Oil p\u00ebr l\u00ebkur\u00eb t\u00eb ndjeshme, me formul\u00ebn e tij t\u00eb ve\u00e7ant\u00eb t\u00eb pasuruar me vajra natyral\u00eb dhe hidratues, shnd\u00ebrrohet n\u00eb nj\u00eb qum\u00ebsht trupi hidratues dhe thell\u00ebsisht t\u00eb kujdessh\u00ebm kur kombinohet me uj\u00eb, duke e l\u00ebn\u00eb l\u00ebkur\u00ebn tuaj t\u00eb but\u00eb dhe t\u00eb shk\u00eblqyeshme. Pastron but\u00ebsisht dhe ndihmon n\u00eb parandalimin e tharjes s\u00eb l\u00ebkur\u00ebs. Nuk i heq lag\u00ebshtin\u00eb thelb\u00ebsore l\u00ebkur\u00ebs suaj.<\/p>\n","protected":false},"featured_media":3277,"template":"","meta":{"_acf_changed":false,"_et_pb_use_builder":"","_et_pb_old_content":"","_et_gb_content_width":"","_monsterinsights_skip_tracking":false,"_monsterinsights_sitenote_active":false,"_monsterinsights_sitenote_note":"","_monsterinsights_sitenote_category":0,"_joinchat":[]},"product_brand":[],"product_cat":[480],"product_tag":[1103],"class_list":{"0":"post-3276","1":"product","2":"type-product","3":"status-publish","4":"has-post-thumbnail","6":"product_cat-kujdes-i-lekures","7":"product_tag-vaj-dushi","9":"first","10":"instock","11":"shipping-taxable","12":"purchasable","13":"product-type-simple"},"acf":[],"jetpack-related-posts":[],"jetpack_sharing_enabled":true,"_links":{"self":[{"href":"https:\/\/gjiniherbal.com\/en_us\/wp-json\/wp\/v2\/product\/3276","targetHints":{"allow":["GET"]}}],"collection":[{"href":"https:\/\/gjiniherbal.com\/en_us\/wp-json\/wp\/v2\/product"}],"about":[{"href":"https:\/\/gjiniherbal.com\/en_us\/wp-json\/wp\/v2\/types\/product"}],"wp:featuredmedia":[{"embeddable":true,"href":"https:\/\/gjiniherbal.com\/en_us\/wp-json\/wp\/v2\/media\/3277"}],"wp:attachment":[{"href":"https:\/\/gjiniherbal.com\/en_us\/wp-json\/wp\/v2\/media?parent=3276"}],"wp:term":[{"taxonomy":"product_brand","embeddable":true,"href":"https:\/\/gjiniherbal.com\/en_us\/wp-json\/wp\/v2\/product_brand?post=3276"},{"taxonomy":"product_cat","embeddable":true,"href":"https:\/\/gjiniherbal.com\/en_us\/wp-json\/wp\/v2\/product_cat?post=3276"},{"taxonomy":"product_tag","embeddable":true,"href":"https:\/\/gjiniherbal.com\/en_us\/wp-json\/wp\/v2\/product_tag?post=3276"}],"curies":[{"name":"wp","href":"https:\/\/api.w.org\/{rel}","templated":true}]}}