{"id":3267,"date":"2025-06-18T12:02:48","date_gmt":"2025-06-18T10:02:48","guid":{"rendered":"https:\/\/gjiniherbal.com\/?post_type=product&#038;p=3267"},"modified":"2025-06-18T12:06:26","modified_gmt":"2025-06-18T10:06:26","slug":"celenes-nordic-goji-berry-stick-lip-balm-lip-cheek-4-8gr","status":"publish","type":"product","link":"https:\/\/gjiniherbal.com\/en_us\/product\/kujdes-i-lekures\/celenes-nordic-goji-berry-stick-lip-balm-lip-cheek-4-8gr\/","title":{"rendered":"CELENES  Nordic Goji Berry Stick Lip Balm Lip &#038; Cheek 4.8gr"},"content":{"rendered":"<p>CELENES Nordic Goji Berry Stick Lip Balm Lip &amp; Cheek 4.8gr &#8211; Hidratoni buz\u00ebt tuaja n\u00eb thell\u00ebsi me acid hialuronik, vajra natyral\u00eb dhe ekstrakt Gojiberry. Formuluar posa\u00e7\u00ebrisht p\u00ebr buz\u00eb t\u00eb sh\u00ebndetshme dhe t\u00eb kuruara mir\u00eb. I p\u00ebrshtatsh\u00ebm p\u00ebr p\u00ebrdorim t\u00eb p\u00ebrditsh\u00ebm. U jep buz\u00ebve nj\u00eb ngjyr\u00eb t\u00eb leht\u00eb t\u00eb kuqe.<\/p>\n","protected":false},"excerpt":{"rendered":"<p>Hidratoni buz\u00ebt tuaja n\u00eb thell\u00ebsi me acid hialuronik, vajra natyral\u00eb dhe ekstrakt Gojiberry. Formuluar posa\u00e7\u00ebrisht p\u00ebr buz\u00eb t\u00eb sh\u00ebndetshme dhe t\u00eb kuruara mir\u00eb. I p\u00ebrshtatsh\u00ebm p\u00ebr p\u00ebrdorim t\u00eb p\u00ebrditsh\u00ebm. U jep buz\u00ebve nj\u00eb ngjyr\u00eb t\u00eb leht\u00eb t\u00eb kuqe.<\/p>\n","protected":false},"featured_media":3268,"template":"","meta":{"_acf_changed":false,"_et_pb_use_builder":"","_et_pb_old_content":"","_et_gb_content_width":"","_monsterinsights_skip_tracking":false,"_monsterinsights_sitenote_active":false,"_monsterinsights_sitenote_note":"","_monsterinsights_sitenote_category":0,"_joinchat":[]},"product_brand":[],"product_cat":[480],"product_tag":[1046],"class_list":{"0":"post-3267","1":"product","2":"type-product","3":"status-publish","4":"has-post-thumbnail","6":"product_cat-kujdes-i-lekures","7":"product_tag-lip-balm","9":"first","10":"instock","11":"shipping-taxable","12":"purchasable","13":"product-type-simple"},"acf":[],"jetpack-related-posts":[],"jetpack_sharing_enabled":true,"_links":{"self":[{"href":"https:\/\/gjiniherbal.com\/en_us\/wp-json\/wp\/v2\/product\/3267","targetHints":{"allow":["GET"]}}],"collection":[{"href":"https:\/\/gjiniherbal.com\/en_us\/wp-json\/wp\/v2\/product"}],"about":[{"href":"https:\/\/gjiniherbal.com\/en_us\/wp-json\/wp\/v2\/types\/product"}],"wp:featuredmedia":[{"embeddable":true,"href":"https:\/\/gjiniherbal.com\/en_us\/wp-json\/wp\/v2\/media\/3268"}],"wp:attachment":[{"href":"https:\/\/gjiniherbal.com\/en_us\/wp-json\/wp\/v2\/media?parent=3267"}],"wp:term":[{"taxonomy":"product_brand","embeddable":true,"href":"https:\/\/gjiniherbal.com\/en_us\/wp-json\/wp\/v2\/product_brand?post=3267"},{"taxonomy":"product_cat","embeddable":true,"href":"https:\/\/gjiniherbal.com\/en_us\/wp-json\/wp\/v2\/product_cat?post=3267"},{"taxonomy":"product_tag","embeddable":true,"href":"https:\/\/gjiniherbal.com\/en_us\/wp-json\/wp\/v2\/product_tag?post=3267"}],"curies":[{"name":"wp","href":"https:\/\/api.w.org\/{rel}","templated":true}]}}