{"id":3265,"date":"2025-06-18T11:52:03","date_gmt":"2025-06-18T09:52:03","guid":{"rendered":"https:\/\/gjiniherbal.com\/?post_type=product&#038;p=3265"},"modified":"2025-06-18T11:52:03","modified_gmt":"2025-06-18T09:52:03","slug":"celenes-thermal-hydro-care-stick-lip-balm-4-8gr","status":"publish","type":"product","link":"https:\/\/gjiniherbal.com\/en_us\/product\/kujdes-i-lekures\/celenes-thermal-hydro-care-stick-lip-balm-4-8gr\/","title":{"rendered":"CELENES  Thermal Hydro Care Stick Lip Balm 4.8gr"},"content":{"rendered":"<p>CELENES Thermal Hydro Care Stick Lip Balm 4.8gr &#8211; Hidratoni buz\u00ebt tuaja thell\u00ebsisht me acid hialuronik, vajra natyral\u00eb dhe bim\u00eb endemike suedeze. Formuluar posa\u00e7\u00ebrisht p\u00ebr buz\u00eb t\u00eb sh\u00ebndetshme dhe t\u00eb kuruara mir\u00eb. I p\u00ebrshtatsh\u00ebm p\u00ebr p\u00ebrdorim t\u00eb p\u00ebrditsh\u00ebm.<\/p>\n","protected":false},"excerpt":{"rendered":"<p>Hidratoni buz\u00ebt tuaja thell\u00ebsisht me acid hialuronik, vajra natyral\u00eb dhe bim\u00eb endemike suedeze. Formuluar posa\u00e7\u00ebrisht p\u00ebr buz\u00eb t\u00eb sh\u00ebndetshme dhe t\u00eb kuruara mir\u00eb. I p\u00ebrshtatsh\u00ebm p\u00ebr p\u00ebrdorim t\u00eb p\u00ebrditsh\u00ebm.<\/p>\n","protected":false},"featured_media":3266,"template":"","meta":{"_acf_changed":false,"_et_pb_use_builder":"","_et_pb_old_content":"","_et_gb_content_width":"","_monsterinsights_skip_tracking":false,"_monsterinsights_sitenote_active":false,"_monsterinsights_sitenote_note":"","_monsterinsights_sitenote_category":0,"_joinchat":[]},"product_brand":[],"product_cat":[480],"product_tag":[1046],"class_list":{"0":"post-3265","1":"product","2":"type-product","3":"status-publish","4":"has-post-thumbnail","6":"product_cat-kujdes-i-lekures","7":"product_tag-lip-balm","9":"first","10":"instock","11":"shipping-taxable","12":"purchasable","13":"product-type-simple"},"acf":[],"jetpack-related-posts":[],"jetpack_sharing_enabled":true,"_links":{"self":[{"href":"https:\/\/gjiniherbal.com\/en_us\/wp-json\/wp\/v2\/product\/3265","targetHints":{"allow":["GET"]}}],"collection":[{"href":"https:\/\/gjiniherbal.com\/en_us\/wp-json\/wp\/v2\/product"}],"about":[{"href":"https:\/\/gjiniherbal.com\/en_us\/wp-json\/wp\/v2\/types\/product"}],"wp:featuredmedia":[{"embeddable":true,"href":"https:\/\/gjiniherbal.com\/en_us\/wp-json\/wp\/v2\/media\/3266"}],"wp:attachment":[{"href":"https:\/\/gjiniherbal.com\/en_us\/wp-json\/wp\/v2\/media?parent=3265"}],"wp:term":[{"taxonomy":"product_brand","embeddable":true,"href":"https:\/\/gjiniherbal.com\/en_us\/wp-json\/wp\/v2\/product_brand?post=3265"},{"taxonomy":"product_cat","embeddable":true,"href":"https:\/\/gjiniherbal.com\/en_us\/wp-json\/wp\/v2\/product_cat?post=3265"},{"taxonomy":"product_tag","embeddable":true,"href":"https:\/\/gjiniherbal.com\/en_us\/wp-json\/wp\/v2\/product_tag?post=3265"}],"curies":[{"name":"wp","href":"https:\/\/api.w.org\/{rel}","templated":true}]}}