{"id":3259,"date":"2025-06-18T11:33:44","date_gmt":"2025-06-18T09:33:44","guid":{"rendered":"https:\/\/gjiniherbal.com\/?post_type=product&#038;p=3259"},"modified":"2025-06-18T11:33:44","modified_gmt":"2025-06-18T09:33:44","slug":"celenes-herbal-tanning-oil-200ml","status":"publish","type":"product","link":"https:\/\/gjiniherbal.com\/en_us\/product\/kujdes-i-lekures\/celenes-herbal-tanning-oil-200ml\/","title":{"rendered":"CELENES  Herbal Tanning Oil 200ml"},"content":{"rendered":"<p>Ky produkt e leht\u00ebson l\u00ebkur\u00ebn n\u00eb arritjen e nj\u00eb nxirjeje uniforme shpejt, intensivisht dhe pa skuqje. Gjithashtu kontribuon n\u00eb zgjatjen e koh\u00ebzgjatjes s\u00eb nxirjes, duke i siguruar shk\u00eblqim l\u00ebkur\u00ebs. Formula hidratuese, e pasuruar me kakao, karoten dhe vitamin\u00eb E, ofron kujdes intensiv dhe mb\u00ebshtet nxirjen e sh\u00ebndetshme. Formula jo-ngjit\u00ebse siguron nj\u00eb aplikim t\u00eb rehatsh\u00ebm, dhe karakteristika e saj rezistente ndaj ujit i shton asaj nj\u00eb pamje t\u00ebrheq\u00ebse. Besnik ndaj p\u00ebrkushtimit t\u00eb saj ndaj sh\u00ebndetit t\u00eb l\u00ebkur\u00ebs, produkti nuk p\u00ebrmban parabene, parfum dhe alkool, duke ofruar nj\u00eb p\u00ebrvoj\u00eb t\u00eb past\u00ebr dhe efektive p\u00ebr nxirje.<\/p>\n<p>&#8211; Ndihmon l\u00ebkur\u00ebn t\u00eb arrij\u00eb nj\u00eb nxirje homogjene shpejt, intensivisht dhe pa skuqje.<br \/>\n&#8211; Ndihmon n\u00eb zgjatjen e koh\u00ebzgjatjes s\u00eb nxirjes dhe i jep shk\u00eblqim l\u00ebkur\u00ebs.<br \/>\n&#8211; Formula hidratuese q\u00eb p\u00ebrmban kakao, karoten dhe vitamin\u00eb E ofron kujdes intensiv dhe mb\u00ebshtet nxirjen e sh\u00ebndetshme.<\/p>\n<p>Nuk l\u00eb nj\u00eb ndjesi ngjit\u00ebse, rezistente ndaj ujit. Nuk p\u00ebrmban parabene, parfum dhe alkool.<\/p>\n","protected":false},"excerpt":{"rendered":"<p>Ky produkt e leht\u00ebson l\u00ebkur\u00ebn n\u00eb arritjen e nj\u00eb nxirjeje uniforme shpejt, intensivisht dhe pa skuqje. Gjithashtu kontribuon n\u00eb zgjatjen e koh\u00ebzgjatjes s\u00eb nxirjes, duke i siguruar shk\u00eblqim l\u00ebkur\u00ebs. Formula hidratuese, e pasuruar me kakao, karoten dhe vitamin\u00eb E, ofron kujdes intensiv dhe mb\u00ebshtet nxirjen e sh\u00ebndetshme. Formula jo-ngjit\u00ebse siguron nj\u00eb aplikim t\u00eb rehatsh\u00ebm, dhe karakteristika e saj rezistente ndaj ujit i shton asaj nj\u00eb pamje t\u00ebrheq\u00ebse. Besnik ndaj p\u00ebrkushtimit t\u00eb saj ndaj sh\u00ebndetit t\u00eb l\u00ebkur\u00ebs, produkti nuk p\u00ebrmban parabene, parfum dhe alkool, duke ofruar nj\u00eb p\u00ebrvoj\u00eb t\u00eb past\u00ebr dhe efektive p\u00ebr nxirje.<\/p>\n","protected":false},"featured_media":3260,"template":"","meta":{"_acf_changed":false,"_et_pb_use_builder":"","_et_pb_old_content":"","_et_gb_content_width":"","_monsterinsights_skip_tracking":false,"_monsterinsights_sitenote_active":false,"_monsterinsights_sitenote_note":"","_monsterinsights_sitenote_category":0,"_joinchat":[]},"product_brand":[],"product_cat":[480],"product_tag":[1101],"class_list":{"0":"post-3259","1":"product","2":"type-product","3":"status-publish","4":"has-post-thumbnail","6":"product_cat-kujdes-i-lekures","7":"product_tag-vaj-nxires","9":"first","10":"instock","11":"shipping-taxable","12":"purchasable","13":"product-type-simple"},"acf":[],"jetpack-related-posts":[],"jetpack_sharing_enabled":true,"_links":{"self":[{"href":"https:\/\/gjiniherbal.com\/en_us\/wp-json\/wp\/v2\/product\/3259","targetHints":{"allow":["GET"]}}],"collection":[{"href":"https:\/\/gjiniherbal.com\/en_us\/wp-json\/wp\/v2\/product"}],"about":[{"href":"https:\/\/gjiniherbal.com\/en_us\/wp-json\/wp\/v2\/types\/product"}],"wp:featuredmedia":[{"embeddable":true,"href":"https:\/\/gjiniherbal.com\/en_us\/wp-json\/wp\/v2\/media\/3260"}],"wp:attachment":[{"href":"https:\/\/gjiniherbal.com\/en_us\/wp-json\/wp\/v2\/media?parent=3259"}],"wp:term":[{"taxonomy":"product_brand","embeddable":true,"href":"https:\/\/gjiniherbal.com\/en_us\/wp-json\/wp\/v2\/product_brand?post=3259"},{"taxonomy":"product_cat","embeddable":true,"href":"https:\/\/gjiniherbal.com\/en_us\/wp-json\/wp\/v2\/product_cat?post=3259"},{"taxonomy":"product_tag","embeddable":true,"href":"https:\/\/gjiniherbal.com\/en_us\/wp-json\/wp\/v2\/product_tag?post=3259"}],"curies":[{"name":"wp","href":"https:\/\/api.w.org\/{rel}","templated":true}]}}