{"id":3257,"date":"2025-06-18T11:30:05","date_gmt":"2025-06-18T09:30:05","guid":{"rendered":"https:\/\/gjiniherbal.com\/?post_type=product&#038;p=3257"},"modified":"2025-06-18T11:30:06","modified_gmt":"2025-06-18T09:30:06","slug":"bionnex-cleansing-foaming-gel-for-dry-atopic-prone-skin-400ml","status":"publish","type":"product","link":"https:\/\/gjiniherbal.com\/en_us\/product\/kujdesi-fytyres\/bionnex-cleansing-foaming-gel-for-dry-atopic-prone-skin-400ml\/","title":{"rendered":"BIONNEX  CLEANSING &#038; FOAMING GEL for dry, very dry &#038; atopic prone skin 400ml"},"content":{"rendered":"<p>BIONNEX CLEANSING &amp; FOAMING GEL for dry, very dry &amp; atopic prone skin 400ml &#8211; I zhvilluar p\u00ebr l\u00ebkur\u00eb t\u00eb that\u00eb, pastron but\u00ebsisht l\u00ebkur\u00ebn dhe ndihmon n\u00eb mb\u00ebshtetjen e barrier\u00ebs s\u00eb saj natyrore. I formuluar me AHA dhe enzima nga ekstrakte frutash, largon qelizat e vdekura t\u00eb l\u00ebkur\u00ebs pa shkaktuar acarim, duke mb\u00ebshtetur rinovimin e l\u00ebkur\u00ebs, hidratimin dhe duke barazuar tonin dhe struktur\u00ebn e l\u00ebkur\u00ebs. Vetit\u00eb e tij prebiotike ndihmojn\u00eb n\u00eb ruajtjen e ekuilibrit t\u00eb mikrobiom\u00ebs s\u00eb l\u00ebkur\u00ebs dhe rregullojn\u00eb nivelin e pH-it t\u00eb l\u00ebkur\u00ebs. Me ekstraktin e kamomilit, mbron l\u00ebkur\u00ebn nga stresi mjedisor dhe ofron nj\u00eb efekt qet\u00ebsues.<\/p>\n<p>Vetit\u00eb e tij prebiotike ndihmojn\u00eb n\u00eb ruajtjen e ekuilibrit t\u00eb mikrobiom\u00ebs s\u00eb l\u00ebkur\u00ebs dhe rregullojn\u00eb nivelin e pH-it t\u00eb l\u00ebkur\u00ebs. Me ekstraktin e kamomilit, mbron l\u00ebkur\u00ebn nga stresi mjedisor dhe ofron nj\u00eb efekt qet\u00ebsues.<\/p>\n<p>P\u00ebrdorimi: Aplikoni nj\u00eb sasi t\u00eb vog\u00ebl t\u00eb xhelit pastrues dhe shkum\u00ebzues n\u00eb l\u00ebkur\u00ebn e lagur duke e masazhuar. Shmangni zon\u00ebn e syve. Shp\u00eblajeni plot\u00ebsisht me uj\u00eb t\u00eb ngroht\u00eb.<\/p>\n","protected":false},"excerpt":{"rendered":"<p>Vetit\u00eb e tij prebiotike ndihmojn\u00eb n\u00eb ruajtjen e ekuilibrit t\u00eb mikrobiom\u00ebs s\u00eb l\u00ebkur\u00ebs dhe rregullojn\u00eb nivelin e pH-it t\u00eb l\u00ebkur\u00ebs. Me ekstraktin e kamomilit, mbron l\u00ebkur\u00ebn nga stresi mjedisor dhe ofron nj\u00eb efekt qet\u00ebsues.<\/p>\n","protected":false},"featured_media":3258,"template":"","meta":{"_acf_changed":false,"_et_pb_use_builder":"","_et_pb_old_content":"","_et_gb_content_width":"","_monsterinsights_skip_tracking":false,"_monsterinsights_sitenote_active":false,"_monsterinsights_sitenote_note":"","_monsterinsights_sitenote_category":0,"_joinchat":[]},"product_brand":[],"product_cat":[831,480],"product_tag":[1039],"class_list":{"0":"post-3257","1":"product","2":"type-product","3":"status-publish","4":"has-post-thumbnail","6":"product_cat-kujdesi-fytyres","7":"product_cat-kujdes-i-lekures","8":"product_tag-xhel-pastrues","10":"first","11":"instock","12":"shipping-taxable","13":"purchasable","14":"product-type-simple"},"acf":[],"jetpack-related-posts":[],"jetpack_sharing_enabled":true,"_links":{"self":[{"href":"https:\/\/gjiniherbal.com\/en_us\/wp-json\/wp\/v2\/product\/3257","targetHints":{"allow":["GET"]}}],"collection":[{"href":"https:\/\/gjiniherbal.com\/en_us\/wp-json\/wp\/v2\/product"}],"about":[{"href":"https:\/\/gjiniherbal.com\/en_us\/wp-json\/wp\/v2\/types\/product"}],"wp:featuredmedia":[{"embeddable":true,"href":"https:\/\/gjiniherbal.com\/en_us\/wp-json\/wp\/v2\/media\/3258"}],"wp:attachment":[{"href":"https:\/\/gjiniherbal.com\/en_us\/wp-json\/wp\/v2\/media?parent=3257"}],"wp:term":[{"taxonomy":"product_brand","embeddable":true,"href":"https:\/\/gjiniherbal.com\/en_us\/wp-json\/wp\/v2\/product_brand?post=3257"},{"taxonomy":"product_cat","embeddable":true,"href":"https:\/\/gjiniherbal.com\/en_us\/wp-json\/wp\/v2\/product_cat?post=3257"},{"taxonomy":"product_tag","embeddable":true,"href":"https:\/\/gjiniherbal.com\/en_us\/wp-json\/wp\/v2\/product_tag?post=3257"}],"curies":[{"name":"wp","href":"https:\/\/api.w.org\/{rel}","templated":true}]}}