{"id":3251,"date":"2025-06-18T11:06:34","date_gmt":"2025-06-18T09:06:34","guid":{"rendered":"https:\/\/gjiniherbal.com\/?post_type=product&#038;p=3251"},"modified":"2025-06-18T11:06:34","modified_gmt":"2025-06-18T09:06:34","slug":"bionnex-cracked-heel-cream-50ml","status":"publish","type":"product","link":"https:\/\/gjiniherbal.com\/en_us\/product\/kujdes-i-lekures\/bionnex-cracked-heel-cream-50ml\/","title":{"rendered":"BIONNEX  CRACKED HEEL CREAM  50ml"},"content":{"rendered":"<p>I pasur me bim\u00eb dhe vitamina natyrale mbrojt\u00ebse, kremi p\u00ebr thembrat e \u00e7ara ndihmon n\u00eb sh\u00ebrimin e shpejt\u00eb t\u00eb \u00e7arjeve t\u00eb thella, si dhe n\u00eb largimin e qelizave t\u00eb vdekura nga shtresa e sip\u00ebrme e l\u00ebkur\u00ebs dhe parandalimin e formimit t\u00eb \u00e7arjeve. Fal\u00eb Vaccinium mytrillus, ndihmon n\u00eb forcimin e barrier\u00ebs mbrojt\u00ebse t\u00eb l\u00ebkur\u00ebs edhe n\u00eb l\u00ebkur\u00ebn e that\u00eb.<\/p>\n<p>Formula Tetra Complex CX19, vaj farash brassica campestris (kolz\u00eb),<br \/>\nvaj farash helianthus annuus (luledielli) dhe<br \/>\nP\u00ebrmban ekstrakt laminaria ochroleuca. Ai mb\u00ebshtet barrier\u00ebn natyrale mbrojt\u00ebse t\u00eb l\u00ebkur\u00ebs dhe ndihmon n\u00eb riparimin e saj.<br \/>\nVaji natyral i bajames dhe vaji i avokados ushqejn\u00eb l\u00ebkur\u00ebn dhe rrisin forc\u00ebn e saj.<br \/>\nEkstrakti i bim\u00ebs endemike nordike Vaccinium Myritillus ushqen l\u00ebkur\u00ebn dhe mb\u00ebshtet forcimin e barrier\u00ebs s\u00eb l\u00ebkur\u00ebs.<br \/>\nUrea ndihmon q\u00eb thembrat e \u00e7ara t\u00eb sh\u00ebrohen menj\u00ebher\u00eb, heq shtres\u00ebn e vdekur t\u00eb l\u00ebkur\u00ebs dhe parandalon formimin e \u00e7arjeve p\u00ebrs\u00ebri.<\/p>\n<p>&nbsp;<\/p>\n<p>P\u00ebrdorimi: Aplikoni nj\u00eb sasi t\u00eb mjaftueshme kremi n\u00eb k\u00ebmb\u00eb dhe thembra dy her\u00eb n\u00eb dit\u00eb me l\u00ebvizje rrethore masazhi. I disponuesh\u00ebm p\u00ebr t\u00eb gjitha llojet e l\u00ebkur\u00ebs.<\/p>\n","protected":false},"excerpt":{"rendered":"<p>I pasur me bim\u00eb dhe vitamina natyrale mbrojt\u00ebse, kremi p\u00ebr thembrat e \u00e7ara ndihmon n\u00eb sh\u00ebrimin e shpejt\u00eb t\u00eb \u00e7arjeve t\u00eb thella, si dhe n\u00eb largimin e qelizave t\u00eb vdekura nga shtresa e sip\u00ebrme e l\u00ebkur\u00ebs dhe parandalimin e formimit t\u00eb \u00e7arjeve. Fal\u00eb Vaccinium mytrillus, ndihmon n\u00eb forcimin e barrier\u00ebs mbrojt\u00ebse t\u00eb l\u00ebkur\u00ebs edhe n\u00eb l\u00ebkur\u00ebn e that\u00eb.<\/p>\n","protected":false},"featured_media":3252,"template":"","meta":{"_acf_changed":false,"_et_pb_use_builder":"","_et_pb_old_content":"","_et_gb_content_width":"","_monsterinsights_skip_tracking":false,"_monsterinsights_sitenote_active":false,"_monsterinsights_sitenote_note":"","_monsterinsights_sitenote_category":0,"_joinchat":[]},"product_brand":[],"product_cat":[480],"product_tag":[772,1100],"class_list":{"0":"post-3251","1":"product","2":"type-product","3":"status-publish","4":"has-post-thumbnail","6":"product_cat-kujdes-i-lekures","7":"product_tag-thembra","8":"product_tag-thembra-te-cara","10":"first","11":"instock","12":"shipping-taxable","13":"purchasable","14":"product-type-simple"},"acf":[],"yoast_head":"<!-- This site is optimized with the Yoast SEO plugin v27.4 - https:\/\/yoast.com\/product\/yoast-seo-wordpress\/ -->\n<title>BIONNEX CRACKED HEEL CREAM 50ml - Gjini Herbal<\/title>\n<meta name=\"description\" content=\"I pasur me bim\u00eb dhe vitamina natyrale mbrojt\u00ebse, kremi p\u00ebr thembrat e \u00e7ara ndihmon n\u00eb sh\u00ebrimin e shpejt\u00eb t\u00eb \u00e7arjeve t\u00eb thella, si dhe n\u00eb largimin e qelizave t\u00eb vdekura nga shtresa e sip\u00ebrme e l\u00ebkur\u00ebs dhe parandalimin e formimit t\u00eb \u00e7arjeve. Fal\u00eb Vaccinium mytrillus, ndihmon n\u00eb forcimin e barrier\u00ebs mbrojt\u00ebse t\u00eb l\u00ebkur\u00ebs edhe n\u00eb l\u00ebkur\u00ebn e that\u00eb.\" \/>\n<meta name=\"robots\" content=\"index, follow, max-snippet:-1, max-image-preview:large, max-video-preview:-1\" \/>\n<link rel=\"canonical\" href=\"https:\/\/gjiniherbal.com\/en_us\/produkt\/kujdes-i-lekures\/bionnex-cracked-heel-cream-50ml\/\" \/>\n<meta property=\"og:locale\" content=\"en_US\" \/>\n<meta property=\"og:type\" content=\"article\" \/>\n<meta property=\"og:title\" content=\"BIONNEX CRACKED HEEL CREAM 50ml - Gjini Herbal\" \/>\n<meta property=\"og:description\" content=\"I pasur me bim\u00eb dhe vitamina natyrale mbrojt\u00ebse, kremi p\u00ebr thembrat e \u00e7ara ndihmon n\u00eb sh\u00ebrimin e shpejt\u00eb t\u00eb \u00e7arjeve t\u00eb thella, si dhe n\u00eb largimin e qelizave t\u00eb vdekura nga shtresa e sip\u00ebrme e l\u00ebkur\u00ebs dhe parandalimin e formimit t\u00eb \u00e7arjeve. Fal\u00eb Vaccinium mytrillus, ndihmon n\u00eb forcimin e barrier\u00ebs mbrojt\u00ebse t\u00eb l\u00ebkur\u00ebs edhe n\u00eb l\u00ebkur\u00ebn e that\u00eb.\" \/>\n<meta property=\"og:url\" content=\"https:\/\/gjiniherbal.com\/en_us\/produkt\/kujdes-i-lekures\/bionnex-cracked-heel-cream-50ml\/\" \/>\n<meta property=\"og:site_name\" content=\"Gjini Herbal\" \/>\n<meta property=\"article:publisher\" content=\"https:\/\/facebook.com\/gjiniherbal\" \/>\n<meta property=\"og:image\" content=\"https:\/\/gjiniherbal.com\/wp-content\/uploads\/2025\/06\/8_0933ff8c-96cf-452f-a32c-b288cccafb8c_400x.webp\" \/>\n\t<meta property=\"og:image:width\" content=\"400\" \/>\n\t<meta property=\"og:image:height\" content=\"429\" \/>\n\t<meta property=\"og:image:type\" content=\"image\/webp\" \/>\n<meta name=\"twitter:card\" content=\"summary_large_image\" \/>\n<meta name=\"twitter:label1\" content=\"Est. reading time\" \/>\n\t<meta name=\"twitter:data1\" content=\"1 minute\" \/>\n<script type=\"application\/ld+json\" class=\"yoast-schema-graph\">{\"@context\":\"https:\\\/\\\/schema.org\",\"@graph\":[{\"@type\":\"WebPage\",\"@id\":\"https:\\\/\\\/gjiniherbal.com\\\/produkt\\\/kujdes-i-lekures\\\/bionnex-cracked-heel-cream-50ml\\\/\",\"url\":\"https:\\\/\\\/gjiniherbal.com\\\/produkt\\\/kujdes-i-lekures\\\/bionnex-cracked-heel-cream-50ml\\\/\",\"name\":\"BIONNEX CRACKED HEEL CREAM 50ml - Gjini Herbal\",\"isPartOf\":{\"@id\":\"https:\\\/\\\/gjiniherbal.com\\\/#website\"},\"primaryImageOfPage\":{\"@id\":\"https:\\\/\\\/gjiniherbal.com\\\/produkt\\\/kujdes-i-lekures\\\/bionnex-cracked-heel-cream-50ml\\\/#primaryimage\"},\"image\":{\"@id\":\"https:\\\/\\\/gjiniherbal.com\\\/produkt\\\/kujdes-i-lekures\\\/bionnex-cracked-heel-cream-50ml\\\/#primaryimage\"},\"thumbnailUrl\":\"https:\\\/\\\/gjiniherbal.com\\\/wp-content\\\/uploads\\\/2025\\\/06\\\/8_0933ff8c-96cf-452f-a32c-b288cccafb8c_400x.webp\",\"datePublished\":\"2025-06-18T09:06:34+00:00\",\"description\":\"I pasur me bim\u00eb dhe vitamina natyrale mbrojt\u00ebse, kremi p\u00ebr thembrat e \u00e7ara ndihmon n\u00eb sh\u00ebrimin e shpejt\u00eb t\u00eb \u00e7arjeve t\u00eb thella, si dhe n\u00eb largimin e qelizave t\u00eb vdekura nga shtresa e sip\u00ebrme e l\u00ebkur\u00ebs dhe parandalimin e formimit t\u00eb \u00e7arjeve. Fal\u00eb Vaccinium mytrillus, ndihmon n\u00eb forcimin e barrier\u00ebs mbrojt\u00ebse t\u00eb l\u00ebkur\u00ebs edhe n\u00eb l\u00ebkur\u00ebn e that\u00eb.\",\"breadcrumb\":{\"@id\":\"https:\\\/\\\/gjiniherbal.com\\\/produkt\\\/kujdes-i-lekures\\\/bionnex-cracked-heel-cream-50ml\\\/#breadcrumb\"},\"inLanguage\":\"en-US\",\"potentialAction\":[{\"@type\":\"ReadAction\",\"target\":[\"https:\\\/\\\/gjiniherbal.com\\\/produkt\\\/kujdes-i-lekures\\\/bionnex-cracked-heel-cream-50ml\\\/\"]}]},{\"@type\":\"ImageObject\",\"inLanguage\":\"en-US\",\"@id\":\"https:\\\/\\\/gjiniherbal.com\\\/produkt\\\/kujdes-i-lekures\\\/bionnex-cracked-heel-cream-50ml\\\/#primaryimage\",\"url\":\"https:\\\/\\\/gjiniherbal.com\\\/wp-content\\\/uploads\\\/2025\\\/06\\\/8_0933ff8c-96cf-452f-a32c-b288cccafb8c_400x.webp\",\"contentUrl\":\"https:\\\/\\\/gjiniherbal.com\\\/wp-content\\\/uploads\\\/2025\\\/06\\\/8_0933ff8c-96cf-452f-a32c-b288cccafb8c_400x.webp\",\"width\":400,\"height\":429},{\"@type\":\"BreadcrumbList\",\"@id\":\"https:\\\/\\\/gjiniherbal.com\\\/produkt\\\/kujdes-i-lekures\\\/bionnex-cracked-heel-cream-50ml\\\/#breadcrumb\",\"itemListElement\":[{\"@type\":\"ListItem\",\"position\":1,\"name\":\"Home\",\"item\":\"https:\\\/\\\/gjiniherbal.com\\\/en_us\\\/\"},{\"@type\":\"ListItem\",\"position\":2,\"name\":\"Shop\",\"item\":\"https:\\\/\\\/gjiniherbal.com\\\/en_us\\\/shop\\\/\"},{\"@type\":\"ListItem\",\"position\":3,\"name\":\"BIONNEX CRACKED HEEL CREAM 50ml\"}]},{\"@type\":\"WebSite\",\"@id\":\"https:\\\/\\\/gjiniherbal.com\\\/#website\",\"url\":\"https:\\\/\\\/gjiniherbal.com\\\/\",\"name\":\"Gjini Herbal\",\"description\":\"Produkte Natyrale\",\"publisher\":{\"@id\":\"https:\\\/\\\/gjiniherbal.com\\\/#organization\"},\"potentialAction\":[{\"@type\":\"SearchAction\",\"target\":{\"@type\":\"EntryPoint\",\"urlTemplate\":\"https:\\\/\\\/gjiniherbal.com\\\/?s={search_term_string}\"},\"query-input\":{\"@type\":\"PropertyValueSpecification\",\"valueRequired\":true,\"valueName\":\"search_term_string\"}}],\"inLanguage\":\"en-US\"},{\"@type\":\"Organization\",\"@id\":\"https:\\\/\\\/gjiniherbal.com\\\/#organization\",\"name\":\"Gjini Herbal\",\"url\":\"https:\\\/\\\/gjiniherbal.com\\\/\",\"logo\":{\"@type\":\"ImageObject\",\"inLanguage\":\"en-US\",\"@id\":\"https:\\\/\\\/gjiniherbal.com\\\/#\\\/schema\\\/logo\\\/image\\\/\",\"url\":\"https:\\\/\\\/gjiniherbal.com\\\/wp-content\\\/uploads\\\/2022\\\/07\\\/gjini-herbal-logo.png\",\"contentUrl\":\"https:\\\/\\\/gjiniherbal.com\\\/wp-content\\\/uploads\\\/2022\\\/07\\\/gjini-herbal-logo.png\",\"width\":652,\"height\":262,\"caption\":\"Gjini Herbal\"},\"image\":{\"@id\":\"https:\\\/\\\/gjiniherbal.com\\\/#\\\/schema\\\/logo\\\/image\\\/\"},\"sameAs\":[\"https:\\\/\\\/facebook.com\\\/gjiniherbal\",\"https:\\\/\\\/instagram.com\\\/gjiniherbal\",\"https:\\\/\\\/www.youtube.com\\\/channel\\\/UC_tHHueG-qxycnvdro4jHtQ\"]}]}<\/script>\n<!-- \/ Yoast SEO plugin. -->","yoast_head_json":{"title":"BIONNEX CRACKED HEEL CREAM 50ml - Gjini Herbal","description":"I pasur me bim\u00eb dhe vitamina natyrale mbrojt\u00ebse, kremi p\u00ebr thembrat e \u00e7ara ndihmon n\u00eb sh\u00ebrimin e shpejt\u00eb t\u00eb \u00e7arjeve t\u00eb thella, si dhe n\u00eb largimin e qelizave t\u00eb vdekura nga shtresa e sip\u00ebrme e l\u00ebkur\u00ebs dhe parandalimin e formimit t\u00eb \u00e7arjeve. Fal\u00eb Vaccinium mytrillus, ndihmon n\u00eb forcimin e barrier\u00ebs mbrojt\u00ebse t\u00eb l\u00ebkur\u00ebs edhe n\u00eb l\u00ebkur\u00ebn e that\u00eb.","robots":{"index":"index","follow":"follow","max-snippet":"max-snippet:-1","max-image-preview":"max-image-preview:large","max-video-preview":"max-video-preview:-1"},"canonical":"https:\/\/gjiniherbal.com\/en_us\/produkt\/kujdes-i-lekures\/bionnex-cracked-heel-cream-50ml\/","og_locale":"en_US","og_type":"article","og_title":"BIONNEX CRACKED HEEL CREAM 50ml - Gjini Herbal","og_description":"I pasur me bim\u00eb dhe vitamina natyrale mbrojt\u00ebse, kremi p\u00ebr thembrat e \u00e7ara ndihmon n\u00eb sh\u00ebrimin e shpejt\u00eb t\u00eb \u00e7arjeve t\u00eb thella, si dhe n\u00eb largimin e qelizave t\u00eb vdekura nga shtresa e sip\u00ebrme e l\u00ebkur\u00ebs dhe parandalimin e formimit t\u00eb \u00e7arjeve. Fal\u00eb Vaccinium mytrillus, ndihmon n\u00eb forcimin e barrier\u00ebs mbrojt\u00ebse t\u00eb l\u00ebkur\u00ebs edhe n\u00eb l\u00ebkur\u00ebn e that\u00eb.","og_url":"https:\/\/gjiniherbal.com\/en_us\/produkt\/kujdes-i-lekures\/bionnex-cracked-heel-cream-50ml\/","og_site_name":"Gjini Herbal","article_publisher":"https:\/\/facebook.com\/gjiniherbal","og_image":[{"width":400,"height":429,"url":"https:\/\/gjiniherbal.com\/wp-content\/uploads\/2025\/06\/8_0933ff8c-96cf-452f-a32c-b288cccafb8c_400x.webp","type":"image\/webp"}],"twitter_card":"summary_large_image","twitter_misc":{"Est. reading time":"1 minute"},"schema":{"@context":"https:\/\/schema.org","@graph":[{"@type":"WebPage","@id":"https:\/\/gjiniherbal.com\/produkt\/kujdes-i-lekures\/bionnex-cracked-heel-cream-50ml\/","url":"https:\/\/gjiniherbal.com\/produkt\/kujdes-i-lekures\/bionnex-cracked-heel-cream-50ml\/","name":"BIONNEX CRACKED HEEL CREAM 50ml - Gjini Herbal","isPartOf":{"@id":"https:\/\/gjiniherbal.com\/#website"},"primaryImageOfPage":{"@id":"https:\/\/gjiniherbal.com\/produkt\/kujdes-i-lekures\/bionnex-cracked-heel-cream-50ml\/#primaryimage"},"image":{"@id":"https:\/\/gjiniherbal.com\/produkt\/kujdes-i-lekures\/bionnex-cracked-heel-cream-50ml\/#primaryimage"},"thumbnailUrl":"https:\/\/gjiniherbal.com\/wp-content\/uploads\/2025\/06\/8_0933ff8c-96cf-452f-a32c-b288cccafb8c_400x.webp","datePublished":"2025-06-18T09:06:34+00:00","description":"I pasur me bim\u00eb dhe vitamina natyrale mbrojt\u00ebse, kremi p\u00ebr thembrat e \u00e7ara ndihmon n\u00eb sh\u00ebrimin e shpejt\u00eb t\u00eb \u00e7arjeve t\u00eb thella, si dhe n\u00eb largimin e qelizave t\u00eb vdekura nga shtresa e sip\u00ebrme e l\u00ebkur\u00ebs dhe parandalimin e formimit t\u00eb \u00e7arjeve. Fal\u00eb Vaccinium mytrillus, ndihmon n\u00eb forcimin e barrier\u00ebs mbrojt\u00ebse t\u00eb l\u00ebkur\u00ebs edhe n\u00eb l\u00ebkur\u00ebn e that\u00eb.","breadcrumb":{"@id":"https:\/\/gjiniherbal.com\/produkt\/kujdes-i-lekures\/bionnex-cracked-heel-cream-50ml\/#breadcrumb"},"inLanguage":"en-US","potentialAction":[{"@type":"ReadAction","target":["https:\/\/gjiniherbal.com\/produkt\/kujdes-i-lekures\/bionnex-cracked-heel-cream-50ml\/"]}]},{"@type":"ImageObject","inLanguage":"en-US","@id":"https:\/\/gjiniherbal.com\/produkt\/kujdes-i-lekures\/bionnex-cracked-heel-cream-50ml\/#primaryimage","url":"https:\/\/gjiniherbal.com\/wp-content\/uploads\/2025\/06\/8_0933ff8c-96cf-452f-a32c-b288cccafb8c_400x.webp","contentUrl":"https:\/\/gjiniherbal.com\/wp-content\/uploads\/2025\/06\/8_0933ff8c-96cf-452f-a32c-b288cccafb8c_400x.webp","width":400,"height":429},{"@type":"BreadcrumbList","@id":"https:\/\/gjiniherbal.com\/produkt\/kujdes-i-lekures\/bionnex-cracked-heel-cream-50ml\/#breadcrumb","itemListElement":[{"@type":"ListItem","position":1,"name":"Home","item":"https:\/\/gjiniherbal.com\/en_us\/"},{"@type":"ListItem","position":2,"name":"Shop","item":"https:\/\/gjiniherbal.com\/en_us\/shop\/"},{"@type":"ListItem","position":3,"name":"BIONNEX CRACKED HEEL CREAM 50ml"}]},{"@type":"WebSite","@id":"https:\/\/gjiniherbal.com\/#website","url":"https:\/\/gjiniherbal.com\/","name":"Gjini Herbal","description":"Produkte Natyrale","publisher":{"@id":"https:\/\/gjiniherbal.com\/#organization"},"potentialAction":[{"@type":"SearchAction","target":{"@type":"EntryPoint","urlTemplate":"https:\/\/gjiniherbal.com\/?s={search_term_string}"},"query-input":{"@type":"PropertyValueSpecification","valueRequired":true,"valueName":"search_term_string"}}],"inLanguage":"en-US"},{"@type":"Organization","@id":"https:\/\/gjiniherbal.com\/#organization","name":"Gjini Herbal","url":"https:\/\/gjiniherbal.com\/","logo":{"@type":"ImageObject","inLanguage":"en-US","@id":"https:\/\/gjiniherbal.com\/#\/schema\/logo\/image\/","url":"https:\/\/gjiniherbal.com\/wp-content\/uploads\/2022\/07\/gjini-herbal-logo.png","contentUrl":"https:\/\/gjiniherbal.com\/wp-content\/uploads\/2022\/07\/gjini-herbal-logo.png","width":652,"height":262,"caption":"Gjini Herbal"},"image":{"@id":"https:\/\/gjiniherbal.com\/#\/schema\/logo\/image\/"},"sameAs":["https:\/\/facebook.com\/gjiniherbal","https:\/\/instagram.com\/gjiniherbal","https:\/\/www.youtube.com\/channel\/UC_tHHueG-qxycnvdro4jHtQ"]}]}},"jetpack-related-posts":[],"jetpack_sharing_enabled":true,"_links":{"self":[{"href":"https:\/\/gjiniherbal.com\/en_us\/wp-json\/wp\/v2\/product\/3251","targetHints":{"allow":["GET"]}}],"collection":[{"href":"https:\/\/gjiniherbal.com\/en_us\/wp-json\/wp\/v2\/product"}],"about":[{"href":"https:\/\/gjiniherbal.com\/en_us\/wp-json\/wp\/v2\/types\/product"}],"wp:featuredmedia":[{"embeddable":true,"href":"https:\/\/gjiniherbal.com\/en_us\/wp-json\/wp\/v2\/media\/3252"}],"wp:attachment":[{"href":"https:\/\/gjiniherbal.com\/en_us\/wp-json\/wp\/v2\/media?parent=3251"}],"wp:term":[{"taxonomy":"product_brand","embeddable":true,"href":"https:\/\/gjiniherbal.com\/en_us\/wp-json\/wp\/v2\/product_brand?post=3251"},{"taxonomy":"product_cat","embeddable":true,"href":"https:\/\/gjiniherbal.com\/en_us\/wp-json\/wp\/v2\/product_cat?post=3251"},{"taxonomy":"product_tag","embeddable":true,"href":"https:\/\/gjiniherbal.com\/en_us\/wp-json\/wp\/v2\/product_tag?post=3251"}],"curies":[{"name":"wp","href":"https:\/\/api.w.org\/{rel}","templated":true}]}}