{"id":3179,"date":"2025-01-15T14:17:13","date_gmt":"2025-01-15T13:17:13","guid":{"rendered":"https:\/\/gjiniherbal.com\/?post_type=product&#038;p=3179"},"modified":"2025-01-15T14:17:13","modified_gmt":"2025-01-15T13:17:13","slug":"celenes-locion-sprej-me-krem-kunder-diellit-50-spf-150-ml","status":"publish","type":"product","link":"https:\/\/gjiniherbal.com\/en_us\/product\/kujdes-i-lekures\/celenes-locion-sprej-me-krem-kunder-diellit-50-spf-150-ml\/","title":{"rendered":"CELENES Locion sprej me krem \u200b\u200bkund\u00ebr diellit 50 Spf 150 ml"},"content":{"rendered":"<p>Ky krem \u200b\u200bkund\u00ebr diellit, i formuluar me nj\u00eb kombinim t\u00eb filtrave minerale dhe organik\u00eb t\u00eb diellit, ofron mbrojtje gjith\u00ebp\u00ebrfshir\u00ebse kund\u00ebr rrezeve UVA dhe UVB, duke parandaluar n\u00eb m\u00ebnyr\u00eb efektive plakjen e l\u00ebkur\u00ebs, njollat \u200b\u200be diellit dhe djegiet nga dielli.<br \/>\nForma e sp\u00ebrkatjes &#8216;pa gaz&#8217; siguron aplikim t\u00eb rehatsh\u00ebm, duke u p\u00ebrhapur leht\u00ebsisht n\u00eb l\u00ebkur\u00eb.<br \/>\nMe nj\u00eb ve\u00e7ori rezistente ndaj ujit, ofron mbrojtje afatgjat\u00eb, duke e b\u00ebr\u00eb t\u00eb p\u00ebrshtatshme p\u00ebr t\u00eb gjitha moshat dhe llojet e l\u00ebkur\u00ebs.<br \/>\nN\u00eb p\u00ebrputhje me p\u00ebrkushtimin e tij p\u00ebr sh\u00ebndetin e l\u00ebkur\u00ebs, produkti p\u00ebrjashton paraben\u00ebt, parfumin, alkoolin, gazin dhe vajin mineral, duke siguruar nj\u00eb p\u00ebrvoj\u00eb t\u00eb past\u00ebr dhe t\u00eb gjithanshme t\u00eb mbrojtjes nga dielli.<\/p>\n<p>&#8211; Me filtrat mineral dhe organik\u00eb t\u00eb diellit siguron mbrojtje t\u00eb plot\u00eb kund\u00ebr rrezeve UVA+UVB, parandalon plakjen e l\u00ebkur\u00ebs, njollat \u200b\u200bdhe djegiet nga dielli.<br \/>\n&#8211; Siguron p\u00ebrdorim t\u00eb rehatsh\u00ebm me form\u00ebn e tij sprej &#8220;pa gaz&#8221; dhe p\u00ebrhapet leht\u00ebsisht n\u00eb l\u00ebkur\u00eb<br \/>\n&#8211; Ofron mbrojtje afatgjat\u00eb me ve\u00e7ori rezistente ndaj ujit.\u200b<br \/>\n&#8211; I pershtatshem per te gjitha moshat dhe tipet e lekures.<\/p>\n<p>Nuk p\u00ebrmban paraben, parfum, alkool, gaz dhe vaj mineral.<\/p>\n<p><strong>P\u00ebrdorimi<\/strong>: Tundeni p\u00ebrpara p\u00ebrdorimit. Aplikojeni p\u00ebrpara se t\u00eb ekspozoheni n\u00eb diell. Ri-aplikojeni pas notit, djersitjes apo tharjes me peshqir.<\/p>\n","protected":false},"excerpt":{"rendered":"<p>Ky krem \u200b\u200bkund\u00ebr diellit, i formuluar me nj\u00eb kombinim t\u00eb filtrave minerale dhe organik\u00eb t\u00eb diellit, ofron mbrojtje gjith\u00ebp\u00ebrfshir\u00ebse kund\u00ebr rrezeve UVA dhe UVB, duke parandaluar n\u00eb m\u00ebnyr\u00eb efektive plakjen e l\u00ebkur\u00ebs, njollat \u200b\u200be diellit dhe djegiet nga dielli. Forma e sp\u00ebrkatjes &#8216;pa gaz&#8217; siguron aplikim t\u00eb rehatsh\u00ebm, duke u p\u00ebrhapur leht\u00ebsisht n\u00eb l\u00ebkur\u00eb. Me [&hellip;]<\/p>\n","protected":false},"featured_media":3180,"template":"","meta":{"_acf_changed":false,"_et_pb_use_builder":"","_et_pb_old_content":"","_et_gb_content_width":"","_monsterinsights_skip_tracking":false,"_monsterinsights_sitenote_active":false,"_monsterinsights_sitenote_note":"","_monsterinsights_sitenote_category":0,"_joinchat":[]},"product_brand":[],"product_cat":[480],"product_tag":[1075,1037,1086],"class_list":{"0":"post-3179","1":"product","2":"type-product","3":"status-publish","4":"has-post-thumbnail","6":"product_cat-kujdes-i-lekures","7":"product_tag-krem-dielli","8":"product_tag-spf","9":"product_tag-spf50","11":"first","12":"instock","13":"shipping-taxable","14":"purchasable","15":"product-type-simple"},"acf":[],"yoast_head":"<!-- This site is optimized with the Yoast SEO plugin v27.4 - https:\/\/yoast.com\/product\/yoast-seo-wordpress\/ -->\n<title>CELENES Locion sprej me krem \u200b\u200bkund\u00ebr diellit 50 Spf 150 ml - Gjini Herbal<\/title>\n<meta name=\"description\" content=\"I krijuar posa\u00e7\u00ebrisht p\u00ebr l\u00ebkur\u00ebn e ndjeshme t\u00eb f\u00ebmij\u00ebve, ky krem \u200b\u200bkund\u00ebr diellit p\u00ebrmban nj\u00eb p\u00ebrzierje t\u00eb filtrave minerale dhe organik\u00eb t\u00eb diellit p\u00ebr t\u00eb siguruar mbrojtje t\u00eb plot\u00eb kund\u00ebr rrezeve UVA\/UVB, duke parandaluar njollat \u200b\u200bdhe djegiet nga dielli.Formula speciale kund\u00ebr r\u00ebr\u00ebs dhe forma e sp\u00ebrkatjes &quot;pa gaz&quot; ofrojn\u00eb nj\u00eb p\u00ebrvoj\u00eb t\u00eb rehatshme aplikimi.Me nj\u00eb ve\u00e7ori rezistente ndaj ujit, ai siguron mbrojtje afatgjat\u00eb, duke e b\u00ebr\u00eb at\u00eb ideal p\u00ebr loj\u00ebra aktive n\u00eb natyr\u00eb.N\u00eb p\u00ebrputhje me p\u00ebrkushtimin e tij p\u00ebr sh\u00ebndetin e l\u00ebkur\u00ebs s\u00eb f\u00ebmij\u00ebve, produkti p\u00ebrjashton paraben\u00ebt, parfumin, alkoolin, gazin dhe vajin mineral, duke siguruar nj\u00eb p\u00ebrvoj\u00eb t\u00eb sigurt dhe efektive t\u00eb mbrojtjes nga dielli.\" \/>\n<meta name=\"robots\" content=\"index, follow, max-snippet:-1, max-image-preview:large, max-video-preview:-1\" \/>\n<link rel=\"canonical\" href=\"https:\/\/gjiniherbal.com\/en_us\/produkt\/kujdes-i-lekures\/celenes-locion-sprej-me-krem-kunder-diellit-50-spf-150-ml\/\" \/>\n<meta property=\"og:locale\" content=\"en_US\" \/>\n<meta property=\"og:type\" content=\"article\" \/>\n<meta property=\"og:title\" content=\"CELENES Locion sprej me krem \u200b\u200bkund\u00ebr diellit 50 Spf 150 ml - Gjini Herbal\" \/>\n<meta property=\"og:description\" content=\"I krijuar posa\u00e7\u00ebrisht p\u00ebr l\u00ebkur\u00ebn e ndjeshme t\u00eb f\u00ebmij\u00ebve, ky krem \u200b\u200bkund\u00ebr diellit p\u00ebrmban nj\u00eb p\u00ebrzierje t\u00eb filtrave minerale dhe organik\u00eb t\u00eb diellit p\u00ebr t\u00eb siguruar mbrojtje t\u00eb plot\u00eb kund\u00ebr rrezeve UVA\/UVB, duke parandaluar njollat \u200b\u200bdhe djegiet nga dielli.Formula speciale kund\u00ebr r\u00ebr\u00ebs dhe forma e sp\u00ebrkatjes &quot;pa gaz&quot; ofrojn\u00eb nj\u00eb p\u00ebrvoj\u00eb t\u00eb rehatshme aplikimi.Me nj\u00eb ve\u00e7ori rezistente ndaj ujit, ai siguron mbrojtje afatgjat\u00eb, duke e b\u00ebr\u00eb at\u00eb ideal p\u00ebr loj\u00ebra aktive n\u00eb natyr\u00eb.N\u00eb p\u00ebrputhje me p\u00ebrkushtimin e tij p\u00ebr sh\u00ebndetin e l\u00ebkur\u00ebs s\u00eb f\u00ebmij\u00ebve, produkti p\u00ebrjashton paraben\u00ebt, parfumin, alkoolin, gazin dhe vajin mineral, duke siguruar nj\u00eb p\u00ebrvoj\u00eb t\u00eb sigurt dhe efektive t\u00eb mbrojtjes nga dielli.\" \/>\n<meta property=\"og:url\" content=\"https:\/\/gjiniherbal.com\/en_us\/produkt\/kujdes-i-lekures\/celenes-locion-sprej-me-krem-kunder-diellit-50-spf-150-ml\/\" \/>\n<meta property=\"og:site_name\" content=\"Gjini Herbal\" \/>\n<meta property=\"article:publisher\" content=\"https:\/\/facebook.com\/gjiniherbal\" \/>\n<meta property=\"og:image\" content=\"https:\/\/gjiniherbal.com\/wp-content\/uploads\/2025\/01\/SunspraySPF50-EU-300x300-1.webp\" \/>\n\t<meta property=\"og:image:width\" content=\"300\" \/>\n\t<meta property=\"og:image:height\" content=\"300\" \/>\n\t<meta property=\"og:image:type\" content=\"image\/webp\" \/>\n<meta name=\"twitter:card\" content=\"summary_large_image\" \/>\n<meta name=\"twitter:label1\" content=\"Est. reading time\" \/>\n\t<meta name=\"twitter:data1\" content=\"2 minutes\" \/>\n<script type=\"application\/ld+json\" class=\"yoast-schema-graph\">{\"@context\":\"https:\\\/\\\/schema.org\",\"@graph\":[{\"@type\":\"WebPage\",\"@id\":\"https:\\\/\\\/gjiniherbal.com\\\/produkt\\\/kujdes-i-lekures\\\/celenes-locion-sprej-me-krem-kunder-diellit-50-spf-150-ml\\\/\",\"url\":\"https:\\\/\\\/gjiniherbal.com\\\/produkt\\\/kujdes-i-lekures\\\/celenes-locion-sprej-me-krem-kunder-diellit-50-spf-150-ml\\\/\",\"name\":\"CELENES Locion sprej me krem \u200b\u200bkund\u00ebr diellit 50 Spf 150 ml - Gjini Herbal\",\"isPartOf\":{\"@id\":\"https:\\\/\\\/gjiniherbal.com\\\/#website\"},\"primaryImageOfPage\":{\"@id\":\"https:\\\/\\\/gjiniherbal.com\\\/produkt\\\/kujdes-i-lekures\\\/celenes-locion-sprej-me-krem-kunder-diellit-50-spf-150-ml\\\/#primaryimage\"},\"image\":{\"@id\":\"https:\\\/\\\/gjiniherbal.com\\\/produkt\\\/kujdes-i-lekures\\\/celenes-locion-sprej-me-krem-kunder-diellit-50-spf-150-ml\\\/#primaryimage\"},\"thumbnailUrl\":\"https:\\\/\\\/gjiniherbal.com\\\/wp-content\\\/uploads\\\/2025\\\/01\\\/SunspraySPF50-EU-300x300-1.webp\",\"datePublished\":\"2025-01-15T13:17:13+00:00\",\"description\":\"I krijuar posa\u00e7\u00ebrisht p\u00ebr l\u00ebkur\u00ebn e ndjeshme t\u00eb f\u00ebmij\u00ebve, ky krem \u200b\u200bkund\u00ebr diellit p\u00ebrmban nj\u00eb p\u00ebrzierje t\u00eb filtrave minerale dhe organik\u00eb t\u00eb diellit p\u00ebr t\u00eb siguruar mbrojtje t\u00eb plot\u00eb kund\u00ebr rrezeve UVA\\\/UVB, duke parandaluar njollat \u200b\u200bdhe djegiet nga dielli.Formula speciale kund\u00ebr r\u00ebr\u00ebs dhe forma e sp\u00ebrkatjes \\\"pa gaz\\\" ofrojn\u00eb nj\u00eb p\u00ebrvoj\u00eb t\u00eb rehatshme aplikimi.Me nj\u00eb ve\u00e7ori rezistente ndaj ujit, ai siguron mbrojtje afatgjat\u00eb, duke e b\u00ebr\u00eb at\u00eb ideal p\u00ebr loj\u00ebra aktive n\u00eb natyr\u00eb.N\u00eb p\u00ebrputhje me p\u00ebrkushtimin e tij p\u00ebr sh\u00ebndetin e l\u00ebkur\u00ebs s\u00eb f\u00ebmij\u00ebve, produkti p\u00ebrjashton paraben\u00ebt, parfumin, alkoolin, gazin dhe vajin mineral, duke siguruar nj\u00eb p\u00ebrvoj\u00eb t\u00eb sigurt dhe efektive t\u00eb mbrojtjes nga dielli.\",\"breadcrumb\":{\"@id\":\"https:\\\/\\\/gjiniherbal.com\\\/produkt\\\/kujdes-i-lekures\\\/celenes-locion-sprej-me-krem-kunder-diellit-50-spf-150-ml\\\/#breadcrumb\"},\"inLanguage\":\"en-US\",\"potentialAction\":[{\"@type\":\"ReadAction\",\"target\":[\"https:\\\/\\\/gjiniherbal.com\\\/produkt\\\/kujdes-i-lekures\\\/celenes-locion-sprej-me-krem-kunder-diellit-50-spf-150-ml\\\/\"]}]},{\"@type\":\"ImageObject\",\"inLanguage\":\"en-US\",\"@id\":\"https:\\\/\\\/gjiniherbal.com\\\/produkt\\\/kujdes-i-lekures\\\/celenes-locion-sprej-me-krem-kunder-diellit-50-spf-150-ml\\\/#primaryimage\",\"url\":\"https:\\\/\\\/gjiniherbal.com\\\/wp-content\\\/uploads\\\/2025\\\/01\\\/SunspraySPF50-EU-300x300-1.webp\",\"contentUrl\":\"https:\\\/\\\/gjiniherbal.com\\\/wp-content\\\/uploads\\\/2025\\\/01\\\/SunspraySPF50-EU-300x300-1.webp\",\"width\":300,\"height\":300},{\"@type\":\"BreadcrumbList\",\"@id\":\"https:\\\/\\\/gjiniherbal.com\\\/produkt\\\/kujdes-i-lekures\\\/celenes-locion-sprej-me-krem-kunder-diellit-50-spf-150-ml\\\/#breadcrumb\",\"itemListElement\":[{\"@type\":\"ListItem\",\"position\":1,\"name\":\"Home\",\"item\":\"https:\\\/\\\/gjiniherbal.com\\\/en_us\\\/\"},{\"@type\":\"ListItem\",\"position\":2,\"name\":\"Shop\",\"item\":\"https:\\\/\\\/gjiniherbal.com\\\/en_us\\\/shop\\\/\"},{\"@type\":\"ListItem\",\"position\":3,\"name\":\"CELENES Locion sprej me krem \u200b\u200bkund\u00ebr diellit 50 Spf 150 ml\"}]},{\"@type\":\"WebSite\",\"@id\":\"https:\\\/\\\/gjiniherbal.com\\\/#website\",\"url\":\"https:\\\/\\\/gjiniherbal.com\\\/\",\"name\":\"Gjini Herbal\",\"description\":\"Produkte Natyrale\",\"publisher\":{\"@id\":\"https:\\\/\\\/gjiniherbal.com\\\/#organization\"},\"potentialAction\":[{\"@type\":\"SearchAction\",\"target\":{\"@type\":\"EntryPoint\",\"urlTemplate\":\"https:\\\/\\\/gjiniherbal.com\\\/?s={search_term_string}\"},\"query-input\":{\"@type\":\"PropertyValueSpecification\",\"valueRequired\":true,\"valueName\":\"search_term_string\"}}],\"inLanguage\":\"en-US\"},{\"@type\":\"Organization\",\"@id\":\"https:\\\/\\\/gjiniherbal.com\\\/#organization\",\"name\":\"Gjini Herbal\",\"url\":\"https:\\\/\\\/gjiniherbal.com\\\/\",\"logo\":{\"@type\":\"ImageObject\",\"inLanguage\":\"en-US\",\"@id\":\"https:\\\/\\\/gjiniherbal.com\\\/#\\\/schema\\\/logo\\\/image\\\/\",\"url\":\"https:\\\/\\\/gjiniherbal.com\\\/wp-content\\\/uploads\\\/2022\\\/07\\\/gjini-herbal-logo.png\",\"contentUrl\":\"https:\\\/\\\/gjiniherbal.com\\\/wp-content\\\/uploads\\\/2022\\\/07\\\/gjini-herbal-logo.png\",\"width\":652,\"height\":262,\"caption\":\"Gjini Herbal\"},\"image\":{\"@id\":\"https:\\\/\\\/gjiniherbal.com\\\/#\\\/schema\\\/logo\\\/image\\\/\"},\"sameAs\":[\"https:\\\/\\\/facebook.com\\\/gjiniherbal\",\"https:\\\/\\\/instagram.com\\\/gjiniherbal\",\"https:\\\/\\\/www.youtube.com\\\/channel\\\/UC_tHHueG-qxycnvdro4jHtQ\"]}]}<\/script>\n<!-- \/ Yoast SEO plugin. -->","yoast_head_json":{"title":"CELENES Locion sprej me krem \u200b\u200bkund\u00ebr diellit 50 Spf 150 ml - Gjini Herbal","description":"I krijuar posa\u00e7\u00ebrisht p\u00ebr l\u00ebkur\u00ebn e ndjeshme t\u00eb f\u00ebmij\u00ebve, ky krem \u200b\u200bkund\u00ebr diellit p\u00ebrmban nj\u00eb p\u00ebrzierje t\u00eb filtrave minerale dhe organik\u00eb t\u00eb diellit p\u00ebr t\u00eb siguruar mbrojtje t\u00eb plot\u00eb kund\u00ebr rrezeve UVA\/UVB, duke parandaluar njollat \u200b\u200bdhe djegiet nga dielli.Formula speciale kund\u00ebr r\u00ebr\u00ebs dhe forma e sp\u00ebrkatjes \"pa gaz\" ofrojn\u00eb nj\u00eb p\u00ebrvoj\u00eb t\u00eb rehatshme aplikimi.Me nj\u00eb ve\u00e7ori rezistente ndaj ujit, ai siguron mbrojtje afatgjat\u00eb, duke e b\u00ebr\u00eb at\u00eb ideal p\u00ebr loj\u00ebra aktive n\u00eb natyr\u00eb.N\u00eb p\u00ebrputhje me p\u00ebrkushtimin e tij p\u00ebr sh\u00ebndetin e l\u00ebkur\u00ebs s\u00eb f\u00ebmij\u00ebve, produkti p\u00ebrjashton paraben\u00ebt, parfumin, alkoolin, gazin dhe vajin mineral, duke siguruar nj\u00eb p\u00ebrvoj\u00eb t\u00eb sigurt dhe efektive t\u00eb mbrojtjes nga dielli.","robots":{"index":"index","follow":"follow","max-snippet":"max-snippet:-1","max-image-preview":"max-image-preview:large","max-video-preview":"max-video-preview:-1"},"canonical":"https:\/\/gjiniherbal.com\/en_us\/produkt\/kujdes-i-lekures\/celenes-locion-sprej-me-krem-kunder-diellit-50-spf-150-ml\/","og_locale":"en_US","og_type":"article","og_title":"CELENES Locion sprej me krem \u200b\u200bkund\u00ebr diellit 50 Spf 150 ml - Gjini Herbal","og_description":"I krijuar posa\u00e7\u00ebrisht p\u00ebr l\u00ebkur\u00ebn e ndjeshme t\u00eb f\u00ebmij\u00ebve, ky krem \u200b\u200bkund\u00ebr diellit p\u00ebrmban nj\u00eb p\u00ebrzierje t\u00eb filtrave minerale dhe organik\u00eb t\u00eb diellit p\u00ebr t\u00eb siguruar mbrojtje t\u00eb plot\u00eb kund\u00ebr rrezeve UVA\/UVB, duke parandaluar njollat \u200b\u200bdhe djegiet nga dielli.Formula speciale kund\u00ebr r\u00ebr\u00ebs dhe forma e sp\u00ebrkatjes \"pa gaz\" ofrojn\u00eb nj\u00eb p\u00ebrvoj\u00eb t\u00eb rehatshme aplikimi.Me nj\u00eb ve\u00e7ori rezistente ndaj ujit, ai siguron mbrojtje afatgjat\u00eb, duke e b\u00ebr\u00eb at\u00eb ideal p\u00ebr loj\u00ebra aktive n\u00eb natyr\u00eb.N\u00eb p\u00ebrputhje me p\u00ebrkushtimin e tij p\u00ebr sh\u00ebndetin e l\u00ebkur\u00ebs s\u00eb f\u00ebmij\u00ebve, produkti p\u00ebrjashton paraben\u00ebt, parfumin, alkoolin, gazin dhe vajin mineral, duke siguruar nj\u00eb p\u00ebrvoj\u00eb t\u00eb sigurt dhe efektive t\u00eb mbrojtjes nga dielli.","og_url":"https:\/\/gjiniherbal.com\/en_us\/produkt\/kujdes-i-lekures\/celenes-locion-sprej-me-krem-kunder-diellit-50-spf-150-ml\/","og_site_name":"Gjini Herbal","article_publisher":"https:\/\/facebook.com\/gjiniherbal","og_image":[{"width":300,"height":300,"url":"https:\/\/gjiniherbal.com\/wp-content\/uploads\/2025\/01\/SunspraySPF50-EU-300x300-1.webp","type":"image\/webp"}],"twitter_card":"summary_large_image","twitter_misc":{"Est. reading time":"2 minutes"},"schema":{"@context":"https:\/\/schema.org","@graph":[{"@type":"WebPage","@id":"https:\/\/gjiniherbal.com\/produkt\/kujdes-i-lekures\/celenes-locion-sprej-me-krem-kunder-diellit-50-spf-150-ml\/","url":"https:\/\/gjiniherbal.com\/produkt\/kujdes-i-lekures\/celenes-locion-sprej-me-krem-kunder-diellit-50-spf-150-ml\/","name":"CELENES Locion sprej me krem \u200b\u200bkund\u00ebr diellit 50 Spf 150 ml - Gjini Herbal","isPartOf":{"@id":"https:\/\/gjiniherbal.com\/#website"},"primaryImageOfPage":{"@id":"https:\/\/gjiniherbal.com\/produkt\/kujdes-i-lekures\/celenes-locion-sprej-me-krem-kunder-diellit-50-spf-150-ml\/#primaryimage"},"image":{"@id":"https:\/\/gjiniherbal.com\/produkt\/kujdes-i-lekures\/celenes-locion-sprej-me-krem-kunder-diellit-50-spf-150-ml\/#primaryimage"},"thumbnailUrl":"https:\/\/gjiniherbal.com\/wp-content\/uploads\/2025\/01\/SunspraySPF50-EU-300x300-1.webp","datePublished":"2025-01-15T13:17:13+00:00","description":"I krijuar posa\u00e7\u00ebrisht p\u00ebr l\u00ebkur\u00ebn e ndjeshme t\u00eb f\u00ebmij\u00ebve, ky krem \u200b\u200bkund\u00ebr diellit p\u00ebrmban nj\u00eb p\u00ebrzierje t\u00eb filtrave minerale dhe organik\u00eb t\u00eb diellit p\u00ebr t\u00eb siguruar mbrojtje t\u00eb plot\u00eb kund\u00ebr rrezeve UVA\/UVB, duke parandaluar njollat \u200b\u200bdhe djegiet nga dielli.Formula speciale kund\u00ebr r\u00ebr\u00ebs dhe forma e sp\u00ebrkatjes \"pa gaz\" ofrojn\u00eb nj\u00eb p\u00ebrvoj\u00eb t\u00eb rehatshme aplikimi.Me nj\u00eb ve\u00e7ori rezistente ndaj ujit, ai siguron mbrojtje afatgjat\u00eb, duke e b\u00ebr\u00eb at\u00eb ideal p\u00ebr loj\u00ebra aktive n\u00eb natyr\u00eb.N\u00eb p\u00ebrputhje me p\u00ebrkushtimin e tij p\u00ebr sh\u00ebndetin e l\u00ebkur\u00ebs s\u00eb f\u00ebmij\u00ebve, produkti p\u00ebrjashton paraben\u00ebt, parfumin, alkoolin, gazin dhe vajin mineral, duke siguruar nj\u00eb p\u00ebrvoj\u00eb t\u00eb sigurt dhe efektive t\u00eb mbrojtjes nga dielli.","breadcrumb":{"@id":"https:\/\/gjiniherbal.com\/produkt\/kujdes-i-lekures\/celenes-locion-sprej-me-krem-kunder-diellit-50-spf-150-ml\/#breadcrumb"},"inLanguage":"en-US","potentialAction":[{"@type":"ReadAction","target":["https:\/\/gjiniherbal.com\/produkt\/kujdes-i-lekures\/celenes-locion-sprej-me-krem-kunder-diellit-50-spf-150-ml\/"]}]},{"@type":"ImageObject","inLanguage":"en-US","@id":"https:\/\/gjiniherbal.com\/produkt\/kujdes-i-lekures\/celenes-locion-sprej-me-krem-kunder-diellit-50-spf-150-ml\/#primaryimage","url":"https:\/\/gjiniherbal.com\/wp-content\/uploads\/2025\/01\/SunspraySPF50-EU-300x300-1.webp","contentUrl":"https:\/\/gjiniherbal.com\/wp-content\/uploads\/2025\/01\/SunspraySPF50-EU-300x300-1.webp","width":300,"height":300},{"@type":"BreadcrumbList","@id":"https:\/\/gjiniherbal.com\/produkt\/kujdes-i-lekures\/celenes-locion-sprej-me-krem-kunder-diellit-50-spf-150-ml\/#breadcrumb","itemListElement":[{"@type":"ListItem","position":1,"name":"Home","item":"https:\/\/gjiniherbal.com\/en_us\/"},{"@type":"ListItem","position":2,"name":"Shop","item":"https:\/\/gjiniherbal.com\/en_us\/shop\/"},{"@type":"ListItem","position":3,"name":"CELENES Locion sprej me krem \u200b\u200bkund\u00ebr diellit 50 Spf 150 ml"}]},{"@type":"WebSite","@id":"https:\/\/gjiniherbal.com\/#website","url":"https:\/\/gjiniherbal.com\/","name":"Gjini Herbal","description":"Produkte Natyrale","publisher":{"@id":"https:\/\/gjiniherbal.com\/#organization"},"potentialAction":[{"@type":"SearchAction","target":{"@type":"EntryPoint","urlTemplate":"https:\/\/gjiniherbal.com\/?s={search_term_string}"},"query-input":{"@type":"PropertyValueSpecification","valueRequired":true,"valueName":"search_term_string"}}],"inLanguage":"en-US"},{"@type":"Organization","@id":"https:\/\/gjiniherbal.com\/#organization","name":"Gjini Herbal","url":"https:\/\/gjiniherbal.com\/","logo":{"@type":"ImageObject","inLanguage":"en-US","@id":"https:\/\/gjiniherbal.com\/#\/schema\/logo\/image\/","url":"https:\/\/gjiniherbal.com\/wp-content\/uploads\/2022\/07\/gjini-herbal-logo.png","contentUrl":"https:\/\/gjiniherbal.com\/wp-content\/uploads\/2022\/07\/gjini-herbal-logo.png","width":652,"height":262,"caption":"Gjini Herbal"},"image":{"@id":"https:\/\/gjiniherbal.com\/#\/schema\/logo\/image\/"},"sameAs":["https:\/\/facebook.com\/gjiniherbal","https:\/\/instagram.com\/gjiniherbal","https:\/\/www.youtube.com\/channel\/UC_tHHueG-qxycnvdro4jHtQ"]}]}},"jetpack-related-posts":[],"jetpack_sharing_enabled":true,"_links":{"self":[{"href":"https:\/\/gjiniherbal.com\/en_us\/wp-json\/wp\/v2\/product\/3179","targetHints":{"allow":["GET"]}}],"collection":[{"href":"https:\/\/gjiniherbal.com\/en_us\/wp-json\/wp\/v2\/product"}],"about":[{"href":"https:\/\/gjiniherbal.com\/en_us\/wp-json\/wp\/v2\/types\/product"}],"wp:featuredmedia":[{"embeddable":true,"href":"https:\/\/gjiniherbal.com\/en_us\/wp-json\/wp\/v2\/media\/3180"}],"wp:attachment":[{"href":"https:\/\/gjiniherbal.com\/en_us\/wp-json\/wp\/v2\/media?parent=3179"}],"wp:term":[{"taxonomy":"product_brand","embeddable":true,"href":"https:\/\/gjiniherbal.com\/en_us\/wp-json\/wp\/v2\/product_brand?post=3179"},{"taxonomy":"product_cat","embeddable":true,"href":"https:\/\/gjiniherbal.com\/en_us\/wp-json\/wp\/v2\/product_cat?post=3179"},{"taxonomy":"product_tag","embeddable":true,"href":"https:\/\/gjiniherbal.com\/en_us\/wp-json\/wp\/v2\/product_tag?post=3179"}],"curies":[{"name":"wp","href":"https:\/\/api.w.org\/{rel}","templated":true}]}}