{"id":3158,"date":"2024-12-23T13:18:48","date_gmt":"2024-12-23T12:18:48","guid":{"rendered":"https:\/\/gjiniherbal.com\/?post_type=product&#038;p=3158"},"modified":"2024-12-23T13:18:49","modified_gmt":"2024-12-23T12:18:49","slug":"celenes-thermal-xhel-per-fytyren-50ml","status":"publish","type":"product","link":"https:\/\/gjiniherbal.com\/en_us\/product\/kujdes-i-lekures\/celenes-thermal-xhel-per-fytyren-50ml\/","title":{"rendered":"CELENES Thermal Xhel p\u00ebr fytyr\u00ebn 50ml"},"content":{"rendered":"<p>I pasuruar me nj\u00eb p\u00ebrzierje bimore t\u00eb formuluar posa\u00e7\u00ebrisht dhe mineralet rinovuese t\u00eb ujit termal, ky produkt p\u00ebr kujdesin e l\u00ebkur\u00ebs jo vet\u00ebm q\u00eb hidraton por edhe rigjall\u00ebron l\u00ebkur\u00ebn. P\u00ebrfshirja e algave t\u00eb kuqe vepron si nj\u00eb mburoj\u00eb mbrojt\u00ebse kund\u00ebr faktor\u00ebve t\u00eb jasht\u00ebm, duke siguruar q\u00eb l\u00ebkura t\u00eb mbetet elastike.<\/p>\n<p>Duke trajtuar shenjat e plakjes, ai redukton n\u00eb m\u00ebnyr\u00eb efektive shfaqjen e linjave t\u00eb holla dhe rrudhave, duke ofruar kujdes intensiv p\u00ebr nj\u00eb \u00e7ehre rrezatuese dhe thell\u00ebsisht t\u00eb hidratuar. Komponenti i algave t\u00eb kuqe kontribuon n\u00eb balancimin e tonit t\u00eb pabarabart\u00eb t\u00eb l\u00ebkur\u00ebs, duke dh\u00ebn\u00eb nj\u00eb pamje t\u00eb ndritshme.<\/p>\n<p>Aminoacidet si mikosporina luajn\u00eb nj\u00eb rol vendimtar n\u00eb mbrojtjen e l\u00ebkur\u00ebs nga rrezet e d\u00ebmshme t\u00eb diellit.<\/p>\n<p>Duke theksuar p\u00ebrkushtimin ndaj sh\u00ebndetit t\u00eb l\u00ebkur\u00ebs, ky formulim \u00ebsht\u00eb i lir\u00eb nga paraben\u00eb dhe alkool.<\/p>\n<p>&nbsp;<\/p>\n<p><strong>P\u00ebrdorimi<\/strong>: P\u00ebrdoreni at\u00eb n\u00eb m\u00ebngjes dhe n\u00eb mbr\u00ebmje n\u00eb l\u00ebkur\u00ebn e pastruar t\u00eb fytyr\u00ebs dhe qaf\u00ebs. Masazhojeni but\u00ebsisht.<\/p>\n","protected":false},"excerpt":{"rendered":"<p>I pasur me nj\u00eb p\u00ebrzierje t\u00eb fuqishme t\u00eb bim\u00ebve natyrore dhe ujit termal, kremi yn\u00eb xhel p\u00ebr fytyr\u00ebn jo vet\u00ebm q\u00eb hidraton thell\u00ebsisht l\u00ebkur\u00ebn, por edhe freskon l\u00ebkur\u00ebn. Formula \u00ebsht\u00eb projektuar p\u00ebr t\u00eb p\u00ebrmir\u00ebsuar elasticitetin e l\u00ebkur\u00ebs dhe struktur\u00ebn e p\u00ebrgjithshme, duke rigjall\u00ebruar dhe ndri\u00e7uar l\u00ebkur\u00ebn tuaj.<\/p>\n","protected":false},"featured_media":3159,"template":"","meta":{"_acf_changed":false,"_et_pb_use_builder":"","_et_pb_old_content":"","_et_gb_content_width":"","_monsterinsights_skip_tracking":false,"_monsterinsights_sitenote_active":false,"_monsterinsights_sitenote_note":"","_monsterinsights_sitenote_category":0,"_joinchat":[]},"product_brand":[],"product_cat":[831,480],"product_tag":[915,879],"class_list":{"0":"post-3158","1":"product","2":"type-product","3":"status-publish","4":"has-post-thumbnail","6":"product_cat-kujdesi-fytyres","7":"product_cat-kujdes-i-lekures","8":"product_tag-kujdesi-i-fytyres","9":"product_tag-kujdesi-i-lekures","11":"first","12":"instock","13":"shipping-taxable","14":"purchasable","15":"product-type-simple"},"acf":[],"yoast_head":"<!-- This site is optimized with the Yoast SEO plugin v27.4 - https:\/\/yoast.com\/product\/yoast-seo-wordpress\/ -->\n<title>CELENES Thermal Xhel p\u00ebr fytyr\u00ebn 50ml - Gjini Herbal<\/title>\n<meta name=\"description\" content=\"I pasur me nj\u00eb p\u00ebrzierje t\u00eb fuqishme t\u00eb bim\u00ebve natyrore dhe ujit termal, kremi yn\u00eb xhel p\u00ebr fytyr\u00ebn jo vet\u00ebm q\u00eb hidraton thell\u00ebsisht l\u00ebkur\u00ebn, por edhe freskon l\u00ebkur\u00ebn. Formula \u00ebsht\u00eb projektuar p\u00ebr t\u00eb p\u00ebrmir\u00ebsuar elasticitetin e l\u00ebkur\u00ebs dhe struktur\u00ebn e p\u00ebrgjithshme, duke rigjall\u00ebruar dhe ndri\u00e7uar l\u00ebkur\u00ebn tuaj.\" \/>\n<meta name=\"robots\" content=\"index, follow, max-snippet:-1, max-image-preview:large, max-video-preview:-1\" \/>\n<link rel=\"canonical\" href=\"https:\/\/gjiniherbal.com\/en_us\/produkt\/kujdes-i-lekures\/celenes-thermal-xhel-per-fytyren-50ml\/\" \/>\n<meta property=\"og:locale\" content=\"en_US\" \/>\n<meta property=\"og:type\" content=\"article\" \/>\n<meta property=\"og:title\" content=\"CELENES Thermal Xhel p\u00ebr fytyr\u00ebn 50ml - Gjini Herbal\" \/>\n<meta property=\"og:description\" content=\"I pasur me nj\u00eb p\u00ebrzierje t\u00eb fuqishme t\u00eb bim\u00ebve natyrore dhe ujit termal, kremi yn\u00eb xhel p\u00ebr fytyr\u00ebn jo vet\u00ebm q\u00eb hidraton thell\u00ebsisht l\u00ebkur\u00ebn, por edhe freskon l\u00ebkur\u00ebn. Formula \u00ebsht\u00eb projektuar p\u00ebr t\u00eb p\u00ebrmir\u00ebsuar elasticitetin e l\u00ebkur\u00ebs dhe struktur\u00ebn e p\u00ebrgjithshme, duke rigjall\u00ebruar dhe ndri\u00e7uar l\u00ebkur\u00ebn tuaj.\" \/>\n<meta property=\"og:url\" content=\"https:\/\/gjiniherbal.com\/en_us\/produkt\/kujdes-i-lekures\/celenes-thermal-xhel-per-fytyren-50ml\/\" \/>\n<meta property=\"og:site_name\" content=\"Gjini Herbal\" \/>\n<meta property=\"article:publisher\" content=\"https:\/\/facebook.com\/gjiniherbal\" \/>\n<meta property=\"article:modified_time\" content=\"2024-12-23T12:18:49+00:00\" \/>\n<meta property=\"og:image\" content=\"https:\/\/gjiniherbal.com\/wp-content\/uploads\/2024\/12\/CELENES-Thermal-Xhel-per-fytyren-50ml.webp\" \/>\n\t<meta property=\"og:image:width\" content=\"1000\" \/>\n\t<meta property=\"og:image:height\" content=\"1000\" \/>\n\t<meta property=\"og:image:type\" content=\"image\/webp\" \/>\n<meta name=\"twitter:card\" content=\"summary_large_image\" \/>\n<meta name=\"twitter:label1\" content=\"Est. reading time\" \/>\n\t<meta name=\"twitter:data1\" content=\"1 minute\" \/>\n<script type=\"application\/ld+json\" class=\"yoast-schema-graph\">{\"@context\":\"https:\\\/\\\/schema.org\",\"@graph\":[{\"@type\":\"WebPage\",\"@id\":\"https:\\\/\\\/gjiniherbal.com\\\/produkt\\\/kujdes-i-lekures\\\/celenes-thermal-xhel-per-fytyren-50ml\\\/\",\"url\":\"https:\\\/\\\/gjiniherbal.com\\\/produkt\\\/kujdes-i-lekures\\\/celenes-thermal-xhel-per-fytyren-50ml\\\/\",\"name\":\"CELENES Thermal Xhel p\u00ebr fytyr\u00ebn 50ml - Gjini Herbal\",\"isPartOf\":{\"@id\":\"https:\\\/\\\/gjiniherbal.com\\\/#website\"},\"primaryImageOfPage\":{\"@id\":\"https:\\\/\\\/gjiniherbal.com\\\/produkt\\\/kujdes-i-lekures\\\/celenes-thermal-xhel-per-fytyren-50ml\\\/#primaryimage\"},\"image\":{\"@id\":\"https:\\\/\\\/gjiniherbal.com\\\/produkt\\\/kujdes-i-lekures\\\/celenes-thermal-xhel-per-fytyren-50ml\\\/#primaryimage\"},\"thumbnailUrl\":\"https:\\\/\\\/gjiniherbal.com\\\/wp-content\\\/uploads\\\/2024\\\/12\\\/CELENES-Thermal-Xhel-per-fytyren-50ml.webp\",\"datePublished\":\"2024-12-23T12:18:48+00:00\",\"dateModified\":\"2024-12-23T12:18:49+00:00\",\"description\":\"I pasur me nj\u00eb p\u00ebrzierje t\u00eb fuqishme t\u00eb bim\u00ebve natyrore dhe ujit termal, kremi yn\u00eb xhel p\u00ebr fytyr\u00ebn jo vet\u00ebm q\u00eb hidraton thell\u00ebsisht l\u00ebkur\u00ebn, por edhe freskon l\u00ebkur\u00ebn. Formula \u00ebsht\u00eb projektuar p\u00ebr t\u00eb p\u00ebrmir\u00ebsuar elasticitetin e l\u00ebkur\u00ebs dhe struktur\u00ebn e p\u00ebrgjithshme, duke rigjall\u00ebruar dhe ndri\u00e7uar l\u00ebkur\u00ebn tuaj.\",\"breadcrumb\":{\"@id\":\"https:\\\/\\\/gjiniherbal.com\\\/produkt\\\/kujdes-i-lekures\\\/celenes-thermal-xhel-per-fytyren-50ml\\\/#breadcrumb\"},\"inLanguage\":\"en-US\",\"potentialAction\":[{\"@type\":\"ReadAction\",\"target\":[\"https:\\\/\\\/gjiniherbal.com\\\/produkt\\\/kujdes-i-lekures\\\/celenes-thermal-xhel-per-fytyren-50ml\\\/\"]}]},{\"@type\":\"ImageObject\",\"inLanguage\":\"en-US\",\"@id\":\"https:\\\/\\\/gjiniherbal.com\\\/produkt\\\/kujdes-i-lekures\\\/celenes-thermal-xhel-per-fytyren-50ml\\\/#primaryimage\",\"url\":\"https:\\\/\\\/gjiniherbal.com\\\/wp-content\\\/uploads\\\/2024\\\/12\\\/CELENES-Thermal-Xhel-per-fytyren-50ml.webp\",\"contentUrl\":\"https:\\\/\\\/gjiniherbal.com\\\/wp-content\\\/uploads\\\/2024\\\/12\\\/CELENES-Thermal-Xhel-per-fytyren-50ml.webp\",\"width\":1000,\"height\":1000},{\"@type\":\"BreadcrumbList\",\"@id\":\"https:\\\/\\\/gjiniherbal.com\\\/produkt\\\/kujdes-i-lekures\\\/celenes-thermal-xhel-per-fytyren-50ml\\\/#breadcrumb\",\"itemListElement\":[{\"@type\":\"ListItem\",\"position\":1,\"name\":\"Home\",\"item\":\"https:\\\/\\\/gjiniherbal.com\\\/en_us\\\/\"},{\"@type\":\"ListItem\",\"position\":2,\"name\":\"Shop\",\"item\":\"https:\\\/\\\/gjiniherbal.com\\\/en_us\\\/shop\\\/\"},{\"@type\":\"ListItem\",\"position\":3,\"name\":\"CELENES Thermal Xhel p\u00ebr fytyr\u00ebn 50ml\"}]},{\"@type\":\"WebSite\",\"@id\":\"https:\\\/\\\/gjiniherbal.com\\\/#website\",\"url\":\"https:\\\/\\\/gjiniherbal.com\\\/\",\"name\":\"Gjini Herbal\",\"description\":\"Produkte Natyrale\",\"publisher\":{\"@id\":\"https:\\\/\\\/gjiniherbal.com\\\/#organization\"},\"potentialAction\":[{\"@type\":\"SearchAction\",\"target\":{\"@type\":\"EntryPoint\",\"urlTemplate\":\"https:\\\/\\\/gjiniherbal.com\\\/?s={search_term_string}\"},\"query-input\":{\"@type\":\"PropertyValueSpecification\",\"valueRequired\":true,\"valueName\":\"search_term_string\"}}],\"inLanguage\":\"en-US\"},{\"@type\":\"Organization\",\"@id\":\"https:\\\/\\\/gjiniherbal.com\\\/#organization\",\"name\":\"Gjini Herbal\",\"url\":\"https:\\\/\\\/gjiniherbal.com\\\/\",\"logo\":{\"@type\":\"ImageObject\",\"inLanguage\":\"en-US\",\"@id\":\"https:\\\/\\\/gjiniherbal.com\\\/#\\\/schema\\\/logo\\\/image\\\/\",\"url\":\"https:\\\/\\\/gjiniherbal.com\\\/wp-content\\\/uploads\\\/2022\\\/07\\\/gjini-herbal-logo.png\",\"contentUrl\":\"https:\\\/\\\/gjiniherbal.com\\\/wp-content\\\/uploads\\\/2022\\\/07\\\/gjini-herbal-logo.png\",\"width\":652,\"height\":262,\"caption\":\"Gjini Herbal\"},\"image\":{\"@id\":\"https:\\\/\\\/gjiniherbal.com\\\/#\\\/schema\\\/logo\\\/image\\\/\"},\"sameAs\":[\"https:\\\/\\\/facebook.com\\\/gjiniherbal\",\"https:\\\/\\\/instagram.com\\\/gjiniherbal\",\"https:\\\/\\\/www.youtube.com\\\/channel\\\/UC_tHHueG-qxycnvdro4jHtQ\"]}]}<\/script>\n<!-- \/ Yoast SEO plugin. -->","yoast_head_json":{"title":"CELENES Thermal Xhel p\u00ebr fytyr\u00ebn 50ml - Gjini Herbal","description":"I pasur me nj\u00eb p\u00ebrzierje t\u00eb fuqishme t\u00eb bim\u00ebve natyrore dhe ujit termal, kremi yn\u00eb xhel p\u00ebr fytyr\u00ebn jo vet\u00ebm q\u00eb hidraton thell\u00ebsisht l\u00ebkur\u00ebn, por edhe freskon l\u00ebkur\u00ebn. Formula \u00ebsht\u00eb projektuar p\u00ebr t\u00eb p\u00ebrmir\u00ebsuar elasticitetin e l\u00ebkur\u00ebs dhe struktur\u00ebn e p\u00ebrgjithshme, duke rigjall\u00ebruar dhe ndri\u00e7uar l\u00ebkur\u00ebn tuaj.","robots":{"index":"index","follow":"follow","max-snippet":"max-snippet:-1","max-image-preview":"max-image-preview:large","max-video-preview":"max-video-preview:-1"},"canonical":"https:\/\/gjiniherbal.com\/en_us\/produkt\/kujdes-i-lekures\/celenes-thermal-xhel-per-fytyren-50ml\/","og_locale":"en_US","og_type":"article","og_title":"CELENES Thermal Xhel p\u00ebr fytyr\u00ebn 50ml - Gjini Herbal","og_description":"I pasur me nj\u00eb p\u00ebrzierje t\u00eb fuqishme t\u00eb bim\u00ebve natyrore dhe ujit termal, kremi yn\u00eb xhel p\u00ebr fytyr\u00ebn jo vet\u00ebm q\u00eb hidraton thell\u00ebsisht l\u00ebkur\u00ebn, por edhe freskon l\u00ebkur\u00ebn. Formula \u00ebsht\u00eb projektuar p\u00ebr t\u00eb p\u00ebrmir\u00ebsuar elasticitetin e l\u00ebkur\u00ebs dhe struktur\u00ebn e p\u00ebrgjithshme, duke rigjall\u00ebruar dhe ndri\u00e7uar l\u00ebkur\u00ebn tuaj.","og_url":"https:\/\/gjiniherbal.com\/en_us\/produkt\/kujdes-i-lekures\/celenes-thermal-xhel-per-fytyren-50ml\/","og_site_name":"Gjini Herbal","article_publisher":"https:\/\/facebook.com\/gjiniherbal","article_modified_time":"2024-12-23T12:18:49+00:00","og_image":[{"width":1000,"height":1000,"url":"https:\/\/gjiniherbal.com\/wp-content\/uploads\/2024\/12\/CELENES-Thermal-Xhel-per-fytyren-50ml.webp","type":"image\/webp"}],"twitter_card":"summary_large_image","twitter_misc":{"Est. reading time":"1 minute"},"schema":{"@context":"https:\/\/schema.org","@graph":[{"@type":"WebPage","@id":"https:\/\/gjiniherbal.com\/produkt\/kujdes-i-lekures\/celenes-thermal-xhel-per-fytyren-50ml\/","url":"https:\/\/gjiniherbal.com\/produkt\/kujdes-i-lekures\/celenes-thermal-xhel-per-fytyren-50ml\/","name":"CELENES Thermal Xhel p\u00ebr fytyr\u00ebn 50ml - Gjini Herbal","isPartOf":{"@id":"https:\/\/gjiniherbal.com\/#website"},"primaryImageOfPage":{"@id":"https:\/\/gjiniherbal.com\/produkt\/kujdes-i-lekures\/celenes-thermal-xhel-per-fytyren-50ml\/#primaryimage"},"image":{"@id":"https:\/\/gjiniherbal.com\/produkt\/kujdes-i-lekures\/celenes-thermal-xhel-per-fytyren-50ml\/#primaryimage"},"thumbnailUrl":"https:\/\/gjiniherbal.com\/wp-content\/uploads\/2024\/12\/CELENES-Thermal-Xhel-per-fytyren-50ml.webp","datePublished":"2024-12-23T12:18:48+00:00","dateModified":"2024-12-23T12:18:49+00:00","description":"I pasur me nj\u00eb p\u00ebrzierje t\u00eb fuqishme t\u00eb bim\u00ebve natyrore dhe ujit termal, kremi yn\u00eb xhel p\u00ebr fytyr\u00ebn jo vet\u00ebm q\u00eb hidraton thell\u00ebsisht l\u00ebkur\u00ebn, por edhe freskon l\u00ebkur\u00ebn. Formula \u00ebsht\u00eb projektuar p\u00ebr t\u00eb p\u00ebrmir\u00ebsuar elasticitetin e l\u00ebkur\u00ebs dhe struktur\u00ebn e p\u00ebrgjithshme, duke rigjall\u00ebruar dhe ndri\u00e7uar l\u00ebkur\u00ebn tuaj.","breadcrumb":{"@id":"https:\/\/gjiniherbal.com\/produkt\/kujdes-i-lekures\/celenes-thermal-xhel-per-fytyren-50ml\/#breadcrumb"},"inLanguage":"en-US","potentialAction":[{"@type":"ReadAction","target":["https:\/\/gjiniherbal.com\/produkt\/kujdes-i-lekures\/celenes-thermal-xhel-per-fytyren-50ml\/"]}]},{"@type":"ImageObject","inLanguage":"en-US","@id":"https:\/\/gjiniherbal.com\/produkt\/kujdes-i-lekures\/celenes-thermal-xhel-per-fytyren-50ml\/#primaryimage","url":"https:\/\/gjiniherbal.com\/wp-content\/uploads\/2024\/12\/CELENES-Thermal-Xhel-per-fytyren-50ml.webp","contentUrl":"https:\/\/gjiniherbal.com\/wp-content\/uploads\/2024\/12\/CELENES-Thermal-Xhel-per-fytyren-50ml.webp","width":1000,"height":1000},{"@type":"BreadcrumbList","@id":"https:\/\/gjiniherbal.com\/produkt\/kujdes-i-lekures\/celenes-thermal-xhel-per-fytyren-50ml\/#breadcrumb","itemListElement":[{"@type":"ListItem","position":1,"name":"Home","item":"https:\/\/gjiniherbal.com\/en_us\/"},{"@type":"ListItem","position":2,"name":"Shop","item":"https:\/\/gjiniherbal.com\/en_us\/shop\/"},{"@type":"ListItem","position":3,"name":"CELENES Thermal Xhel p\u00ebr fytyr\u00ebn 50ml"}]},{"@type":"WebSite","@id":"https:\/\/gjiniherbal.com\/#website","url":"https:\/\/gjiniherbal.com\/","name":"Gjini Herbal","description":"Produkte Natyrale","publisher":{"@id":"https:\/\/gjiniherbal.com\/#organization"},"potentialAction":[{"@type":"SearchAction","target":{"@type":"EntryPoint","urlTemplate":"https:\/\/gjiniherbal.com\/?s={search_term_string}"},"query-input":{"@type":"PropertyValueSpecification","valueRequired":true,"valueName":"search_term_string"}}],"inLanguage":"en-US"},{"@type":"Organization","@id":"https:\/\/gjiniherbal.com\/#organization","name":"Gjini Herbal","url":"https:\/\/gjiniherbal.com\/","logo":{"@type":"ImageObject","inLanguage":"en-US","@id":"https:\/\/gjiniherbal.com\/#\/schema\/logo\/image\/","url":"https:\/\/gjiniherbal.com\/wp-content\/uploads\/2022\/07\/gjini-herbal-logo.png","contentUrl":"https:\/\/gjiniherbal.com\/wp-content\/uploads\/2022\/07\/gjini-herbal-logo.png","width":652,"height":262,"caption":"Gjini Herbal"},"image":{"@id":"https:\/\/gjiniherbal.com\/#\/schema\/logo\/image\/"},"sameAs":["https:\/\/facebook.com\/gjiniherbal","https:\/\/instagram.com\/gjiniherbal","https:\/\/www.youtube.com\/channel\/UC_tHHueG-qxycnvdro4jHtQ"]}]}},"jetpack-related-posts":[],"jetpack_sharing_enabled":true,"_links":{"self":[{"href":"https:\/\/gjiniherbal.com\/en_us\/wp-json\/wp\/v2\/product\/3158","targetHints":{"allow":["GET"]}}],"collection":[{"href":"https:\/\/gjiniherbal.com\/en_us\/wp-json\/wp\/v2\/product"}],"about":[{"href":"https:\/\/gjiniherbal.com\/en_us\/wp-json\/wp\/v2\/types\/product"}],"wp:featuredmedia":[{"embeddable":true,"href":"https:\/\/gjiniherbal.com\/en_us\/wp-json\/wp\/v2\/media\/3159"}],"wp:attachment":[{"href":"https:\/\/gjiniherbal.com\/en_us\/wp-json\/wp\/v2\/media?parent=3158"}],"wp:term":[{"taxonomy":"product_brand","embeddable":true,"href":"https:\/\/gjiniherbal.com\/en_us\/wp-json\/wp\/v2\/product_brand?post=3158"},{"taxonomy":"product_cat","embeddable":true,"href":"https:\/\/gjiniherbal.com\/en_us\/wp-json\/wp\/v2\/product_cat?post=3158"},{"taxonomy":"product_tag","embeddable":true,"href":"https:\/\/gjiniherbal.com\/en_us\/wp-json\/wp\/v2\/product_tag?post=3158"}],"curies":[{"name":"wp","href":"https:\/\/api.w.org\/{rel}","templated":true}]}}