{"id":3142,"date":"2024-12-23T12:47:46","date_gmt":"2024-12-23T11:47:46","guid":{"rendered":"https:\/\/gjiniherbal.com\/?post_type=product&#038;p=3142"},"modified":"2025-12-13T11:53:43","modified_gmt":"2025-12-13T10:53:43","slug":"celenes-serumi-nordic-elixir-30-ml","status":"publish","type":"product","link":"https:\/\/gjiniherbal.com\/en_us\/product\/kujdesi-fytyres\/celenes-serumi-nordic-elixir-30-ml\/","title":{"rendered":"CELENES Serumi NORDIC ELIXIR 30 ml"},"content":{"rendered":"<p>Hidraton, rinovon, shtr\u00ebngon dhe ndri\u00e7on l\u00ebkur\u00ebn me p\u00ebrmbajtjen e tij ushqyese dhe natyrale t\u00eb 10 vajrave bimor\u00eb t\u00eb ve\u00e7ant\u00eb.<\/p>\n<p>Formula e saj e re e pasuruar me Bakuchoil mb\u00ebshtet elasticitetin dhe hidratimin e l\u00ebkur\u00ebs p\u00ebr t&#8217;u rritur ndjesh\u00ebm.<\/p>\n<p>Nd\u00ebrsa siguron kujdesin e l\u00ebkur\u00ebs me vajin Canola n\u00eb p\u00ebrmbajtjen e tij, ai ka ve\u00e7orin\u00eb e parandalimit t\u00eb formimit t\u00eb akneve, pikave t\u00eb zeza dhe njollave duke balancuar prodhimin e sebumit me vaj livando dhe bergamot.<\/p>\n<p>P\u00ebrdorimi: 2-3 pika rekomandohen p\u00ebr fytyr\u00ebn dhe qaf\u00ebn. Aplikojeni n\u00eb m\u00ebngjes dhe mbr\u00ebmje.<\/p>\n","protected":false},"excerpt":{"rendered":"<p>Hidraton, rinovon, shtr\u00ebngon dhe ndri\u00e7on l\u00ebkur\u00ebn me p\u00ebrmbajtjen e tij ushqyese dhe natyrale t\u00eb 10 vajrave bimor\u00eb t\u00eb ve\u00e7ant\u00eb.<\/p>\n","protected":false},"featured_media":3143,"template":"","meta":{"_acf_changed":false,"_et_pb_use_builder":"","_et_pb_old_content":"","_et_gb_content_width":"","_monsterinsights_skip_tracking":false,"_monsterinsights_sitenote_active":false,"_monsterinsights_sitenote_note":"","_monsterinsights_sitenote_category":0,"_joinchat":[]},"product_brand":[],"product_cat":[831],"product_tag":[915,530],"class_list":{"0":"post-3142","1":"product","2":"type-product","3":"status-publish","4":"has-post-thumbnail","6":"product_cat-kujdesi-fytyres","7":"product_tag-kujdesi-i-fytyres","8":"product_tag-serum","10":"first","11":"outofstock","12":"shipping-taxable","13":"purchasable","14":"product-type-simple"},"acf":[],"jetpack-related-posts":[],"jetpack_sharing_enabled":true,"_links":{"self":[{"href":"https:\/\/gjiniherbal.com\/en_us\/wp-json\/wp\/v2\/product\/3142","targetHints":{"allow":["GET"]}}],"collection":[{"href":"https:\/\/gjiniherbal.com\/en_us\/wp-json\/wp\/v2\/product"}],"about":[{"href":"https:\/\/gjiniherbal.com\/en_us\/wp-json\/wp\/v2\/types\/product"}],"wp:featuredmedia":[{"embeddable":true,"href":"https:\/\/gjiniherbal.com\/en_us\/wp-json\/wp\/v2\/media\/3143"}],"wp:attachment":[{"href":"https:\/\/gjiniherbal.com\/en_us\/wp-json\/wp\/v2\/media?parent=3142"}],"wp:term":[{"taxonomy":"product_brand","embeddable":true,"href":"https:\/\/gjiniherbal.com\/en_us\/wp-json\/wp\/v2\/product_brand?post=3142"},{"taxonomy":"product_cat","embeddable":true,"href":"https:\/\/gjiniherbal.com\/en_us\/wp-json\/wp\/v2\/product_cat?post=3142"},{"taxonomy":"product_tag","embeddable":true,"href":"https:\/\/gjiniherbal.com\/en_us\/wp-json\/wp\/v2\/product_tag?post=3142"}],"curies":[{"name":"wp","href":"https:\/\/api.w.org\/{rel}","templated":true}]}}