{"id":3139,"date":"2024-12-23T12:40:45","date_gmt":"2024-12-23T11:40:45","guid":{"rendered":"https:\/\/gjiniherbal.com\/?post_type=product&#038;p=3139"},"modified":"2025-01-13T16:22:08","modified_gmt":"2025-01-13T15:22:08","slug":"roll-on-deomineral-per-zbardhje-2-ne-1","status":"publish","type":"product","link":"https:\/\/gjiniherbal.com\/en_us\/product\/uncategorized\/roll-on-deomineral-per-zbardhje-2-ne-1\/","title":{"rendered":"Roll-on DEOMINERAL p\u00ebr zbardhje 2 n\u00eb 1"},"content":{"rendered":"<p>Fal\u00eb mineraleve natyrale, ndihmon n\u00eb parandalimin e er\u00ebs s\u00eb keqe pa bllokuar poret dhe zbardhjen e zon\u00ebs s\u00eb n\u00ebnsqetullave me aminoacide natyrale, Arbutin.<\/p>\n<p>Formula Tetra Complex CX19, vaji i far\u00ebs brassica campestris (rapese),<br \/>\nvaji i far\u00ebs helianthus annuus (luledielli) dhe<br \/>\nP\u00ebrmban ekstrakt laminaria ochroleuca. Mb\u00ebshtet barrier\u00ebn natyrore mbrojt\u00ebse t\u00eb l\u00ebkur\u00ebs dhe ndihmon n\u00eb riparimin e saj.<br \/>\nVaji natyral i bajames dhe vaji i avokados ushqejn\u00eb l\u00ebkur\u00ebn dhe rrisin forc\u00ebn e saj.<br \/>\nEkstrakti i bim\u00ebs endemike nordike Vaccinium Myritillus ushqen l\u00ebkur\u00ebn dhe mb\u00ebshtet forcimin e barrier\u00ebs s\u00eb l\u00ebkur\u00ebs.<\/p>\n<p><strong>P\u00ebrdorimi<\/strong>: \u00cbsht\u00eb i p\u00ebrshtatsh\u00ebm p\u00ebr p\u00ebrdorim t\u00eb p\u00ebrditsh\u00ebm.<\/p>\n","protected":false},"excerpt":{"rendered":"<p>Fal\u00eb mineraleve natyrale, ndihmon n\u00eb parandalimin e er\u00ebs s\u00eb keqe pa bllokuar poret dhe zbardhjen e zon\u00ebs s\u00eb n\u00ebnsqetullave me aminoacide natyrale, Arbutin.<\/p>\n","protected":false},"featured_media":3140,"template":"","meta":{"_acf_changed":false,"_et_pb_use_builder":"","_et_pb_old_content":"","_et_gb_content_width":"","_monsterinsights_skip_tracking":false,"_monsterinsights_sitenote_active":false,"_monsterinsights_sitenote_note":"","_monsterinsights_sitenote_category":0,"_joinchat":[]},"product_brand":[],"product_cat":[15],"product_tag":[],"class_list":{"0":"post-3139","1":"product","2":"type-product","3":"status-publish","4":"has-post-thumbnail","6":"product_cat-uncategorized","8":"first","9":"instock","10":"shipping-taxable","11":"purchasable","12":"product-type-simple"},"acf":[],"jetpack-related-posts":[],"jetpack_sharing_enabled":true,"_links":{"self":[{"href":"https:\/\/gjiniherbal.com\/en_us\/wp-json\/wp\/v2\/product\/3139","targetHints":{"allow":["GET"]}}],"collection":[{"href":"https:\/\/gjiniherbal.com\/en_us\/wp-json\/wp\/v2\/product"}],"about":[{"href":"https:\/\/gjiniherbal.com\/en_us\/wp-json\/wp\/v2\/types\/product"}],"wp:featuredmedia":[{"embeddable":true,"href":"https:\/\/gjiniherbal.com\/en_us\/wp-json\/wp\/v2\/media\/3140"}],"wp:attachment":[{"href":"https:\/\/gjiniherbal.com\/en_us\/wp-json\/wp\/v2\/media?parent=3139"}],"wp:term":[{"taxonomy":"product_brand","embeddable":true,"href":"https:\/\/gjiniherbal.com\/en_us\/wp-json\/wp\/v2\/product_brand?post=3139"},{"taxonomy":"product_cat","embeddable":true,"href":"https:\/\/gjiniherbal.com\/en_us\/wp-json\/wp\/v2\/product_cat?post=3139"},{"taxonomy":"product_tag","embeddable":true,"href":"https:\/\/gjiniherbal.com\/en_us\/wp-json\/wp\/v2\/product_tag?post=3139"}],"curies":[{"name":"wp","href":"https:\/\/api.w.org\/{rel}","templated":true}]}}