{"id":3112,"date":"2024-12-16T12:26:20","date_gmt":"2024-12-16T11:26:20","guid":{"rendered":"https:\/\/gjiniherbal.com\/?post_type=product&#038;p=3112"},"modified":"2025-01-18T16:12:01","modified_gmt":"2025-01-18T15:12:01","slug":"celenes-uje-micellar-cloudberry-250ml","status":"publish","type":"product","link":"https:\/\/gjiniherbal.com\/en_us\/product\/kujdesi-fytyres\/celenes-uje-micellar-cloudberry-250ml\/","title":{"rendered":"CELENES CLOUDBERRY Uj\u00eb micelar 250 ml"},"content":{"rendered":"<p>CELENES CLOUDBERRY Uj\u00eb micelar 250 ml<\/p>\n<p>Tipari intensiv hidratues i Cloudberry siguron q\u00eb l\u00ebkura t\u00eb pastrohet nga vaji dhe papast\u00ebrtit\u00eb pa e thar\u00eb at\u00eb.<\/p>\n<p>Me molekula speciale pastruese, pastron l\u00ebkur\u00ebn pa pasur nevoj\u00eb p\u00ebr uj\u00eb.<\/p>\n<p>Nuk g\u00ebrryen l\u00ebkur\u00ebn dhe nuk prish ekuilibrin e lag\u00ebshtis\u00eb.<\/p>\n","protected":false},"excerpt":{"rendered":"<p>Me molekula speciale pastruese, pastron l\u00ebkur\u00ebn pa pasur nevoj\u00eb p\u00ebr uj\u00eb.<br \/>\nNuk g\u00ebrryen l\u00ebkur\u00ebn dhe nuk prish ekuilibrin e lag\u00ebshtis\u00eb.<\/p>\n","protected":false},"featured_media":3113,"template":"","meta":{"_acf_changed":false,"_et_pb_use_builder":"","_et_pb_old_content":"","_et_gb_content_width":"","_monsterinsights_skip_tracking":false,"_monsterinsights_sitenote_active":false,"_monsterinsights_sitenote_note":"","_monsterinsights_sitenote_category":0,"_joinchat":[]},"product_brand":[],"product_cat":[831],"product_tag":[501,1050],"class_list":{"0":"post-3112","1":"product","2":"type-product","3":"status-publish","4":"has-post-thumbnail","6":"product_cat-kujdesi-fytyres","7":"product_tag-pastrim","8":"product_tag-uje-micelar","10":"first","11":"instock","12":"shipping-taxable","13":"purchasable","14":"product-type-simple"},"acf":[],"jetpack-related-posts":[],"jetpack_sharing_enabled":true,"_links":{"self":[{"href":"https:\/\/gjiniherbal.com\/en_us\/wp-json\/wp\/v2\/product\/3112","targetHints":{"allow":["GET"]}}],"collection":[{"href":"https:\/\/gjiniherbal.com\/en_us\/wp-json\/wp\/v2\/product"}],"about":[{"href":"https:\/\/gjiniherbal.com\/en_us\/wp-json\/wp\/v2\/types\/product"}],"wp:featuredmedia":[{"embeddable":true,"href":"https:\/\/gjiniherbal.com\/en_us\/wp-json\/wp\/v2\/media\/3113"}],"wp:attachment":[{"href":"https:\/\/gjiniherbal.com\/en_us\/wp-json\/wp\/v2\/media?parent=3112"}],"wp:term":[{"taxonomy":"product_brand","embeddable":true,"href":"https:\/\/gjiniherbal.com\/en_us\/wp-json\/wp\/v2\/product_brand?post=3112"},{"taxonomy":"product_cat","embeddable":true,"href":"https:\/\/gjiniherbal.com\/en_us\/wp-json\/wp\/v2\/product_cat?post=3112"},{"taxonomy":"product_tag","embeddable":true,"href":"https:\/\/gjiniherbal.com\/en_us\/wp-json\/wp\/v2\/product_tag?post=3112"}],"curies":[{"name":"wp","href":"https:\/\/api.w.org\/{rel}","templated":true}]}}