{"id":3108,"date":"2024-12-16T12:27:34","date_gmt":"2024-12-16T11:27:34","guid":{"rendered":"https:\/\/gjiniherbal.com\/?post_type=product&#038;p=3108"},"modified":"2025-01-18T16:14:22","modified_gmt":"2025-01-18T15:14:22","slug":"celenes-sea-buckthorn-krem-kunder-plakjes-se-duarve-pa-arome-75-ml","status":"publish","type":"product","link":"https:\/\/gjiniherbal.com\/en_us\/product\/kujdes-i-lekures\/celenes-sea-buckthorn-krem-kunder-plakjes-se-duarve-pa-arome-75-ml\/","title":{"rendered":"CELENES SEA BUCKTHORN Krem kund\u00ebr plakjes s\u00eb duarve pa arom\u00eb 75 ml"},"content":{"rendered":"<p>E krijuar me nj\u00eb p\u00ebrzierje t\u00eb Sea Buckthorn, Nordic Cotton Grass dhe Gulibrishim, kjo formul\u00eb e zhvilluar posa\u00e7\u00ebrisht \u00ebsht\u00eb p\u00ebrshtatur p\u00ebr t\u00eb minimizuar efektet e plakjes n\u00eb duar.<\/p>\n<p>Sea Buckthorn, nj\u00eb burim natyral Omega 7, mb\u00ebshtet n\u00eb m\u00ebnyr\u00eb aktive prodhimin e kolagjenit, duke kontribuar n\u00eb parandalimin e plakjes s\u00eb l\u00ebkur\u00ebs. Formulimi jo vet\u00ebm q\u00eb hidraton but\u00ebsisht, por gjithashtu siguron mbrojtje kund\u00ebr konsumimit dhe efekteve t\u00eb plakjes.<\/p>\n<p>Me p\u00ebrb\u00ebr\u00ebs natyral\u00eb, siguron but\u00ebsi dhe p\u00ebrthithje t\u00eb leht\u00eb n\u00eb l\u00ebkur\u00eb. N\u00eb p\u00ebrputhje me angazhimin e tij p\u00ebr sh\u00ebndetin e l\u00ebkur\u00ebs, produkti p\u00ebrjashton paraben\u00ebt, parfumin, alkoolin dhe vajin mineral, duke ofruar nj\u00eb p\u00ebrvoj\u00eb t\u00eb past\u00ebr dhe rinovuese p\u00ebr duart tuaja.<\/p>\n","protected":false},"excerpt":{"rendered":"<p>Ky krem jo vet\u00ebm q\u00eb hidraton but\u00ebsisht, por gjithashtu siguron mbrojtje kund\u00ebr konsumimit dhe efekteve t\u00eb plakjes.<\/p>\n<p>Me p\u00ebrb\u00ebr\u00ebs natyral\u00eb, siguron but\u00ebsi dhe p\u00ebrthithje t\u00eb leht\u00eb n\u00eb l\u00ebkur\u00eb.<\/p>\n","protected":false},"featured_media":3109,"template":"","meta":{"_acf_changed":false,"_et_pb_use_builder":"","_et_pb_old_content":"","_et_gb_content_width":"","_monsterinsights_skip_tracking":false,"_monsterinsights_sitenote_active":false,"_monsterinsights_sitenote_note":"","_monsterinsights_sitenote_category":0,"_joinchat":[]},"product_brand":[],"product_cat":[480],"product_tag":[1063,1080,508],"class_list":{"0":"post-3108","1":"product","2":"type-product","3":"status-publish","4":"has-post-thumbnail","6":"product_cat-kujdes-i-lekures","7":"product_tag-anti-plakje","8":"product_tag-duar","9":"product_tag-krem","11":"first","12":"instock","13":"shipping-taxable","14":"purchasable","15":"product-type-simple"},"acf":[],"jetpack-related-posts":[],"jetpack_sharing_enabled":true,"_links":{"self":[{"href":"https:\/\/gjiniherbal.com\/en_us\/wp-json\/wp\/v2\/product\/3108","targetHints":{"allow":["GET"]}}],"collection":[{"href":"https:\/\/gjiniherbal.com\/en_us\/wp-json\/wp\/v2\/product"}],"about":[{"href":"https:\/\/gjiniherbal.com\/en_us\/wp-json\/wp\/v2\/types\/product"}],"wp:featuredmedia":[{"embeddable":true,"href":"https:\/\/gjiniherbal.com\/en_us\/wp-json\/wp\/v2\/media\/3109"}],"wp:attachment":[{"href":"https:\/\/gjiniherbal.com\/en_us\/wp-json\/wp\/v2\/media?parent=3108"}],"wp:term":[{"taxonomy":"product_brand","embeddable":true,"href":"https:\/\/gjiniherbal.com\/en_us\/wp-json\/wp\/v2\/product_brand?post=3108"},{"taxonomy":"product_cat","embeddable":true,"href":"https:\/\/gjiniherbal.com\/en_us\/wp-json\/wp\/v2\/product_cat?post=3108"},{"taxonomy":"product_tag","embeddable":true,"href":"https:\/\/gjiniherbal.com\/en_us\/wp-json\/wp\/v2\/product_tag?post=3108"}],"curies":[{"name":"wp","href":"https:\/\/api.w.org\/{rel}","templated":true}]}}