{"id":3104,"date":"2024-12-16T12:39:15","date_gmt":"2024-12-16T11:39:15","guid":{"rendered":"https:\/\/gjiniherbal.com\/?post_type=product&#038;p=3104"},"modified":"2025-01-10T15:57:11","modified_gmt":"2025-01-10T14:57:11","slug":"bionnex-acid-salicilik-2-pastrues-lichen-island-30ml","status":"publish","type":"product","link":"https:\/\/gjiniherbal.com\/en_us\/product\/kujdesi-fytyres\/bionnex-acid-salicilik-2-pastrues-lichen-island-30ml\/","title":{"rendered":"BIONNEX &#8211; ACID SALICILIK 2% + PASTRUES LICHEN ISLAND 30ml"},"content":{"rendered":"<p>Ky formulim i avancuar ndihmon n\u00eb heqjen e qelizave t\u00eb vdekura t\u00eb l\u00ebkur\u00ebs q\u00eb bllokojn\u00eb poret dhe i japin l\u00ebkur\u00ebs qart\u00ebsi.<\/p>\n<p>\u00cbsht\u00eb i p\u00ebrshtatsh\u00ebm p\u00ebr t\u00eb gjitha llojet e l\u00ebkur\u00ebs, ve\u00e7an\u00ebrisht p\u00ebr l\u00ebkur\u00ebn e yndyrshme dhe t\u00eb prirur ndaj akneve.<\/p>\n","protected":false},"excerpt":{"rendered":"<p>Ky formulim i avancuar ndihmon n\u00eb heqjen e qelizave t\u00eb vdekura t\u00eb l\u00ebkur\u00ebs q\u00eb bllokojn\u00eb poret dhe i japin l\u00ebkur\u00ebs qart\u00ebsi.<\/p>\n","protected":false},"featured_media":3105,"template":"","meta":{"_acf_changed":false,"_et_pb_use_builder":"","_et_pb_old_content":"","_et_gb_content_width":"","_monsterinsights_skip_tracking":false,"_monsterinsights_sitenote_active":false,"_monsterinsights_sitenote_note":"","_monsterinsights_sitenote_category":0,"_joinchat":[]},"product_brand":[],"product_cat":[831],"product_tag":[1048,501,855],"class_list":{"0":"post-3104","1":"product","2":"type-product","3":"status-publish","4":"has-post-thumbnail","6":"product_cat-kujdesi-fytyres","7":"product_tag-acid-salicilik","8":"product_tag-pastrim","9":"product_tag-pore","11":"first","12":"instock","13":"shipping-taxable","14":"purchasable","15":"product-type-simple"},"acf":[],"jetpack-related-posts":[],"jetpack_sharing_enabled":true,"_links":{"self":[{"href":"https:\/\/gjiniherbal.com\/en_us\/wp-json\/wp\/v2\/product\/3104","targetHints":{"allow":["GET"]}}],"collection":[{"href":"https:\/\/gjiniherbal.com\/en_us\/wp-json\/wp\/v2\/product"}],"about":[{"href":"https:\/\/gjiniherbal.com\/en_us\/wp-json\/wp\/v2\/types\/product"}],"wp:featuredmedia":[{"embeddable":true,"href":"https:\/\/gjiniherbal.com\/en_us\/wp-json\/wp\/v2\/media\/3105"}],"wp:attachment":[{"href":"https:\/\/gjiniherbal.com\/en_us\/wp-json\/wp\/v2\/media?parent=3104"}],"wp:term":[{"taxonomy":"product_brand","embeddable":true,"href":"https:\/\/gjiniherbal.com\/en_us\/wp-json\/wp\/v2\/product_brand?post=3104"},{"taxonomy":"product_cat","embeddable":true,"href":"https:\/\/gjiniherbal.com\/en_us\/wp-json\/wp\/v2\/product_cat?post=3104"},{"taxonomy":"product_tag","embeddable":true,"href":"https:\/\/gjiniherbal.com\/en_us\/wp-json\/wp\/v2\/product_tag?post=3104"}],"curies":[{"name":"wp","href":"https:\/\/api.w.org\/{rel}","templated":true}]}}