{"id":3102,"date":"2024-12-16T12:39:57","date_gmt":"2024-12-16T11:39:57","guid":{"rendered":"https:\/\/gjiniherbal.com\/?post_type=product&#038;p=3102"},"modified":"2025-01-10T16:02:59","modified_gmt":"2025-01-10T15:02:59","slug":"bionnex-acid-hialuronik-2-alga-arktike-serum-b5-30ml","status":"publish","type":"product","link":"https:\/\/gjiniherbal.com\/en_us\/product\/kujdesi-fytyres\/bionnex-acid-hialuronik-2-alga-arktike-serum-b5-30ml\/","title":{"rendered":"BIONNEX &#8211; ACID HIALURONIK 2% + ALGA ARKTIKE + SERUM B5 30ml"},"content":{"rendered":"<p>Acidi Hialuronik &#8211; Ky formulim i avancuar, duke kombinuar acidin hialuronik me pesh\u00eb t\u00eb ndryshme molekulare, algat arktike dhe vitamin\u00ebn B5, ndihmon n\u00eb rritjen e lag\u00ebshtis\u00eb duke arritur shtres\u00ebn e thell\u00eb t\u00eb l\u00ebkur\u00ebs.<br \/>\nNdihmon q\u00eb l\u00ebkura t\u00eb duket e sh\u00ebndosh\u00eb. \u00cbsht\u00eb i p\u00ebrshtatsh\u00ebm p\u00ebr t\u00eb gjitha llojet e l\u00ebkur\u00ebs.<\/p>\n","protected":false},"excerpt":{"rendered":"<p>Ky formulim i avancuar, duke kombinuar acidin hialuronik, algat arktike dhe vitamin\u00ebn B5, ndihmon n\u00eb rritjen e lag\u00ebshtis\u00eb duke arritur shtres\u00ebn e thell\u00eb t\u00eb l\u00ebkur\u00ebs.<\/p>\n","protected":false},"featured_media":3103,"template":"","meta":{"_acf_changed":false,"_et_pb_use_builder":"","_et_pb_old_content":"","_et_gb_content_width":"","_monsterinsights_skip_tracking":false,"_monsterinsights_sitenote_active":false,"_monsterinsights_sitenote_note":"","_monsterinsights_sitenote_category":0,"_joinchat":[]},"product_brand":[],"product_cat":[831],"product_tag":[541,845,530],"class_list":{"0":"post-3102","1":"product","2":"type-product","3":"status-publish","4":"has-post-thumbnail","6":"product_cat-kujdesi-fytyres","7":"product_tag-acid-hialuronik","8":"product_tag-fytyra","9":"product_tag-serum","11":"first","12":"instock","13":"shipping-taxable","14":"purchasable","15":"product-type-simple"},"acf":[],"jetpack-related-posts":[],"jetpack_sharing_enabled":true,"_links":{"self":[{"href":"https:\/\/gjiniherbal.com\/en_us\/wp-json\/wp\/v2\/product\/3102","targetHints":{"allow":["GET"]}}],"collection":[{"href":"https:\/\/gjiniherbal.com\/en_us\/wp-json\/wp\/v2\/product"}],"about":[{"href":"https:\/\/gjiniherbal.com\/en_us\/wp-json\/wp\/v2\/types\/product"}],"wp:featuredmedia":[{"embeddable":true,"href":"https:\/\/gjiniherbal.com\/en_us\/wp-json\/wp\/v2\/media\/3103"}],"wp:attachment":[{"href":"https:\/\/gjiniherbal.com\/en_us\/wp-json\/wp\/v2\/media?parent=3102"}],"wp:term":[{"taxonomy":"product_brand","embeddable":true,"href":"https:\/\/gjiniherbal.com\/en_us\/wp-json\/wp\/v2\/product_brand?post=3102"},{"taxonomy":"product_cat","embeddable":true,"href":"https:\/\/gjiniherbal.com\/en_us\/wp-json\/wp\/v2\/product_cat?post=3102"},{"taxonomy":"product_tag","embeddable":true,"href":"https:\/\/gjiniherbal.com\/en_us\/wp-json\/wp\/v2\/product_tag?post=3102"}],"curies":[{"name":"wp","href":"https:\/\/api.w.org\/{rel}","templated":true}]}}