{"id":3100,"date":"2024-12-16T12:28:45","date_gmt":"2024-12-16T11:28:45","guid":{"rendered":"https:\/\/gjiniherbal.com\/?post_type=product&#038;p=3100"},"modified":"2025-01-18T16:30:04","modified_gmt":"2025-01-18T15:30:04","slug":"bionnex-serum-niacinamid-acid-hialuronik-2-30ml","status":"publish","type":"product","link":"https:\/\/gjiniherbal.com\/en_us\/product\/kujdesi-fytyres\/bionnex-serum-niacinamid-acid-hialuronik-2-30ml\/","title":{"rendered":"BIONNEX &#8211; SERUM NIACINAMID %10 + ACID HIALURONIK %2 30ml"},"content":{"rendered":"<p>Ky formulim i avancuar i kombinuar i Vitamin\u00ebs B3 n\u00eb form\u00ebn e Niacinamidit ndihmon n\u00eb shtr\u00ebngimin e poreve, zvog\u00eblimin e skuqjes dhe njollave t\u00eb err\u00ebta dhe madje edhe tonin e l\u00ebkur\u00ebs.<\/p>\n<p>Kombinimi i Acidit Hyaluronik zbut dhe hidraton l\u00ebkur\u00ebn.<\/p>\n","protected":false},"excerpt":{"rendered":"<p>Ky formulim i kombinuar i Vitamin\u00ebs B3 n\u00eb form\u00ebn e Niacinamidit ndihmon n\u00eb shtr\u00ebngimin e poreve, zvog\u00eblimin e skuqjes dhe njollave t\u00eb err\u00ebta.<\/p>\n<p>Kombinimi i Acidit Hyaluronik zbut dhe hidraton l\u00ebkur\u00ebn.<\/p>\n","protected":false},"featured_media":3101,"template":"","meta":{"_acf_changed":false,"_et_pb_use_builder":"","_et_pb_old_content":"","_et_gb_content_width":"","_monsterinsights_skip_tracking":false,"_monsterinsights_sitenote_active":false,"_monsterinsights_sitenote_note":"","_monsterinsights_sitenote_category":0,"_joinchat":[]},"product_brand":[],"product_cat":[831],"product_tag":[541,530],"class_list":{"0":"post-3100","1":"product","2":"type-product","3":"status-publish","4":"has-post-thumbnail","6":"product_cat-kujdesi-fytyres","7":"product_tag-acid-hialuronik","8":"product_tag-serum","10":"first","11":"instock","12":"shipping-taxable","13":"purchasable","14":"product-type-simple"},"acf":[],"jetpack-related-posts":[],"jetpack_sharing_enabled":true,"_links":{"self":[{"href":"https:\/\/gjiniherbal.com\/en_us\/wp-json\/wp\/v2\/product\/3100","targetHints":{"allow":["GET"]}}],"collection":[{"href":"https:\/\/gjiniherbal.com\/en_us\/wp-json\/wp\/v2\/product"}],"about":[{"href":"https:\/\/gjiniherbal.com\/en_us\/wp-json\/wp\/v2\/types\/product"}],"wp:featuredmedia":[{"embeddable":true,"href":"https:\/\/gjiniherbal.com\/en_us\/wp-json\/wp\/v2\/media\/3101"}],"wp:attachment":[{"href":"https:\/\/gjiniherbal.com\/en_us\/wp-json\/wp\/v2\/media?parent=3100"}],"wp:term":[{"taxonomy":"product_brand","embeddable":true,"href":"https:\/\/gjiniherbal.com\/en_us\/wp-json\/wp\/v2\/product_brand?post=3100"},{"taxonomy":"product_cat","embeddable":true,"href":"https:\/\/gjiniherbal.com\/en_us\/wp-json\/wp\/v2\/product_cat?post=3100"},{"taxonomy":"product_tag","embeddable":true,"href":"https:\/\/gjiniherbal.com\/en_us\/wp-json\/wp\/v2\/product_tag?post=3100"}],"curies":[{"name":"wp","href":"https:\/\/api.w.org\/{rel}","templated":true}]}}