{"id":3094,"date":"2024-12-16T12:29:19","date_gmt":"2024-12-16T11:29:19","guid":{"rendered":"https:\/\/gjiniherbal.com\/?post_type=product&#038;p=3094"},"modified":"2025-01-21T15:15:42","modified_gmt":"2025-01-21T14:15:42","slug":"bionnex-krem-dielli-spf50-per-njollat-e-erreta-dhe-hiperpigmentimin-50ml","status":"publish","type":"product","link":"https:\/\/gjiniherbal.com\/en_us\/product\/kujdes-i-lekures\/bionnex-krem-dielli-spf50-per-njollat-e-erreta-dhe-hiperpigmentimin-50ml\/","title":{"rendered":"BIONNEX &#8211; Krem dielli SPF50+ (p\u00ebr njollat e err\u00ebta dhe hiperpigmentimin) 50 ml"},"content":{"rendered":"<p>Krem dielli SPF50+ (p\u00ebr njollat e err\u00ebta dhe hiperpigmentimin) 50 ml<\/p>\n<p>Formula e tij q\u00eb p\u00ebrmban arbutin\u00eb ndihmon n\u00eb parandalimin e formimit t\u00eb njollave t\u00eb err\u00ebta dhe mb\u00ebshtet rregullimin e formimit t\u00eb melanin\u00ebs. Ai gjithashtu mb\u00ebshtet zvog\u00eblimin e njollave n\u00eb l\u00ebkur\u00eb pa e d\u00ebmtuar l\u00ebkur\u00ebn.<\/p>\n<p>Kremi kund\u00ebr diellit Bionnex, i cili \u00ebsht\u00eb prodhuar posa\u00e7\u00ebrisht p\u00ebr l\u00ebkur\u00ebn me njolla dhe t\u00eb prirura ndaj njollave q\u00eb ka nevoj\u00eb p\u00ebr mbrojtje nga rrezet e diellit, mb\u00ebshtet mbrojtjen kund\u00ebr rrezeve t\u00eb d\u00ebmshme UVA\/UVB dhe drit\u00ebs blu me p\u00ebrmbajtjen e tij t\u00eb pasuruar me ekstrakt Saskatoon Berry, i cili ka nj\u00eb efekt qet\u00ebsues kund\u00ebr problemeve t\u00eb l\u00ebkur\u00ebs.<\/p>\n","protected":false},"excerpt":{"rendered":"<p>Formula e tij q\u00eb p\u00ebrmban arbutin\u00eb ndihmon n\u00eb parandalimin e formimit t\u00eb njollave t\u00eb err\u00ebta dhe mb\u00ebshtet rregullimin e formimit t\u00eb melanin\u00ebs. Ai gjithashtu mb\u00ebshtet zvog\u00eblimin e njollave n\u00eb l\u00ebkur\u00eb pa e d\u00ebmtuar l\u00ebkur\u00ebn.<\/p>\n","protected":false},"featured_media":3095,"template":"","meta":{"_acf_changed":false,"_et_pb_use_builder":"","_et_pb_old_content":"","_et_gb_content_width":"","_monsterinsights_skip_tracking":false,"_monsterinsights_sitenote_active":false,"_monsterinsights_sitenote_note":"","_monsterinsights_sitenote_category":0,"_joinchat":[]},"product_brand":[],"product_cat":[480],"product_tag":[1078,1077,1037],"class_list":{"0":"post-3094","1":"product","2":"type-product","3":"status-publish","4":"has-post-thumbnail","6":"product_cat-kujdes-i-lekures","7":"product_tag-hiperpigmentim","8":"product_tag-njolla","9":"product_tag-spf","11":"first","12":"instock","13":"shipping-taxable","14":"purchasable","15":"product-type-simple"},"acf":[],"jetpack-related-posts":[],"jetpack_sharing_enabled":true,"_links":{"self":[{"href":"https:\/\/gjiniherbal.com\/en_us\/wp-json\/wp\/v2\/product\/3094","targetHints":{"allow":["GET"]}}],"collection":[{"href":"https:\/\/gjiniherbal.com\/en_us\/wp-json\/wp\/v2\/product"}],"about":[{"href":"https:\/\/gjiniherbal.com\/en_us\/wp-json\/wp\/v2\/types\/product"}],"wp:featuredmedia":[{"embeddable":true,"href":"https:\/\/gjiniherbal.com\/en_us\/wp-json\/wp\/v2\/media\/3095"}],"wp:attachment":[{"href":"https:\/\/gjiniherbal.com\/en_us\/wp-json\/wp\/v2\/media?parent=3094"}],"wp:term":[{"taxonomy":"product_brand","embeddable":true,"href":"https:\/\/gjiniherbal.com\/en_us\/wp-json\/wp\/v2\/product_brand?post=3094"},{"taxonomy":"product_cat","embeddable":true,"href":"https:\/\/gjiniherbal.com\/en_us\/wp-json\/wp\/v2\/product_cat?post=3094"},{"taxonomy":"product_tag","embeddable":true,"href":"https:\/\/gjiniherbal.com\/en_us\/wp-json\/wp\/v2\/product_tag?post=3094"}],"curies":[{"name":"wp","href":"https:\/\/api.w.org\/{rel}","templated":true}]}}