{"id":3092,"date":"2024-12-16T12:29:35","date_gmt":"2024-12-16T11:29:35","guid":{"rendered":"https:\/\/gjiniherbal.com\/?post_type=product&#038;p=3092"},"modified":"2025-01-13T15:52:45","modified_gmt":"2025-01-13T14:52:45","slug":"bionnex-krem-spf50-e-thate-dhe-e-ndjeshme-50ml","status":"publish","type":"product","link":"https:\/\/gjiniherbal.com\/en_us\/product\/kujdes-i-lekures\/bionnex-krem-spf50-e-thate-dhe-e-ndjeshme-50ml\/","title":{"rendered":"BIONNEX &#8211; Krem kund\u00ebr diellit SPF50+ (e that\u00eb dhe e ndjeshme) 50ml"},"content":{"rendered":"<p>Krem kund\u00ebr diellit SPF50+ me p\u00ebrmbajtjen e tij Multimoist CLR, ai rrit efektin e vitamin\u00ebs D dhe i siguron l\u00ebkur\u00ebs m\u00eb shum\u00eb lag\u00ebshti t\u00eb menj\u00ebhershme dhe afatgjat\u00eb, nd\u00ebrsa postbiotiku i t\u00ebrsh\u00ebr\u00ebs ndihmon n\u00eb ushqimin e barrier\u00ebs s\u00eb l\u00ebkur\u00ebs duke qet\u00ebsuar l\u00ebkur\u00ebn.<\/p>\n<p>Krem kund\u00ebr diellit 50+ p\u00ebr l\u00ebkur\u00eb t\u00eb that\u00eb dhe t\u00eb ndjeshme, i prodhuar posa\u00e7\u00ebrisht p\u00ebr njer\u00ebzit me l\u00ebkur\u00eb t\u00eb that\u00eb dhe t\u00eb ndjeshme q\u00eb kan\u00eb nevoj\u00eb p\u00ebr mbrojtje nga rrezet e diellit, mb\u00ebshtet mbrojtjen kund\u00ebr rrezeve t\u00eb d\u00ebmshme UVA\/UVB dhe drit\u00ebs blu me p\u00ebrmbajtjen e tij t\u00eb pasuruar me ekstrakt Saskatoon Berry me efekt qet\u00ebsues.<\/p>\n","protected":false},"excerpt":{"rendered":"<p>Me p\u00ebrmbajtjen e tij Multimoist CLR, ai rrit efektin e vitamin\u00ebs D dhe i siguron l\u00ebkur\u00ebs m\u00eb shum\u00eb lag\u00ebshti t\u00eb menj\u00ebhershme dhe afatgjat\u00eb, nd\u00ebrsa postbiotiku i t\u00ebrsh\u00ebr\u00ebs ndihmon n\u00eb ushqimin e barrier\u00ebs s\u00eb l\u00ebkur\u00ebs duke qet\u00ebsuar l\u00ebkur\u00ebn.<\/p>\n","protected":false},"featured_media":3093,"template":"","meta":{"_acf_changed":false,"_et_pb_use_builder":"","_et_pb_old_content":"","_et_gb_content_width":"","_monsterinsights_skip_tracking":false,"_monsterinsights_sitenote_active":false,"_monsterinsights_sitenote_note":"","_monsterinsights_sitenote_category":0,"_joinchat":[]},"product_brand":[],"product_cat":[480],"product_tag":[1076,529,1037],"class_list":{"0":"post-3092","1":"product","2":"type-product","3":"status-publish","4":"has-post-thumbnail","6":"product_cat-kujdes-i-lekures","7":"product_tag-krem-mbrojtes","8":"product_tag-lekure-e-thate","9":"product_tag-spf","11":"first","12":"instock","13":"shipping-taxable","14":"purchasable","15":"product-type-simple"},"acf":[],"jetpack-related-posts":[],"jetpack_sharing_enabled":true,"_links":{"self":[{"href":"https:\/\/gjiniherbal.com\/en_us\/wp-json\/wp\/v2\/product\/3092","targetHints":{"allow":["GET"]}}],"collection":[{"href":"https:\/\/gjiniherbal.com\/en_us\/wp-json\/wp\/v2\/product"}],"about":[{"href":"https:\/\/gjiniherbal.com\/en_us\/wp-json\/wp\/v2\/types\/product"}],"wp:featuredmedia":[{"embeddable":true,"href":"https:\/\/gjiniherbal.com\/en_us\/wp-json\/wp\/v2\/media\/3093"}],"wp:attachment":[{"href":"https:\/\/gjiniherbal.com\/en_us\/wp-json\/wp\/v2\/media?parent=3092"}],"wp:term":[{"taxonomy":"product_brand","embeddable":true,"href":"https:\/\/gjiniherbal.com\/en_us\/wp-json\/wp\/v2\/product_brand?post=3092"},{"taxonomy":"product_cat","embeddable":true,"href":"https:\/\/gjiniherbal.com\/en_us\/wp-json\/wp\/v2\/product_cat?post=3092"},{"taxonomy":"product_tag","embeddable":true,"href":"https:\/\/gjiniherbal.com\/en_us\/wp-json\/wp\/v2\/product_tag?post=3092"}],"curies":[{"name":"wp","href":"https:\/\/api.w.org\/{rel}","templated":true}]}}