{"id":3025,"date":"2024-10-14T19:54:02","date_gmt":"2024-10-14T17:54:02","guid":{"rendered":"https:\/\/gjiniherbal.com\/?post_type=product&#038;p=3025"},"modified":"2025-01-15T13:58:57","modified_gmt":"2025-01-15T12:58:57","slug":"celenes-serum-aha-10-bha-2-kerpudha-arctic-chaga-lactic-30-ml","status":"publish","type":"product","link":"https:\/\/gjiniherbal.com\/en_us\/product\/kujdesi-fytyres\/celenes-serum-aha-10-bha-2-kerpudha-arctic-chaga-lactic-30-ml\/","title":{"rendered":"CELENES Serum AHA 10% + BHA 2% + K\u00ebrpudha Arctic Chaga + Lactic 30 ml"},"content":{"rendered":"<p>Ky serum shfryt\u00ebzon fuqin\u00eb e AHA p\u00ebr t\u00eb pastruar sip\u00ebrfaqen e sip\u00ebrme t\u00eb l\u00ebkur\u00ebs, duke promovuar nj\u00eb pamje m\u00eb t\u00eb ndritshme dhe m\u00eb t\u00eb l\u00ebmuar.<br \/>\nNj\u00ebkoh\u00ebsisht, BHA dep\u00ebrton m\u00eb thell\u00eb, duke zvog\u00ebluar pamjen e poreve dhe duke hequr kongjestionin e l\u00ebkur\u00ebs.<br \/>\nFormulimi jo vet\u00ebm q\u00eb hidraton l\u00ebkur\u00ebn, por gjithashtu punon p\u00ebr t\u00eb reduktuar linjat e im\u00ebta, stimulon prodhimin e kolagjenit dhe shtr\u00ebngon l\u00ebkur\u00ebn.<br \/>\nDuke hequr qelizat e vdekura, ajo kontribuon n\u00eb nj\u00eb \u00e7ehre shum\u00eb m\u00eb t\u00eb ndritshme.<br \/>\nP\u00ebrfshirja e acidit laktik stimulon prodhimin e kolagjenit dhe e shtr\u00ebngon m\u00eb tej l\u00ebkur\u00ebn.<br \/>\nK\u00ebrpudha Chaga, e njohur p\u00ebr p\u00ebrmbajtjen e saj t\u00eb pasur me antioksidant\u00eb, mb\u00ebshtet rigjenerimin e qelizave t\u00eb l\u00ebkur\u00ebs dhe ndihmon n\u00eb sh\u00ebndoshjen e l\u00ebkur\u00ebs, duke rritur sh\u00ebndetin dhe vitalitetin e saj t\u00eb p\u00ebrgjithsh\u00ebm.<\/p>\n<p>&#8211; Acidet Alfa Hydroxy (AHA) pastrojn\u00eb sip\u00ebrfaqen e sip\u00ebrme t\u00eb l\u00ebkur\u00ebs p\u00ebr nj\u00eb pamje m\u00eb t\u00eb ndritshme dhe m\u00eb t\u00eb l\u00ebmuar, nd\u00ebrsa Beta Hydroxy Acids (BHA) dep\u00ebrtojn\u00eb m\u00eb thell\u00eb, duke reduktuar pamjen e poreve dhe duke hequr bllokimin e l\u00ebkur\u00ebs.<br \/>\n&#8211; Hidraton l\u00ebkur\u00ebn, redukton linjat e im\u00ebta, stimulon prodhimin e kolagjenit dhe e shtr\u00ebngon at\u00eb.<br \/>\n&#8211; Duke hequr qelizat e vdekura, ndihmon q\u00eb l\u00ebkura t\u00eb jet\u00eb shum\u00eb m\u00eb e ndritshme.<br \/>\n&#8211; Laktiku n\u00eb p\u00ebrmbajtjen e tij stimulon prodhimin e kolagjenit dhe shtr\u00ebngon l\u00ebkur\u00ebn.<br \/>\n&#8211; K\u00ebrpudha Chaga ka aktivet m\u00eb t\u00eb pasura p\u00ebr sa i p\u00ebrket antioksidant\u00ebve, ajo mb\u00ebshtet rigjenerimin e qelizave t\u00eb l\u00ebkur\u00ebs dhe ndihmon n\u00eb sh\u00ebndoshjen e l\u00ebkur\u00ebs.<\/p>\n<p>P\u00ebrdorimi: I p\u00ebrshtatsh\u00ebm p\u00ebr p\u00ebrdorim vet\u00ebm gjat\u00eb nat\u00ebs Pas pastrimit t\u00eb l\u00ebkur\u00ebs, aplikojeni but\u00ebsisht n\u00eb l\u00ebkur\u00ebn plot\u00ebsisht t\u00eb that\u00eb, duke p\u00ebrjashtuar zon\u00ebn e syve.<br \/>\nPrisni 10 minuta, shp\u00eblajeni me uj\u00eb t\u00eb bollsh\u00ebm. Shmangni kontaktin me syt\u00eb dhe zon\u00ebn e syve gjat\u00eb proceseve t\u00eb aplikimit dhe shp\u00eblarjes.<br \/>\nN\u00eb rast kontakti, shp\u00eblajeni me uj\u00eb t\u00eb bollsh\u00ebm. Rekomandohet p\u00ebr p\u00ebrdorim dy her\u00eb n\u00eb jav\u00eb, me t\u00eb pakt\u00ebn 3 dit\u00eb nd\u00ebrmjet aplikimeve.<\/p>\n","protected":false},"excerpt":{"rendered":"<p>&#8211; Acidet Alfa Hydroxy (AHA) pastrojn\u00eb sip\u00ebrfaqen e sip\u00ebrme t\u00eb l\u00ebkur\u00ebs p\u00ebr nj\u00eb pamje m\u00eb t\u00eb ndritshme dhe m\u00eb t\u00eb l\u00ebmuar, nd\u00ebrsa Beta Hydroxy Acids (BHA) dep\u00ebrtojn\u00eb m\u00eb thell\u00eb, duke reduktuar pamjen e poreve dhe duke hequr bllokimin e l\u00ebkur\u00ebs.<br \/>\n&#8211; Hidraton l\u00ebkur\u00ebn, redukton linjat e im\u00ebta, stimulon prodhimin e kolagjenit dhe e shtr\u00ebngon at\u00eb.<br \/>\n&#8211; Duke hequr qelizat e vdekura, ndihmon q\u00eb l\u00ebkura t\u00eb jet\u00eb shum\u00eb m\u00eb e ndritshme.<br \/>\n&#8211; Laktiku n\u00eb p\u00ebrmbajtjen e tij stimulon prodhimin e kolagjenit dhe shtr\u00ebngon l\u00ebkur\u00ebn.<br \/>\n&#8211; K\u00ebrpudha Chaga ka aktivet m\u00eb t\u00eb pasura p\u00ebr sa i p\u00ebrket antioksidant\u00ebve, ajo mb\u00ebshtet rigjenerimin e qelizave t\u00eb l\u00ebkur\u00ebs dhe ndihmon n\u00eb sh\u00ebndoshjen e l\u00ebkur\u00ebs.<\/p>\n","protected":false},"featured_media":3063,"template":"","meta":{"_acf_changed":false,"_et_pb_use_builder":"","_et_pb_old_content":"","_et_gb_content_width":"","_monsterinsights_skip_tracking":false,"_monsterinsights_sitenote_active":false,"_monsterinsights_sitenote_note":"","_monsterinsights_sitenote_category":0,"_joinchat":[]},"product_brand":[],"product_cat":[831],"product_tag":[1054,1055,495],"class_list":{"0":"post-3025","1":"product","2":"type-product","3":"status-publish","4":"has-post-thumbnail","6":"product_cat-kujdesi-fytyres","7":"product_tag-aha","8":"product_tag-bha","9":"product_tag-lekura","11":"first","12":"instock","13":"shipping-taxable","14":"purchasable","15":"product-type-simple"},"acf":[],"jetpack-related-posts":[],"jetpack_sharing_enabled":true,"_links":{"self":[{"href":"https:\/\/gjiniherbal.com\/en_us\/wp-json\/wp\/v2\/product\/3025","targetHints":{"allow":["GET"]}}],"collection":[{"href":"https:\/\/gjiniherbal.com\/en_us\/wp-json\/wp\/v2\/product"}],"about":[{"href":"https:\/\/gjiniherbal.com\/en_us\/wp-json\/wp\/v2\/types\/product"}],"wp:featuredmedia":[{"embeddable":true,"href":"https:\/\/gjiniherbal.com\/en_us\/wp-json\/wp\/v2\/media\/3063"}],"wp:attachment":[{"href":"https:\/\/gjiniherbal.com\/en_us\/wp-json\/wp\/v2\/media?parent=3025"}],"wp:term":[{"taxonomy":"product_brand","embeddable":true,"href":"https:\/\/gjiniherbal.com\/en_us\/wp-json\/wp\/v2\/product_brand?post=3025"},{"taxonomy":"product_cat","embeddable":true,"href":"https:\/\/gjiniherbal.com\/en_us\/wp-json\/wp\/v2\/product_cat?post=3025"},{"taxonomy":"product_tag","embeddable":true,"href":"https:\/\/gjiniherbal.com\/en_us\/wp-json\/wp\/v2\/product_tag?post=3025"}],"curies":[{"name":"wp","href":"https:\/\/api.w.org\/{rel}","templated":true}]}}