{"id":3019,"date":"2024-10-14T19:41:09","date_gmt":"2024-10-14T17:41:09","guid":{"rendered":"https:\/\/gjiniherbal.com\/?post_type=product&#038;p=3019"},"modified":"2025-01-15T14:32:14","modified_gmt":"2025-01-15T13:32:14","slug":"celenes-krem-bimor-kunder-diellit-per-fytyren-50-spf-kunder-plakjes-50-ml","status":"publish","type":"product","link":"https:\/\/gjiniherbal.com\/en_us\/product\/kujdes-i-lekures\/celenes-krem-bimor-kunder-diellit-per-fytyren-50-spf-kunder-plakjes-50-ml\/","title":{"rendered":"CELENES Krem bimor kund\u00ebr diellit p\u00ebr fytyr\u00ebn 50 Spf kund\u00ebr plakjes 50 ml"},"content":{"rendered":"<p>Ky krem \u200b\u200bkund\u00ebr diellit ofron mbrojtje t\u00eb fuqishme kund\u00ebr rrezeve UVA dhe UVB, duke p\u00ebrdorur nj\u00eb kombinim t\u00eb filtrave t\u00eb diellit mineral dhe organik.<br \/>\nI pasuruar me peptide kolagjeni, jo vet\u00ebm q\u00eb mb\u00ebshtet rigjenerimin e qelizave, por gjithashtu ndihmon n\u00eb reduktimin e thell\u00ebsis\u00eb s\u00eb rrudhave duke stimuluar sintez\u00ebn e kolagjenit.<br \/>\nFormulimi kontribuon n\u00eb rritjen e q\u00ebndrueshm\u00ebris\u00eb dhe but\u00ebsis\u00eb s\u00eb l\u00ebkur\u00ebs, duke promovuar nj\u00eb pamje rinore dhe t\u00eb gjall\u00eb t\u00eb p\u00ebrshtatshme p\u00ebr t\u00eb gjitha llojet e l\u00ebkur\u00ebs.<br \/>\nDuke siguruar mbrojtje afatgjat\u00eb, nuk l\u00eb shenja t\u00eb bardha dhe \u00ebsht\u00eb rezistent ndaj ujit.<br \/>\nN\u00eb p\u00ebrputhje me p\u00ebrkushtimin e tij p\u00ebr sh\u00ebndetin e l\u00ebkur\u00ebs, produkti \u00ebsht\u00eb pa parabene, parfum dhe alkool.<br \/>\nDuke inkorporuar teknologjin\u00eb e drit\u00ebs blu, ofron mbrojtje shtes\u00eb kund\u00ebr d\u00ebmtimit indirekt t\u00eb l\u00ebkur\u00ebs t\u00eb shkaktuar nga drita blu n\u00eb rrezet e diellit.<\/p>\n<p>&#8211; Siguron mbrojtje ndaj rrezeve UVA+UVB me filtra dielli mineral dhe organik.<br \/>\n&#8211; Me peptidet e kolagjenit n\u00eb p\u00ebrmbajtjen e tij, ai mb\u00ebshtet rigjenerimin e qelizave dhe ndihmon n\u00eb reduktimin e thell\u00ebsis\u00eb s\u00eb rrudhave n\u00eb l\u00ebkur\u00eb duke stimuluar sintez\u00ebn e kolagjenit.<br \/>\n&#8211; Duke rritur q\u00ebndrueshm\u00ebrin\u00eb dhe but\u00ebsin\u00eb e l\u00ebkur\u00ebs, ndihmon p\u00ebr t\u00eb siguruar nj\u00eb l\u00ebkur\u00eb t\u00eb re dhe t\u00eb gjall\u00eb.<br \/>\n&#8211; I p\u00ebrshtatsh\u00ebm p\u00ebr p\u00ebrdorim p\u00ebr t\u00eb gjitha llojet e l\u00ebkur\u00ebs.<br \/>\n&#8211; Ofron mbrojtje afatgjat\u00eb.<br \/>\n&#8211; Me teknologjin\u00eb e drit\u00ebs blu, ndihmon n\u00eb mbrojtjen kund\u00ebr d\u00ebmtimit indirekt t\u00eb l\u00ebkur\u00ebs p\u00ebr shkak t\u00eb drit\u00ebs blu n\u00eb rrezet e diellit.<\/p>\n<p>Nuk l\u00eb shenj\u00eb t\u00eb bardh\u00eb rezistente ndaj ujit. Nuk p\u00ebrmban paraben, parfum dhe alkool.<\/p>\n<p>P\u00ebrdorimi: Tundeni p\u00ebrpara p\u00ebrdorimit. Aplikojeni p\u00ebrpara se t\u00eb ekspozoheni n\u00eb diell. Ri-aplikojeni pas notit, djersitjes apo tharjes me peshqir.<\/p>\n","protected":false},"excerpt":{"rendered":"<p>&#8211; Siguron mbrojtje ndaj rrezeve UVA+UVB me filtra dielli mineral dhe organik.<br \/>\n&#8211; Me peptidet e kolagjenit n\u00eb p\u00ebrmbajtjen e tij, ai mb\u00ebshtet rigjenerimin e qelizave dhe ndihmon n\u00eb reduktimin e thell\u00ebsis\u00eb s\u00eb rrudhave n\u00eb l\u00ebkur\u00eb duke stimuluar sintez\u00ebn e kolagjenit.<br \/>\n&#8211; Duke rritur q\u00ebndrueshm\u00ebrin\u00eb dhe but\u00ebsin\u00eb e l\u00ebkur\u00ebs, ndihmon p\u00ebr t\u00eb siguruar nj\u00eb l\u00ebkur\u00eb t\u00eb re dhe t\u00eb gjall\u00eb.<br \/>\n&#8211; I p\u00ebrshtatsh\u00ebm p\u00ebr p\u00ebrdorim p\u00ebr t\u00eb gjitha llojet e l\u00ebkur\u00ebs.<br \/>\n&#8211; Ofron mbrojtje afatgjat\u00eb.<br \/>\n&#8211; Me teknologjin\u00eb e drit\u00ebs blu, ndihmon n\u00eb mbrojtjen kund\u00ebr d\u00ebmtimit indirekt t\u00eb l\u00ebkur\u00ebs p\u00ebr shkak t\u00eb drit\u00ebs blu n\u00eb rrezet e diellit.<\/p>\n","protected":false},"featured_media":3058,"template":"","meta":{"_acf_changed":false,"_et_pb_use_builder":"","_et_pb_old_content":"","_et_gb_content_width":"","_monsterinsights_skip_tracking":false,"_monsterinsights_sitenote_active":false,"_monsterinsights_sitenote_note":"","_monsterinsights_sitenote_category":0,"_joinchat":[]},"product_brand":[],"product_cat":[831,480],"product_tag":[1063,1061,1062],"class_list":{"0":"post-3019","1":"product","2":"type-product","3":"status-publish","4":"has-post-thumbnail","6":"product_cat-kujdesi-fytyres","7":"product_cat-kujdes-i-lekures","8":"product_tag-anti-plakje","9":"product_tag-krem-bimor","10":"product_tag-spf-50","12":"first","13":"instock","14":"shipping-taxable","15":"purchasable","16":"product-type-simple"},"acf":[],"yoast_head":"<!-- This site is optimized with the Yoast SEO plugin v27.4 - https:\/\/yoast.com\/product\/yoast-seo-wordpress\/ -->\n<title>Krem bimor kund\u00ebr diellit p\u00ebr fytyr\u00ebn 50 Spf kund\u00ebr plakjes 50 ml<\/title>\n<meta name=\"description\" content=\"Ky krem \u200b\u200bkund\u00ebr diellit ofron mbrojtje t\u00eb fuqishme kund\u00ebr rrezeve UVA dhe UVB, duke p\u00ebrdorur nj\u00eb kombinim t\u00eb filtrave t\u00eb diellit mineral dhe organik.I pasuruar me peptide kolagjeni, jo vet\u00ebm q\u00eb mb\u00ebshtet rigjenerimin e qelizave, por gjithashtu ndihmon n\u00eb reduktimin e thell\u00ebsis\u00eb s\u00eb rrudhave duke stimuluar sintez\u00ebn e kolagjenit.Formulimi kontribuon n\u00eb rritjen e q\u00ebndrueshm\u00ebris\u00eb dhe but\u00ebsis\u00eb s\u00eb l\u00ebkur\u00ebs, duke promovuar nj\u00eb pamje rinore dhe t\u00eb gjall\u00eb t\u00eb p\u00ebrshtatshme p\u00ebr t\u00eb gjitha llojet e l\u00ebkur\u00ebs.Duke siguruar mbrojtje afatgjat\u00eb, nuk l\u00eb shenja t\u00eb bardha dhe \u00ebsht\u00eb rezistent ndaj ujit.N\u00eb p\u00ebrputhje me p\u00ebrkushtimin e tij p\u00ebr sh\u00ebndetin e l\u00ebkur\u00ebs, produkti \u00ebsht\u00eb pa parabene, parfum dhe alkool.Duke inkorporuar teknologjin\u00eb e drit\u00ebs blu, ofron mbrojtje shtes\u00eb kund\u00ebr d\u00ebmtimit indirekt t\u00eb l\u00ebkur\u00ebs t\u00eb shkaktuar nga drita blu n\u00eb rrezet e diellit.\" \/>\n<meta name=\"robots\" content=\"index, follow, max-snippet:-1, max-image-preview:large, max-video-preview:-1\" \/>\n<link rel=\"canonical\" href=\"https:\/\/gjiniherbal.com\/en_us\/produkt\/kujdes-i-lekures\/celenes-krem-bimor-kunder-diellit-per-fytyren-50-spf-kunder-plakjes-50-ml\/\" \/>\n<meta property=\"og:locale\" content=\"en_US\" \/>\n<meta property=\"og:type\" content=\"article\" \/>\n<meta property=\"og:title\" content=\"Krem bimor kund\u00ebr diellit p\u00ebr fytyr\u00ebn 50 Spf kund\u00ebr plakjes 50 ml\" \/>\n<meta property=\"og:description\" content=\"Ky krem \u200b\u200bkund\u00ebr diellit ofron mbrojtje t\u00eb fuqishme kund\u00ebr rrezeve UVA dhe UVB, duke p\u00ebrdorur nj\u00eb kombinim t\u00eb filtrave t\u00eb diellit mineral dhe organik.I pasuruar me peptide kolagjeni, jo vet\u00ebm q\u00eb mb\u00ebshtet rigjenerimin e qelizave, por gjithashtu ndihmon n\u00eb reduktimin e thell\u00ebsis\u00eb s\u00eb rrudhave duke stimuluar sintez\u00ebn e kolagjenit.Formulimi kontribuon n\u00eb rritjen e q\u00ebndrueshm\u00ebris\u00eb dhe but\u00ebsis\u00eb s\u00eb l\u00ebkur\u00ebs, duke promovuar nj\u00eb pamje rinore dhe t\u00eb gjall\u00eb t\u00eb p\u00ebrshtatshme p\u00ebr t\u00eb gjitha llojet e l\u00ebkur\u00ebs.Duke siguruar mbrojtje afatgjat\u00eb, nuk l\u00eb shenja t\u00eb bardha dhe \u00ebsht\u00eb rezistent ndaj ujit.N\u00eb p\u00ebrputhje me p\u00ebrkushtimin e tij p\u00ebr sh\u00ebndetin e l\u00ebkur\u00ebs, produkti \u00ebsht\u00eb pa parabene, parfum dhe alkool.Duke inkorporuar teknologjin\u00eb e drit\u00ebs blu, ofron mbrojtje shtes\u00eb kund\u00ebr d\u00ebmtimit indirekt t\u00eb l\u00ebkur\u00ebs t\u00eb shkaktuar nga drita blu n\u00eb rrezet e diellit.\" \/>\n<meta property=\"og:url\" content=\"https:\/\/gjiniherbal.com\/en_us\/produkt\/kujdes-i-lekures\/celenes-krem-bimor-kunder-diellit-per-fytyren-50-spf-kunder-plakjes-50-ml\/\" \/>\n<meta property=\"og:site_name\" content=\"Gjini Herbal\" \/>\n<meta property=\"article:publisher\" content=\"https:\/\/facebook.com\/gjiniherbal\" \/>\n<meta property=\"article:modified_time\" content=\"2025-01-15T13:32:14+00:00\" \/>\n<meta property=\"og:image\" content=\"https:\/\/gjiniherbal.com\/wp-content\/uploads\/2024\/10\/SunscreenCreamAntiage-EU-2.webp\" \/>\n\t<meta property=\"og:image:width\" content=\"1000\" \/>\n\t<meta property=\"og:image:height\" content=\"1000\" \/>\n\t<meta property=\"og:image:type\" content=\"image\/webp\" \/>\n<meta name=\"twitter:card\" content=\"summary_large_image\" \/>\n<meta name=\"twitter:label1\" content=\"Est. reading time\" \/>\n\t<meta name=\"twitter:data1\" content=\"2 minutes\" \/>\n<script type=\"application\/ld+json\" class=\"yoast-schema-graph\">{\"@context\":\"https:\\\/\\\/schema.org\",\"@graph\":[{\"@type\":\"WebPage\",\"@id\":\"https:\\\/\\\/gjiniherbal.com\\\/produkt\\\/kujdes-i-lekures\\\/celenes-krem-bimor-kunder-diellit-per-fytyren-50-spf-kunder-plakjes-50-ml\\\/\",\"url\":\"https:\\\/\\\/gjiniherbal.com\\\/produkt\\\/kujdes-i-lekures\\\/celenes-krem-bimor-kunder-diellit-per-fytyren-50-spf-kunder-plakjes-50-ml\\\/\",\"name\":\"Krem bimor kund\u00ebr diellit p\u00ebr fytyr\u00ebn 50 Spf kund\u00ebr plakjes 50 ml\",\"isPartOf\":{\"@id\":\"https:\\\/\\\/gjiniherbal.com\\\/#website\"},\"primaryImageOfPage\":{\"@id\":\"https:\\\/\\\/gjiniherbal.com\\\/produkt\\\/kujdes-i-lekures\\\/celenes-krem-bimor-kunder-diellit-per-fytyren-50-spf-kunder-plakjes-50-ml\\\/#primaryimage\"},\"image\":{\"@id\":\"https:\\\/\\\/gjiniherbal.com\\\/produkt\\\/kujdes-i-lekures\\\/celenes-krem-bimor-kunder-diellit-per-fytyren-50-spf-kunder-plakjes-50-ml\\\/#primaryimage\"},\"thumbnailUrl\":\"https:\\\/\\\/gjiniherbal.com\\\/wp-content\\\/uploads\\\/2024\\\/10\\\/SunscreenCreamAntiage-EU-2.webp\",\"datePublished\":\"2024-10-14T17:41:09+00:00\",\"dateModified\":\"2025-01-15T13:32:14+00:00\",\"description\":\"Ky krem \u200b\u200bkund\u00ebr diellit ofron mbrojtje t\u00eb fuqishme kund\u00ebr rrezeve UVA dhe UVB, duke p\u00ebrdorur nj\u00eb kombinim t\u00eb filtrave t\u00eb diellit mineral dhe organik.I pasuruar me peptide kolagjeni, jo vet\u00ebm q\u00eb mb\u00ebshtet rigjenerimin e qelizave, por gjithashtu ndihmon n\u00eb reduktimin e thell\u00ebsis\u00eb s\u00eb rrudhave duke stimuluar sintez\u00ebn e kolagjenit.Formulimi kontribuon n\u00eb rritjen e q\u00ebndrueshm\u00ebris\u00eb dhe but\u00ebsis\u00eb s\u00eb l\u00ebkur\u00ebs, duke promovuar nj\u00eb pamje rinore dhe t\u00eb gjall\u00eb t\u00eb p\u00ebrshtatshme p\u00ebr t\u00eb gjitha llojet e l\u00ebkur\u00ebs.Duke siguruar mbrojtje afatgjat\u00eb, nuk l\u00eb shenja t\u00eb bardha dhe \u00ebsht\u00eb rezistent ndaj ujit.N\u00eb p\u00ebrputhje me p\u00ebrkushtimin e tij p\u00ebr sh\u00ebndetin e l\u00ebkur\u00ebs, produkti \u00ebsht\u00eb pa parabene, parfum dhe alkool.Duke inkorporuar teknologjin\u00eb e drit\u00ebs blu, ofron mbrojtje shtes\u00eb kund\u00ebr d\u00ebmtimit indirekt t\u00eb l\u00ebkur\u00ebs t\u00eb shkaktuar nga drita blu n\u00eb rrezet e diellit.\",\"breadcrumb\":{\"@id\":\"https:\\\/\\\/gjiniherbal.com\\\/produkt\\\/kujdes-i-lekures\\\/celenes-krem-bimor-kunder-diellit-per-fytyren-50-spf-kunder-plakjes-50-ml\\\/#breadcrumb\"},\"inLanguage\":\"en-US\",\"potentialAction\":[{\"@type\":\"ReadAction\",\"target\":[\"https:\\\/\\\/gjiniherbal.com\\\/produkt\\\/kujdes-i-lekures\\\/celenes-krem-bimor-kunder-diellit-per-fytyren-50-spf-kunder-plakjes-50-ml\\\/\"]}]},{\"@type\":\"ImageObject\",\"inLanguage\":\"en-US\",\"@id\":\"https:\\\/\\\/gjiniherbal.com\\\/produkt\\\/kujdes-i-lekures\\\/celenes-krem-bimor-kunder-diellit-per-fytyren-50-spf-kunder-plakjes-50-ml\\\/#primaryimage\",\"url\":\"https:\\\/\\\/gjiniherbal.com\\\/wp-content\\\/uploads\\\/2024\\\/10\\\/SunscreenCreamAntiage-EU-2.webp\",\"contentUrl\":\"https:\\\/\\\/gjiniherbal.com\\\/wp-content\\\/uploads\\\/2024\\\/10\\\/SunscreenCreamAntiage-EU-2.webp\",\"width\":1000,\"height\":1000},{\"@type\":\"BreadcrumbList\",\"@id\":\"https:\\\/\\\/gjiniherbal.com\\\/produkt\\\/kujdes-i-lekures\\\/celenes-krem-bimor-kunder-diellit-per-fytyren-50-spf-kunder-plakjes-50-ml\\\/#breadcrumb\",\"itemListElement\":[{\"@type\":\"ListItem\",\"position\":1,\"name\":\"Home\",\"item\":\"https:\\\/\\\/gjiniherbal.com\\\/en_us\\\/\"},{\"@type\":\"ListItem\",\"position\":2,\"name\":\"Shop\",\"item\":\"https:\\\/\\\/gjiniherbal.com\\\/en_us\\\/shop\\\/\"},{\"@type\":\"ListItem\",\"position\":3,\"name\":\"CELENES Krem bimor kund\u00ebr diellit p\u00ebr fytyr\u00ebn 50 Spf kund\u00ebr plakjes 50 ml\"}]},{\"@type\":\"WebSite\",\"@id\":\"https:\\\/\\\/gjiniherbal.com\\\/#website\",\"url\":\"https:\\\/\\\/gjiniherbal.com\\\/\",\"name\":\"Gjini Herbal\",\"description\":\"Produkte Natyrale\",\"publisher\":{\"@id\":\"https:\\\/\\\/gjiniherbal.com\\\/#organization\"},\"potentialAction\":[{\"@type\":\"SearchAction\",\"target\":{\"@type\":\"EntryPoint\",\"urlTemplate\":\"https:\\\/\\\/gjiniherbal.com\\\/?s={search_term_string}\"},\"query-input\":{\"@type\":\"PropertyValueSpecification\",\"valueRequired\":true,\"valueName\":\"search_term_string\"}}],\"inLanguage\":\"en-US\"},{\"@type\":\"Organization\",\"@id\":\"https:\\\/\\\/gjiniherbal.com\\\/#organization\",\"name\":\"Gjini Herbal\",\"url\":\"https:\\\/\\\/gjiniherbal.com\\\/\",\"logo\":{\"@type\":\"ImageObject\",\"inLanguage\":\"en-US\",\"@id\":\"https:\\\/\\\/gjiniherbal.com\\\/#\\\/schema\\\/logo\\\/image\\\/\",\"url\":\"https:\\\/\\\/gjiniherbal.com\\\/wp-content\\\/uploads\\\/2022\\\/07\\\/gjini-herbal-logo.png\",\"contentUrl\":\"https:\\\/\\\/gjiniherbal.com\\\/wp-content\\\/uploads\\\/2022\\\/07\\\/gjini-herbal-logo.png\",\"width\":652,\"height\":262,\"caption\":\"Gjini Herbal\"},\"image\":{\"@id\":\"https:\\\/\\\/gjiniherbal.com\\\/#\\\/schema\\\/logo\\\/image\\\/\"},\"sameAs\":[\"https:\\\/\\\/facebook.com\\\/gjiniherbal\",\"https:\\\/\\\/instagram.com\\\/gjiniherbal\",\"https:\\\/\\\/www.youtube.com\\\/channel\\\/UC_tHHueG-qxycnvdro4jHtQ\"]}]}<\/script>\n<!-- \/ Yoast SEO plugin. -->","yoast_head_json":{"title":"Krem bimor kund\u00ebr diellit p\u00ebr fytyr\u00ebn 50 Spf kund\u00ebr plakjes 50 ml","description":"Ky krem \u200b\u200bkund\u00ebr diellit ofron mbrojtje t\u00eb fuqishme kund\u00ebr rrezeve UVA dhe UVB, duke p\u00ebrdorur nj\u00eb kombinim t\u00eb filtrave t\u00eb diellit mineral dhe organik.I pasuruar me peptide kolagjeni, jo vet\u00ebm q\u00eb mb\u00ebshtet rigjenerimin e qelizave, por gjithashtu ndihmon n\u00eb reduktimin e thell\u00ebsis\u00eb s\u00eb rrudhave duke stimuluar sintez\u00ebn e kolagjenit.Formulimi kontribuon n\u00eb rritjen e q\u00ebndrueshm\u00ebris\u00eb dhe but\u00ebsis\u00eb s\u00eb l\u00ebkur\u00ebs, duke promovuar nj\u00eb pamje rinore dhe t\u00eb gjall\u00eb t\u00eb p\u00ebrshtatshme p\u00ebr t\u00eb gjitha llojet e l\u00ebkur\u00ebs.Duke siguruar mbrojtje afatgjat\u00eb, nuk l\u00eb shenja t\u00eb bardha dhe \u00ebsht\u00eb rezistent ndaj ujit.N\u00eb p\u00ebrputhje me p\u00ebrkushtimin e tij p\u00ebr sh\u00ebndetin e l\u00ebkur\u00ebs, produkti \u00ebsht\u00eb pa parabene, parfum dhe alkool.Duke inkorporuar teknologjin\u00eb e drit\u00ebs blu, ofron mbrojtje shtes\u00eb kund\u00ebr d\u00ebmtimit indirekt t\u00eb l\u00ebkur\u00ebs t\u00eb shkaktuar nga drita blu n\u00eb rrezet e diellit.","robots":{"index":"index","follow":"follow","max-snippet":"max-snippet:-1","max-image-preview":"max-image-preview:large","max-video-preview":"max-video-preview:-1"},"canonical":"https:\/\/gjiniherbal.com\/en_us\/produkt\/kujdes-i-lekures\/celenes-krem-bimor-kunder-diellit-per-fytyren-50-spf-kunder-plakjes-50-ml\/","og_locale":"en_US","og_type":"article","og_title":"Krem bimor kund\u00ebr diellit p\u00ebr fytyr\u00ebn 50 Spf kund\u00ebr plakjes 50 ml","og_description":"Ky krem \u200b\u200bkund\u00ebr diellit ofron mbrojtje t\u00eb fuqishme kund\u00ebr rrezeve UVA dhe UVB, duke p\u00ebrdorur nj\u00eb kombinim t\u00eb filtrave t\u00eb diellit mineral dhe organik.I pasuruar me peptide kolagjeni, jo vet\u00ebm q\u00eb mb\u00ebshtet rigjenerimin e qelizave, por gjithashtu ndihmon n\u00eb reduktimin e thell\u00ebsis\u00eb s\u00eb rrudhave duke stimuluar sintez\u00ebn e kolagjenit.Formulimi kontribuon n\u00eb rritjen e q\u00ebndrueshm\u00ebris\u00eb dhe but\u00ebsis\u00eb s\u00eb l\u00ebkur\u00ebs, duke promovuar nj\u00eb pamje rinore dhe t\u00eb gjall\u00eb t\u00eb p\u00ebrshtatshme p\u00ebr t\u00eb gjitha llojet e l\u00ebkur\u00ebs.Duke siguruar mbrojtje afatgjat\u00eb, nuk l\u00eb shenja t\u00eb bardha dhe \u00ebsht\u00eb rezistent ndaj ujit.N\u00eb p\u00ebrputhje me p\u00ebrkushtimin e tij p\u00ebr sh\u00ebndetin e l\u00ebkur\u00ebs, produkti \u00ebsht\u00eb pa parabene, parfum dhe alkool.Duke inkorporuar teknologjin\u00eb e drit\u00ebs blu, ofron mbrojtje shtes\u00eb kund\u00ebr d\u00ebmtimit indirekt t\u00eb l\u00ebkur\u00ebs t\u00eb shkaktuar nga drita blu n\u00eb rrezet e diellit.","og_url":"https:\/\/gjiniherbal.com\/en_us\/produkt\/kujdes-i-lekures\/celenes-krem-bimor-kunder-diellit-per-fytyren-50-spf-kunder-plakjes-50-ml\/","og_site_name":"Gjini Herbal","article_publisher":"https:\/\/facebook.com\/gjiniherbal","article_modified_time":"2025-01-15T13:32:14+00:00","og_image":[{"width":1000,"height":1000,"url":"https:\/\/gjiniherbal.com\/wp-content\/uploads\/2024\/10\/SunscreenCreamAntiage-EU-2.webp","type":"image\/webp"}],"twitter_card":"summary_large_image","twitter_misc":{"Est. reading time":"2 minutes"},"schema":{"@context":"https:\/\/schema.org","@graph":[{"@type":"WebPage","@id":"https:\/\/gjiniherbal.com\/produkt\/kujdes-i-lekures\/celenes-krem-bimor-kunder-diellit-per-fytyren-50-spf-kunder-plakjes-50-ml\/","url":"https:\/\/gjiniherbal.com\/produkt\/kujdes-i-lekures\/celenes-krem-bimor-kunder-diellit-per-fytyren-50-spf-kunder-plakjes-50-ml\/","name":"Krem bimor kund\u00ebr diellit p\u00ebr fytyr\u00ebn 50 Spf kund\u00ebr plakjes 50 ml","isPartOf":{"@id":"https:\/\/gjiniherbal.com\/#website"},"primaryImageOfPage":{"@id":"https:\/\/gjiniherbal.com\/produkt\/kujdes-i-lekures\/celenes-krem-bimor-kunder-diellit-per-fytyren-50-spf-kunder-plakjes-50-ml\/#primaryimage"},"image":{"@id":"https:\/\/gjiniherbal.com\/produkt\/kujdes-i-lekures\/celenes-krem-bimor-kunder-diellit-per-fytyren-50-spf-kunder-plakjes-50-ml\/#primaryimage"},"thumbnailUrl":"https:\/\/gjiniherbal.com\/wp-content\/uploads\/2024\/10\/SunscreenCreamAntiage-EU-2.webp","datePublished":"2024-10-14T17:41:09+00:00","dateModified":"2025-01-15T13:32:14+00:00","description":"Ky krem \u200b\u200bkund\u00ebr diellit ofron mbrojtje t\u00eb fuqishme kund\u00ebr rrezeve UVA dhe UVB, duke p\u00ebrdorur nj\u00eb kombinim t\u00eb filtrave t\u00eb diellit mineral dhe organik.I pasuruar me peptide kolagjeni, jo vet\u00ebm q\u00eb mb\u00ebshtet rigjenerimin e qelizave, por gjithashtu ndihmon n\u00eb reduktimin e thell\u00ebsis\u00eb s\u00eb rrudhave duke stimuluar sintez\u00ebn e kolagjenit.Formulimi kontribuon n\u00eb rritjen e q\u00ebndrueshm\u00ebris\u00eb dhe but\u00ebsis\u00eb s\u00eb l\u00ebkur\u00ebs, duke promovuar nj\u00eb pamje rinore dhe t\u00eb gjall\u00eb t\u00eb p\u00ebrshtatshme p\u00ebr t\u00eb gjitha llojet e l\u00ebkur\u00ebs.Duke siguruar mbrojtje afatgjat\u00eb, nuk l\u00eb shenja t\u00eb bardha dhe \u00ebsht\u00eb rezistent ndaj ujit.N\u00eb p\u00ebrputhje me p\u00ebrkushtimin e tij p\u00ebr sh\u00ebndetin e l\u00ebkur\u00ebs, produkti \u00ebsht\u00eb pa parabene, parfum dhe alkool.Duke inkorporuar teknologjin\u00eb e drit\u00ebs blu, ofron mbrojtje shtes\u00eb kund\u00ebr d\u00ebmtimit indirekt t\u00eb l\u00ebkur\u00ebs t\u00eb shkaktuar nga drita blu n\u00eb rrezet e diellit.","breadcrumb":{"@id":"https:\/\/gjiniherbal.com\/produkt\/kujdes-i-lekures\/celenes-krem-bimor-kunder-diellit-per-fytyren-50-spf-kunder-plakjes-50-ml\/#breadcrumb"},"inLanguage":"en-US","potentialAction":[{"@type":"ReadAction","target":["https:\/\/gjiniherbal.com\/produkt\/kujdes-i-lekures\/celenes-krem-bimor-kunder-diellit-per-fytyren-50-spf-kunder-plakjes-50-ml\/"]}]},{"@type":"ImageObject","inLanguage":"en-US","@id":"https:\/\/gjiniherbal.com\/produkt\/kujdes-i-lekures\/celenes-krem-bimor-kunder-diellit-per-fytyren-50-spf-kunder-plakjes-50-ml\/#primaryimage","url":"https:\/\/gjiniherbal.com\/wp-content\/uploads\/2024\/10\/SunscreenCreamAntiage-EU-2.webp","contentUrl":"https:\/\/gjiniherbal.com\/wp-content\/uploads\/2024\/10\/SunscreenCreamAntiage-EU-2.webp","width":1000,"height":1000},{"@type":"BreadcrumbList","@id":"https:\/\/gjiniherbal.com\/produkt\/kujdes-i-lekures\/celenes-krem-bimor-kunder-diellit-per-fytyren-50-spf-kunder-plakjes-50-ml\/#breadcrumb","itemListElement":[{"@type":"ListItem","position":1,"name":"Home","item":"https:\/\/gjiniherbal.com\/en_us\/"},{"@type":"ListItem","position":2,"name":"Shop","item":"https:\/\/gjiniherbal.com\/en_us\/shop\/"},{"@type":"ListItem","position":3,"name":"CELENES Krem bimor kund\u00ebr diellit p\u00ebr fytyr\u00ebn 50 Spf kund\u00ebr plakjes 50 ml"}]},{"@type":"WebSite","@id":"https:\/\/gjiniherbal.com\/#website","url":"https:\/\/gjiniherbal.com\/","name":"Gjini Herbal","description":"Produkte Natyrale","publisher":{"@id":"https:\/\/gjiniherbal.com\/#organization"},"potentialAction":[{"@type":"SearchAction","target":{"@type":"EntryPoint","urlTemplate":"https:\/\/gjiniherbal.com\/?s={search_term_string}"},"query-input":{"@type":"PropertyValueSpecification","valueRequired":true,"valueName":"search_term_string"}}],"inLanguage":"en-US"},{"@type":"Organization","@id":"https:\/\/gjiniherbal.com\/#organization","name":"Gjini Herbal","url":"https:\/\/gjiniherbal.com\/","logo":{"@type":"ImageObject","inLanguage":"en-US","@id":"https:\/\/gjiniherbal.com\/#\/schema\/logo\/image\/","url":"https:\/\/gjiniherbal.com\/wp-content\/uploads\/2022\/07\/gjini-herbal-logo.png","contentUrl":"https:\/\/gjiniherbal.com\/wp-content\/uploads\/2022\/07\/gjini-herbal-logo.png","width":652,"height":262,"caption":"Gjini Herbal"},"image":{"@id":"https:\/\/gjiniherbal.com\/#\/schema\/logo\/image\/"},"sameAs":["https:\/\/facebook.com\/gjiniherbal","https:\/\/instagram.com\/gjiniherbal","https:\/\/www.youtube.com\/channel\/UC_tHHueG-qxycnvdro4jHtQ"]}]}},"jetpack-related-posts":[],"jetpack_sharing_enabled":true,"_links":{"self":[{"href":"https:\/\/gjiniherbal.com\/en_us\/wp-json\/wp\/v2\/product\/3019","targetHints":{"allow":["GET"]}}],"collection":[{"href":"https:\/\/gjiniherbal.com\/en_us\/wp-json\/wp\/v2\/product"}],"about":[{"href":"https:\/\/gjiniherbal.com\/en_us\/wp-json\/wp\/v2\/types\/product"}],"wp:featuredmedia":[{"embeddable":true,"href":"https:\/\/gjiniherbal.com\/en_us\/wp-json\/wp\/v2\/media\/3058"}],"wp:attachment":[{"href":"https:\/\/gjiniherbal.com\/en_us\/wp-json\/wp\/v2\/media?parent=3019"}],"wp:term":[{"taxonomy":"product_brand","embeddable":true,"href":"https:\/\/gjiniherbal.com\/en_us\/wp-json\/wp\/v2\/product_brand?post=3019"},{"taxonomy":"product_cat","embeddable":true,"href":"https:\/\/gjiniherbal.com\/en_us\/wp-json\/wp\/v2\/product_cat?post=3019"},{"taxonomy":"product_tag","embeddable":true,"href":"https:\/\/gjiniherbal.com\/en_us\/wp-json\/wp\/v2\/product_tag?post=3019"}],"curies":[{"name":"wp","href":"https:\/\/api.w.org\/{rel}","templated":true}]}}