{"id":3016,"date":"2024-10-14T19:04:41","date_gmt":"2024-10-14T17:04:41","guid":{"rendered":"https:\/\/gjiniherbal.com\/?post_type=product&#038;p=3016"},"modified":"2025-01-16T14:32:06","modified_gmt":"2025-01-16T13:32:06","slug":"celenes-krem-per-thembra-te-plasaritura-cloudberry-75-ml","status":"publish","type":"product","link":"https:\/\/gjiniherbal.com\/en_us\/product\/kujdes-i-lekures\/celenes-krem-per-thembra-te-plasaritura-cloudberry-75-ml\/","title":{"rendered":"CELENES Krem p\u00ebr thembra t\u00eb plasaritura Cloudberry 75 ml"},"content":{"rendered":"<p>E pasuruar me Cloudberry, kjo formul\u00eb \u00ebsht\u00eb krijuar posa\u00e7\u00ebrisht p\u00ebr t\u00eb riparuar \u00e7arjet e thella n\u00eb l\u00ebkur\u00eb.<br \/>\nP\u00ebrfshirja e bisabololit qet\u00ebson l\u00ebkur\u00ebn, nd\u00ebrsa ureja rrit kapacitetin e l\u00ebkur\u00ebs p\u00ebr t\u00eb mbajtur ujin.<br \/>\nAvokado dhe vaji i bajames kontribuojn\u00eb n\u00eb riparimin e shpejt\u00eb t\u00eb thembrave t\u00eb ngurt\u00ebsuara dhe t\u00eb plasaritura.<br \/>\nEfekti intensiv hidratues jo vet\u00ebm q\u00eb ndihmon n\u00eb riparimin e shtres\u00ebs s\u00eb sip\u00ebrme t\u00eb l\u00ebkur\u00ebs, por gjithashtu zbut \u00e7arjet e thella, ve\u00e7an\u00ebrisht n\u00eb zon\u00ebn e thembr\u00ebs, duke parandaluar rishfaqjen e tyre.<br \/>\nP\u00ebrdorimi i rregullt rezulton n\u00eb l\u00ebkur\u00eb t\u00eb but\u00eb, t\u00eb sh\u00ebndetshme dhe t\u00eb m\u00ebndafsht\u00eb.<br \/>\nI dedikuar p\u00ebr sh\u00ebndetin e l\u00ebkur\u00ebs, ky produkt p\u00ebrjashton paraben\u00ebt, alkoolin dhe vajin mineral, duke siguruar nj\u00eb p\u00ebrvoj\u00eb t\u00eb past\u00ebr dhe rigjall\u00ebruese p\u00ebr l\u00ebkur\u00ebn tuaj.<\/p>\n<p>&#8211; Formula e tij e pasuruar me Cloudberry ndihmon n\u00eb riparimin e \u00e7arjeve t\u00eb thella.<br \/>\n\u2013 Qet\u00ebson l\u00ebkur\u00ebn me p\u00ebrmbajtjen e tij t\u00eb bisabololit, dhe ureja rrit kapacitetin mbajt\u00ebs t\u00eb ujit t\u00eb l\u00ebkur\u00ebs.<br \/>\n&#8211; Riparon thembrat e ngurt\u00ebsuara, t\u00eb \u00e7ara n\u00eb nj\u00eb koh\u00eb t\u00eb shkurt\u00ebr me avokado dhe vaj bajame.<br \/>\n&#8211; Nd\u00ebrsa ndihmon n\u00eb riparimin e shtres\u00ebs s\u00eb sip\u00ebrme t\u00eb l\u00ebkur\u00ebs, zbut shpejt \u00e7arjet e thella q\u00eb ndodhin ve\u00e7an\u00ebrisht n\u00eb zon\u00ebn e thembr\u00ebs me efektin e tij intensiv hidratues dhe parandalon rishfaqjen e \u00e7arjeve.<br \/>\n&#8211; Kur p\u00ebrdoret rregullisht, i jep l\u00ebkur\u00ebs nj\u00eb pamje t\u00eb zhd\u00ebrvjell\u00ebt, t\u00eb sh\u00ebndetshme dhe t\u00eb m\u00ebndafsht\u00eb.<\/p>\n<p>Nuk p\u00ebrmban paraben, alkool dhe vaj mineral.<\/p>\n<p>P\u00ebrdorimi: Aplikojeni n\u00eb thembra t\u00eb pastra dhe t\u00eb thata n\u00eb m\u00ebngjes dhe n\u00eb mbr\u00ebmje, p\u00ebr t\u00eb pakt\u00ebn 7 dit\u00eb. Aplikojeni duke masazhuar me l\u00ebvizje rrethore derisa t\u00eb p\u00ebrthithet.<\/p>\n","protected":false},"excerpt":{"rendered":"<p>&#8211; Formula e tij e pasuruar me Cloudberry ndihmon n\u00eb riparimin e \u00e7arjeve t\u00eb thella.<br \/>\n\u2013 Qet\u00ebson l\u00ebkur\u00ebn me p\u00ebrmbajtjen e tij t\u00eb bisabololit, dhe ureja rrit kapacitetin mbajt\u00ebs t\u00eb ujit t\u00eb l\u00ebkur\u00ebs.<br \/>\n&#8211; Riparon thembrat e ngurt\u00ebsuara, t\u00eb \u00e7ara n\u00eb nj\u00eb koh\u00eb t\u00eb shkurt\u00ebr me avokado dhe vaj bajame.<br \/>\n&#8211; Nd\u00ebrsa ndihmon n\u00eb riparimin e shtres\u00ebs s\u00eb sip\u00ebrme t\u00eb l\u00ebkur\u00ebs, zbut shpejt \u00e7arjet e thella q\u00eb ndodhin ve\u00e7an\u00ebrisht n\u00eb zon\u00ebn e thembr\u00ebs me efektin e tij intensiv hidratues dhe parandalon rishfaqjen e \u00e7arjeve.<br \/>\n&#8211; Kur p\u00ebrdoret rregullisht, i jep l\u00ebkur\u00ebs nj\u00eb pamje t\u00eb zhd\u00ebrvjell\u00ebt, t\u00eb sh\u00ebndetshme dhe t\u00eb m\u00ebndafsht\u00eb.<\/p>\n","protected":false},"featured_media":3055,"template":"","meta":{"_acf_changed":false,"_et_pb_use_builder":"","_et_pb_old_content":"","_et_gb_content_width":"","_monsterinsights_skip_tracking":false,"_monsterinsights_sitenote_active":false,"_monsterinsights_sitenote_note":"","_monsterinsights_sitenote_category":0,"_joinchat":[]},"product_brand":[],"product_cat":[480],"product_tag":[773,495],"class_list":{"0":"post-3016","1":"product","2":"type-product","3":"status-publish","4":"has-post-thumbnail","6":"product_cat-kujdes-i-lekures","7":"product_tag-krem-per-thembrat","8":"product_tag-lekura","10":"first","11":"instock","12":"shipping-taxable","13":"purchasable","14":"product-type-simple"},"acf":[],"jetpack-related-posts":[],"jetpack_sharing_enabled":true,"_links":{"self":[{"href":"https:\/\/gjiniherbal.com\/en_us\/wp-json\/wp\/v2\/product\/3016","targetHints":{"allow":["GET"]}}],"collection":[{"href":"https:\/\/gjiniherbal.com\/en_us\/wp-json\/wp\/v2\/product"}],"about":[{"href":"https:\/\/gjiniherbal.com\/en_us\/wp-json\/wp\/v2\/types\/product"}],"wp:featuredmedia":[{"embeddable":true,"href":"https:\/\/gjiniherbal.com\/en_us\/wp-json\/wp\/v2\/media\/3055"}],"wp:attachment":[{"href":"https:\/\/gjiniherbal.com\/en_us\/wp-json\/wp\/v2\/media?parent=3016"}],"wp:term":[{"taxonomy":"product_brand","embeddable":true,"href":"https:\/\/gjiniherbal.com\/en_us\/wp-json\/wp\/v2\/product_brand?post=3016"},{"taxonomy":"product_cat","embeddable":true,"href":"https:\/\/gjiniherbal.com\/en_us\/wp-json\/wp\/v2\/product_cat?post=3016"},{"taxonomy":"product_tag","embeddable":true,"href":"https:\/\/gjiniherbal.com\/en_us\/wp-json\/wp\/v2\/product_tag?post=3016"}],"curies":[{"name":"wp","href":"https:\/\/api.w.org\/{rel}","templated":true}]}}