{"id":3011,"date":"2024-10-14T18:52:04","date_gmt":"2024-10-14T16:52:04","guid":{"rendered":"https:\/\/gjiniherbal.com\/?post_type=product&#038;p=3011"},"modified":"2025-01-09T16:20:13","modified_gmt":"2025-01-09T15:20:13","slug":"celenes-sprej-me-uje-termik-150-ml","status":"publish","type":"product","link":"https:\/\/gjiniherbal.com\/en_us\/product\/kujdesi-fytyres\/celenes-sprej-me-uje-termik-150-ml\/","title":{"rendered":"CELENES Sprej me uj\u00eb termik 150 ml"},"content":{"rendered":"<p>Ky produkt p\u00ebr p\u00ebrmir\u00ebsimin e l\u00ebkur\u00ebs ofron lag\u00ebshti natyrale, freskuese dhe p\u00ebrfitime mbrojt\u00ebse n\u00eb nj\u00eb form\u00eb t\u00eb p\u00ebrshtatshme spray &#8220;pa gaz&#8221;. Formulimi i tij unik jo vet\u00ebm q\u00eb hidraton, por gjithashtu furnizon mineralet thelb\u00ebsore t\u00eb r\u00ebnd\u00ebsishme p\u00ebr sh\u00ebndetin e l\u00ebkur\u00ebs. P\u00ebrb\u00ebrja e past\u00ebr dhe natyrale e b\u00ebn at\u00eb t\u00eb p\u00ebrshtatsh\u00ebm edhe p\u00ebr f\u00ebmij\u00ebt.<\/p>\n<p>Ky spray \u00ebsht\u00eb pa parabene, parfum, alkool, gaz dhe vaj mineral, duke siguruar nj\u00eb aplikim t\u00eb past\u00ebr dhe t\u00eb pakompromis.<\/p>\n<p>I mbushur me kalcium, magnez, kalium, natrium dhe hekur, ofron nj\u00eb zgjidhje holistike p\u00ebr ushqimin dhe mbrojtjen e l\u00ebkur\u00ebs.<\/p>\n<ul>\n<li>Ofron lag\u00ebshti natyrale t\u00eb l\u00ebkur\u00ebs, e freskon dhe e mbron at\u00eb.<\/li>\n<li>Mund t\u00eb aplikohet leht\u00ebsisht me nj\u00eb form\u00eb sprej t\u00eb ve\u00e7ant\u00eb &#8216;pa gaz&#8217;.<\/li>\n<li>Plot\u00ebson mineralet q\u00eb i duhen l\u00ebkur\u00ebs.<\/li>\n<li>Mund ta p\u00ebrdorin edhe f\u00ebmij\u00ebt pasi \u00ebsht\u00eb natyral dhe i past\u00ebr.<\/li>\n<li>P\u00ebrmban kalcium, magnez, kalium, natrium dhe hekur.<\/li>\n<\/ul>\n<p>&nbsp;<\/p>\n<p><strong>P\u00ebrdorimi:<\/strong> Mund ta p\u00ebrdorni gjat\u00eb dit\u00ebs p\u00ebr t\u00eb freskuar dhe rigjeneruar l\u00ebkur\u00ebn.<\/p>\n","protected":false},"excerpt":{"rendered":"<p>&#8211; Ofron lag\u00ebshti natyrale t\u00eb l\u00ebkur\u00ebs, e freskon dhe e mbron at\u00eb.<br \/>\n&#8211; Mund t\u00eb aplikohet leht\u00ebsisht me nj\u00eb form\u00eb sprej t\u00eb ve\u00e7ant\u00eb &#8216;pa gaz&#8217;.<br \/>\n&#8211; Plot\u00ebson mineralet q\u00eb i duhen l\u00ebkur\u00ebs.<br \/>\n&#8211; Edhe f\u00ebmij\u00ebt mund ta p\u00ebrdorin pasi \u00ebsht\u00eb natyral dhe i past\u00ebr.<br \/>\n&#8211; P\u00ebrmban kalcium, magnez, kalium, natrium dhe hekur.<\/p>\n","protected":false},"featured_media":3050,"template":"","meta":{"_acf_changed":false,"_et_pb_use_builder":"","_et_pb_old_content":"","_et_gb_content_width":"","_monsterinsights_skip_tracking":false,"_monsterinsights_sitenote_active":false,"_monsterinsights_sitenote_note":"","_monsterinsights_sitenote_category":0,"_joinchat":[]},"product_brand":[],"product_cat":[831],"product_tag":[1033,495,1058],"class_list":{"0":"post-3011","1":"product","2":"type-product","3":"status-publish","4":"has-post-thumbnail","6":"product_cat-kujdesi-fytyres","7":"product_tag-hidratim","8":"product_tag-lekura","9":"product_tag-sprej","11":"first","12":"instock","13":"shipping-taxable","14":"purchasable","15":"product-type-simple"},"acf":[],"jetpack-related-posts":[],"jetpack_sharing_enabled":true,"_links":{"self":[{"href":"https:\/\/gjiniherbal.com\/en_us\/wp-json\/wp\/v2\/product\/3011","targetHints":{"allow":["GET"]}}],"collection":[{"href":"https:\/\/gjiniherbal.com\/en_us\/wp-json\/wp\/v2\/product"}],"about":[{"href":"https:\/\/gjiniherbal.com\/en_us\/wp-json\/wp\/v2\/types\/product"}],"wp:featuredmedia":[{"embeddable":true,"href":"https:\/\/gjiniherbal.com\/en_us\/wp-json\/wp\/v2\/media\/3050"}],"wp:attachment":[{"href":"https:\/\/gjiniherbal.com\/en_us\/wp-json\/wp\/v2\/media?parent=3011"}],"wp:term":[{"taxonomy":"product_brand","embeddable":true,"href":"https:\/\/gjiniherbal.com\/en_us\/wp-json\/wp\/v2\/product_brand?post=3011"},{"taxonomy":"product_cat","embeddable":true,"href":"https:\/\/gjiniherbal.com\/en_us\/wp-json\/wp\/v2\/product_cat?post=3011"},{"taxonomy":"product_tag","embeddable":true,"href":"https:\/\/gjiniherbal.com\/en_us\/wp-json\/wp\/v2\/product_tag?post=3011"}],"curies":[{"name":"wp","href":"https:\/\/api.w.org\/{rel}","templated":true}]}}