{"id":3004,"date":"2024-10-14T18:29:08","date_gmt":"2024-10-14T16:29:08","guid":{"rendered":"https:\/\/gjiniherbal.com\/?post_type=product&#038;p=3004"},"modified":"2025-01-16T15:02:16","modified_gmt":"2025-01-16T14:02:16","slug":"celenes-serum-termik-detox-3-ne-1-energjizues-30-ml","status":"publish","type":"product","link":"https:\/\/gjiniherbal.com\/en_us\/product\/kujdes-i-lekures\/celenes-serum-termik-detox-3-ne-1-energjizues-30-ml\/","title":{"rendered":"CELENES Serum Termik Detox 3 n\u00eb 1 Energjizues 30 ml"},"content":{"rendered":"<p>Ky serum \u00ebsht\u00eb nj\u00eb aleat i fuqish\u00ebm kund\u00ebr inflamacionit dhe stresit t\u00eb shkaktuar nga ndotja e ajrit, rrezet e diellit dhe drita blu, t\u00eb cilat mund t\u00eb komprometojn\u00eb barrier\u00ebn e l\u00ebkur\u00ebs tuaj dhe t\u00eb \u00e7ojn\u00eb n\u00eb nj\u00eb \u00e7ehre t\u00eb dob\u00ebt.<br \/>\nFormuluar me acid hialuronik, alga deti t\u00eb kuq dhe uj\u00eb termal natyral, hidraton thell\u00ebsisht l\u00ebkur\u00ebn, duke e mbrojtur at\u00eb nga faktor\u00ebt e jasht\u00ebm t\u00eb d\u00ebmsh\u00ebm dhe duke i dh\u00ebn\u00eb nj\u00eb pamje t\u00eb gjall\u00eb dhe energjike.<br \/>\nSerumi promovon l\u00ebkur\u00ebn e rinovuar dhe rrezatuese, me p\u00ebrmbajtjen e ujit termal natyral q\u00eb jep minerale thelb\u00ebsore p\u00ebr t\u00eb mb\u00ebshtetur barrier\u00ebn e l\u00ebkur\u00ebs.<br \/>\nE krijuar posa\u00e7\u00ebrisht p\u00ebr t\u00eb luftuar efektet e p\u00ebrditshme n\u00eb l\u00ebkur\u00eb, \u00ebsht\u00eb projektuar p\u00ebr l\u00ebkur\u00eb t\u00eb ndjeshme, duke ofruar hidratim t\u00eb thell\u00eb, nj\u00eb efekt detoksifikues dhe nj\u00eb freskim gjall\u00ebrues.<br \/>\nMe aft\u00ebsin\u00eb p\u00ebr t\u00eb rritur nivelet e oksigjenit t\u00eb l\u00ebkur\u00ebs deri n\u00eb 100% q\u00eb nga p\u00ebrdorimi i par\u00eb, siguron nj\u00eb \u00e7ehre m\u00eb t\u00eb shndritshme dhe t\u00eb rigjall\u00ebruar.<\/p>\n<p>&#8211; Me p\u00ebrmbajtje acidi hialuronik, alga deti t\u00eb kuq dhe uj\u00eb termal natyral, ky serum hidraton thell\u00ebsisht l\u00ebkur\u00ebn tuaj, mbron l\u00ebkur\u00ebn nga faktor\u00ebt e jasht\u00ebm t\u00eb d\u00ebmsh\u00ebm dhe ofron nj\u00eb pamje energjike dhe t\u00eb ndritshme.<br \/>\n&#8211; Siguron nj\u00eb l\u00ebkur\u00eb t\u00eb rinovuar dhe rrezatuese.<br \/>\n&#8211; Me p\u00ebrmbajtjen natyrale t\u00eb ujit termal, ai siguron mineralet e nevojshme p\u00ebr t\u00eb mb\u00ebshtetur barrier\u00ebn e l\u00ebkur\u00ebs.<br \/>\n&#8211; \u00cbsht\u00eb prodhuar posa\u00e7\u00ebrisht p\u00ebr t\u00eb eliminuar efektet ndaj t\u00eb cilave l\u00ebkura \u00ebsht\u00eb e ekspozuar gjat\u00eb dit\u00ebs<br \/>\n&#8211; I p\u00ebrshtatsh\u00ebm p\u00ebr l\u00ebkur\u00ebn e ndjeshme, hidraton l\u00ebkur\u00ebn n\u00eb thell\u00ebsi, siguron nj\u00eb efekt detoksik, e jep energji dhe e freskon at\u00eb.<\/p>\n<p>Q\u00eb nga p\u00ebrdorimi i par\u00eb, rrit nivelin e oksigjenit t\u00eb l\u00ebkur\u00ebs deri n\u00eb 100% dhe siguron nj\u00eb l\u00ebkur\u00eb m\u00eb t\u00eb ndritshme.<\/p>\n<p><strong>P\u00ebrdorimi<\/strong>: Aplikojeni 2 her\u00eb n\u00eb dit\u00eb n\u00eb fytyr\u00eb dhe qaf\u00eb t\u00eb past\u00ebr, duke e masazhuar leht\u00ebsisht. Mund t\u00eb aplikohet sa her\u00eb q\u00eb l\u00ebkura juaj t\u00eb ket\u00eb nevoj\u00eb.<\/p>\n","protected":false},"excerpt":{"rendered":"<p>&#8211; Inflamacioni dhe stresi i shkaktuar nga ndotja e ajrit, rrezet e diellit dhe drita blu dob\u00ebsojn\u00eb barrier\u00ebn e l\u00ebkur\u00ebs tuaj, duke shkaktuar nj\u00eb pamje t\u00eb shurdh\u00ebr.<br \/>\n&#8211; Me p\u00ebrmbajtje acidi hialuronik, alga deti t\u00eb kuq dhe uj\u00eb termal natyral, ky serum hidraton thell\u00ebsisht l\u00ebkur\u00ebn tuaj, mbron l\u00ebkur\u00ebn nga faktor\u00ebt e jasht\u00ebm t\u00eb d\u00ebmsh\u00ebm dhe ofron nj\u00eb pamje energjike dhe t\u00eb ndritshme.<br \/>\n&#8211; Siguron nj\u00eb l\u00ebkur\u00eb t\u00eb rinovuar dhe rrezatuese.<br \/>\n&#8211; Me p\u00ebrmbajtjen natyrale t\u00eb ujit termal, ai siguron mineralet e nevojshme p\u00ebr t\u00eb mb\u00ebshtetur barrier\u00ebn e l\u00ebkur\u00ebs.<br \/>\n&#8211; \u00cbsht\u00eb prodhuar posa\u00e7\u00ebrisht p\u00ebr t\u00eb eliminuar efektet ndaj t\u00eb cilave l\u00ebkura \u00ebsht\u00eb e ekspozuar gjat\u00eb dit\u00ebs<br \/>\n&#8211; I p\u00ebrshtatsh\u00ebm p\u00ebr l\u00ebkur\u00ebn e ndjeshme, hidraton l\u00ebkur\u00ebn n\u00eb thell\u00ebsi, siguron nj\u00eb efekt detoksik, e jep energji dhe e freskon at\u00eb.<\/p>\n","protected":false},"featured_media":3045,"template":"","meta":{"_acf_changed":false,"_et_pb_use_builder":"","_et_pb_old_content":"","_et_gb_content_width":"","_monsterinsights_skip_tracking":false,"_monsterinsights_sitenote_active":false,"_monsterinsights_sitenote_note":"","_monsterinsights_sitenote_category":0,"_joinchat":[]},"product_brand":[],"product_cat":[831,480],"product_tag":[495,530],"class_list":{"0":"post-3004","1":"product","2":"type-product","3":"status-publish","4":"has-post-thumbnail","6":"product_cat-kujdesi-fytyres","7":"product_cat-kujdes-i-lekures","8":"product_tag-lekura","9":"product_tag-serum","11":"first","12":"instock","13":"shipping-taxable","14":"purchasable","15":"product-type-simple"},"acf":[],"yoast_head":"<!-- This site is optimized with the Yoast SEO plugin v27.4 - https:\/\/yoast.com\/product\/yoast-seo-wordpress\/ -->\n<title>CELENES Serum Termik Detox 3 n\u00eb 1 Energjizues 30 ml<\/title>\n<meta name=\"description\" content=\"Ky serum \u00ebsht\u00eb nj\u00eb aleat i fuqish\u00ebm kund\u00ebr inflamacionit dhe stresit t\u00eb shkaktuar nga ndotja e ajrit, rrezet e diellit dhe drita blu, t\u00eb cilat mund t\u00eb komprometojn\u00eb barrier\u00ebn e l\u00ebkur\u00ebs tuaj dhe t\u00eb \u00e7ojn\u00eb n\u00eb nj\u00eb \u00e7ehre t\u00eb dob\u00ebt.\" \/>\n<meta name=\"robots\" content=\"index, follow, max-snippet:-1, max-image-preview:large, max-video-preview:-1\" \/>\n<link rel=\"canonical\" href=\"https:\/\/gjiniherbal.com\/en_us\/produkt\/kujdes-i-lekures\/celenes-serum-termik-detox-3-ne-1-energjizues-30-ml\/\" \/>\n<meta property=\"og:locale\" content=\"en_US\" \/>\n<meta property=\"og:type\" content=\"article\" \/>\n<meta property=\"og:title\" content=\"CELENES Serum Termik Detox 3 n\u00eb 1 Energjizues 30 ml\" \/>\n<meta property=\"og:description\" content=\"Ky serum \u00ebsht\u00eb nj\u00eb aleat i fuqish\u00ebm kund\u00ebr inflamacionit dhe stresit t\u00eb shkaktuar nga ndotja e ajrit, rrezet e diellit dhe drita blu, t\u00eb cilat mund t\u00eb komprometojn\u00eb barrier\u00ebn e l\u00ebkur\u00ebs tuaj dhe t\u00eb \u00e7ojn\u00eb n\u00eb nj\u00eb \u00e7ehre t\u00eb dob\u00ebt.\" \/>\n<meta property=\"og:url\" content=\"https:\/\/gjiniherbal.com\/en_us\/produkt\/kujdes-i-lekures\/celenes-serum-termik-detox-3-ne-1-energjizues-30-ml\/\" \/>\n<meta property=\"og:site_name\" content=\"Gjini Herbal\" \/>\n<meta property=\"article:publisher\" content=\"https:\/\/facebook.com\/gjiniherbal\" \/>\n<meta property=\"article:modified_time\" content=\"2025-01-16T14:02:16+00:00\" \/>\n<meta property=\"og:image\" content=\"https:\/\/gjiniherbal.com\/wp-content\/uploads\/2024\/10\/Thermal3in1DetoxSerum-EU-1.webp\" \/>\n\t<meta property=\"og:image:width\" content=\"1000\" \/>\n\t<meta property=\"og:image:height\" content=\"1000\" \/>\n\t<meta property=\"og:image:type\" content=\"image\/webp\" \/>\n<meta name=\"twitter:card\" content=\"summary_large_image\" \/>\n<meta name=\"twitter:label1\" content=\"Est. reading time\" \/>\n\t<meta name=\"twitter:data1\" content=\"2 minutes\" \/>\n<script type=\"application\/ld+json\" class=\"yoast-schema-graph\">{\"@context\":\"https:\\\/\\\/schema.org\",\"@graph\":[{\"@type\":\"WebPage\",\"@id\":\"https:\\\/\\\/gjiniherbal.com\\\/produkt\\\/kujdes-i-lekures\\\/celenes-serum-termik-detox-3-ne-1-energjizues-30-ml\\\/\",\"url\":\"https:\\\/\\\/gjiniherbal.com\\\/produkt\\\/kujdes-i-lekures\\\/celenes-serum-termik-detox-3-ne-1-energjizues-30-ml\\\/\",\"name\":\"CELENES Serum Termik Detox 3 n\u00eb 1 Energjizues 30 ml\",\"isPartOf\":{\"@id\":\"https:\\\/\\\/gjiniherbal.com\\\/#website\"},\"primaryImageOfPage\":{\"@id\":\"https:\\\/\\\/gjiniherbal.com\\\/produkt\\\/kujdes-i-lekures\\\/celenes-serum-termik-detox-3-ne-1-energjizues-30-ml\\\/#primaryimage\"},\"image\":{\"@id\":\"https:\\\/\\\/gjiniherbal.com\\\/produkt\\\/kujdes-i-lekures\\\/celenes-serum-termik-detox-3-ne-1-energjizues-30-ml\\\/#primaryimage\"},\"thumbnailUrl\":\"https:\\\/\\\/gjiniherbal.com\\\/wp-content\\\/uploads\\\/2024\\\/10\\\/Thermal3in1DetoxSerum-EU-1.webp\",\"datePublished\":\"2024-10-14T16:29:08+00:00\",\"dateModified\":\"2025-01-16T14:02:16+00:00\",\"description\":\"Ky serum \u00ebsht\u00eb nj\u00eb aleat i fuqish\u00ebm kund\u00ebr inflamacionit dhe stresit t\u00eb shkaktuar nga ndotja e ajrit, rrezet e diellit dhe drita blu, t\u00eb cilat mund t\u00eb komprometojn\u00eb barrier\u00ebn e l\u00ebkur\u00ebs tuaj dhe t\u00eb \u00e7ojn\u00eb n\u00eb nj\u00eb \u00e7ehre t\u00eb dob\u00ebt.\",\"breadcrumb\":{\"@id\":\"https:\\\/\\\/gjiniherbal.com\\\/produkt\\\/kujdes-i-lekures\\\/celenes-serum-termik-detox-3-ne-1-energjizues-30-ml\\\/#breadcrumb\"},\"inLanguage\":\"en-US\",\"potentialAction\":[{\"@type\":\"ReadAction\",\"target\":[\"https:\\\/\\\/gjiniherbal.com\\\/produkt\\\/kujdes-i-lekures\\\/celenes-serum-termik-detox-3-ne-1-energjizues-30-ml\\\/\"]}]},{\"@type\":\"ImageObject\",\"inLanguage\":\"en-US\",\"@id\":\"https:\\\/\\\/gjiniherbal.com\\\/produkt\\\/kujdes-i-lekures\\\/celenes-serum-termik-detox-3-ne-1-energjizues-30-ml\\\/#primaryimage\",\"url\":\"https:\\\/\\\/gjiniherbal.com\\\/wp-content\\\/uploads\\\/2024\\\/10\\\/Thermal3in1DetoxSerum-EU-1.webp\",\"contentUrl\":\"https:\\\/\\\/gjiniherbal.com\\\/wp-content\\\/uploads\\\/2024\\\/10\\\/Thermal3in1DetoxSerum-EU-1.webp\",\"width\":1000,\"height\":1000},{\"@type\":\"BreadcrumbList\",\"@id\":\"https:\\\/\\\/gjiniherbal.com\\\/produkt\\\/kujdes-i-lekures\\\/celenes-serum-termik-detox-3-ne-1-energjizues-30-ml\\\/#breadcrumb\",\"itemListElement\":[{\"@type\":\"ListItem\",\"position\":1,\"name\":\"Home\",\"item\":\"https:\\\/\\\/gjiniherbal.com\\\/en_us\\\/\"},{\"@type\":\"ListItem\",\"position\":2,\"name\":\"Shop\",\"item\":\"https:\\\/\\\/gjiniherbal.com\\\/en_us\\\/shop\\\/\"},{\"@type\":\"ListItem\",\"position\":3,\"name\":\"CELENES Serum Termik Detox 3 n\u00eb 1 Energjizues 30 ml\"}]},{\"@type\":\"WebSite\",\"@id\":\"https:\\\/\\\/gjiniherbal.com\\\/#website\",\"url\":\"https:\\\/\\\/gjiniherbal.com\\\/\",\"name\":\"Gjini Herbal\",\"description\":\"Produkte Natyrale\",\"publisher\":{\"@id\":\"https:\\\/\\\/gjiniherbal.com\\\/#organization\"},\"potentialAction\":[{\"@type\":\"SearchAction\",\"target\":{\"@type\":\"EntryPoint\",\"urlTemplate\":\"https:\\\/\\\/gjiniherbal.com\\\/?s={search_term_string}\"},\"query-input\":{\"@type\":\"PropertyValueSpecification\",\"valueRequired\":true,\"valueName\":\"search_term_string\"}}],\"inLanguage\":\"en-US\"},{\"@type\":\"Organization\",\"@id\":\"https:\\\/\\\/gjiniherbal.com\\\/#organization\",\"name\":\"Gjini Herbal\",\"url\":\"https:\\\/\\\/gjiniherbal.com\\\/\",\"logo\":{\"@type\":\"ImageObject\",\"inLanguage\":\"en-US\",\"@id\":\"https:\\\/\\\/gjiniherbal.com\\\/#\\\/schema\\\/logo\\\/image\\\/\",\"url\":\"https:\\\/\\\/gjiniherbal.com\\\/wp-content\\\/uploads\\\/2022\\\/07\\\/gjini-herbal-logo.png\",\"contentUrl\":\"https:\\\/\\\/gjiniherbal.com\\\/wp-content\\\/uploads\\\/2022\\\/07\\\/gjini-herbal-logo.png\",\"width\":652,\"height\":262,\"caption\":\"Gjini Herbal\"},\"image\":{\"@id\":\"https:\\\/\\\/gjiniherbal.com\\\/#\\\/schema\\\/logo\\\/image\\\/\"},\"sameAs\":[\"https:\\\/\\\/facebook.com\\\/gjiniherbal\",\"https:\\\/\\\/instagram.com\\\/gjiniherbal\",\"https:\\\/\\\/www.youtube.com\\\/channel\\\/UC_tHHueG-qxycnvdro4jHtQ\"]}]}<\/script>\n<!-- \/ Yoast SEO plugin. -->","yoast_head_json":{"title":"CELENES Serum Termik Detox 3 n\u00eb 1 Energjizues 30 ml","description":"Ky serum \u00ebsht\u00eb nj\u00eb aleat i fuqish\u00ebm kund\u00ebr inflamacionit dhe stresit t\u00eb shkaktuar nga ndotja e ajrit, rrezet e diellit dhe drita blu, t\u00eb cilat mund t\u00eb komprometojn\u00eb barrier\u00ebn e l\u00ebkur\u00ebs tuaj dhe t\u00eb \u00e7ojn\u00eb n\u00eb nj\u00eb \u00e7ehre t\u00eb dob\u00ebt.","robots":{"index":"index","follow":"follow","max-snippet":"max-snippet:-1","max-image-preview":"max-image-preview:large","max-video-preview":"max-video-preview:-1"},"canonical":"https:\/\/gjiniherbal.com\/en_us\/produkt\/kujdes-i-lekures\/celenes-serum-termik-detox-3-ne-1-energjizues-30-ml\/","og_locale":"en_US","og_type":"article","og_title":"CELENES Serum Termik Detox 3 n\u00eb 1 Energjizues 30 ml","og_description":"Ky serum \u00ebsht\u00eb nj\u00eb aleat i fuqish\u00ebm kund\u00ebr inflamacionit dhe stresit t\u00eb shkaktuar nga ndotja e ajrit, rrezet e diellit dhe drita blu, t\u00eb cilat mund t\u00eb komprometojn\u00eb barrier\u00ebn e l\u00ebkur\u00ebs tuaj dhe t\u00eb \u00e7ojn\u00eb n\u00eb nj\u00eb \u00e7ehre t\u00eb dob\u00ebt.","og_url":"https:\/\/gjiniherbal.com\/en_us\/produkt\/kujdes-i-lekures\/celenes-serum-termik-detox-3-ne-1-energjizues-30-ml\/","og_site_name":"Gjini Herbal","article_publisher":"https:\/\/facebook.com\/gjiniherbal","article_modified_time":"2025-01-16T14:02:16+00:00","og_image":[{"width":1000,"height":1000,"url":"https:\/\/gjiniherbal.com\/wp-content\/uploads\/2024\/10\/Thermal3in1DetoxSerum-EU-1.webp","type":"image\/webp"}],"twitter_card":"summary_large_image","twitter_misc":{"Est. reading time":"2 minutes"},"schema":{"@context":"https:\/\/schema.org","@graph":[{"@type":"WebPage","@id":"https:\/\/gjiniherbal.com\/produkt\/kujdes-i-lekures\/celenes-serum-termik-detox-3-ne-1-energjizues-30-ml\/","url":"https:\/\/gjiniherbal.com\/produkt\/kujdes-i-lekures\/celenes-serum-termik-detox-3-ne-1-energjizues-30-ml\/","name":"CELENES Serum Termik Detox 3 n\u00eb 1 Energjizues 30 ml","isPartOf":{"@id":"https:\/\/gjiniherbal.com\/#website"},"primaryImageOfPage":{"@id":"https:\/\/gjiniherbal.com\/produkt\/kujdes-i-lekures\/celenes-serum-termik-detox-3-ne-1-energjizues-30-ml\/#primaryimage"},"image":{"@id":"https:\/\/gjiniherbal.com\/produkt\/kujdes-i-lekures\/celenes-serum-termik-detox-3-ne-1-energjizues-30-ml\/#primaryimage"},"thumbnailUrl":"https:\/\/gjiniherbal.com\/wp-content\/uploads\/2024\/10\/Thermal3in1DetoxSerum-EU-1.webp","datePublished":"2024-10-14T16:29:08+00:00","dateModified":"2025-01-16T14:02:16+00:00","description":"Ky serum \u00ebsht\u00eb nj\u00eb aleat i fuqish\u00ebm kund\u00ebr inflamacionit dhe stresit t\u00eb shkaktuar nga ndotja e ajrit, rrezet e diellit dhe drita blu, t\u00eb cilat mund t\u00eb komprometojn\u00eb barrier\u00ebn e l\u00ebkur\u00ebs tuaj dhe t\u00eb \u00e7ojn\u00eb n\u00eb nj\u00eb \u00e7ehre t\u00eb dob\u00ebt.","breadcrumb":{"@id":"https:\/\/gjiniherbal.com\/produkt\/kujdes-i-lekures\/celenes-serum-termik-detox-3-ne-1-energjizues-30-ml\/#breadcrumb"},"inLanguage":"en-US","potentialAction":[{"@type":"ReadAction","target":["https:\/\/gjiniherbal.com\/produkt\/kujdes-i-lekures\/celenes-serum-termik-detox-3-ne-1-energjizues-30-ml\/"]}]},{"@type":"ImageObject","inLanguage":"en-US","@id":"https:\/\/gjiniherbal.com\/produkt\/kujdes-i-lekures\/celenes-serum-termik-detox-3-ne-1-energjizues-30-ml\/#primaryimage","url":"https:\/\/gjiniherbal.com\/wp-content\/uploads\/2024\/10\/Thermal3in1DetoxSerum-EU-1.webp","contentUrl":"https:\/\/gjiniherbal.com\/wp-content\/uploads\/2024\/10\/Thermal3in1DetoxSerum-EU-1.webp","width":1000,"height":1000},{"@type":"BreadcrumbList","@id":"https:\/\/gjiniherbal.com\/produkt\/kujdes-i-lekures\/celenes-serum-termik-detox-3-ne-1-energjizues-30-ml\/#breadcrumb","itemListElement":[{"@type":"ListItem","position":1,"name":"Home","item":"https:\/\/gjiniherbal.com\/en_us\/"},{"@type":"ListItem","position":2,"name":"Shop","item":"https:\/\/gjiniherbal.com\/en_us\/shop\/"},{"@type":"ListItem","position":3,"name":"CELENES Serum Termik Detox 3 n\u00eb 1 Energjizues 30 ml"}]},{"@type":"WebSite","@id":"https:\/\/gjiniherbal.com\/#website","url":"https:\/\/gjiniherbal.com\/","name":"Gjini Herbal","description":"Produkte Natyrale","publisher":{"@id":"https:\/\/gjiniherbal.com\/#organization"},"potentialAction":[{"@type":"SearchAction","target":{"@type":"EntryPoint","urlTemplate":"https:\/\/gjiniherbal.com\/?s={search_term_string}"},"query-input":{"@type":"PropertyValueSpecification","valueRequired":true,"valueName":"search_term_string"}}],"inLanguage":"en-US"},{"@type":"Organization","@id":"https:\/\/gjiniherbal.com\/#organization","name":"Gjini Herbal","url":"https:\/\/gjiniherbal.com\/","logo":{"@type":"ImageObject","inLanguage":"en-US","@id":"https:\/\/gjiniherbal.com\/#\/schema\/logo\/image\/","url":"https:\/\/gjiniherbal.com\/wp-content\/uploads\/2022\/07\/gjini-herbal-logo.png","contentUrl":"https:\/\/gjiniherbal.com\/wp-content\/uploads\/2022\/07\/gjini-herbal-logo.png","width":652,"height":262,"caption":"Gjini Herbal"},"image":{"@id":"https:\/\/gjiniherbal.com\/#\/schema\/logo\/image\/"},"sameAs":["https:\/\/facebook.com\/gjiniherbal","https:\/\/instagram.com\/gjiniherbal","https:\/\/www.youtube.com\/channel\/UC_tHHueG-qxycnvdro4jHtQ"]}]}},"jetpack-related-posts":[],"jetpack_sharing_enabled":true,"_links":{"self":[{"href":"https:\/\/gjiniherbal.com\/en_us\/wp-json\/wp\/v2\/product\/3004","targetHints":{"allow":["GET"]}}],"collection":[{"href":"https:\/\/gjiniherbal.com\/en_us\/wp-json\/wp\/v2\/product"}],"about":[{"href":"https:\/\/gjiniherbal.com\/en_us\/wp-json\/wp\/v2\/types\/product"}],"wp:featuredmedia":[{"embeddable":true,"href":"https:\/\/gjiniherbal.com\/en_us\/wp-json\/wp\/v2\/media\/3045"}],"wp:attachment":[{"href":"https:\/\/gjiniherbal.com\/en_us\/wp-json\/wp\/v2\/media?parent=3004"}],"wp:term":[{"taxonomy":"product_brand","embeddable":true,"href":"https:\/\/gjiniherbal.com\/en_us\/wp-json\/wp\/v2\/product_brand?post=3004"},{"taxonomy":"product_cat","embeddable":true,"href":"https:\/\/gjiniherbal.com\/en_us\/wp-json\/wp\/v2\/product_cat?post=3004"},{"taxonomy":"product_tag","embeddable":true,"href":"https:\/\/gjiniherbal.com\/en_us\/wp-json\/wp\/v2\/product_tag?post=3004"}],"curies":[{"name":"wp","href":"https:\/\/api.w.org\/{rel}","templated":true}]}}