{"id":3003,"date":"2024-10-14T18:27:16","date_gmt":"2024-10-14T16:27:16","guid":{"rendered":"https:\/\/gjiniherbal.com\/?post_type=product&#038;p=3003"},"modified":"2025-01-16T15:04:56","modified_gmt":"2025-01-16T14:04:56","slug":"celenes-roll-on-termik-aromatik-75-ml","status":"publish","type":"product","link":"https:\/\/gjiniherbal.com\/en_us\/product\/kujdes-i-lekures\/celenes-roll-on-termik-aromatik-75-ml\/","title":{"rendered":"CELENES Roll-On Termik Aromatik 75 ml"},"content":{"rendered":"<p>I mbushur me minerale natyrale q\u00eb rrjedhin nga uji termal, ky produkt jo vet\u00ebm q\u00eb ofron mbrojtje efektive kund\u00ebr aromave t\u00eb pad\u00ebshiruara, por gjithashtu e b\u00ebn k\u00ebt\u00eb pa bllokuar gj\u00ebndrat e djers\u00ebs. Ofron nj\u00eb mburoj\u00eb t\u00eb sh\u00ebndetshme pa penguar poret, duke siguruar nj\u00eb zgjidhje t\u00eb ekuilibruar dhe t\u00eb frym\u00ebmarrjes p\u00ebr kujdesin e l\u00ebkur\u00ebs. P\u00ebr m\u00eb tep\u00ebr, formulimi \u00ebsht\u00eb pa alumin, parabene, alkool dhe vaj mineral, duke theksuar angazhimin p\u00ebr nj\u00eb p\u00ebrb\u00ebrje t\u00eb past\u00ebr dhe miq\u00ebsore ndaj l\u00ebkur\u00ebs.<\/p>\n<p>&#8211; P\u00ebrmban minerale natyrale nga uji termal.<br \/>\n&#8211; Parandalon formimin e er\u00ebs s\u00eb pad\u00ebshiruar pa bllokuar gj\u00ebndrat e djers\u00ebs.<br \/>\n&#8211; Ofron nj\u00eb mbrojtje t\u00eb sh\u00ebndetshme pasi nuk i mbyll poret.<\/p>\n<p>P\u00ebrdorimi: Aplikojeni n\u00eb l\u00ebkur\u00eb t\u00eb that\u00eb dhe t\u00eb past\u00ebr sipas d\u00ebshir\u00ebs.<\/p>\n","protected":false},"excerpt":{"rendered":"<p>&#8211; P\u00ebrmban minerale natyrale nga uji termal.<br \/>\n&#8211; Parandalon formimin e er\u00ebs s\u00eb pad\u00ebshiruar pa bllokuar gj\u00ebndrat e djers\u00ebs.<br \/>\n&#8211; Ofron nj\u00eb mbrojtje t\u00eb sh\u00ebndetshme pasi nuk i mbyll poret.<\/p>\n","protected":false},"featured_media":3043,"template":"","meta":{"_acf_changed":false,"_et_pb_use_builder":"","_et_pb_old_content":"","_et_gb_content_width":"","_monsterinsights_skip_tracking":false,"_monsterinsights_sitenote_active":false,"_monsterinsights_sitenote_note":"","_monsterinsights_sitenote_category":0,"_joinchat":[]},"product_brand":[],"product_cat":[480],"product_tag":[879,1052],"class_list":{"0":"post-3003","1":"product","2":"type-product","3":"status-publish","4":"has-post-thumbnail","6":"product_cat-kujdes-i-lekures","7":"product_tag-kujdesi-i-lekures","8":"product_tag-roll-on","10":"first","11":"instock","12":"shipping-taxable","13":"purchasable","14":"product-type-simple"},"acf":[],"jetpack-related-posts":[],"jetpack_sharing_enabled":true,"_links":{"self":[{"href":"https:\/\/gjiniherbal.com\/en_us\/wp-json\/wp\/v2\/product\/3003","targetHints":{"allow":["GET"]}}],"collection":[{"href":"https:\/\/gjiniherbal.com\/en_us\/wp-json\/wp\/v2\/product"}],"about":[{"href":"https:\/\/gjiniherbal.com\/en_us\/wp-json\/wp\/v2\/types\/product"}],"wp:featuredmedia":[{"embeddable":true,"href":"https:\/\/gjiniherbal.com\/en_us\/wp-json\/wp\/v2\/media\/3043"}],"wp:attachment":[{"href":"https:\/\/gjiniherbal.com\/en_us\/wp-json\/wp\/v2\/media?parent=3003"}],"wp:term":[{"taxonomy":"product_brand","embeddable":true,"href":"https:\/\/gjiniherbal.com\/en_us\/wp-json\/wp\/v2\/product_brand?post=3003"},{"taxonomy":"product_cat","embeddable":true,"href":"https:\/\/gjiniherbal.com\/en_us\/wp-json\/wp\/v2\/product_cat?post=3003"},{"taxonomy":"product_tag","embeddable":true,"href":"https:\/\/gjiniherbal.com\/en_us\/wp-json\/wp\/v2\/product_tag?post=3003"}],"curies":[{"name":"wp","href":"https:\/\/api.w.org\/{rel}","templated":true}]}}