{"id":3002,"date":"2024-10-14T18:25:33","date_gmt":"2024-10-14T16:25:33","guid":{"rendered":"https:\/\/gjiniherbal.com\/?post_type=product&#038;p=3002"},"modified":"2025-01-16T15:08:36","modified_gmt":"2025-01-16T14:08:36","slug":"celenes-maske-pastruese-termike-3-ne-1-150-ml","status":"publish","type":"product","link":"https:\/\/gjiniherbal.com\/en_us\/product\/kujdes-i-lekures\/celenes-maske-pastruese-termike-3-ne-1-150-ml\/","title":{"rendered":"CELENES Mask\u00eb 3 n\u00eb 1 pastruese termike 150 ml"},"content":{"rendered":"<p>Kjo zgjidhje p\u00ebr kujdesin e l\u00ebkur\u00ebs rregullon me profesionaliz\u00ebm prodhimin e sebumit, hap poret dhe harmonizon tonin e l\u00ebkur\u00ebs p\u00ebr nj\u00eb \u00e7ehre t\u00eb ekuilibruar. Struktura e mikro-grimcave leht\u00ebson heqjen e qelizave t\u00eb vdekura t\u00eb l\u00ebkur\u00ebs, duke promovuar nj\u00eb pamje t\u00eb rigjall\u00ebruar. Efekti i mask\u00ebs siguron nj\u00eb pastrim t\u00eb thell\u00eb t\u00eb poreve.<\/p>\n<p>I pasuruar me kaolin\u00eb, jo vet\u00ebm q\u00eb ushqen l\u00ebkur\u00ebn, por gjithashtu kontribuon n\u00eb ristrukturimin e saj, duke mb\u00ebshtetur penges\u00ebn e lag\u00ebshtis\u00eb.<\/p>\n<p>Duke theksuar nj\u00eb p\u00ebrkushtim ndaj sh\u00ebndetit t\u00eb l\u00ebkur\u00ebs, ky formulim \u00ebsht\u00eb i lir\u00eb nga paraben\u00eb, alkool dhe vaj mineral.<\/p>\n<p>Balancon prodhimin e sebumit n\u00eb l\u00ebkur\u00eb, hap poret dhe balancon tonin e l\u00ebkur\u00ebs.<br \/>\nStruktura e saj prej mikro-grimcash pastron qelizat e vdekura n\u00eb l\u00ebkur\u00eb.<br \/>\nEfekti i mask\u00ebs siguron pastrim t\u00eb thell\u00eb t\u00eb poreve.<br \/>\nKaolini n\u00eb p\u00ebrmbajtjen e tij ushqen dhe ristrukturon l\u00ebkur\u00ebn.<br \/>\nMb\u00ebshtet barrier\u00ebn e lag\u00ebshtis\u00eb s\u00eb l\u00ebkur\u00ebs.<\/p>\n<p>P\u00ebrdorimi:<\/p>\n<p>Cleanser: Lajeni fytyr\u00ebn p\u00ebr t\u00eb pastruar l\u00ebkur\u00ebn dhe fshir\u00eb make-upin.<br \/>\nScrub: Aplikojeni n\u00eb l\u00ebkur\u00eb t\u00eb that\u00eb dhe f\u00ebrkojeni me ngadal\u00eb p\u00ebr t\u00eb hequr qelizat e vdekura t\u00eb l\u00ebkur\u00ebs.<br \/>\nMask: Aplikojeni me nj\u00eb pecet\u00eb t\u00eb lagur dhe t\u00eb ngroht\u00eb, prisni deri sa t\u00eb thahet dhe shp\u00eblajeni me uj\u00eb t\u00eb ngroht\u00eb p\u00ebr nj\u00eb pastrim t\u00eb poreve t\u00eb l\u00ebkur\u00ebs.<\/p>\n","protected":false},"excerpt":{"rendered":"<p>Balancon prodhimin e sebumit n\u00eb l\u00ebkur\u00eb, hap poret dhe balancon tonin e l\u00ebkur\u00ebs.<br \/>\nStruktura e saj prej mikro-grimcash pastron qelizat e vdekura n\u00eb l\u00ebkur\u00eb.<br \/>\nEfekti i mask\u00ebs siguron pastrim t\u00eb thell\u00eb t\u00eb poreve.<br \/>\nKaolini n\u00eb p\u00ebrmbajtjen e tij ushqen dhe ristrukturon l\u00ebkur\u00ebn.<br \/>\nMb\u00ebshtet barrier\u00ebn e lag\u00ebshtis\u00eb s\u00eb l\u00ebkur\u00ebs.<\/p>\n","protected":false},"featured_media":3042,"template":"","meta":{"_acf_changed":false,"_et_pb_use_builder":"","_et_pb_old_content":"","_et_gb_content_width":"","_monsterinsights_skip_tracking":false,"_monsterinsights_sitenote_active":false,"_monsterinsights_sitenote_note":"","_monsterinsights_sitenote_category":0,"_joinchat":[]},"product_brand":[],"product_cat":[480,831],"product_tag":[495,1051],"class_list":{"0":"post-3002","1":"product","2":"type-product","3":"status-publish","4":"has-post-thumbnail","6":"product_cat-kujdes-i-lekures","7":"product_cat-kujdesi-fytyres","8":"product_tag-lekura","9":"product_tag-maske-pastruese","11":"first","12":"instock","13":"shipping-taxable","14":"purchasable","15":"product-type-simple"},"acf":[],"jetpack-related-posts":[],"jetpack_sharing_enabled":true,"_links":{"self":[{"href":"https:\/\/gjiniherbal.com\/en_us\/wp-json\/wp\/v2\/product\/3002","targetHints":{"allow":["GET"]}}],"collection":[{"href":"https:\/\/gjiniherbal.com\/en_us\/wp-json\/wp\/v2\/product"}],"about":[{"href":"https:\/\/gjiniherbal.com\/en_us\/wp-json\/wp\/v2\/types\/product"}],"wp:featuredmedia":[{"embeddable":true,"href":"https:\/\/gjiniherbal.com\/en_us\/wp-json\/wp\/v2\/media\/3042"}],"wp:attachment":[{"href":"https:\/\/gjiniherbal.com\/en_us\/wp-json\/wp\/v2\/media?parent=3002"}],"wp:term":[{"taxonomy":"product_brand","embeddable":true,"href":"https:\/\/gjiniherbal.com\/en_us\/wp-json\/wp\/v2\/product_brand?post=3002"},{"taxonomy":"product_cat","embeddable":true,"href":"https:\/\/gjiniherbal.com\/en_us\/wp-json\/wp\/v2\/product_cat?post=3002"},{"taxonomy":"product_tag","embeddable":true,"href":"https:\/\/gjiniherbal.com\/en_us\/wp-json\/wp\/v2\/product_tag?post=3002"}],"curies":[{"name":"wp","href":"https:\/\/api.w.org\/{rel}","templated":true}]}}