{"id":3000,"date":"2024-10-14T18:22:57","date_gmt":"2024-10-14T16:22:57","guid":{"rendered":"https:\/\/gjiniherbal.com\/?post_type=product&#038;p=3000"},"modified":"2025-01-18T15:13:50","modified_gmt":"2025-01-18T14:13:50","slug":"celenes-uje-micelar-termik-vajore-kombinim-250-ml","status":"publish","type":"product","link":"https:\/\/gjiniherbal.com\/en_us\/product\/kujdesi-fytyres\/celenes-uje-micelar-termik-vajore-kombinim-250-ml\/","title":{"rendered":"CELENES Uj\u00eb micelar termik (vajore \/ kombinim) 250 ml"},"content":{"rendered":"<p>Formula e injektuar me uj\u00eb termal jo vet\u00ebm q\u00eb i jep l\u00ebkur\u00ebs lag\u00ebshti thelb\u00ebsore, por gjithashtu adreson k\u00ebrkesat e saj p\u00ebr minerale. Duke p\u00ebrdorur molekula t\u00eb specializuara pastrimi, ai siguron nj\u00eb pastrim t\u00eb thell\u00eb t\u00eb plot\u00eb dhe pa uj\u00eb, duke e l\u00ebn\u00eb l\u00ebkur\u00ebn t\u00eb fresket dhe qet\u00ebsohet pa asnj\u00eb tharje. Kjo zgjidhje e but\u00eb ruan ekuilibrin e lag\u00ebshtis\u00eb s\u00eb l\u00ebkur\u00ebs, duke siguruar q\u00eb ajo t\u00eb mbetet e ushqyer pa asnj\u00eb rrezik acarimi ose korrozioni. P\u00ebr m\u00eb tep\u00ebr, heq n\u00eb m\u00ebnyr\u00eb efektive p\u00ebrb\u00ebrjen nga fytyra, syt\u00eb dhe buz\u00ebt.<\/p>\n<p>Formulimi i menduar \u00ebsht\u00eb pa parabene, parfum, alkool dhe vaj mineral, duke theksuar p\u00ebrkushtimin p\u00ebr sh\u00ebndetin dhe past\u00ebrtin\u00eb e l\u00ebkur\u00ebs.<\/p>\n<p>Nd\u00ebrsa p\u00ebrmbajtja e ujit termal siguron lag\u00ebshti, mineralet n\u00eb p\u00ebrmbajtjen e tij plot\u00ebsojn\u00eb nevojat e l\u00ebkur\u00ebs.<br \/>\nMe molekulat e tij t\u00eb ve\u00e7anta pastruese, pastron l\u00ebkur\u00ebn n\u00eb thell\u00ebsi dhe pa nevoj\u00ebn p\u00ebr uj\u00eb.<br \/>\nQet\u00ebson l\u00ebkur\u00ebn dhe nuk e than at\u00eb.<br \/>\nNuk g\u00ebrryen l\u00ebkur\u00ebn dhe nuk prish ekuilibrin e lag\u00ebshtis\u00eb.<br \/>\nHeq make-up-in nga fytyra, syt\u00eb dhe buz\u00ebt.<\/p>\n<p>P\u00ebrdorimi: Pastroni fytyr\u00ebn ose hiqni make-upin me nj\u00eb cop\u00eb pambuku me ujin micelar derisa t\u00eb jet\u00eb pambuku i past\u00ebr. Mund t\u00eb p\u00ebrdoret \u00e7do dit\u00eb.<\/p>\n","protected":false},"excerpt":{"rendered":"<p>Nd\u00ebrsa p\u00ebrmbajtja e ujit termal siguron lag\u00ebshti, mineralet n\u00eb p\u00ebrmbajtjen e tij plot\u00ebsojn\u00eb nevojat e l\u00ebkur\u00ebs.<br \/>\nMe molekulat e tij t\u00eb ve\u00e7anta pastruese, pastron l\u00ebkur\u00ebn n\u00eb thell\u00ebsi dhe pa nevoj\u00ebn p\u00ebr uj\u00eb.<br \/>\nQet\u00ebson l\u00ebkur\u00ebn dhe nuk e than at\u00eb.<br \/>\nNuk g\u00ebrryen l\u00ebkur\u00ebn dhe nuk prish ekuilibrin e lag\u00ebshtis\u00eb.<br \/>\nHeq make-up-in nga fytyra, syt\u00eb dhe buz\u00ebt.<\/p>\n","protected":false},"featured_media":3041,"template":"","meta":{"_acf_changed":false,"_et_pb_use_builder":"","_et_pb_old_content":"","_et_gb_content_width":"","_monsterinsights_skip_tracking":false,"_monsterinsights_sitenote_active":false,"_monsterinsights_sitenote_note":"","_monsterinsights_sitenote_category":0,"_joinchat":[]},"product_brand":[],"product_cat":[831],"product_tag":[495,1050],"class_list":{"0":"post-3000","1":"product","2":"type-product","3":"status-publish","4":"has-post-thumbnail","6":"product_cat-kujdesi-fytyres","7":"product_tag-lekura","8":"product_tag-uje-micelar","10":"first","11":"instock","12":"shipping-taxable","13":"purchasable","14":"product-type-simple"},"acf":[],"jetpack-related-posts":[],"jetpack_sharing_enabled":true,"_links":{"self":[{"href":"https:\/\/gjiniherbal.com\/en_us\/wp-json\/wp\/v2\/product\/3000","targetHints":{"allow":["GET"]}}],"collection":[{"href":"https:\/\/gjiniherbal.com\/en_us\/wp-json\/wp\/v2\/product"}],"about":[{"href":"https:\/\/gjiniherbal.com\/en_us\/wp-json\/wp\/v2\/types\/product"}],"wp:featuredmedia":[{"embeddable":true,"href":"https:\/\/gjiniherbal.com\/en_us\/wp-json\/wp\/v2\/media\/3041"}],"wp:attachment":[{"href":"https:\/\/gjiniherbal.com\/en_us\/wp-json\/wp\/v2\/media?parent=3000"}],"wp:term":[{"taxonomy":"product_brand","embeddable":true,"href":"https:\/\/gjiniherbal.com\/en_us\/wp-json\/wp\/v2\/product_brand?post=3000"},{"taxonomy":"product_cat","embeddable":true,"href":"https:\/\/gjiniherbal.com\/en_us\/wp-json\/wp\/v2\/product_cat?post=3000"},{"taxonomy":"product_tag","embeddable":true,"href":"https:\/\/gjiniherbal.com\/en_us\/wp-json\/wp\/v2\/product_tag?post=3000"}],"curies":[{"name":"wp","href":"https:\/\/api.w.org\/{rel}","templated":true}]}}