{"id":2998,"date":"2024-10-14T18:18:31","date_gmt":"2024-10-14T16:18:31","guid":{"rendered":"https:\/\/gjiniherbal.com\/?post_type=product&#038;p=2998"},"modified":"2025-01-16T15:19:16","modified_gmt":"2025-01-16T14:19:16","slug":"celenes-toner-termik-pastrues-dhe-rigjallerues-200-ml","status":"publish","type":"product","link":"https:\/\/gjiniherbal.com\/en_us\/product\/kujdesi-fytyres\/celenes-toner-termik-pastrues-dhe-rigjallerues-200-ml\/","title":{"rendered":"CELENES Toner termik pastrues dhe rigjall\u00ebrues 200 ml"},"content":{"rendered":"<p>Duke shfryt\u00ebzuar p\u00ebrmbajtjen e saj termike, kjo zgjidhje p\u00ebr kujdesin e l\u00ebkur\u00ebs shkon p\u00ebrtej pastrimit, duke ofruar p\u00ebrfitime pastrimi, sh\u00ebrimi dhe freskuese duke luftuar n\u00eb m\u00ebnyr\u00eb efektive papast\u00ebrtit\u00eb dhe yndyr\u00ebn e tep\u00ebrt. I mbushur me Pinus Sylvestris, kontribuon n\u00eb ruajtjen e ekuilibrit t\u00eb pH t\u00eb l\u00ebkur\u00ebs.<\/p>\n<p>Formulimi stimulon riparimin e qelizave t\u00eb l\u00ebkur\u00ebs, rregullon prodhimin e sebumit dhe minimizon shfaqjen e poreve. Provitamina 5 siguron nivele optimale t\u00eb lag\u00ebshtis\u00eb, duke nxitur hidratimin e l\u00ebkur\u00ebs. I pasuruar me esenc\u00ebn natyrale t\u00eb Ujit Termal Suedez, ai furnizon mineralet thelb\u00ebsore p\u00ebr t\u00eb mb\u00ebshtetur integritetin strukturor t\u00eb l\u00ebkur\u00ebs.<\/p>\n<p>Duke theksuar p\u00ebrkushtimin p\u00ebr sh\u00ebndetin e l\u00ebkur\u00ebs, ky produkt \u00ebsht\u00eb pa parabene dhe alkool.<\/p>\n<p>Me p\u00ebrmbajtjen e tij termike pastron, sh\u00ebron dhe freskon l\u00ebkur\u00ebn nga papast\u00ebrtit\u00eb dhe yndyra e tep\u00ebrt.<br \/>\nPinus Sylvestris n\u00eb p\u00ebrmbajtjen e tij ndihmon n\u00eb ruajtjen e ekuilibrit t\u00eb pH t\u00eb l\u00ebkur\u00ebs.<br \/>\nStimulon riparimin e qelizave t\u00eb l\u00ebkur\u00ebs, kontrollon sebumin dhe zvog\u00eblon shfaqjen e poreve.<br \/>\nProvitamina 5 siguron lag\u00ebshtin\u00eb q\u00eb i nevojitet l\u00ebkur\u00ebs.<br \/>\nMe p\u00ebrmbajtjen natyrale t\u00eb Ujit Termal Suedez, ai siguron mineralet e nevojshme p\u00ebr t\u00eb mb\u00ebshtetur struktur\u00ebn e l\u00ebkur\u00ebs.<\/p>\n<p>P\u00ebrdorimi: Pastroni l\u00ebkur\u00ebn me nj\u00eb cop\u00eb pambuku derisa t\u00eb jet\u00eb pambuku i past\u00ebr. Mund t\u00eb p\u00ebrdoret \u00e7do dit\u00eb.<\/p>\n","protected":false},"excerpt":{"rendered":"<p>Me p\u00ebrmbajtjen e tij termike pastron, sh\u00ebron dhe freskon l\u00ebkur\u00ebn nga papast\u00ebrtit\u00eb dhe yndyra e tep\u00ebrt.<br \/>\nPinus Sylvestris n\u00eb p\u00ebrmbajtjen e tij ndihmon n\u00eb ruajtjen e ekuilibrit t\u00eb pH t\u00eb l\u00ebkur\u00ebs.<br \/>\nStimulon riparimin e qelizave t\u00eb l\u00ebkur\u00ebs, kontrollon sebumin dhe zvog\u00eblon shfaqjen e poreve.<br \/>\nProvitamina 5 siguron lag\u00ebshtin\u00eb q\u00eb i nevojitet l\u00ebkur\u00ebs.<br \/>\nMe p\u00ebrmbajtjen natyrale t\u00eb Ujit Termal Suedez, ai siguron mineralet e nevojshme p\u00ebr t\u00eb mb\u00ebshtetur struktur\u00ebn e l\u00ebkur\u00ebs.<\/p>\n","protected":false},"featured_media":3039,"template":"","meta":{"_acf_changed":false,"_et_pb_use_builder":"","_et_pb_old_content":"","_et_gb_content_width":"","_monsterinsights_skip_tracking":false,"_monsterinsights_sitenote_active":false,"_monsterinsights_sitenote_note":"","_monsterinsights_sitenote_category":0,"_joinchat":[]},"product_brand":[],"product_cat":[831,480],"product_tag":[879,514,1040],"class_list":{"0":"post-2998","1":"product","2":"type-product","3":"status-publish","4":"has-post-thumbnail","6":"product_cat-kujdesi-fytyres","7":"product_cat-kujdes-i-lekures","8":"product_tag-kujdesi-i-lekures","9":"product_tag-pastrues","10":"product_tag-toner","12":"first","13":"instock","14":"shipping-taxable","15":"purchasable","16":"product-type-simple"},"acf":[],"jetpack-related-posts":[],"jetpack_sharing_enabled":true,"_links":{"self":[{"href":"https:\/\/gjiniherbal.com\/en_us\/wp-json\/wp\/v2\/product\/2998","targetHints":{"allow":["GET"]}}],"collection":[{"href":"https:\/\/gjiniherbal.com\/en_us\/wp-json\/wp\/v2\/product"}],"about":[{"href":"https:\/\/gjiniherbal.com\/en_us\/wp-json\/wp\/v2\/types\/product"}],"wp:featuredmedia":[{"embeddable":true,"href":"https:\/\/gjiniherbal.com\/en_us\/wp-json\/wp\/v2\/media\/3039"}],"wp:attachment":[{"href":"https:\/\/gjiniherbal.com\/en_us\/wp-json\/wp\/v2\/media?parent=2998"}],"wp:term":[{"taxonomy":"product_brand","embeddable":true,"href":"https:\/\/gjiniherbal.com\/en_us\/wp-json\/wp\/v2\/product_brand?post=2998"},{"taxonomy":"product_cat","embeddable":true,"href":"https:\/\/gjiniherbal.com\/en_us\/wp-json\/wp\/v2\/product_cat?post=2998"},{"taxonomy":"product_tag","embeddable":true,"href":"https:\/\/gjiniherbal.com\/en_us\/wp-json\/wp\/v2\/product_tag?post=2998"}],"curies":[{"name":"wp","href":"https:\/\/api.w.org\/{rel}","templated":true}]}}